{"id":11142,"date":"2022-01-25T11:09:54","date_gmt":"2022-01-25T11:09:54","guid":{"rendered":"https:\/\/tukitco.net\/affiliate-dashboard\/"},"modified":"2024-06-03T16:59:03","modified_gmt":"2024-06-03T16:59:03","slug":"affiliate-dashboard","status":"publish","type":"page","link":"https:\/\/tukitco.net\/ca\/affiliate-dashboard\/","title":{"rendered":"Panell d&#039;afiliat"},"content":{"rendered":"<div data-elementor-type=\"wp-page\" data-elementor-id=\"11142\" class=\"elementor elementor-11142\" data-elementor-post-type=\"page\">\n\t\t\t\t\t\t<section data-particle_enable=\"false\" data-particle-mobile-disabled=\"false\" class=\"elementor-section elementor-top-section elementor-element elementor-element-30abff5 elementor-section-boxed elementor-section-height-default elementor-section-height-default\" data-id=\"30abff5\" data-element_type=\"section\" data-e-type=\"section\">\n\t\t\t\t\t\t<div class=\"elementor-container elementor-column-gap-default\">\n\t\t\t\t\t<div class=\"elementor-column elementor-col-100 elementor-top-column elementor-element elementor-element-e596acb\" data-id=\"e596acb\" data-element_type=\"column\" data-e-type=\"column\">\n\t\t\t<div class=\"elementor-widget-wrap elementor-element-populated\">\n\t\t\t\t\t\t<div class=\"elementor-element elementor-element-8ae3e08 elementor-widget elementor-widget-heading\" data-id=\"8ae3e08\" data-element_type=\"widget\" data-e-type=\"widget\" data-widget_type=\"heading.default\">\n\t\t\t\t<div class=\"elementor-widget-container\">\n\t\t\t\t\t<h2 class=\"elementor-heading-title elementor-size-default\">PANELL D&#039;AFILIATS<\/h2>\t\t\t\t<\/div>\n\t\t\t\t<\/div>\n\t\t\t\t\t<\/div>\n\t\t<\/div>\n\t\t\t\t\t<\/div>\n\t\t<\/section>\n\t\t\t\t<section data-particle_enable=\"false\" data-particle-mobile-disabled=\"false\" class=\"elementor-section elementor-top-section elementor-element elementor-element-42d07b2 elementor-section-boxed elementor-section-height-default elementor-section-height-default\" data-id=\"42d07b2\" data-element_type=\"section\" data-e-type=\"section\">\n\t\t\t\t\t\t\t<div class=\"elementor-background-overlay\"><\/div>\n\t\t\t\t\t\t\t<div class=\"elementor-container elementor-column-gap-default\">\n\t\t\t\t\t<div class=\"elementor-column elementor-col-100 elementor-top-column elementor-element elementor-element-9b317a1\" data-id=\"9b317a1\" data-element_type=\"column\" data-e-type=\"column\">\n\t\t\t<div class=\"elementor-widget-wrap elementor-element-populated\">\n\t\t\t\t\t\t<div class=\"elementor-element elementor-element-49562043 elementor-widget elementor-widget-text-editor\" data-id=\"49562043\" data-element_type=\"widget\" data-e-type=\"widget\" data-widget_type=\"text-editor.default\">\n\t\t\t\t<div class=\"elementor-widget-container\">\n\t\t\t\t\t\t\t\t\t<div class=\"yith-wcaf yith-wcaf-registration-form woocommerce\">\n<div class=\"forms-container u-columns col2-set\">\n<div class=\"u-column1 col-1\">\n<h2 class=\"login-title\">\n\t\t\t\t\t\t\tLogin\t\t\t\t\t\t<\/h2>\n<div class=\"login-form\">\n<form class=\"woocomerce-form woocommerce-form-login login\" method=\"post\" action=\"\">\n<p class=\"woocommerce-form-row woocommerce-form-row--wide form-row form-row-wide\">\n\t\t\t\t\t\t\t\t<label for=\"username\"><br \/>\n\t\t\t\t\t\t\t\t\tUsername or email address\t\t\t\t\t\t\t\t\t<span class=\"required\">*<\/span><br \/>\n\t\t\t\t\t\t\t\t<\/label><br \/>\n\t\t\t\t\t\t\t\t<input type=\"text\" class=\"woocommerce-Input woocommerce-Input--text input-text\" name=\"username\" id=\"username\" value=\"\" \/>\n\t\t\t\t\t\t\t<\/p>\n<p class=\"woocommerce-form-row woocommerce-form-row--wide form-row form-row-wide\">\n\t\t\t\t\t\t\t\t<label for=\"password\"><br \/>\n\t\t\t\t\t\t\t\t\tPassword\t\t\t\t\t\t\t\t\t<span class=\"required\">*<\/span><br \/>\n\t\t\t\t\t\t\t\t<\/label><br \/>\n\t\t\t\t\t\t\t\t<input class=\"woocommerce-Input woocommerce-Input--text input-text\" type=\"password\" name=\"password\" id=\"password\" \/>\n\t\t\t\t\t\t\t<\/p>\n<p class=\"form-row\">\n\t\t\t\t\t\t\t\t<input type=\"hidden\" id=\"woocommerce-login-nonce\" name=\"woocommerce-login-nonce\" value=\"899f5ef532\" \/><input type=\"hidden\" name=\"_wp_http_referer\" value=\"\/ca\/wp-json\/wp\/v2\/pages\/11142\" \/>\t\t\t\t\t\t\t\t<input type=\"submit\" class=\"woocommerce-Button button\" name=\"login\" value=\"Login\"\/><br \/>\n\t\t\t\t\t\t\t\t<label class=\"woocommerce-form__label woocommerce-form__label-for-checkbox inline\"><br \/>\n\t\t\t\t\t\t\t\t\t<input class=\"woocommerce-form__input woocommerce-form__input-checkbox\" name=\"rememberme\" type=\"checkbox\" id=\"rememberme\" value=\"forever\"\/><br \/>\n\t\t\t\t\t\t\t\t\t<span>Remember me<\/span><br \/>\n\t\t\t\t\t\t\t\t<\/label>\n\t\t\t\t\t\t\t<\/p>\n<p class=\"woocommerce-LostPassword lost_password\">\n\t\t\t\t\t\t\t\t<a href=\"https:\/\/tukitco.net\/ca\/mi-cuenta\/lost-password\/\"><br \/>\n\t\t\t\t\t\t\t\t\tLost your password?\t\t\t\t\t\t\t\t<\/a>\n\t\t\t\t\t\t\t<\/p>\n<\/p><input type=\"hidden\" name=\"trp-form-language\" value=\"ca\"\/><\/form>\n<\/p><\/div>\n<\/p><\/div>\n<div class=\"u-column2 col-2\">\n<h2 class=\"register-title\">\n\t\t\t\t\t\tRegister\t\t\t\t\t<\/h2>\n<div class=\"register-form\">\n<form method=\"post\" class=\"register\" action=\"\">\n<p class=\"form-row validate-required\" id=\"profile_first_name_field\" data-priority=\"\"><label for=\"profile_first_name\" class=\"required_field\">First name&nbsp;<span class=\"required\" aria-hidden=\"true\">*<\/span><\/label><span class=\"woocommerce-input-wrapper\"><input type=\"text\" class=\"input-text\" name=\"first_name\" id=\"profile_first_name\" placeholder=\"\"  value=\"\" aria-required=\"true\" \/><\/span><\/p>\n<p class=\"form-row validate-required\" id=\"profile_last_name_field\" data-priority=\"\"><label for=\"profile_last_name\" class=\"required_field\">Last name&nbsp;<span class=\"required\" aria-hidden=\"true\">*<\/span><\/label><span class=\"woocommerce-input-wrapper\"><input type=\"text\" class=\"input-text\" name=\"last_name\" id=\"profile_last_name\" placeholder=\"\"  value=\"\" aria-required=\"true\" \/><\/span><\/p>\n<p class=\"form-row validate-required\" id=\"profile_email_field\" data-priority=\"\"><label for=\"profile_email\" class=\"required_field\">Email address&nbsp;<span class=\"required\" aria-hidden=\"true\">*<\/span><\/label><span class=\"woocommerce-input-wrapper\"><input type=\"email\" class=\"input-text\" name=\"email\" id=\"profile_email\" placeholder=\"\"  value=\"\" data-validation=\"email\" aria-required=\"true\" \/><\/span><\/p>\n<p class=\"form-row\">\n\t\t\t\t<span class=\"woocommerce-privacy-policy-text\"><br \/>\n\t\t\t\t\tLes teves dades personals es faran servir per processar la teva comanda, millorar la teva experi\u00e8ncia en aquesta web, gestionar l&#039;acc\u00e9s al teu compte i altres prop\u00f2sits descrits a la nostra <a href=\"https:\/\/tukitco.net\/ca\/politica-de-privacidad\/\" class=\"woocommerce-privacy-policy-link\" target=\"_blank\" data-no-translation=\"\" data-trp-gettext=\"\">pol\u00edtica de privadesa<\/a>.\t\t\t\t<\/span>\n\t\t\t<\/p>\n<p class=\"form-row terms-label validate-required\" id=\"profile_terms_field\" data-priority=\"\"><span class=\"woocommerce-input-wrapper\"><label class=\"checkbox terms-label\" ><input type=\"checkbox\" name=\"terms\" id=\"profile_terms\" value=\"1\" class=\"input-checkbox\"  aria-required=\"true\" \/> He llegit i estic dacord amb els <a href=\"https:\/\/tukitco.net\/ca\/terminos-y-condiciones\/\" class=\"woocommerce-terms-and-conditions-link\" target=\"_blank\" data-no-translation=\"\" data-trp-gettext=\"\">termes i condicions<\/a> de la web&nbsp;<span class=\"required\" aria-hidden=\"true\">*<\/span><\/label><\/span><\/p>\n<p>\t\t\t\t\t\t<wc-order-attribution-inputs><\/wc-order-attribution-inputs><\/p>\n<p class=\"form-row\">\n\t\t\t\t\t\t\t<input type=\"hidden\" id=\"woocommerce-register-nonce\" name=\"woocommerce-register-nonce\" value=\"c3ef4eb2ac\" \/><input type=\"hidden\" name=\"_wp_http_referer\" value=\"\/ca\/wp-json\/wp\/v2\/pages\/11142\" \/>\t\t\t\t\t\t\t<input type=\"hidden\" id=\"register_affiliate\" name=\"register_affiliate\" value=\"b10f1c60bd\" \/><br \/>\n\t\t\t\t\t\t\t<input type=\"submit\" class=\"button\" name=\"register\" value=\"Register\"\/>\n\t\t\t\t\t\t<\/p>\n<\/p><input type=\"hidden\" name=\"trp-form-language\" value=\"ca\"\/><\/form>\n<\/p><\/div>\n<\/p><\/div>\n<\/p><\/div>\n<\/p><\/div>\n\t\t\t\t\t\t\t\t<\/div>\n\t\t\t\t<\/div>\n\t\t\t\t\t<\/div>\n\t\t<\/div>\n\t\t\t\t\t<\/div>\n\t\t<\/section>\n\t\t\t\t<section data-particle_enable=\"false\" data-particle-mobile-disabled=\"false\" class=\"elementor-section elementor-top-section elementor-element elementor-element-2c16809 elementor-section-boxed elementor-section-height-default elementor-section-height-default\" data-id=\"2c16809\" data-element_type=\"section\" data-e-type=\"section\">\n\t\t\t\t\t\t<div class=\"elementor-container elementor-column-gap-default\">\n\t\t\t\t\t<div class=\"elementor-column elementor-col-100 elementor-top-column elementor-element elementor-element-65122b7\" data-id=\"65122b7\" data-element_type=\"column\" data-e-type=\"column\">\n\t\t\t<div class=\"elementor-widget-wrap elementor-element-populated\">\n\t\t\t\t\t\t<div class=\"elementor-element elementor-element-9a85058 content-align-cta-center elementor-widget elementor-widget-eael-cta-box\" data-id=\"9a85058\" data-element_type=\"widget\" data-e-type=\"widget\" data-widget_type=\"eael-cta-box.default\">\n\t\t\t\t<div class=\"elementor-widget-container\">\n\t\t\t\t\t\t\t<div class=\"eael-call-to-action cta-basic bg-lite cta-preset-1\">\n        <h4 class=\"sub-title\">Vols ser afiliat\/da?<\/h4><p>Converteix-te en ambaixador\/a de KitCo. Tots guanyem! Envia&#039;ns un mail a kitco.contact@gmail.com o truca&#039;ns al +34 607 18 66 01 i t&#039;explicarem.<\/p><a class=\"cta-button cta-preset-1\"><\/a>\t<\/div>\n\t\t\t\t\t\t\t\t<\/div>\n\t\t\t\t<\/div>\n\t\t\t\t\t<\/div>\n\t\t<\/div>\n\t\t\t\t\t<\/div>\n\t\t<\/section>\n\t\t\t\t<\/div>","protected":false},"excerpt":{"rendered":"<p>PANEL DE AFILIADOS \u00bfQuieres ser afiliado\/a? Convi\u00e9rtete en embajador\/a de KitCo. \u00a1Todos\/as ganamos! Env\u00edanos un mail a kitco.contact@gmail.com o ll\u00e1manos al +34 607 18 66 01 y te explicaremos.<\/p>","protected":false},"author":1,"featured_media":0,"parent":0,"menu_order":0,"comment_status":"closed","ping_status":"closed","template":"elementor_header_footer","meta":{"_eb_attr":"","_crdt_document":"","footnotes":""},"class_list":["post-11142","page","type-page","status-publish","hentry"],"yoast_head":"<!-- This site is optimized with the Yoast SEO Premium plugin v20.8 (Yoast SEO v27.5) - https:\/\/yoast.com\/product\/yoast-seo-premium-wordpress\/ -->\n<title>Panel de afiliado &#8211; KitCo<\/title>\n<meta name=\"robots\" content=\"index, follow, max-snippet:-1, max-image-preview:large, max-video-preview:-1\" \/>\n<link rel=\"canonical\" href=\"https:\/\/tukitco.net\/ca\/affiliate-dashboard\/\" \/>\n<meta property=\"og:locale\" content=\"ca_ES\" \/>\n<meta property=\"og:type\" content=\"article\" \/>\n<meta property=\"og:title\" content=\"Panel de afiliado\" \/>\n<meta property=\"og:description\" content=\"PANEL DE AFILIADOS \u00bfQuieres ser afiliado\/a?Convi\u00e9rtete en embajador\/a de KitCo. \u00a1Todos\/as ganamos! Env\u00edanos un mail a kitco.contact@gmail.com o ll\u00e1manos\" \/>\n<meta property=\"og:url\" content=\"https:\/\/tukitco.net\/ca\/affiliate-dashboard\/\" \/>\n<meta property=\"og:site_name\" content=\"KitCo\" \/>\n<meta property=\"article:publisher\" content=\"https:\/\/www.facebook.com\/KitCoCoaching\/\" \/>\n<meta property=\"article:modified_time\" content=\"2024-06-03T16:59:03+00:00\" \/>\n<meta name=\"twitter:card\" content=\"summary_large_image\" \/>\n<meta name=\"twitter:site\" content=\"@ElsaGimnez\" \/>\n<meta name=\"twitter:label1\" content=\"Temps estimat de lectura\" \/>\n\t<meta name=\"twitter:data1\" content=\"1 minut\" \/>\n<script type=\"application\/ld+json\" class=\"yoast-schema-graph\">{\"@context\":\"https:\\\/\\\/schema.org\",\"@graph\":[{\"@type\":\"WebPage\",\"@id\":\"https:\\\/\\\/tukitco.net\\\/affiliate-dashboard\\\/\",\"url\":\"https:\\\/\\\/tukitco.net\\\/affiliate-dashboard\\\/\",\"name\":\"Panel de afiliado &#8211; KitCo\",\"isPartOf\":{\"@id\":\"https:\\\/\\\/tukitco.net\\\/#website\"},\"datePublished\":\"2022-01-25T11:09:54+00:00\",\"dateModified\":\"2024-06-03T16:59:03+00:00\",\"breadcrumb\":{\"@id\":\"https:\\\/\\\/tukitco.net\\\/affiliate-dashboard\\\/#breadcrumb\"},\"inLanguage\":\"ca\",\"potentialAction\":[{\"@type\":\"ReadAction\",\"target\":[\"https:\\\/\\\/tukitco.net\\\/affiliate-dashboard\\\/\"]}]},{\"@type\":\"BreadcrumbList\",\"@id\":\"https:\\\/\\\/tukitco.net\\\/affiliate-dashboard\\\/#breadcrumb\",\"itemListElement\":[{\"@type\":\"ListItem\",\"position\":1,\"name\":\"Portada\",\"item\":\"https:\\\/\\\/tukitco.net\\\/\"},{\"@type\":\"ListItem\",\"position\":2,\"name\":\"Panel de afiliado\"}]},{\"@type\":\"WebSite\",\"@id\":\"https:\\\/\\\/tukitco.net\\\/#website\",\"url\":\"https:\\\/\\\/tukitco.net\\\/\",\"name\":\"KitCo\",\"description\":\"Juegos de Talentos, Valores y Emociones\",\"publisher\":{\"@id\":\"https:\\\/\\\/tukitco.net\\\/#organization\"},\"potentialAction\":[{\"@type\":\"SearchAction\",\"target\":{\"@type\":\"EntryPoint\",\"urlTemplate\":\"https:\\\/\\\/tukitco.net\\\/?s={search_term_string}\"},\"query-input\":{\"@type\":\"PropertyValueSpecification\",\"valueRequired\":true,\"valueName\":\"search_term_string\"}}],\"inLanguage\":\"ca\"},{\"@type\":\"Organization\",\"@id\":\"https:\\\/\\\/tukitco.net\\\/#organization\",\"name\":\"KitCo For personal development\",\"url\":\"https:\\\/\\\/tukitco.net\\\/\",\"logo\":{\"@type\":\"ImageObject\",\"inLanguage\":\"ca\",\"@id\":\"https:\\\/\\\/tukitco.net\\\/#\\\/schema\\\/logo\\\/image\\\/\",\"url\":\"https:\\\/\\\/tukitco.net\\\/wp-content\\\/uploads\\\/2020\\\/06\\\/KITCO-COR-FONDO-TRANSPARENTE-GORDO-8-SOLO-CARA-1.png\",\"contentUrl\":\"https:\\\/\\\/tukitco.net\\\/wp-content\\\/uploads\\\/2020\\\/06\\\/KITCO-COR-FONDO-TRANSPARENTE-GORDO-8-SOLO-CARA-1.png\",\"width\":1618,\"height\":1622,\"caption\":\"KitCo For personal development\"},\"image\":{\"@id\":\"https:\\\/\\\/tukitco.net\\\/#\\\/schema\\\/logo\\\/image\\\/\"},\"sameAs\":[\"https:\\\/\\\/www.facebook.com\\\/KitCoCoaching\\\/\",\"https:\\\/\\\/x.com\\\/ElsaGimnez\",\"https:\\\/\\\/www.instagram.com\\\/tukitco\\\/\",\"https:\\\/\\\/www.linkedin.com\\\/company\\\/tukitco\\\/\",\"https:\\\/\\\/www.youtube.com\\\/channel\\\/UCPAGQ-h0cDjdBnT87RvFK8w\"]}]}<\/script>\n<!-- \/ Yoast SEO Premium plugin. -->","yoast_head_json":{"title":"Panel de afiliado &#8211; KitCo","robots":{"index":"index","follow":"follow","max-snippet":"max-snippet:-1","max-image-preview":"max-image-preview:large","max-video-preview":"max-video-preview:-1"},"canonical":"https:\/\/tukitco.net\/ca\/affiliate-dashboard\/","og_locale":"ca_ES","og_type":"article","og_title":"Panel de afiliado","og_description":"PANEL DE AFILIADOS \u00bfQuieres ser afiliado\/a?Convi\u00e9rtete en embajador\/a de KitCo. \u00a1Todos\/as ganamos! Env\u00edanos un mail a kitco.contact@gmail.com o ll\u00e1manos","og_url":"https:\/\/tukitco.net\/ca\/affiliate-dashboard\/","og_site_name":"KitCo","article_publisher":"https:\/\/www.facebook.com\/KitCoCoaching\/","article_modified_time":"2024-06-03T16:59:03+00:00","twitter_card":"summary_large_image","twitter_site":"@ElsaGimnez","twitter_misc":{"Temps estimat de lectura":"1 minut"},"schema":{"@context":"https:\/\/schema.org","@graph":[{"@type":"WebPage","@id":"https:\/\/tukitco.net\/affiliate-dashboard\/","url":"https:\/\/tukitco.net\/affiliate-dashboard\/","name":"Panel de afiliado &#8211; KitCo","isPartOf":{"@id":"https:\/\/tukitco.net\/#website"},"datePublished":"2022-01-25T11:09:54+00:00","dateModified":"2024-06-03T16:59:03+00:00","breadcrumb":{"@id":"https:\/\/tukitco.net\/affiliate-dashboard\/#breadcrumb"},"inLanguage":"ca","potentialAction":[{"@type":"ReadAction","target":["https:\/\/tukitco.net\/affiliate-dashboard\/"]}]},{"@type":"BreadcrumbList","@id":"https:\/\/tukitco.net\/affiliate-dashboard\/#breadcrumb","itemListElement":[{"@type":"ListItem","position":1,"name":"Portada","item":"https:\/\/tukitco.net\/"},{"@type":"ListItem","position":2,"name":"Panel de afiliado"}]},{"@type":"WebSite","@id":"https:\/\/tukitco.net\/#website","url":"https:\/\/tukitco.net\/","name":"KitCo","description":"Jocs de Talents, Valors i Emocions","publisher":{"@id":"https:\/\/tukitco.net\/#organization"},"potentialAction":[{"@type":"SearchAction","target":{"@type":"EntryPoint","urlTemplate":"https:\/\/tukitco.net\/?s={search_term_string}"},"query-input":{"@type":"PropertyValueSpecification","valueRequired":true,"valueName":"search_term_string"}}],"inLanguage":"ca"},{"@type":"Organization","@id":"https:\/\/tukitco.net\/#organization","name":"KitCo For personal development","url":"https:\/\/tukitco.net\/","logo":{"@type":"ImageObject","inLanguage":"ca","@id":"https:\/\/tukitco.net\/#\/schema\/logo\/image\/","url":"https:\/\/tukitco.net\/wp-content\/uploads\/2020\/06\/KITCO-COR-FONDO-TRANSPARENTE-GORDO-8-SOLO-CARA-1.png","contentUrl":"https:\/\/tukitco.net\/wp-content\/uploads\/2020\/06\/KITCO-COR-FONDO-TRANSPARENTE-GORDO-8-SOLO-CARA-1.png","width":1618,"height":1622,"caption":"KitCo For personal development"},"image":{"@id":"https:\/\/tukitco.net\/#\/schema\/logo\/image\/"},"sameAs":["https:\/\/www.facebook.com\/KitCoCoaching\/","https:\/\/x.com\/ElsaGimnez","https:\/\/www.instagram.com\/tukitco\/","https:\/\/www.linkedin.com\/company\/tukitco\/","https:\/\/www.youtube.com\/channel\/UCPAGQ-h0cDjdBnT87RvFK8w"]}]}},"jetpack_likes_enabled":true,"jetpack_shortlink":"https:\/\/wp.me\/PbxVe8-2TI","jetpack-related-posts":[{"id":19256,"url":"https:\/\/tukitco.net\/ca\/tienda-tu-kitco-afiliado-recrea-sca\/","url_meta":{"origin":11142,"position":0},"title":"Botiga la teva KitCo \u2013 Afiliat \u2013 Recrea sca","author":"kitco.contact","date":"14 desembre, 2023","format":false,"excerpt":"Gr\u00e0cies per confiar en KitCo Emporta&#039;t el teu KitCo ara amb descompte KitCo ProfessionalPreu final Preu amb descompte! Preu final 119 \u20ac 83 \u20ac Afegir a cistella Saber m\u00e9s KitCo experi\u00e8ncia completa: Cartes de Talents, Valors i Emocions, amb totes les din\u00e0miques i jocs. Pensat per a professionals del desenvolupament personal com:\u2026","rel":"","context":"Entrada similar","block_context":{"text":"Entrada similar","link":""},"img":{"alt_text":"","src":"https:\/\/i0.wp.com\/tukitco.net\/wp-content\/uploads\/2023\/12\/logo-recrea.png?resize=350%2C200&ssl=1","width":350,"height":200,"srcset":"https:\/\/i0.wp.com\/tukitco.net\/wp-content\/uploads\/2023\/12\/logo-recrea.png?resize=350%2C200&ssl=1 1x, https:\/\/i0.wp.com\/tukitco.net\/wp-content\/uploads\/2023\/12\/logo-recrea.png?resize=525%2C300&ssl=1 1.5x, https:\/\/i0.wp.com\/tukitco.net\/wp-content\/uploads\/2023\/12\/logo-recrea.png?resize=700%2C400&ssl=1 2x"},"classes":[]},{"id":2434,"url":"https:\/\/tukitco.net\/ca\/mecenas-kitco-familias-archivos-descargables\/","url_meta":{"origin":11142,"position":1},"title":"Mecenas KitCo Familias archivos descargables","author":"kitco.contact","date":"16 setembre, 2020","format":false,"excerpt":"ARCHIVOS DESCARGABLES INFORMACI\u00d3N Para facilitar la realizaci\u00f3n de los juegos y din\u00e1micas de KitCo Familias. Al inicio de esta p\u00e1gina, encontrar\u00e1s recursos descargables que te permitir\u00e1n sacar el m\u00e1ximo partido a tu KitCo. Desde actualizaciones de la Gu\u00eda KitCo con nuevos juegos para hacer con la misma herramienta, a nuevas\u2026","rel":"","context":"Entrada similar","block_context":{"text":"Entrada similar","link":""},"img":{"alt_text":"","src":"https:\/\/i0.wp.com\/tukitco.net\/wp-content\/uploads\/2023\/01\/tukitco.netwp-adminupload.phpmodelist-56.jpg?resize=350%2C200&ssl=1","width":350,"height":200,"srcset":"https:\/\/i0.wp.com\/tukitco.net\/wp-content\/uploads\/2023\/01\/tukitco.netwp-adminupload.phpmodelist-56.jpg?resize=350%2C200&ssl=1 1x, https:\/\/i0.wp.com\/tukitco.net\/wp-content\/uploads\/2023\/01\/tukitco.netwp-adminupload.phpmodelist-56.jpg?resize=525%2C300&ssl=1 1.5x, https:\/\/i0.wp.com\/tukitco.net\/wp-content\/uploads\/2023\/01\/tukitco.netwp-adminupload.phpmodelist-56.jpg?resize=700%2C400&ssl=1 2x, https:\/\/i0.wp.com\/tukitco.net\/wp-content\/uploads\/2023\/01\/tukitco.netwp-adminupload.phpmodelist-56.jpg?resize=1050%2C600&ssl=1 3x, https:\/\/i0.wp.com\/tukitco.net\/wp-content\/uploads\/2023\/01\/tukitco.netwp-adminupload.phpmodelist-56.jpg?resize=1400%2C800&ssl=1 4x"},"classes":[]},{"id":2550,"url":"https:\/\/tukitco.net\/ca\/mecenas-kitco-profesional-archivos-descargables\/","url_meta":{"origin":11142,"position":2},"title":"Mecenes KitCo Professional arxius descarregables","author":"kitco.contact","date":"21 setembre, 2020","format":false,"excerpt":"ARCHIVOS DESCARGABLES INFORMACI\u00d3N Para facilitar la realizaci\u00f3n de los juegos y din\u00e1micas de KitCo Profesional. Al inicio de esta p\u00e1gina, encontrar\u00e1s recursos descargables que te permitir\u00e1n sacar el m\u00e1ximo partido a tu KitCo. Desde actualizaciones de la Gu\u00eda KitCo con nuevos juegos para hacer con la misma herramienta, a nuevos\u2026","rel":"","context":"Entrada similar","block_context":{"text":"Entrada similar","link":""},"img":{"alt_text":"","src":"https:\/\/i0.wp.com\/tukitco.net\/wp-content\/uploads\/2024\/09\/PROGRAMA-EMPRESAS.png?resize=350%2C200&ssl=1","width":350,"height":200,"srcset":"https:\/\/i0.wp.com\/tukitco.net\/wp-content\/uploads\/2024\/09\/PROGRAMA-EMPRESAS.png?resize=350%2C200&ssl=1 1x, https:\/\/i0.wp.com\/tukitco.net\/wp-content\/uploads\/2024\/09\/PROGRAMA-EMPRESAS.png?resize=525%2C300&ssl=1 1.5x, https:\/\/i0.wp.com\/tukitco.net\/wp-content\/uploads\/2024\/09\/PROGRAMA-EMPRESAS.png?resize=700%2C400&ssl=1 2x, https:\/\/i0.wp.com\/tukitco.net\/wp-content\/uploads\/2024\/09\/PROGRAMA-EMPRESAS.png?resize=1050%2C600&ssl=1 3x, https:\/\/i0.wp.com\/tukitco.net\/wp-content\/uploads\/2024\/09\/PROGRAMA-EMPRESAS.png?resize=1400%2C800&ssl=1 4x"},"classes":[]},{"id":17966,"url":"https:\/\/tukitco.net\/ca\/tienda-tu-kitco-afiliado\/","url_meta":{"origin":11142,"position":3},"title":"Botiga el teu KitCo \u2013 Afiliat","author":"kitco.contact","date":"13 febrer, 2023","format":false,"excerpt":"Gr\u00e0cies per confiar en KitCo Escull el teu KitCo Accedeix aqu\u00ed per saber qu\u00e8 KitCo necessites Adquireix el teu KitCo Experi\u00e8ncia Completa Contingut com\u00fa (KitCo Professional, KitCo Friends &amp; Family i KitCo Escoles) KitCo experi\u00e8ncia completa: 33 cartes de talent 56 cartes de valors","rel":"","context":"Entrada similar","block_context":{"text":"Entrada similar","link":""},"img":{"alt_text":"","src":"https:\/\/i0.wp.com\/tukitco.net\/wp-content\/uploads\/2020\/10\/WhatsApp-Image-2020-10-18-at-18.39.27-150x150.jpeg?resize=350%2C200&ssl=1","width":350,"height":200},"classes":[]},{"id":11050,"url":"https:\/\/tukitco.net\/ca\/area-de-usuario\/","url_meta":{"origin":11142,"position":4},"title":"\u00c0rea d&#039;Usuari\/\u00e0ria","author":"kitco.contact","date":"19 gener, 2022","format":false,"excerpt":"\u00c1REA DE USUARIO\/A REGISTRO DE USUARIO\/A PROFESIONAL \/ ESCUELA Accede aqu\u00ed si dispones de un c\u00f3digo, incluido en la tarjeta QR al adquirir tu juego(KitCo Escuelas y KitCo Profesional) Profesional \/ Escuelas (Con c\u00f3digo) REGISTRO DE USUARIO\/A PERSONAL Accede aqu\u00ed si no dispones de ning\u00fan c\u00f3digo. Podr\u00e1s realizar tus din\u00e1micas\u2026","rel":"","context":"Entrada similar","block_context":{"text":"Entrada similar","link":""},"img":{"alt_text":"","src":"https:\/\/i0.wp.com\/tukitco.net\/wp-content\/uploads\/2022\/12\/valores01.png?resize=350%2C200&ssl=1","width":350,"height":200,"srcset":"https:\/\/i0.wp.com\/tukitco.net\/wp-content\/uploads\/2022\/12\/valores01.png?resize=350%2C200&ssl=1 1x, https:\/\/i0.wp.com\/tukitco.net\/wp-content\/uploads\/2022\/12\/valores01.png?resize=525%2C300&ssl=1 1.5x, https:\/\/i0.wp.com\/tukitco.net\/wp-content\/uploads\/2022\/12\/valores01.png?resize=700%2C400&ssl=1 2x, https:\/\/i0.wp.com\/tukitco.net\/wp-content\/uploads\/2022\/12\/valores01.png?resize=1050%2C600&ssl=1 3x"},"classes":[]},{"id":19231,"url":"https:\/\/tukitco.net\/ca\/tienda-tu-kitco-comunidad-ip\/","url_meta":{"origin":11142,"position":5},"title":"Tienda tu KitCo Comunidad IP","author":"kitco.contact","date":"29 novembre, 2023","format":false,"excerpt":"producto kitco Aprovecha este descuento para disponer de Tu KitCo \u00a1Nunca un juego de crecimiento personal hab\u00eda sido tan estimulante! KitCo ProfesionalPrecio final Descuento Especial del 20%Precio final rebajado 95 \u20ac 119 \u20ac A\u00f1adir a carrito KitCo Profesional KitCo es m\u00e1s que un kit de juegos; es una herramienta vers\u00e1til\u2026","rel":"","context":"Entrada similar","block_context":{"text":"Entrada similar","link":""},"img":{"alt_text":"","src":"https:\/\/i0.wp.com\/tukitco.net\/wp-content\/uploads\/2023\/10\/Diseno-sin-titulo-15.png?resize=350%2C200&ssl=1","width":350,"height":200,"srcset":"https:\/\/i0.wp.com\/tukitco.net\/wp-content\/uploads\/2023\/10\/Diseno-sin-titulo-15.png?resize=350%2C200&ssl=1 1x, https:\/\/i0.wp.com\/tukitco.net\/wp-content\/uploads\/2023\/10\/Diseno-sin-titulo-15.png?resize=525%2C300&ssl=1 1.5x, https:\/\/i0.wp.com\/tukitco.net\/wp-content\/uploads\/2023\/10\/Diseno-sin-titulo-15.png?resize=700%2C400&ssl=1 2x, https:\/\/i0.wp.com\/tukitco.net\/wp-content\/uploads\/2023\/10\/Diseno-sin-titulo-15.png?resize=1050%2C600&ssl=1 3x"},"classes":[]}],"jetpack_sharing_enabled":true,"_links":{"self":[{"href":"https:\/\/tukitco.net\/ca\/wp-json\/wp\/v2\/pages\/11142","targetHints":{"allow":["GET"]}}],"collection":[{"href":"https:\/\/tukitco.net\/ca\/wp-json\/wp\/v2\/pages"}],"about":[{"href":"https:\/\/tukitco.net\/ca\/wp-json\/wp\/v2\/types\/page"}],"author":[{"embeddable":true,"href":"https:\/\/tukitco.net\/ca\/wp-json\/wp\/v2\/users\/1"}],"replies":[{"embeddable":true,"href":"https:\/\/tukitco.net\/ca\/wp-json\/wp\/v2\/comments?post=11142"}],"version-history":[{"count":30,"href":"https:\/\/tukitco.net\/ca\/wp-json\/wp\/v2\/pages\/11142\/revisions"}],"predecessor-version":[{"id":22401,"href":"https:\/\/tukitco.net\/ca\/wp-json\/wp\/v2\/pages\/11142\/revisions\/22401"}],"wp:attachment":[{"href":"https:\/\/tukitco.net\/ca\/wp-json\/wp\/v2\/media?parent=11142"}],"curies":[{"name":"wp","href":"https:\/\/api.w.org\/{rel}","templated":true}]}}