{"id":2090,"date":"2020-07-27T20:20:21","date_gmt":"2020-07-27T20:20:21","guid":{"rendered":"https:\/\/tukitco.net\/carrito\/"},"modified":"2024-12-18T20:21:42","modified_gmt":"2024-12-18T20:21:42","slug":"carrito","status":"publish","type":"page","link":"https:\/\/tukitco.net\/ca\/carrito\/","title":{"rendered":"Cistella"},"content":{"rendered":"<div data-elementor-type=\"wp-page\" data-elementor-id=\"2090\" class=\"elementor elementor-2090\" data-elementor-post-type=\"page\">\n\t\t\t\t\t\t<section data-particle_enable=\"false\" data-particle-mobile-disabled=\"false\" class=\"elementor-section elementor-top-section elementor-element elementor-element-19e1d2ce elementor-section-stretched elementor-section-boxed elementor-section-height-default elementor-section-height-default\" data-id=\"19e1d2ce\" data-element_type=\"section\" data-e-type=\"section\" data-settings=\"{&quot;stretch_section&quot;:&quot;section-stretched&quot;,&quot;background_background&quot;:&quot;classic&quot;}\">\n\t\t\t\t\t\t<div class=\"elementor-container elementor-column-gap-default\">\n\t\t\t\t\t<div class=\"elementor-column elementor-col-100 elementor-top-column elementor-element elementor-element-7de110b9\" data-id=\"7de110b9\" data-element_type=\"column\" data-e-type=\"column\">\n\t\t\t<div class=\"elementor-widget-wrap elementor-element-populated\">\n\t\t\t\t\t\t<div class=\"elementor-element elementor-element-76e5fc3 e-cart-layout-one-column elementor-widget elementor-widget-woocommerce-cart\" data-id=\"76e5fc3\" data-element_type=\"widget\" data-e-type=\"widget\" data-widget_type=\"woocommerce-cart.default\">\n\t\t\t\t<div class=\"elementor-widget-container\">\n\t\t\t\t\t<div class=\"woocommerce\"><div class=\"woocommerce-notices-wrapper\"><\/div><div class=\"wc-empty-cart-message\">\n\t<div class=\"cart-empty woocommerce-info\" role=\"status\">\n\t\tLa cesta est\u00e0 vac\u00eda.\t<\/div>\n<\/div>\t<p class=\"return-to-shop\">\n\t\t<a class=\"button wc-backward\" href=\"https:\/\/tukitco.net\/ca\/tienda\/\">\n\t\t\tTorna a la botiga\t\t<\/a>\n\t<\/p>\n<\/div>\t\t\t\t<\/div>\n\t\t\t\t<\/div>\n\t\t\t\t\t<\/div>\n\t\t<\/div>\n\t\t\t\t\t<\/div>\n\t\t<\/section>\n\t\t\t\t<\/div>","protected":false},"excerpt":{"rendered":"<p>Eliminar article Imatge en miniatura Producte Preu Quantitat Subtotal \u00d7 KitCo Valors \u20ac35,00 KitCo Valors quantitat \u20ac35,00 \u00d7 KitCo Fam\u00edlies \u20ac89,00 KitCo Fam\u00edlies quantitat \u20ac89,00 Actualitzar la cistella Aplicar el cup\u00f3 Totals de la cistella Subtotal \u20ac124,00 Enviament 08019 Barcelona, Barcelona. Canviar direcci\u00f3 Pa\u00eds o regi\u00f3: Selecciona un pa\u00eds\/regi\u00f3\u2026AfganistanAlb\u00e0niaAlemanyaAndorraAngolaAnguilaAnt\u00e0rtidaAntigua \u2026 <\/p>\n<p class=\"link-more\"><a href=\"https:\/\/tukitco.net\/ca\/carrito\/\" class=\"more-link\">Continua llegint <span class=\"screen-reader-text\">\u00abCarret\u00bb<\/span><\/a><\/p>","protected":false},"author":1,"featured_media":0,"parent":0,"menu_order":0,"comment_status":"closed","ping_status":"closed","template":"elementor_header_footer","meta":{"_eb_attr":"","_crdt_document":"","jetpack_post_was_ever_published":false,"footnotes":""},"class_list":["post-2090","page","type-page","status-publish","hentry"],"yoast_head":"<!-- This site is optimized with the Yoast SEO Premium plugin v20.8 (Yoast SEO v27.3) - https:\/\/yoast.com\/product\/yoast-seo-premium-wordpress\/ -->\n<title>Carrito &#8211; KitCo<\/title>\n<meta name=\"robots\" content=\"index, follow, max-snippet:-1, max-image-preview:large, max-video-preview:-1\" \/>\n<link rel=\"canonical\" href=\"https:\/\/tukitco.net\/ca\/carrito\/\" \/>\n<meta property=\"og:locale\" content=\"ca_ES\" \/>\n<meta property=\"og:type\" content=\"article\" \/>\n<meta property=\"og:title\" content=\"Carrito\" \/>\n<meta property=\"og:description\" content=\"Eliminar art\u00edculo Imagen en miniatura Producto Precio Cantidad Subtotal &times; KitCo Valores &euro;35,00 KitCo Valores cantidad &euro;35,00 &times; KitCo\" \/>\n<meta property=\"og:url\" content=\"https:\/\/tukitco.net\/ca\/carrito\/\" \/>\n<meta property=\"og:site_name\" content=\"KitCo\" \/>\n<meta property=\"article:publisher\" content=\"https:\/\/www.facebook.com\/KitCoCoaching\/\" \/>\n<meta property=\"article:modified_time\" content=\"2024-12-18T20:21:42+00:00\" \/>\n<meta property=\"og:image\" content=\"https:\/\/tukitco.net\/wp-content\/uploads\/2020\/07\/Diseno-sin-titulo-8-250x250.jpg?crop=1\" \/>\n<meta name=\"twitter:card\" content=\"summary_large_image\" \/>\n<meta name=\"twitter:site\" content=\"@ElsaGimnez\" \/>\n<meta name=\"twitter:label1\" content=\"Temps estimat de lectura\" \/>\n\t<meta name=\"twitter:data1\" content=\"3 minuts\" \/>\n<script type=\"application\/ld+json\" class=\"yoast-schema-graph\">{\"@context\":\"https:\\\/\\\/schema.org\",\"@graph\":[{\"@type\":\"WebPage\",\"@id\":\"https:\\\/\\\/tukitco.net\\\/es\\\/carrito\\\/\",\"url\":\"https:\\\/\\\/tukitco.net\\\/es\\\/carrito\\\/\",\"name\":\"Carrito &#8211; KitCo\",\"isPartOf\":{\"@id\":\"https:\\\/\\\/tukitco.net\\\/#website\"},\"primaryImageOfPage\":{\"@id\":\"https:\\\/\\\/tukitco.net\\\/es\\\/carrito\\\/#primaryimage\"},\"image\":{\"@id\":\"https:\\\/\\\/tukitco.net\\\/es\\\/carrito\\\/#primaryimage\"},\"thumbnailUrl\":\"https:\\\/\\\/tukitco.net\\\/wp-content\\\/uploads\\\/2020\\\/07\\\/Diseno-sin-titulo-8-250x250.jpg?crop=1\",\"datePublished\":\"2020-07-27T20:20:21+00:00\",\"dateModified\":\"2024-12-18T20:21:42+00:00\",\"breadcrumb\":{\"@id\":\"https:\\\/\\\/tukitco.net\\\/es\\\/carrito\\\/#breadcrumb\"},\"inLanguage\":\"ca\",\"potentialAction\":[{\"@type\":\"ReadAction\",\"target\":[\"https:\\\/\\\/tukitco.net\\\/es\\\/carrito\\\/\"]}]},{\"@type\":\"ImageObject\",\"inLanguage\":\"ca\",\"@id\":\"https:\\\/\\\/tukitco.net\\\/es\\\/carrito\\\/#primaryimage\",\"url\":\"https:\\\/\\\/tukitco.net\\\/wp-content\\\/uploads\\\/2020\\\/07\\\/Diseno-sin-titulo-8-250x250.jpg?crop=1\",\"contentUrl\":\"https:\\\/\\\/tukitco.net\\\/wp-content\\\/uploads\\\/2020\\\/07\\\/Diseno-sin-titulo-8-250x250.jpg?crop=1\"},{\"@type\":\"BreadcrumbList\",\"@id\":\"https:\\\/\\\/tukitco.net\\\/es\\\/carrito\\\/#breadcrumb\",\"itemListElement\":[{\"@type\":\"ListItem\",\"position\":1,\"name\":\"Portada\",\"item\":\"https:\\\/\\\/tukitco.net\\\/\"},{\"@type\":\"ListItem\",\"position\":2,\"name\":\"Carrito\"}]},{\"@type\":\"WebSite\",\"@id\":\"https:\\\/\\\/tukitco.net\\\/#website\",\"url\":\"https:\\\/\\\/tukitco.net\\\/\",\"name\":\"KitCo\",\"description\":\"Juegos de Talentos, Valores y Emociones\",\"publisher\":{\"@id\":\"https:\\\/\\\/tukitco.net\\\/#organization\"},\"potentialAction\":[{\"@type\":\"SearchAction\",\"target\":{\"@type\":\"EntryPoint\",\"urlTemplate\":\"https:\\\/\\\/tukitco.net\\\/?s={search_term_string}\"},\"query-input\":{\"@type\":\"PropertyValueSpecification\",\"valueRequired\":true,\"valueName\":\"search_term_string\"}}],\"inLanguage\":\"ca\"},{\"@type\":\"Organization\",\"@id\":\"https:\\\/\\\/tukitco.net\\\/#organization\",\"name\":\"KitCo For personal development\",\"url\":\"https:\\\/\\\/tukitco.net\\\/\",\"logo\":{\"@type\":\"ImageObject\",\"inLanguage\":\"ca\",\"@id\":\"https:\\\/\\\/tukitco.net\\\/#\\\/schema\\\/logo\\\/image\\\/\",\"url\":\"https:\\\/\\\/tukitco.net\\\/wp-content\\\/uploads\\\/2020\\\/06\\\/KITCO-COR-FONDO-TRANSPARENTE-GORDO-8-SOLO-CARA-1.png\",\"contentUrl\":\"https:\\\/\\\/tukitco.net\\\/wp-content\\\/uploads\\\/2020\\\/06\\\/KITCO-COR-FONDO-TRANSPARENTE-GORDO-8-SOLO-CARA-1.png\",\"width\":1618,\"height\":1622,\"caption\":\"KitCo For personal development\"},\"image\":{\"@id\":\"https:\\\/\\\/tukitco.net\\\/#\\\/schema\\\/logo\\\/image\\\/\"},\"sameAs\":[\"https:\\\/\\\/www.facebook.com\\\/KitCoCoaching\\\/\",\"https:\\\/\\\/x.com\\\/ElsaGimnez\",\"https:\\\/\\\/www.instagram.com\\\/tukitco\\\/\",\"https:\\\/\\\/www.linkedin.com\\\/company\\\/tukitco\\\/\",\"https:\\\/\\\/www.youtube.com\\\/channel\\\/UCPAGQ-h0cDjdBnT87RvFK8w\"]}]}<\/script>\n<!-- \/ Yoast SEO Premium plugin. -->","yoast_head_json":{"title":"Cistella \u2013 KitCo","robots":{"index":"index","follow":"follow","max-snippet":"max-snippet:-1","max-image-preview":"max-image-preview:large","max-video-preview":"max-video-preview:-1"},"canonical":"https:\/\/tukitco.net\/ca\/carrito\/","og_locale":"ca_ES","og_type":"article","og_title":"Carrito","og_description":"Eliminar art\u00edculo Imagen en miniatura Producto Precio Cantidad Subtotal &times; KitCo Valores &euro;35,00 KitCo Valores cantidad &euro;35,00 &times; KitCo","og_url":"https:\/\/tukitco.net\/ca\/carrito\/","og_site_name":"KitCo","article_publisher":"https:\/\/www.facebook.com\/KitCoCoaching\/","article_modified_time":"2024-12-18T20:21:42+00:00","og_image":[{"url":"https:\/\/tukitco.net\/wp-content\/uploads\/2020\/07\/Diseno-sin-titulo-8-250x250.jpg?crop=1","type":"","width":"","height":""}],"twitter_card":"summary_large_image","twitter_site":"@ElsaGimnez","twitter_misc":{"Temps estimat de lectura":"3 minuts"},"schema":{"@context":"https:\/\/schema.org","@graph":[{"@type":"WebPage","@id":"https:\/\/tukitco.net\/es\/carrito\/","url":"https:\/\/tukitco.net\/es\/carrito\/","name":"Cistella \u2013 KitCo","isPartOf":{"@id":"https:\/\/tukitco.net\/#website"},"primaryImageOfPage":{"@id":"https:\/\/tukitco.net\/es\/carrito\/#primaryimage"},"image":{"@id":"https:\/\/tukitco.net\/es\/carrito\/#primaryimage"},"thumbnailUrl":"https:\/\/tukitco.net\/wp-content\/uploads\/2020\/07\/Diseno-sin-titulo-8-250x250.jpg?crop=1","datePublished":"2020-07-27T20:20:21+00:00","dateModified":"2024-12-18T20:21:42+00:00","breadcrumb":{"@id":"https:\/\/tukitco.net\/es\/carrito\/#breadcrumb"},"inLanguage":"ca","potentialAction":[{"@type":"ReadAction","target":["https:\/\/tukitco.net\/es\/carrito\/"]}]},{"@type":"ImageObject","inLanguage":"ca","@id":"https:\/\/tukitco.net\/es\/carrito\/#primaryimage","url":"https:\/\/tukitco.net\/wp-content\/uploads\/2020\/07\/Diseno-sin-titulo-8-250x250.jpg?crop=1","contentUrl":"https:\/\/tukitco.net\/wp-content\/uploads\/2020\/07\/Diseno-sin-titulo-8-250x250.jpg?crop=1"},{"@type":"BreadcrumbList","@id":"https:\/\/tukitco.net\/es\/carrito\/#breadcrumb","itemListElement":[{"@type":"ListItem","position":1,"name":"Portada","item":"https:\/\/tukitco.net\/"},{"@type":"ListItem","position":2,"name":"Carrito"}]},{"@type":"WebSite","@id":"https:\/\/tukitco.net\/#website","url":"https:\/\/tukitco.net\/","name":"KitCo","description":"Jocs de Talents, Valors i Emocions","publisher":{"@id":"https:\/\/tukitco.net\/#organization"},"potentialAction":[{"@type":"SearchAction","target":{"@type":"EntryPoint","urlTemplate":"https:\/\/tukitco.net\/?s={search_term_string}"},"query-input":{"@type":"PropertyValueSpecification","valueRequired":true,"valueName":"search_term_string"}}],"inLanguage":"ca"},{"@type":"Organization","@id":"https:\/\/tukitco.net\/#organization","name":"KitCo For personal development","url":"https:\/\/tukitco.net\/","logo":{"@type":"ImageObject","inLanguage":"ca","@id":"https:\/\/tukitco.net\/#\/schema\/logo\/image\/","url":"https:\/\/tukitco.net\/wp-content\/uploads\/2020\/06\/KITCO-COR-FONDO-TRANSPARENTE-GORDO-8-SOLO-CARA-1.png","contentUrl":"https:\/\/tukitco.net\/wp-content\/uploads\/2020\/06\/KITCO-COR-FONDO-TRANSPARENTE-GORDO-8-SOLO-CARA-1.png","width":1618,"height":1622,"caption":"KitCo For personal development"},"image":{"@id":"https:\/\/tukitco.net\/#\/schema\/logo\/image\/"},"sameAs":["https:\/\/www.facebook.com\/KitCoCoaching\/","https:\/\/x.com\/ElsaGimnez","https:\/\/www.instagram.com\/tukitco\/","https:\/\/www.linkedin.com\/company\/tukitco\/","https:\/\/www.youtube.com\/channel\/UCPAGQ-h0cDjdBnT87RvFK8w"]}]}},"jetpack_likes_enabled":true,"jetpack_shortlink":"https:\/\/wp.me\/PbxVe8-xI","jetpack-related-posts":[{"id":19256,"url":"https:\/\/tukitco.net\/ca\/tienda-tu-kitco-afiliado-recrea-sca\/","url_meta":{"origin":2090,"position":0},"title":"Botiga la teva KitCo \u2013 Afiliat \u2013 Recrea sca","author":"kitco.contact","date":"14 desembre, 2023","format":false,"excerpt":"Gr\u00e0cies per confiar en KitCo Emporta&#039;t el teu KitCo ara amb descompte KitCo ProfessionalPreu final Preu amb descompte! Preu final 119 \u20ac 83 \u20ac Afegir a cistella Saber m\u00e9s KitCo experi\u00e8ncia completa: Cartes de Talents, Valors i Emocions, amb totes les din\u00e0miques i jocs. Pensat per a professionals del desenvolupament personal com:\u2026","rel":"","context":"Entrada similar","block_context":{"text":"Entrada similar","link":""},"img":{"alt_text":"","src":"https:\/\/i0.wp.com\/tukitco.net\/wp-content\/uploads\/2023\/12\/logo-recrea.png?resize=350%2C200&ssl=1","width":350,"height":200,"srcset":"https:\/\/i0.wp.com\/tukitco.net\/wp-content\/uploads\/2023\/12\/logo-recrea.png?resize=350%2C200&ssl=1 1x, https:\/\/i0.wp.com\/tukitco.net\/wp-content\/uploads\/2023\/12\/logo-recrea.png?resize=525%2C300&ssl=1 1.5x, https:\/\/i0.wp.com\/tukitco.net\/wp-content\/uploads\/2023\/12\/logo-recrea.png?resize=700%2C400&ssl=1 2x"},"classes":[]},{"id":19202,"url":"https:\/\/tukitco.net\/ca\/tienda-tu-kitco-descuento-gobierno-la-rioja\/","url_meta":{"origin":2090,"position":1},"title":"Botiga el teu KitCo \u2013 Descompte Govern la Rioja","author":"kitco.contact","date":"23 novembre, 2023","format":false,"excerpt":"producte kitco El teu KitCo Mai un joc de creixement personal havia estat tan estimulant! KitCo ProfessionalPreu final Descompte Govern de la RiojaPreu final rebaixat 95 \u20ac 119 \u20ac Afegir a cistella Saber m\u00e9s KitCo experi\u00e8ncia completa: Cartes de Talents, Valors i Emocions, amb totes les din\u00e0miques i jocs. Pensat per a\u2026","rel":"","context":"Entrada similar","block_context":{"text":"Entrada similar","link":""},"img":{"alt_text":"","src":"https:\/\/i0.wp.com\/tukitco.net\/wp-content\/uploads\/2023\/10\/Diseno-sin-titulo-15.png?resize=350%2C200&ssl=1","width":350,"height":200,"srcset":"https:\/\/i0.wp.com\/tukitco.net\/wp-content\/uploads\/2023\/10\/Diseno-sin-titulo-15.png?resize=350%2C200&ssl=1 1x, https:\/\/i0.wp.com\/tukitco.net\/wp-content\/uploads\/2023\/10\/Diseno-sin-titulo-15.png?resize=525%2C300&ssl=1 1.5x, https:\/\/i0.wp.com\/tukitco.net\/wp-content\/uploads\/2023\/10\/Diseno-sin-titulo-15.png?resize=700%2C400&ssl=1 2x, https:\/\/i0.wp.com\/tukitco.net\/wp-content\/uploads\/2023\/10\/Diseno-sin-titulo-15.png?resize=1050%2C600&ssl=1 3x"},"classes":[]},{"id":17966,"url":"https:\/\/tukitco.net\/ca\/tienda-tu-kitco-afiliado\/","url_meta":{"origin":2090,"position":2},"title":"Botiga el teu KitCo \u2013 Afiliat","author":"kitco.contact","date":"13 febrer, 2023","format":false,"excerpt":"Gr\u00e0cies per confiar en KitCo Escull el teu KitCo Accedeix aqu\u00ed per saber qu\u00e8 KitCo necessites Adquireix el teu KitCo Experi\u00e8ncia Completa Contingut com\u00fa (KitCo Professional, KitCo Friends &amp; Family i KitCo Escoles) KitCo experi\u00e8ncia completa: 33 cartes de talent 56 cartes de valors","rel":"","context":"Entrada similar","block_context":{"text":"Entrada similar","link":""},"img":{"alt_text":"","src":"https:\/\/i0.wp.com\/tukitco.net\/wp-content\/uploads\/2020\/10\/WhatsApp-Image-2020-10-18-at-18.39.27-150x150.jpeg?resize=350%2C200&ssl=1","width":350,"height":200},"classes":[]},{"id":2091,"url":"https:\/\/tukitco.net\/ca\/finalizar-compra\/","url_meta":{"origin":2090,"position":3},"title":"Finalitzar compra","author":"","date":"27 juliol, 2020","format":false,"excerpt":"Detalls de facturaci\u00f3 Nom *Cognoms *Nom de l&#039;empresa (opcional)Pa\u00eds \/ Regi\u00f3 *Selecciona un pa\u00eds\/regi\u00f3\u2026AfganistanAlb\u00e0niaAlemanyaAndorraAngolaAnguilaAnt\u00e0rtidaAntigua i BarbudaAr\u00e0bia SauditaAlg\u00e8riaArgentinaArm\u00e8niaArubaAustr\u00e0lia\u00c0ustriaAzerbaidjanBahamesBahrainBangladeshBarbatsBelauB\u00e8lgicaBelizeBeninBermudaBhutanBielor\u00fassiaBirm\u00e0niaBol\u00edviaBonaire, Sant Eustaqui i SabaB\u00f2snia i HercegovinaBotswan FasoBurundiCap VerdCambodjaCamerunCanad\u00e0ChadXileXinaXipreCiutat del Vatic\u00e0Col\u00f2mbiaComoresCongo (Brazzaville)Congo (Kinshasa)Corea del NordCorea del SudCosta d&#039;IvoriCosta RicaCro\u00e0ciaCubaCura\u00e7aoDinamarcaDjiboutiDominica UnitsEritreaEslov\u00e0quiaEslov\u00e8niaEspanyaEstats Units (EUA)Est\u00f2niaEsuatiniEti\u00f2piaFilipinesFinl\u00e0ndiaFijiiFran\u00e7aGab\u00f3G\u00e0mbiaGe\u00f2rgiaGhanaGibraltarGranadaGr\u00e8ciaGroenl\u00e0ndiaGuadalupeGuamGuatemalaGuaiana FrancesaGuernseyGuina EquatorialGuinea-Bis\u00e0uGuyanaHait\u00edHonduresHong KongHongria\u00cdndiaIndon\u00e8siaIraqIranIrlandaIlla BouvetIlla de ManIlla de NadalIlla NorfolkIlla Santa ElenaIsl\u00e0ndiaIlles \u00c5landIlles\u2026","rel":"","context":"Entrada similar","block_context":{"text":"Entrada similar","link":""},"img":{"alt_text":"","src":"","width":0,"height":0},"classes":[]},{"id":18739,"url":"https:\/\/tukitco.net\/ca\/home-prueba\/","url_meta":{"origin":2090,"position":4},"title":"home prova","author":"kitco.contact","date":"7 octubre, 2023","format":false,"excerpt":"KitCo, jocs i metodologia per a l&#039;autoconeixement, desenvolupament personal i benestar emocional Jocs individuals i grupals basats en Talents, Valors i Emocions Per aprendre a prendre decisions per a major benestar List Item #1 List Item #1 professors\/es,\u2026","rel":"","context":"Entrada similar","block_context":{"text":"Entrada similar","link":""},"img":{"alt_text":"","src":"https:\/\/i0.wp.com\/tukitco.net\/wp-content\/uploads\/2023\/10\/44e59990-customer-1.png?resize=350%2C200&ssl=1","width":350,"height":200},"classes":[]},{"id":10956,"url":"https:\/\/tukitco.net\/ca\/articulos\/","url_meta":{"origin":2090,"position":5},"title":"Articles","author":"kitco.contact","date":"22 desembre, 2021","format":false,"excerpt":"Anar a botiga KitCo","rel":"","context":"Entrada similar","block_context":{"text":"Entrada similar","link":""},"img":{"alt_text":"","src":"","width":0,"height":0},"classes":[]}],"jetpack_sharing_enabled":true,"_links":{"self":[{"href":"https:\/\/tukitco.net\/ca\/wp-json\/wp\/v2\/pages\/2090","targetHints":{"allow":["GET"]}}],"collection":[{"href":"https:\/\/tukitco.net\/ca\/wp-json\/wp\/v2\/pages"}],"about":[{"href":"https:\/\/tukitco.net\/ca\/wp-json\/wp\/v2\/types\/page"}],"author":[{"embeddable":true,"href":"https:\/\/tukitco.net\/ca\/wp-json\/wp\/v2\/users\/1"}],"replies":[{"embeddable":true,"href":"https:\/\/tukitco.net\/ca\/wp-json\/wp\/v2\/comments?post=2090"}],"version-history":[{"count":8,"href":"https:\/\/tukitco.net\/ca\/wp-json\/wp\/v2\/pages\/2090\/revisions"}],"predecessor-version":[{"id":25180,"href":"https:\/\/tukitco.net\/ca\/wp-json\/wp\/v2\/pages\/2090\/revisions\/25180"}],"wp:attachment":[{"href":"https:\/\/tukitco.net\/ca\/wp-json\/wp\/v2\/media?parent=2090"}],"curies":[{"name":"wp","href":"https:\/\/api.w.org\/{rel}","templated":true}]}}