{"id":18623,"date":"2023-07-31T10:18:59","date_gmt":"2023-07-31T10:18:59","guid":{"rendered":"https:\/\/tukitco.net\/?post_type=product&#038;p=18623"},"modified":"2024-10-21T16:58:26","modified_gmt":"2024-10-21T16:58:26","slug":"mochila-kitco","status":"publish","type":"product","link":"https:\/\/tukitco.net\/ca\/producte\/mochila-kitco\/","title":{"rendered":"Motxilla KitCo"},"content":{"rendered":"<p>Motxilla KitCo de tela de cot\u00f3 blau mar\u00ed de 140 gr.<\/p>\n<p>Mides 37 x 46 cm.<\/p>","protected":false},"excerpt":{"rendered":"<p>Motxilla KitCo de tela de cot\u00f3 blau mar\u00ed de 140 gr.<\/p>\n<p>Mides 37 x 46 cm.<\/p>","protected":false},"featured_media":18622,"template":"","meta":{"_eb_attr":"","_crdt_document":""},"product_brand":[],"product_cat":[121959],"product_tag":[],"class_list":["post-18623","product","type-product","status-publish","has-post-thumbnail","product_cat-no-idiomas","first","instock","taxable","shipping-taxable","purchasable","product-type-simple"],"yoast_head":"<!-- This site is optimized with the Yoast SEO Premium plugin v20.8 (Yoast SEO v27.6) - https:\/\/yoast.com\/product\/yoast-seo-premium-wordpress\/ -->\n<title>Mochila KitCo &#8211; KitCo<\/title>\n<meta name=\"description\" content=\"Mochila KitCo de tela de algod\u00f3n azul marino de 140 gr. Medidas 37 x 46 cm.\" \/>\n<meta name=\"robots\" content=\"index, follow, max-snippet:-1, max-image-preview:large, max-video-preview:-1\" \/>\n<link rel=\"canonical\" href=\"https:\/\/tukitco.net\/ca\/producte\/mochila-kitco\/\" \/>\n<meta property=\"og:locale\" content=\"ca_ES\" \/>\n<meta property=\"og:type\" content=\"article\" \/>\n<meta property=\"og:title\" content=\"Mochila KitCo\" \/>\n<meta property=\"og:description\" content=\"Mochila KitCo de tela de algod\u00f3n azul marino de 140 gr.  Medidas 37 x 46 cm.\" \/>\n<meta property=\"og:url\" content=\"https:\/\/tukitco.net\/ca\/producte\/mochila-kitco\/\" \/>\n<meta property=\"og:site_name\" content=\"KitCo\" \/>\n<meta property=\"article:publisher\" content=\"https:\/\/www.facebook.com\/KitCoCoaching\/\" \/>\n<meta property=\"article:modified_time\" content=\"2024-10-21T16:58:26+00:00\" \/>\n<meta property=\"og:image\" content=\"https:\/\/i0.wp.com\/tukitco.net\/wp-content\/uploads\/2023\/07\/Captura-de-pantalla-2023-07-31-a-las-12.15.06.png?fit=740%2C788&ssl=1\" \/>\n\t<meta property=\"og:image:width\" content=\"740\" \/>\n\t<meta property=\"og:image:height\" content=\"788\" \/>\n\t<meta property=\"og:image:type\" content=\"image\/png\" \/>\n<meta name=\"twitter:card\" content=\"summary_large_image\" \/>\n<meta name=\"twitter:site\" content=\"@ElsaGimnez\" \/>\n<meta name=\"twitter:label1\" content=\"Temps estimat de lectura\" \/>\n\t<meta name=\"twitter:data1\" content=\"1 minut\" \/>\n<script type=\"application\/ld+json\" class=\"yoast-schema-graph\">{\"@context\":\"https:\\\/\\\/schema.org\",\"@graph\":[{\"@type\":\"WebPage\",\"@id\":\"https:\\\/\\\/tukitco.net\\\/producto\\\/mochila-kitco\\\/\",\"url\":\"https:\\\/\\\/tukitco.net\\\/producto\\\/mochila-kitco\\\/\",\"name\":\"Mochila KitCo &#8211; KitCo\",\"isPartOf\":{\"@id\":\"https:\\\/\\\/tukitco.net\\\/#website\"},\"primaryImageOfPage\":{\"@id\":\"https:\\\/\\\/tukitco.net\\\/producto\\\/mochila-kitco\\\/#primaryimage\"},\"image\":{\"@id\":\"https:\\\/\\\/tukitco.net\\\/producto\\\/mochila-kitco\\\/#primaryimage\"},\"thumbnailUrl\":\"https:\\\/\\\/i0.wp.com\\\/tukitco.net\\\/wp-content\\\/uploads\\\/2023\\\/07\\\/Captura-de-pantalla-2023-07-31-a-las-12.15.06.png?fit=740%2C788&ssl=1\",\"datePublished\":\"2023-07-31T10:18:59+00:00\",\"dateModified\":\"2024-10-21T16:58:26+00:00\",\"description\":\"Mochila KitCo de tela de algod\u00f3n azul marino de 140 gr. Medidas 37 x 46 cm.\",\"breadcrumb\":{\"@id\":\"https:\\\/\\\/tukitco.net\\\/producto\\\/mochila-kitco\\\/#breadcrumb\"},\"inLanguage\":\"ca\",\"potentialAction\":[{\"@type\":\"ReadAction\",\"target\":[\"https:\\\/\\\/tukitco.net\\\/producto\\\/mochila-kitco\\\/\"]}]},{\"@type\":\"ImageObject\",\"inLanguage\":\"ca\",\"@id\":\"https:\\\/\\\/tukitco.net\\\/producto\\\/mochila-kitco\\\/#primaryimage\",\"url\":\"https:\\\/\\\/i0.wp.com\\\/tukitco.net\\\/wp-content\\\/uploads\\\/2023\\\/07\\\/Captura-de-pantalla-2023-07-31-a-las-12.15.06.png?fit=740%2C788&ssl=1\",\"contentUrl\":\"https:\\\/\\\/i0.wp.com\\\/tukitco.net\\\/wp-content\\\/uploads\\\/2023\\\/07\\\/Captura-de-pantalla-2023-07-31-a-las-12.15.06.png?fit=740%2C788&ssl=1\",\"width\":740,\"height\":788},{\"@type\":\"BreadcrumbList\",\"@id\":\"https:\\\/\\\/tukitco.net\\\/producto\\\/mochila-kitco\\\/#breadcrumb\",\"itemListElement\":[{\"@type\":\"ListItem\",\"position\":1,\"name\":\"Portada\",\"item\":\"https:\\\/\\\/tukitco.net\\\/\"},{\"@type\":\"ListItem\",\"position\":2,\"name\":\"Tienda\",\"item\":\"https:\\\/\\\/tukitco.net\\\/tienda\\\/\"},{\"@type\":\"ListItem\",\"position\":3,\"name\":\"Mochila KitCo\"}]},{\"@type\":\"WebSite\",\"@id\":\"https:\\\/\\\/tukitco.net\\\/#website\",\"url\":\"https:\\\/\\\/tukitco.net\\\/\",\"name\":\"KitCo\",\"description\":\"Juegos de Talentos, Valores y Emociones\",\"publisher\":{\"@id\":\"https:\\\/\\\/tukitco.net\\\/#organization\"},\"potentialAction\":[{\"@type\":\"SearchAction\",\"target\":{\"@type\":\"EntryPoint\",\"urlTemplate\":\"https:\\\/\\\/tukitco.net\\\/?s={search_term_string}\"},\"query-input\":{\"@type\":\"PropertyValueSpecification\",\"valueRequired\":true,\"valueName\":\"search_term_string\"}}],\"inLanguage\":\"ca\"},{\"@type\":\"Organization\",\"@id\":\"https:\\\/\\\/tukitco.net\\\/#organization\",\"name\":\"KitCo For personal development\",\"url\":\"https:\\\/\\\/tukitco.net\\\/\",\"logo\":{\"@type\":\"ImageObject\",\"inLanguage\":\"ca\",\"@id\":\"https:\\\/\\\/tukitco.net\\\/#\\\/schema\\\/logo\\\/image\\\/\",\"url\":\"https:\\\/\\\/tukitco.net\\\/wp-content\\\/uploads\\\/2020\\\/06\\\/KITCO-COR-FONDO-TRANSPARENTE-GORDO-8-SOLO-CARA-1.png\",\"contentUrl\":\"https:\\\/\\\/tukitco.net\\\/wp-content\\\/uploads\\\/2020\\\/06\\\/KITCO-COR-FONDO-TRANSPARENTE-GORDO-8-SOLO-CARA-1.png\",\"width\":1618,\"height\":1622,\"caption\":\"KitCo For personal development\"},\"image\":{\"@id\":\"https:\\\/\\\/tukitco.net\\\/#\\\/schema\\\/logo\\\/image\\\/\"},\"sameAs\":[\"https:\\\/\\\/www.facebook.com\\\/KitCoCoaching\\\/\",\"https:\\\/\\\/x.com\\\/ElsaGimnez\",\"https:\\\/\\\/www.instagram.com\\\/tukitco\\\/\",\"https:\\\/\\\/www.linkedin.com\\\/company\\\/tukitco\\\/\",\"https:\\\/\\\/www.youtube.com\\\/channel\\\/UCPAGQ-h0cDjdBnT87RvFK8w\"]}]}<\/script>\n<!-- \/ Yoast SEO Premium plugin. -->","yoast_head_json":{"title":"Mochila KitCo &#8211; KitCo","description":"Mochila KitCo de tela de algod\u00f3n azul marino de 140 gr. Medidas 37 x 46 cm.","robots":{"index":"index","follow":"follow","max-snippet":"max-snippet:-1","max-image-preview":"max-image-preview:large","max-video-preview":"max-video-preview:-1"},"canonical":"https:\/\/tukitco.net\/ca\/producte\/mochila-kitco\/","og_locale":"ca_ES","og_type":"article","og_title":"Mochila KitCo","og_description":"Mochila KitCo de tela de algod\u00f3n azul marino de 140 gr.  Medidas 37 x 46 cm.","og_url":"https:\/\/tukitco.net\/ca\/producte\/mochila-kitco\/","og_site_name":"KitCo","article_publisher":"https:\/\/www.facebook.com\/KitCoCoaching\/","article_modified_time":"2024-10-21T16:58:26+00:00","og_image":[{"width":740,"height":788,"url":"https:\/\/i0.wp.com\/tukitco.net\/wp-content\/uploads\/2023\/07\/Captura-de-pantalla-2023-07-31-a-las-12.15.06.png?fit=740%2C788&ssl=1","type":"image\/png"}],"twitter_card":"summary_large_image","twitter_site":"@ElsaGimnez","twitter_misc":{"Temps estimat de lectura":"1 minut"},"schema":{"@context":"https:\/\/schema.org","@graph":[{"@type":"WebPage","@id":"https:\/\/tukitco.net\/producto\/mochila-kitco\/","url":"https:\/\/tukitco.net\/producto\/mochila-kitco\/","name":"Mochila KitCo &#8211; KitCo","isPartOf":{"@id":"https:\/\/tukitco.net\/#website"},"primaryImageOfPage":{"@id":"https:\/\/tukitco.net\/producto\/mochila-kitco\/#primaryimage"},"image":{"@id":"https:\/\/tukitco.net\/producto\/mochila-kitco\/#primaryimage"},"thumbnailUrl":"https:\/\/i0.wp.com\/tukitco.net\/wp-content\/uploads\/2023\/07\/Captura-de-pantalla-2023-07-31-a-las-12.15.06.png?fit=740%2C788&ssl=1","datePublished":"2023-07-31T10:18:59+00:00","dateModified":"2024-10-21T16:58:26+00:00","description":"Mochila KitCo de tela de algod\u00f3n azul marino de 140 gr. Medidas 37 x 46 cm.","breadcrumb":{"@id":"https:\/\/tukitco.net\/producto\/mochila-kitco\/#breadcrumb"},"inLanguage":"ca","potentialAction":[{"@type":"ReadAction","target":["https:\/\/tukitco.net\/producto\/mochila-kitco\/"]}]},{"@type":"ImageObject","inLanguage":"ca","@id":"https:\/\/tukitco.net\/producto\/mochila-kitco\/#primaryimage","url":"https:\/\/i0.wp.com\/tukitco.net\/wp-content\/uploads\/2023\/07\/Captura-de-pantalla-2023-07-31-a-las-12.15.06.png?fit=740%2C788&ssl=1","contentUrl":"https:\/\/i0.wp.com\/tukitco.net\/wp-content\/uploads\/2023\/07\/Captura-de-pantalla-2023-07-31-a-las-12.15.06.png?fit=740%2C788&ssl=1","width":740,"height":788},{"@type":"BreadcrumbList","@id":"https:\/\/tukitco.net\/producto\/mochila-kitco\/#breadcrumb","itemListElement":[{"@type":"ListItem","position":1,"name":"Portada","item":"https:\/\/tukitco.net\/"},{"@type":"ListItem","position":2,"name":"Tienda","item":"https:\/\/tukitco.net\/tienda\/"},{"@type":"ListItem","position":3,"name":"Mochila KitCo"}]},{"@type":"WebSite","@id":"https:\/\/tukitco.net\/#website","url":"https:\/\/tukitco.net\/","name":"KitCo","description":"Jocs de Talents, Valors i Emocions","publisher":{"@id":"https:\/\/tukitco.net\/#organization"},"potentialAction":[{"@type":"SearchAction","target":{"@type":"EntryPoint","urlTemplate":"https:\/\/tukitco.net\/?s={search_term_string}"},"query-input":{"@type":"PropertyValueSpecification","valueRequired":true,"valueName":"search_term_string"}}],"inLanguage":"ca"},{"@type":"Organization","@id":"https:\/\/tukitco.net\/#organization","name":"KitCo For personal development","url":"https:\/\/tukitco.net\/","logo":{"@type":"ImageObject","inLanguage":"ca","@id":"https:\/\/tukitco.net\/#\/schema\/logo\/image\/","url":"https:\/\/tukitco.net\/wp-content\/uploads\/2020\/06\/KITCO-COR-FONDO-TRANSPARENTE-GORDO-8-SOLO-CARA-1.png","contentUrl":"https:\/\/tukitco.net\/wp-content\/uploads\/2020\/06\/KITCO-COR-FONDO-TRANSPARENTE-GORDO-8-SOLO-CARA-1.png","width":1618,"height":1622,"caption":"KitCo For personal development"},"image":{"@id":"https:\/\/tukitco.net\/#\/schema\/logo\/image\/"},"sameAs":["https:\/\/www.facebook.com\/KitCoCoaching\/","https:\/\/x.com\/ElsaGimnez","https:\/\/www.instagram.com\/tukitco\/","https:\/\/www.linkedin.com\/company\/tukitco\/","https:\/\/www.youtube.com\/channel\/UCPAGQ-h0cDjdBnT87RvFK8w"]}]}},"jetpack_likes_enabled":true,"jetpack-related-posts":[{"id":18626,"url":"https:\/\/tukitco.net\/ca\/producte\/bolsa-kitco-pack\/","url_meta":{"origin":18623,"position":0},"title":"Bossa KitCo Pack","author":"kitco.contact","date":"31 juliol, 2023","format":false,"excerpt":"Bossa KitCo de cot\u00f3, color natural, 140 gr. 30 x 25 cm","rel":"","context":"Entrada similar","block_context":{"text":"Entrada similar","link":""},"img":{"alt_text":"","src":"https:\/\/i0.wp.com\/tukitco.net\/wp-content\/uploads\/2023\/07\/Captura-de-pantalla-2023-07-31-a-las-12.11.05.png?fit=612%2C606&ssl=1&resize=350%2C200","width":350,"height":200,"srcset":"https:\/\/i0.wp.com\/tukitco.net\/wp-content\/uploads\/2023\/07\/Captura-de-pantalla-2023-07-31-a-las-12.11.05.png?fit=612%2C606&ssl=1&resize=350%2C200 1x, https:\/\/i0.wp.com\/tukitco.net\/wp-content\/uploads\/2023\/07\/Captura-de-pantalla-2023-07-31-a-las-12.11.05.png?fit=612%2C606&ssl=1&resize=525%2C300 1.5x"},"classes":[]},{"id":21830,"url":"https:\/\/tukitco.net\/ca\/producte\/pack-kitco-profesional-especial-para-talleres-grupales\/","url_meta":{"origin":18623,"position":1},"title":"Pack Combo 4 KitCo Professional \u2013 Experi\u00e8ncia completa","author":"kitco.contact","date":"2 maig, 2024","format":false,"excerpt":"Pack KitCo Profesional (especial talleres grupales): Juegos y din\u00e1micas para acompa\u00f1ar a los alumn@s a sacar lo mejor de s\u00ed mism@s.\u00a0Basado en tres pilares:\u00a0Talentos, Valores y Emociones.","rel":"","context":"Entrada similar","block_context":{"text":"Entrada similar","link":""},"img":{"alt_text":"","src":"https:\/\/i0.wp.com\/tukitco.net\/wp-content\/uploads\/2024\/04\/2023-Fotos-KitCo-Contenido.png?fit=1063%2C886&ssl=1&resize=350%2C200","width":350,"height":200,"srcset":"https:\/\/i0.wp.com\/tukitco.net\/wp-content\/uploads\/2024\/04\/2023-Fotos-KitCo-Contenido.png?fit=1063%2C886&ssl=1&resize=350%2C200 1x, https:\/\/i0.wp.com\/tukitco.net\/wp-content\/uploads\/2024\/04\/2023-Fotos-KitCo-Contenido.png?fit=1063%2C886&ssl=1&resize=525%2C300 1.5x, https:\/\/i0.wp.com\/tukitco.net\/wp-content\/uploads\/2024\/04\/2023-Fotos-KitCo-Contenido.png?fit=1063%2C886&ssl=1&resize=700%2C400 2x, https:\/\/i0.wp.com\/tukitco.net\/wp-content\/uploads\/2024\/04\/2023-Fotos-KitCo-Contenido.png?fit=1063%2C886&ssl=1&resize=1050%2C600 3x"},"classes":[]},{"id":23081,"url":"https:\/\/tukitco.net\/ca\/producte\/pack-profesional-4-kitco-profesionales-experiencia-completa-copy\/","url_meta":{"origin":18623,"position":2},"title":"Pack Professional: 4 KitCo Professionals \u2013 Experi\u00e8ncia completa \u2013","author":"kitco.contact","date":"14 octubre, 2024","format":false,"excerpt":"Pack KitCo Profesional (especial talleres grupales): Juegos y din\u00e1micas para acompa\u00f1ar a los alumn@s a sacar lo mejor de s\u00ed mism@s.\u00a0Basado en tres pilares:\u00a0Talentos, Valores y Emociones.","rel":"","context":"Entrada similar","block_context":{"text":"Entrada similar","link":""},"img":{"alt_text":"","src":"https:\/\/i0.wp.com\/tukitco.net\/wp-content\/uploads\/2024\/04\/2023-Fotos-KitCo-Contenido.png?fit=1063%2C886&ssl=1&resize=350%2C200","width":350,"height":200,"srcset":"https:\/\/i0.wp.com\/tukitco.net\/wp-content\/uploads\/2024\/04\/2023-Fotos-KitCo-Contenido.png?fit=1063%2C886&ssl=1&resize=350%2C200 1x, https:\/\/i0.wp.com\/tukitco.net\/wp-content\/uploads\/2024\/04\/2023-Fotos-KitCo-Contenido.png?fit=1063%2C886&ssl=1&resize=525%2C300 1.5x, https:\/\/i0.wp.com\/tukitco.net\/wp-content\/uploads\/2024\/04\/2023-Fotos-KitCo-Contenido.png?fit=1063%2C886&ssl=1&resize=700%2C400 2x, https:\/\/i0.wp.com\/tukitco.net\/wp-content\/uploads\/2024\/04\/2023-Fotos-KitCo-Contenido.png?fit=1063%2C886&ssl=1&resize=1050%2C600 3x"},"classes":[]},{"id":19215,"url":"https:\/\/tukitco.net\/ca\/producte\/kitco-profesional-con-descuento-gobierno-de-la-rioja\/","url_meta":{"origin":18623,"position":3},"title":"KitCo Professional amb descompte \u2013 Govern de la Rioja","author":"kitco.contact","date":"23 novembre, 2023","format":false,"excerpt":"KitCo completo que contiene: 33 cartas de talentos 1 modelo de test de talentos 56 cartas de valores 1 modelo de test de valores 50 cartas de emociones \u00a01 tablero - Mapa Emocional 1 libro gu\u00eda de din\u00e1micas 1 pelota de goma antistress Estuche contenedor port\u00e1til Acceso a link con\u2026","rel":"","context":"Entrada similar","block_context":{"text":"Entrada similar","link":""},"img":{"alt_text":"","src":"https:\/\/i0.wp.com\/tukitco.net\/wp-content\/uploads\/2020\/10\/KitCo-Packaging.jpg?fit=1200%2C942&ssl=1&resize=350%2C200","width":350,"height":200,"srcset":"https:\/\/i0.wp.com\/tukitco.net\/wp-content\/uploads\/2020\/10\/KitCo-Packaging.jpg?fit=1200%2C942&ssl=1&resize=350%2C200 1x, https:\/\/i0.wp.com\/tukitco.net\/wp-content\/uploads\/2020\/10\/KitCo-Packaging.jpg?fit=1200%2C942&ssl=1&resize=525%2C300 1.5x, https:\/\/i0.wp.com\/tukitco.net\/wp-content\/uploads\/2020\/10\/KitCo-Packaging.jpg?fit=1200%2C942&ssl=1&resize=700%2C400 2x, https:\/\/i0.wp.com\/tukitco.net\/wp-content\/uploads\/2020\/10\/KitCo-Packaging.jpg?fit=1200%2C942&ssl=1&resize=1050%2C600 3x"},"classes":[]},{"id":19259,"url":"https:\/\/tukitco.net\/ca\/producte\/kitco-profesional-con-descuento-recrea-sca\/","url_meta":{"origin":18623,"position":4},"title":"KitCo Professional amb descompte \u2013 Recrea sca","author":"kitco.contact","date":"14 desembre, 2023","format":false,"excerpt":"KitCo completo que contiene: 33 cartas de talentos 1 modelo de test de talentos 56 cartas de valores 1 modelo de test de valores 50 cartas de emociones \u00a01 tablero - Mapa Emocional 1 libro gu\u00eda de din\u00e1micas 1 pelota de goma antistress Estuche contenedor port\u00e1til Acceso a link con\u2026","rel":"","context":"Entrada similar","block_context":{"text":"Entrada similar","link":""},"img":{"alt_text":"","src":"https:\/\/i0.wp.com\/tukitco.net\/wp-content\/uploads\/2020\/10\/KitCo-Packaging.jpg?fit=1200%2C942&ssl=1&resize=350%2C200","width":350,"height":200,"srcset":"https:\/\/i0.wp.com\/tukitco.net\/wp-content\/uploads\/2020\/10\/KitCo-Packaging.jpg?fit=1200%2C942&ssl=1&resize=350%2C200 1x, https:\/\/i0.wp.com\/tukitco.net\/wp-content\/uploads\/2020\/10\/KitCo-Packaging.jpg?fit=1200%2C942&ssl=1&resize=525%2C300 1.5x, https:\/\/i0.wp.com\/tukitco.net\/wp-content\/uploads\/2020\/10\/KitCo-Packaging.jpg?fit=1200%2C942&ssl=1&resize=700%2C400 2x, https:\/\/i0.wp.com\/tukitco.net\/wp-content\/uploads\/2020\/10\/KitCo-Packaging.jpg?fit=1200%2C942&ssl=1&resize=1050%2C600 3x"},"classes":[]},{"id":11258,"url":"https:\/\/tukitco.net\/ca\/producte\/kitco-profesional-afiliados\/","url_meta":{"origin":18623,"position":5},"title":"KitCo Professional amb descompte","author":"kitco.contact","date":"8 febrer, 2022","format":false,"excerpt":"KitCo profesional tiene dos funcionalidades principales: (1) Como herramienta de apoyo visual para hacer tus propias din\u00e1micas como profesional. Dispones de\u00a0 139 cartas con im\u00e1genes inspiradoras en una cara y el concepto y definici\u00f3n en la otra. 33 cartas de talentos, 50 cartas de emociones y 56 cartas de valores.\u00a0\u2026","rel":"","context":"Entrada similar","block_context":{"text":"Entrada similar","link":""},"img":{"alt_text":"","src":"https:\/\/i0.wp.com\/tukitco.net\/wp-content\/uploads\/2020\/10\/KitCo-Packaging.jpg?fit=1200%2C942&ssl=1&resize=350%2C200","width":350,"height":200,"srcset":"https:\/\/i0.wp.com\/tukitco.net\/wp-content\/uploads\/2020\/10\/KitCo-Packaging.jpg?fit=1200%2C942&ssl=1&resize=350%2C200 1x, https:\/\/i0.wp.com\/tukitco.net\/wp-content\/uploads\/2020\/10\/KitCo-Packaging.jpg?fit=1200%2C942&ssl=1&resize=525%2C300 1.5x, https:\/\/i0.wp.com\/tukitco.net\/wp-content\/uploads\/2020\/10\/KitCo-Packaging.jpg?fit=1200%2C942&ssl=1&resize=700%2C400 2x, https:\/\/i0.wp.com\/tukitco.net\/wp-content\/uploads\/2020\/10\/KitCo-Packaging.jpg?fit=1200%2C942&ssl=1&resize=1050%2C600 3x"},"classes":[]}],"jetpack_sharing_enabled":true,"_links":{"self":[{"href":"https:\/\/tukitco.net\/ca\/wp-json\/wp\/v2\/product\/18623","targetHints":{"allow":["GET"]}}],"collection":[{"href":"https:\/\/tukitco.net\/ca\/wp-json\/wp\/v2\/product"}],"about":[{"href":"https:\/\/tukitco.net\/ca\/wp-json\/wp\/v2\/types\/product"}],"version-history":[{"count":4,"href":"https:\/\/tukitco.net\/ca\/wp-json\/wp\/v2\/product\/18623\/revisions"}],"predecessor-version":[{"id":24761,"href":"https:\/\/tukitco.net\/ca\/wp-json\/wp\/v2\/product\/18623\/revisions\/24761"}],"wp:featuredmedia":[{"embeddable":true,"href":"https:\/\/tukitco.net\/ca\/wp-json\/wp\/v2\/media\/18622"}],"wp:attachment":[{"href":"https:\/\/tukitco.net\/ca\/wp-json\/wp\/v2\/media?parent=18623"}],"wp:term":[{"taxonomy":"product_brand","embeddable":true,"href":"https:\/\/tukitco.net\/ca\/wp-json\/wp\/v2\/product_brand?post=18623"},{"taxonomy":"product_cat","embeddable":true,"href":"https:\/\/tukitco.net\/ca\/wp-json\/wp\/v2\/product_cat?post=18623"},{"taxonomy":"product_tag","embeddable":true,"href":"https:\/\/tukitco.net\/ca\/wp-json\/wp\/v2\/product_tag?post=18623"}],"curies":[{"name":"wp","href":"https:\/\/api.w.org\/{rel}","templated":true}]}}