{"id":2134,"date":"2020-07-28T08:41:40","date_gmt":"2020-07-28T08:41:40","guid":{"rendered":"https:\/\/tukitco.net\/?post_type=product&#038;p=2134"},"modified":"2024-10-14T17:40:30","modified_gmt":"2024-10-14T17:40:30","slug":"kit-encuentra-tu-camino-tu-ikigai","status":"publish","type":"product","link":"https:\/\/tukitco.net\/ca\/producte\/kit-encuentra-tu-camino-tu-ikigai\/","title":{"rendered":"Kit \u201cTroba el teu sentit, el teu ikigai\u201d"},"content":{"rendered":"<p>Per a adults que no estan satisfets amb vida professional i necessiten trobar el cam\u00ed, el sentit a la vida, reinventar-se o millorar la seva satisfacci\u00f3 laboral.<\/p>\n<p>Per a qualsevol persona que vulgui fer un exercici d&#039;autoconeixement i indagaci\u00f3 per saber quina \u00e9s la seva ikigai, la seva ra\u00f3 de ser, all\u00f2 que li agrada fer, en all\u00f2 que \u00e9s bo o bona i que connecta amb all\u00f2 que el seu entorn, societat o m\u00f3n necessita .<\/p>\n<p>Cont\u00e9:<\/p>\n<ul>\n<li style=\"list-style-type: none;\">\n<ul>\n<li>33 cartes de talents<\/li>\n<li>56 cartes de valors<\/li>\n<li>Link Web amb contingut i arxius descarregables:\n<ul>\n<li>Guia \u201cDescobreix el teu Ikigai\u201d que inclou instruccions de:\n<ul>\n<li><em>(1) Din\u00e0mica descobrint els meus Talents,<\/em><\/li>\n<li><em>(2) Din\u00e0mica descobrint els meus Valors,<\/em><\/li>\n<li><em>(3) Din\u00e0mica \u201cdescobrint la meva proposta de valor\u201d<\/em><\/li>\n<li><em>(4) Din\u00e0mica Descobrint la meva professi\u00f3\u00a0<\/em><\/li>\n<li><em>(5) Din\u00e0mica Descobrint el meu ikigai<\/em><\/li>\n<\/ul>\n<\/li>\n<li>Test i plantilla de talents,<\/li>\n<li>Annex de talents vs professions<\/li>\n<\/ul>\n<\/li>\n<\/ul>\n<\/li>\n<\/ul>\n<p>&nbsp;<\/p>\n<p>Cartes disponibles en els seg\u00fcents idiomes: (1) Castell\u00e0 \u2013 Angl\u00e8s, (2) Castell\u00e0 \u2013 Catal\u00e0, (3) Catal\u00e0 \u2013 Angl\u00e8s<\/p>\n<p>NOTA: Les cartes tenen imatges inspiradores en una cara i en l&#039;altra el concepte del valor o el talent, i la seva definici\u00f3.<\/p>\n<p>&nbsp;<\/p>\n<ul>\n<li style=\"list-style-type: none;\">\n<ul>\n<li style=\"list-style-type: none;\">\n<ul>\n<li style=\"list-style-type: none;\"><\/li>\n<\/ul>\n<\/li>\n<\/ul>\n<\/li>\n<\/ul>","protected":false},"excerpt":{"rendered":"<p>Per a adults que no estan satisfets amb vida professional i necessiten trobar el seu cam\u00ed, reinventar-se o millorar-ne la satisfacci\u00f3 laboral.<\/p>\n<p>Per a qualsevol persona que vulgui fer un exercici d&#039;autoconeixement i indagaci\u00f3 per saber quina \u00e9s la seva ikigai, la seva ra\u00f3 de ser, all\u00f2 que li agrada fer, en all\u00f2 que \u00e9s bo o bona i que connecta amb all\u00f2 que el seu entorn, societat o m\u00f3n necessita .<\/p>","protected":false},"featured_media":5578,"template":"","meta":{"_eb_attr":"","_crdt_document":""},"product_brand":[],"product_cat":[121899,121897,121878,121879,121898],"product_tag":[],"class_list":["post-2134","product","type-product","status-publish","has-post-thumbnail","product_cat-ikigai","product_cat-profesion","product_cat-talentos","product_cat-valores","product_cat-vocacion","first","instock","taxable","shipping-taxable","purchasable","product-type-simple"],"yoast_head":"<!-- This site is optimized with the Yoast SEO Premium plugin v20.8 (Yoast SEO v27.5) - https:\/\/yoast.com\/product\/yoast-seo-premium-wordpress\/ -->\n<title>Kit &quot;Encuentra tu sentido, tu ikigai&quot; &#8211; KitCo<\/title>\n<meta name=\"robots\" content=\"index, follow, max-snippet:-1, max-image-preview:large, max-video-preview:-1\" \/>\n<link rel=\"canonical\" href=\"https:\/\/tukitco.net\/ca\/producte\/kit-encuentra-tu-camino-tu-ikigai\/\" \/>\n<meta property=\"og:locale\" content=\"ca_ES\" \/>\n<meta property=\"og:type\" content=\"article\" \/>\n<meta property=\"og:title\" content=\"Kit &quot;Encuentra tu sentido, tu ikigai&quot;\" \/>\n<meta property=\"og:description\" content=\"Para adultos que no est\u00e1n satisfechos con vida profesional y necesitan encontrar su camino, reinventarse o mejorar su satisfacci\u00f3n laboral.  Para cualquier persona que quiera hacer un ejercicio de autoconocimiento e indagaci\u00f3n para saber cu\u00e1l es su ikigai, su raz\u00f3n de ser, aquello que le gusta hacer, en lo que es bueno o buena y que conecta con lo que su entorno, sociedad o mundo necesita.\" \/>\n<meta property=\"og:url\" content=\"https:\/\/tukitco.net\/ca\/producte\/kit-encuentra-tu-camino-tu-ikigai\/\" \/>\n<meta property=\"og:site_name\" content=\"KitCo\" \/>\n<meta property=\"article:publisher\" content=\"https:\/\/www.facebook.com\/KitCoCoaching\/\" \/>\n<meta property=\"article:modified_time\" content=\"2024-10-14T17:40:30+00:00\" \/>\n<meta property=\"og:image\" content=\"https:\/\/i0.wp.com\/tukitco.net\/wp-content\/uploads\/2021\/03\/Captura-de-pantalla-2021-03-08-a-las-13.58.29.png?fit=1002%2C1004&ssl=1\" \/>\n\t<meta property=\"og:image:width\" content=\"1002\" \/>\n\t<meta property=\"og:image:height\" content=\"1004\" \/>\n\t<meta property=\"og:image:type\" content=\"image\/png\" \/>\n<meta name=\"twitter:card\" content=\"summary_large_image\" \/>\n<meta name=\"twitter:site\" content=\"@ElsaGimnez\" \/>\n<meta name=\"twitter:label1\" content=\"Temps estimat de lectura\" \/>\n\t<meta name=\"twitter:data1\" content=\"1 minut\" \/>\n<script type=\"application\/ld+json\" class=\"yoast-schema-graph\">{\"@context\":\"https:\\\/\\\/schema.org\",\"@graph\":[{\"@type\":\"WebPage\",\"@id\":\"https:\\\/\\\/tukitco.net\\\/producto\\\/kit-encuentra-tu-camino-tu-ikigai\\\/\",\"url\":\"https:\\\/\\\/tukitco.net\\\/producto\\\/kit-encuentra-tu-camino-tu-ikigai\\\/\",\"name\":\"Kit \\\"Encuentra tu sentido, tu ikigai\\\" &#8211; KitCo\",\"isPartOf\":{\"@id\":\"https:\\\/\\\/tukitco.net\\\/#website\"},\"primaryImageOfPage\":{\"@id\":\"https:\\\/\\\/tukitco.net\\\/producto\\\/kit-encuentra-tu-camino-tu-ikigai\\\/#primaryimage\"},\"image\":{\"@id\":\"https:\\\/\\\/tukitco.net\\\/producto\\\/kit-encuentra-tu-camino-tu-ikigai\\\/#primaryimage\"},\"thumbnailUrl\":\"https:\\\/\\\/i0.wp.com\\\/tukitco.net\\\/wp-content\\\/uploads\\\/2021\\\/03\\\/Captura-de-pantalla-2021-03-08-a-las-13.58.29.png?fit=1002%2C1004&ssl=1\",\"datePublished\":\"2020-07-28T08:41:40+00:00\",\"dateModified\":\"2024-10-14T17:40:30+00:00\",\"breadcrumb\":{\"@id\":\"https:\\\/\\\/tukitco.net\\\/producto\\\/kit-encuentra-tu-camino-tu-ikigai\\\/#breadcrumb\"},\"inLanguage\":\"ca\",\"potentialAction\":[{\"@type\":\"ReadAction\",\"target\":[\"https:\\\/\\\/tukitco.net\\\/producto\\\/kit-encuentra-tu-camino-tu-ikigai\\\/\"]}]},{\"@type\":\"ImageObject\",\"inLanguage\":\"ca\",\"@id\":\"https:\\\/\\\/tukitco.net\\\/producto\\\/kit-encuentra-tu-camino-tu-ikigai\\\/#primaryimage\",\"url\":\"https:\\\/\\\/i0.wp.com\\\/tukitco.net\\\/wp-content\\\/uploads\\\/2021\\\/03\\\/Captura-de-pantalla-2021-03-08-a-las-13.58.29.png?fit=1002%2C1004&ssl=1\",\"contentUrl\":\"https:\\\/\\\/i0.wp.com\\\/tukitco.net\\\/wp-content\\\/uploads\\\/2021\\\/03\\\/Captura-de-pantalla-2021-03-08-a-las-13.58.29.png?fit=1002%2C1004&ssl=1\",\"width\":1002,\"height\":1004,\"caption\":\"Ikigai\"},{\"@type\":\"BreadcrumbList\",\"@id\":\"https:\\\/\\\/tukitco.net\\\/producto\\\/kit-encuentra-tu-camino-tu-ikigai\\\/#breadcrumb\",\"itemListElement\":[{\"@type\":\"ListItem\",\"position\":1,\"name\":\"Portada\",\"item\":\"https:\\\/\\\/tukitco.net\\\/\"},{\"@type\":\"ListItem\",\"position\":2,\"name\":\"Tienda\",\"item\":\"https:\\\/\\\/tukitco.net\\\/tienda\\\/\"},{\"@type\":\"ListItem\",\"position\":3,\"name\":\"Kit &#8220;Encuentra tu sentido, tu ikigai&#8221;\"}]},{\"@type\":\"WebSite\",\"@id\":\"https:\\\/\\\/tukitco.net\\\/#website\",\"url\":\"https:\\\/\\\/tukitco.net\\\/\",\"name\":\"KitCo\",\"description\":\"Juegos de Talentos, Valores y Emociones\",\"publisher\":{\"@id\":\"https:\\\/\\\/tukitco.net\\\/#organization\"},\"potentialAction\":[{\"@type\":\"SearchAction\",\"target\":{\"@type\":\"EntryPoint\",\"urlTemplate\":\"https:\\\/\\\/tukitco.net\\\/?s={search_term_string}\"},\"query-input\":{\"@type\":\"PropertyValueSpecification\",\"valueRequired\":true,\"valueName\":\"search_term_string\"}}],\"inLanguage\":\"ca\"},{\"@type\":\"Organization\",\"@id\":\"https:\\\/\\\/tukitco.net\\\/#organization\",\"name\":\"KitCo For personal development\",\"url\":\"https:\\\/\\\/tukitco.net\\\/\",\"logo\":{\"@type\":\"ImageObject\",\"inLanguage\":\"ca\",\"@id\":\"https:\\\/\\\/tukitco.net\\\/#\\\/schema\\\/logo\\\/image\\\/\",\"url\":\"https:\\\/\\\/tukitco.net\\\/wp-content\\\/uploads\\\/2020\\\/06\\\/KITCO-COR-FONDO-TRANSPARENTE-GORDO-8-SOLO-CARA-1.png\",\"contentUrl\":\"https:\\\/\\\/tukitco.net\\\/wp-content\\\/uploads\\\/2020\\\/06\\\/KITCO-COR-FONDO-TRANSPARENTE-GORDO-8-SOLO-CARA-1.png\",\"width\":1618,\"height\":1622,\"caption\":\"KitCo For personal development\"},\"image\":{\"@id\":\"https:\\\/\\\/tukitco.net\\\/#\\\/schema\\\/logo\\\/image\\\/\"},\"sameAs\":[\"https:\\\/\\\/www.facebook.com\\\/KitCoCoaching\\\/\",\"https:\\\/\\\/x.com\\\/ElsaGimnez\",\"https:\\\/\\\/www.instagram.com\\\/tukitco\\\/\",\"https:\\\/\\\/www.linkedin.com\\\/company\\\/tukitco\\\/\",\"https:\\\/\\\/www.youtube.com\\\/channel\\\/UCPAGQ-h0cDjdBnT87RvFK8w\"]}]}<\/script>\n<!-- \/ Yoast SEO Premium plugin. -->","yoast_head_json":{"title":"Kit \"Encuentra tu sentido, tu ikigai\" &#8211; KitCo","robots":{"index":"index","follow":"follow","max-snippet":"max-snippet:-1","max-image-preview":"max-image-preview:large","max-video-preview":"max-video-preview:-1"},"canonical":"https:\/\/tukitco.net\/ca\/producte\/kit-encuentra-tu-camino-tu-ikigai\/","og_locale":"ca_ES","og_type":"article","og_title":"Kit \"Encuentra tu sentido, tu ikigai\"","og_description":"Para adultos que no est\u00e1n satisfechos con vida profesional y necesitan encontrar su camino, reinventarse o mejorar su satisfacci\u00f3n laboral.  Para cualquier persona que quiera hacer un ejercicio de autoconocimiento e indagaci\u00f3n para saber cu\u00e1l es su ikigai, su raz\u00f3n de ser, aquello que le gusta hacer, en lo que es bueno o buena y que conecta con lo que su entorno, sociedad o mundo necesita.","og_url":"https:\/\/tukitco.net\/ca\/producte\/kit-encuentra-tu-camino-tu-ikigai\/","og_site_name":"KitCo","article_publisher":"https:\/\/www.facebook.com\/KitCoCoaching\/","article_modified_time":"2024-10-14T17:40:30+00:00","og_image":[{"width":1002,"height":1004,"url":"https:\/\/i0.wp.com\/tukitco.net\/wp-content\/uploads\/2021\/03\/Captura-de-pantalla-2021-03-08-a-las-13.58.29.png?fit=1002%2C1004&ssl=1","type":"image\/png"}],"twitter_card":"summary_large_image","twitter_site":"@ElsaGimnez","twitter_misc":{"Temps estimat de lectura":"1 minut"},"schema":{"@context":"https:\/\/schema.org","@graph":[{"@type":"WebPage","@id":"https:\/\/tukitco.net\/producto\/kit-encuentra-tu-camino-tu-ikigai\/","url":"https:\/\/tukitco.net\/producto\/kit-encuentra-tu-camino-tu-ikigai\/","name":"Kit \"Encuentra tu sentido, tu ikigai\" &#8211; KitCo","isPartOf":{"@id":"https:\/\/tukitco.net\/#website"},"primaryImageOfPage":{"@id":"https:\/\/tukitco.net\/producto\/kit-encuentra-tu-camino-tu-ikigai\/#primaryimage"},"image":{"@id":"https:\/\/tukitco.net\/producto\/kit-encuentra-tu-camino-tu-ikigai\/#primaryimage"},"thumbnailUrl":"https:\/\/i0.wp.com\/tukitco.net\/wp-content\/uploads\/2021\/03\/Captura-de-pantalla-2021-03-08-a-las-13.58.29.png?fit=1002%2C1004&ssl=1","datePublished":"2020-07-28T08:41:40+00:00","dateModified":"2024-10-14T17:40:30+00:00","breadcrumb":{"@id":"https:\/\/tukitco.net\/producto\/kit-encuentra-tu-camino-tu-ikigai\/#breadcrumb"},"inLanguage":"ca","potentialAction":[{"@type":"ReadAction","target":["https:\/\/tukitco.net\/producto\/kit-encuentra-tu-camino-tu-ikigai\/"]}]},{"@type":"ImageObject","inLanguage":"ca","@id":"https:\/\/tukitco.net\/producto\/kit-encuentra-tu-camino-tu-ikigai\/#primaryimage","url":"https:\/\/i0.wp.com\/tukitco.net\/wp-content\/uploads\/2021\/03\/Captura-de-pantalla-2021-03-08-a-las-13.58.29.png?fit=1002%2C1004&ssl=1","contentUrl":"https:\/\/i0.wp.com\/tukitco.net\/wp-content\/uploads\/2021\/03\/Captura-de-pantalla-2021-03-08-a-las-13.58.29.png?fit=1002%2C1004&ssl=1","width":1002,"height":1004,"caption":"Ikigai"},{"@type":"BreadcrumbList","@id":"https:\/\/tukitco.net\/producto\/kit-encuentra-tu-camino-tu-ikigai\/#breadcrumb","itemListElement":[{"@type":"ListItem","position":1,"name":"Portada","item":"https:\/\/tukitco.net\/"},{"@type":"ListItem","position":2,"name":"Tienda","item":"https:\/\/tukitco.net\/tienda\/"},{"@type":"ListItem","position":3,"name":"Kit &#8220;Encuentra tu sentido, tu ikigai&#8221;"}]},{"@type":"WebSite","@id":"https:\/\/tukitco.net\/#website","url":"https:\/\/tukitco.net\/","name":"KitCo","description":"Jocs de Talents, Valors i Emocions","publisher":{"@id":"https:\/\/tukitco.net\/#organization"},"potentialAction":[{"@type":"SearchAction","target":{"@type":"EntryPoint","urlTemplate":"https:\/\/tukitco.net\/?s={search_term_string}"},"query-input":{"@type":"PropertyValueSpecification","valueRequired":true,"valueName":"search_term_string"}}],"inLanguage":"ca"},{"@type":"Organization","@id":"https:\/\/tukitco.net\/#organization","name":"KitCo For personal development","url":"https:\/\/tukitco.net\/","logo":{"@type":"ImageObject","inLanguage":"ca","@id":"https:\/\/tukitco.net\/#\/schema\/logo\/image\/","url":"https:\/\/tukitco.net\/wp-content\/uploads\/2020\/06\/KITCO-COR-FONDO-TRANSPARENTE-GORDO-8-SOLO-CARA-1.png","contentUrl":"https:\/\/tukitco.net\/wp-content\/uploads\/2020\/06\/KITCO-COR-FONDO-TRANSPARENTE-GORDO-8-SOLO-CARA-1.png","width":1618,"height":1622,"caption":"KitCo For personal development"},"image":{"@id":"https:\/\/tukitco.net\/#\/schema\/logo\/image\/"},"sameAs":["https:\/\/www.facebook.com\/KitCoCoaching\/","https:\/\/x.com\/ElsaGimnez","https:\/\/www.instagram.com\/tukitco\/","https:\/\/www.linkedin.com\/company\/tukitco\/","https:\/\/www.youtube.com\/channel\/UCPAGQ-h0cDjdBnT87RvFK8w"]}]}},"jetpack_likes_enabled":true,"jetpack-related-posts":[{"id":21170,"url":"https:\/\/tukitco.net\/ca\/producte\/pack-kitco-escuelas-educacion-del-ser-experiencia-completa\/","url_meta":{"origin":2134,"position":0},"title":"Pack 4 KitCo Escoles Experi\u00e8ncia Completa Educaci\u00f3 de l&#039;\u00c9sser","author":"kitco.contact","date":"16 abril, 2024","format":false,"excerpt":"Pack KitCo Escuelas Experiencia Completa Educaci\u00f3n del Ser: m\u00e1s que un Kit de juegos, es una herramienta educativa para enriquecer el ambiente en el aula y promover el desarrollo integral del alumno\/a para sacar lo mejor de s\u00ed mismo\/a. Basado en recursos como juegos y din\u00e1micas de Talentos, Valores y\u2026","rel":"","context":"Entrada similar","block_context":{"text":"Entrada similar","link":""},"img":{"alt_text":"","src":"https:\/\/i0.wp.com\/tukitco.net\/wp-content\/uploads\/2021\/09\/Diseno-sin-titulo-50.jpg?fit=1200%2C675&ssl=1&resize=350%2C200","width":350,"height":200,"srcset":"https:\/\/i0.wp.com\/tukitco.net\/wp-content\/uploads\/2021\/09\/Diseno-sin-titulo-50.jpg?fit=1200%2C675&ssl=1&resize=350%2C200 1x, https:\/\/i0.wp.com\/tukitco.net\/wp-content\/uploads\/2021\/09\/Diseno-sin-titulo-50.jpg?fit=1200%2C675&ssl=1&resize=525%2C300 1.5x, https:\/\/i0.wp.com\/tukitco.net\/wp-content\/uploads\/2021\/09\/Diseno-sin-titulo-50.jpg?fit=1200%2C675&ssl=1&resize=700%2C400 2x, https:\/\/i0.wp.com\/tukitco.net\/wp-content\/uploads\/2021\/09\/Diseno-sin-titulo-50.jpg?fit=1200%2C675&ssl=1&resize=1050%2C600 3x"},"classes":[]},{"id":18005,"url":"https:\/\/tukitco.net\/ca\/producte\/kitco-escuelas-educacion-del-ser-experiencia-completa-affiliate\/","url_meta":{"origin":2134,"position":1},"title":"KitCo Escoles \u2013 Educaci\u00f3 de l&#039;\u00c9sser \u2013 Experi\u00e8ncia completa \u2013 Amb descompte","author":"kitco.contact","date":"16 febrer, 2023","format":false,"excerpt":"KitCo Escuelas Experiencia Completa:\u00a0Juegos y din\u00e1micas para acompa\u00f1ar a los alumn@s a sacar lo mejor de s\u00ed mism@s.\u00a0Basado en tres pilares:\u00a0Talentos, Valores y Emociones.","rel":"","context":"Entrada similar","block_context":{"text":"Entrada similar","link":""},"img":{"alt_text":"","src":"https:\/\/i0.wp.com\/tukitco.net\/wp-content\/uploads\/2021\/09\/Diseno-sin-titulo-50.jpg?fit=1200%2C675&ssl=1&resize=350%2C200","width":350,"height":200,"srcset":"https:\/\/i0.wp.com\/tukitco.net\/wp-content\/uploads\/2021\/09\/Diseno-sin-titulo-50.jpg?fit=1200%2C675&ssl=1&resize=350%2C200 1x, https:\/\/i0.wp.com\/tukitco.net\/wp-content\/uploads\/2021\/09\/Diseno-sin-titulo-50.jpg?fit=1200%2C675&ssl=1&resize=525%2C300 1.5x, https:\/\/i0.wp.com\/tukitco.net\/wp-content\/uploads\/2021\/09\/Diseno-sin-titulo-50.jpg?fit=1200%2C675&ssl=1&resize=700%2C400 2x, https:\/\/i0.wp.com\/tukitco.net\/wp-content\/uploads\/2021\/09\/Diseno-sin-titulo-50.jpg?fit=1200%2C675&ssl=1&resize=1050%2C600 3x"},"classes":[]},{"id":19576,"url":"https:\/\/tukitco.net\/ca\/producte\/pack-ahorro-4-kitco-escuelas-proyecto-steamcat\/","url_meta":{"origin":2134,"position":2},"title":"PACK ESTALVI: 4 KitCo Escoles \u2013 Educaci\u00f3 de l&#039;\u00c9sser \u2013 Experi\u00e8ncia completa \u2013 Projecte SteamCat","author":"kitco.contact","date":"21 febrer, 2024","format":false,"excerpt":"KitCo Escuelas Experiencia Completa:\u00a0Juegos y din\u00e1micas para acompa\u00f1ar a los alumn@s a sacar lo mejor de s\u00ed mism@s.\u00a0Basado en tres pilares:\u00a0Talentos, Valores y Emociones.","rel":"","context":"Entrada similar","block_context":{"text":"Entrada similar","link":""},"img":{"alt_text":"","src":"https:\/\/i0.wp.com\/tukitco.net\/wp-content\/uploads\/2021\/09\/Diseno-sin-titulo-50.jpg?fit=1200%2C675&ssl=1&resize=350%2C200","width":350,"height":200,"srcset":"https:\/\/i0.wp.com\/tukitco.net\/wp-content\/uploads\/2021\/09\/Diseno-sin-titulo-50.jpg?fit=1200%2C675&ssl=1&resize=350%2C200 1x, https:\/\/i0.wp.com\/tukitco.net\/wp-content\/uploads\/2021\/09\/Diseno-sin-titulo-50.jpg?fit=1200%2C675&ssl=1&resize=525%2C300 1.5x, https:\/\/i0.wp.com\/tukitco.net\/wp-content\/uploads\/2021\/09\/Diseno-sin-titulo-50.jpg?fit=1200%2C675&ssl=1&resize=700%2C400 2x, https:\/\/i0.wp.com\/tukitco.net\/wp-content\/uploads\/2021\/09\/Diseno-sin-titulo-50.jpg?fit=1200%2C675&ssl=1&resize=1050%2C600 3x"},"classes":[]},{"id":7979,"url":"https:\/\/tukitco.net\/ca\/producte\/kitco-escuelas-educacion-del-ser-experiencia-completa\/","url_meta":{"origin":2134,"position":3},"title":"KitCo Escoles \u2013 Educaci\u00f3 de l&#039;\u00c9sser \u2013 Experi\u00e8ncia completa","author":"kitco.contact","date":"21 setembre, 2021","format":false,"excerpt":"KitCo Escuelas Experiencia Completa:\u00a0Juegos y din\u00e1micas para acompa\u00f1ar a los alumn@s a sacar lo mejor de s\u00ed mism@s.\u00a0Basado en tres pilares:\u00a0Talentos, Valores y Emociones.","rel":"","context":"Entrada similar","block_context":{"text":"Entrada similar","link":""},"img":{"alt_text":"","src":"https:\/\/i0.wp.com\/tukitco.net\/wp-content\/uploads\/2021\/09\/Diseno-sin-titulo-50.jpg?fit=1200%2C675&ssl=1&resize=350%2C200","width":350,"height":200,"srcset":"https:\/\/i0.wp.com\/tukitco.net\/wp-content\/uploads\/2021\/09\/Diseno-sin-titulo-50.jpg?fit=1200%2C675&ssl=1&resize=350%2C200 1x, https:\/\/i0.wp.com\/tukitco.net\/wp-content\/uploads\/2021\/09\/Diseno-sin-titulo-50.jpg?fit=1200%2C675&ssl=1&resize=525%2C300 1.5x, https:\/\/i0.wp.com\/tukitco.net\/wp-content\/uploads\/2021\/09\/Diseno-sin-titulo-50.jpg?fit=1200%2C675&ssl=1&resize=700%2C400 2x, https:\/\/i0.wp.com\/tukitco.net\/wp-content\/uploads\/2021\/09\/Diseno-sin-titulo-50.jpg?fit=1200%2C675&ssl=1&resize=1050%2C600 3x"},"classes":[]},{"id":11258,"url":"https:\/\/tukitco.net\/ca\/producte\/kitco-profesional-afiliados\/","url_meta":{"origin":2134,"position":4},"title":"KitCo Professional amb descompte","author":"kitco.contact","date":"8 febrer, 2022","format":false,"excerpt":"KitCo profesional tiene dos funcionalidades principales: (1) Como herramienta de apoyo visual para hacer tus propias din\u00e1micas como profesional. Dispones de\u00a0 139 cartas con im\u00e1genes inspiradoras en una cara y el concepto y definici\u00f3n en la otra. 33 cartas de talentos, 50 cartas de emociones y 56 cartas de valores.\u00a0\u2026","rel":"","context":"Entrada similar","block_context":{"text":"Entrada similar","link":""},"img":{"alt_text":"","src":"https:\/\/i0.wp.com\/tukitco.net\/wp-content\/uploads\/2020\/10\/KitCo-Packaging.jpg?fit=1200%2C942&ssl=1&resize=350%2C200","width":350,"height":200,"srcset":"https:\/\/i0.wp.com\/tukitco.net\/wp-content\/uploads\/2020\/10\/KitCo-Packaging.jpg?fit=1200%2C942&ssl=1&resize=350%2C200 1x, https:\/\/i0.wp.com\/tukitco.net\/wp-content\/uploads\/2020\/10\/KitCo-Packaging.jpg?fit=1200%2C942&ssl=1&resize=525%2C300 1.5x, https:\/\/i0.wp.com\/tukitco.net\/wp-content\/uploads\/2020\/10\/KitCo-Packaging.jpg?fit=1200%2C942&ssl=1&resize=700%2C400 2x, https:\/\/i0.wp.com\/tukitco.net\/wp-content\/uploads\/2020\/10\/KitCo-Packaging.jpg?fit=1200%2C942&ssl=1&resize=1050%2C600 3x"},"classes":[]},{"id":8290,"url":"https:\/\/tukitco.net\/ca\/producte\/guia-de-kitco-experiencia-completa-impresa\/","url_meta":{"origin":2134,"position":5},"title":"Guia KitCo Experi\u00e8ncia Completa \u2013 Impresa","author":"kitco.contact","date":"29 setembre, 2021","format":false,"excerpt":"Gu\u00eda digital de KitCo Experiencia Completa que incluye: (I) Din\u00e1micas y Juegos Grupales: nueve juegos de emociones (Adivina la Carta, \u00bfC\u00f3mo me siento cuando?, \u00bfC\u00f3mo est\u00e1s?, M\u00edmica de las Emociones, Conectamos, Diccionario Emocional, etc.)\u00a0 dos juegos de talentos y tres juegos de valores. (II) Din\u00e1micas y Juegos individuales: Din\u00e1mica del\u2026","rel":"","context":"Entrada similar","block_context":{"text":"Entrada similar","link":""},"img":{"alt_text":"","src":"https:\/\/i0.wp.com\/tukitco.net\/wp-content\/uploads\/2020\/10\/Copia-de-KITCO-PROFESIONAL-IMPRENTA-elsa-5.png?fit=857%2C1200&ssl=1&resize=350%2C200","width":350,"height":200,"srcset":"https:\/\/i0.wp.com\/tukitco.net\/wp-content\/uploads\/2020\/10\/Copia-de-KITCO-PROFESIONAL-IMPRENTA-elsa-5.png?fit=857%2C1200&ssl=1&resize=350%2C200 1x, https:\/\/i0.wp.com\/tukitco.net\/wp-content\/uploads\/2020\/10\/Copia-de-KITCO-PROFESIONAL-IMPRENTA-elsa-5.png?fit=857%2C1200&ssl=1&resize=525%2C300 1.5x, https:\/\/i0.wp.com\/tukitco.net\/wp-content\/uploads\/2020\/10\/Copia-de-KITCO-PROFESIONAL-IMPRENTA-elsa-5.png?fit=857%2C1200&ssl=1&resize=700%2C400 2x"},"classes":[]}],"jetpack_sharing_enabled":true,"_links":{"self":[{"href":"https:\/\/tukitco.net\/ca\/wp-json\/wp\/v2\/product\/2134","targetHints":{"allow":["GET"]}}],"collection":[{"href":"https:\/\/tukitco.net\/ca\/wp-json\/wp\/v2\/product"}],"about":[{"href":"https:\/\/tukitco.net\/ca\/wp-json\/wp\/v2\/types\/product"}],"version-history":[{"count":5,"href":"https:\/\/tukitco.net\/ca\/wp-json\/wp\/v2\/product\/2134\/revisions"}],"predecessor-version":[{"id":2135,"href":"https:\/\/tukitco.net\/ca\/wp-json\/wp\/v2\/product\/2134\/revisions\/2135"}],"wp:featuredmedia":[{"embeddable":true,"href":"https:\/\/tukitco.net\/ca\/wp-json\/wp\/v2\/media\/5578"}],"wp:attachment":[{"href":"https:\/\/tukitco.net\/ca\/wp-json\/wp\/v2\/media?parent=2134"}],"wp:term":[{"taxonomy":"product_brand","embeddable":true,"href":"https:\/\/tukitco.net\/ca\/wp-json\/wp\/v2\/product_brand?post=2134"},{"taxonomy":"product_cat","embeddable":true,"href":"https:\/\/tukitco.net\/ca\/wp-json\/wp\/v2\/product_cat?post=2134"},{"taxonomy":"product_tag","embeddable":true,"href":"https:\/\/tukitco.net\/ca\/wp-json\/wp\/v2\/product_tag?post=2134"}],"curies":[{"name":"wp","href":"https:\/\/api.w.org\/{rel}","templated":true}]}}