{"id":2313,"date":"2020-07-28T18:23:33","date_gmt":"2020-07-28T18:23:33","guid":{"rendered":"https:\/\/tukitco.net\/?post_type=product&#038;p=2313"},"modified":"2024-10-14T17:39:17","modified_gmt":"2024-10-14T17:39:17","slug":"kitco-online-profesional","status":"publish","type":"product","link":"https:\/\/tukitco.net\/ca\/producte\/kitco-online-profesional\/","title":{"rendered":"KitCo Online Professional"},"content":{"rendered":"<p><strong>KitCo Online Professional\u00a0<\/strong>et d\u00f3na un acc\u00e9s (usuari i contrasenya) a l&#039;\u00e0rea de clients del teu KitCo Online per fer 10 din\u00e0miques online a escollir.<\/p>\n<p>A m\u00e9s, entrar\u00e0s a la base de dades de Kitco per ser recomanat com a professional: coach, psicol\u00f2gic, educador, orientador, etc. quan els clients de KitCo Fam\u00edlies aix\u00ed ho sol\u00b7licitin per treure el m\u00e0xim partit a les seves din\u00e0miques.<\/p>","protected":false},"excerpt":{"rendered":"<p>KitCo Online Profesional\u00a0te da un acceso (usuario y contrase\u00f1a) al \u00e1rea de clientes de Tu KitCo Online para realizar 10 din\u00e1micas online a escoger. Adem\u00e1s entrar\u00e1s en la base de datos de Kitco para ser recomendado como profesional: coach, psicol\u00f3go, educador, orientador, etc. cuando los clientes de KitCo Familias as\u00ed lo soliciten para sacar el &hellip; <\/p>\n<p class=\"link-more\"><a href=\"https:\/\/tukitco.net\/ca\/producte\/kitco-online-profesional\/\" class=\"more-link\">Continua llegint <span class=\"screen-reader-text\">\u00abKitCo Online Profesional\u00bb<\/span><\/a><\/p>","protected":false},"featured_media":17443,"template":"","meta":{"_eb_attr":"","_crdt_document":""},"product_brand":[],"product_cat":[],"product_tag":[],"class_list":["post-2313","product","type-product","status-publish","has-post-thumbnail","first","instock","taxable","shipping-taxable","purchasable","product-type-simple"],"yoast_head":"<!-- This site is optimized with the Yoast SEO Premium plugin v20.8 (Yoast SEO v27.6) - https:\/\/yoast.com\/product\/yoast-seo-premium-wordpress\/ -->\n<title>KitCo Online Profesional &#8211; KitCo<\/title>\n<meta name=\"robots\" content=\"index, follow, max-snippet:-1, max-image-preview:large, max-video-preview:-1\" \/>\n<link rel=\"canonical\" href=\"https:\/\/tukitco.net\/ca\/producte\/kitco-online-profesional\/\" \/>\n<meta property=\"og:locale\" content=\"ca_ES\" \/>\n<meta property=\"og:type\" content=\"article\" \/>\n<meta property=\"og:title\" content=\"KitCo Online Profesional\" \/>\n<meta property=\"og:description\" content=\"KitCo Online Profesional\u00a0te da un acceso (usuario y contrase\u00f1a) al \u00e1rea de clientes de Tu KitCo Online para realizar 10 din\u00e1micas online a escoger. Adem\u00e1s\" \/>\n<meta property=\"og:url\" content=\"https:\/\/tukitco.net\/ca\/producte\/kitco-online-profesional\/\" \/>\n<meta property=\"og:site_name\" content=\"KitCo\" \/>\n<meta property=\"article:publisher\" content=\"https:\/\/www.facebook.com\/KitCoCoaching\/\" \/>\n<meta property=\"article:modified_time\" content=\"2024-10-14T17:39:17+00:00\" \/>\n<meta property=\"og:image\" content=\"https:\/\/i0.wp.com\/tukitco.net\/wp-content\/uploads\/2023\/01\/2023-Fotos-KitCo-Digital-3.png?fit=1063%2C886&ssl=1\" \/>\n\t<meta property=\"og:image:width\" content=\"1063\" \/>\n\t<meta property=\"og:image:height\" content=\"886\" \/>\n\t<meta property=\"og:image:type\" content=\"image\/png\" \/>\n<meta name=\"twitter:card\" content=\"summary_large_image\" \/>\n<meta name=\"twitter:site\" content=\"@ElsaGimnez\" \/>\n<meta name=\"twitter:label1\" content=\"Temps estimat de lectura\" \/>\n\t<meta name=\"twitter:data1\" content=\"1 minut\" \/>\n<script type=\"application\/ld+json\" class=\"yoast-schema-graph\">{\"@context\":\"https:\\\/\\\/schema.org\",\"@graph\":[{\"@type\":\"WebPage\",\"@id\":\"https:\\\/\\\/tukitco.net\\\/producto\\\/kitco-online-profesional\\\/\",\"url\":\"https:\\\/\\\/tukitco.net\\\/producto\\\/kitco-online-profesional\\\/\",\"name\":\"KitCo Online Profesional &#8211; KitCo\",\"isPartOf\":{\"@id\":\"https:\\\/\\\/tukitco.net\\\/#website\"},\"primaryImageOfPage\":{\"@id\":\"https:\\\/\\\/tukitco.net\\\/producto\\\/kitco-online-profesional\\\/#primaryimage\"},\"image\":{\"@id\":\"https:\\\/\\\/tukitco.net\\\/producto\\\/kitco-online-profesional\\\/#primaryimage\"},\"thumbnailUrl\":\"https:\\\/\\\/i0.wp.com\\\/tukitco.net\\\/wp-content\\\/uploads\\\/2023\\\/01\\\/2023-Fotos-KitCo-Digital-3.png?fit=1063%2C886&ssl=1\",\"datePublished\":\"2020-07-28T18:23:33+00:00\",\"dateModified\":\"2024-10-14T17:39:17+00:00\",\"breadcrumb\":{\"@id\":\"https:\\\/\\\/tukitco.net\\\/producto\\\/kitco-online-profesional\\\/#breadcrumb\"},\"inLanguage\":\"ca\",\"potentialAction\":[{\"@type\":\"ReadAction\",\"target\":[\"https:\\\/\\\/tukitco.net\\\/producto\\\/kitco-online-profesional\\\/\"]}]},{\"@type\":\"ImageObject\",\"inLanguage\":\"ca\",\"@id\":\"https:\\\/\\\/tukitco.net\\\/producto\\\/kitco-online-profesional\\\/#primaryimage\",\"url\":\"https:\\\/\\\/i0.wp.com\\\/tukitco.net\\\/wp-content\\\/uploads\\\/2023\\\/01\\\/2023-Fotos-KitCo-Digital-3.png?fit=1063%2C886&ssl=1\",\"contentUrl\":\"https:\\\/\\\/i0.wp.com\\\/tukitco.net\\\/wp-content\\\/uploads\\\/2023\\\/01\\\/2023-Fotos-KitCo-Digital-3.png?fit=1063%2C886&ssl=1\",\"width\":1063,\"height\":886},{\"@type\":\"BreadcrumbList\",\"@id\":\"https:\\\/\\\/tukitco.net\\\/producto\\\/kitco-online-profesional\\\/#breadcrumb\",\"itemListElement\":[{\"@type\":\"ListItem\",\"position\":1,\"name\":\"Portada\",\"item\":\"https:\\\/\\\/tukitco.net\\\/\"},{\"@type\":\"ListItem\",\"position\":2,\"name\":\"Tienda\",\"item\":\"https:\\\/\\\/tukitco.net\\\/tienda\\\/\"},{\"@type\":\"ListItem\",\"position\":3,\"name\":\"KitCo Online Profesional\"}]},{\"@type\":\"WebSite\",\"@id\":\"https:\\\/\\\/tukitco.net\\\/#website\",\"url\":\"https:\\\/\\\/tukitco.net\\\/\",\"name\":\"KitCo\",\"description\":\"Juegos de Talentos, Valores y Emociones\",\"publisher\":{\"@id\":\"https:\\\/\\\/tukitco.net\\\/#organization\"},\"potentialAction\":[{\"@type\":\"SearchAction\",\"target\":{\"@type\":\"EntryPoint\",\"urlTemplate\":\"https:\\\/\\\/tukitco.net\\\/?s={search_term_string}\"},\"query-input\":{\"@type\":\"PropertyValueSpecification\",\"valueRequired\":true,\"valueName\":\"search_term_string\"}}],\"inLanguage\":\"ca\"},{\"@type\":\"Organization\",\"@id\":\"https:\\\/\\\/tukitco.net\\\/#organization\",\"name\":\"KitCo For personal development\",\"url\":\"https:\\\/\\\/tukitco.net\\\/\",\"logo\":{\"@type\":\"ImageObject\",\"inLanguage\":\"ca\",\"@id\":\"https:\\\/\\\/tukitco.net\\\/#\\\/schema\\\/logo\\\/image\\\/\",\"url\":\"https:\\\/\\\/tukitco.net\\\/wp-content\\\/uploads\\\/2020\\\/06\\\/KITCO-COR-FONDO-TRANSPARENTE-GORDO-8-SOLO-CARA-1.png\",\"contentUrl\":\"https:\\\/\\\/tukitco.net\\\/wp-content\\\/uploads\\\/2020\\\/06\\\/KITCO-COR-FONDO-TRANSPARENTE-GORDO-8-SOLO-CARA-1.png\",\"width\":1618,\"height\":1622,\"caption\":\"KitCo For personal development\"},\"image\":{\"@id\":\"https:\\\/\\\/tukitco.net\\\/#\\\/schema\\\/logo\\\/image\\\/\"},\"sameAs\":[\"https:\\\/\\\/www.facebook.com\\\/KitCoCoaching\\\/\",\"https:\\\/\\\/x.com\\\/ElsaGimnez\",\"https:\\\/\\\/www.instagram.com\\\/tukitco\\\/\",\"https:\\\/\\\/www.linkedin.com\\\/company\\\/tukitco\\\/\",\"https:\\\/\\\/www.youtube.com\\\/channel\\\/UCPAGQ-h0cDjdBnT87RvFK8w\"]}]}<\/script>\n<!-- \/ Yoast SEO Premium plugin. -->","yoast_head_json":{"title":"KitCo Online Profesional &#8211; KitCo","robots":{"index":"index","follow":"follow","max-snippet":"max-snippet:-1","max-image-preview":"max-image-preview:large","max-video-preview":"max-video-preview:-1"},"canonical":"https:\/\/tukitco.net\/ca\/producte\/kitco-online-profesional\/","og_locale":"ca_ES","og_type":"article","og_title":"KitCo Online Profesional","og_description":"KitCo Online Profesional\u00a0te da un acceso (usuario y contrase\u00f1a) al \u00e1rea de clientes de Tu KitCo Online para realizar 10 din\u00e1micas online a escoger. Adem\u00e1s","og_url":"https:\/\/tukitco.net\/ca\/producte\/kitco-online-profesional\/","og_site_name":"KitCo","article_publisher":"https:\/\/www.facebook.com\/KitCoCoaching\/","article_modified_time":"2024-10-14T17:39:17+00:00","og_image":[{"width":1063,"height":886,"url":"https:\/\/i0.wp.com\/tukitco.net\/wp-content\/uploads\/2023\/01\/2023-Fotos-KitCo-Digital-3.png?fit=1063%2C886&ssl=1","type":"image\/png"}],"twitter_card":"summary_large_image","twitter_site":"@ElsaGimnez","twitter_misc":{"Temps estimat de lectura":"1 minut"},"schema":{"@context":"https:\/\/schema.org","@graph":[{"@type":"WebPage","@id":"https:\/\/tukitco.net\/producto\/kitco-online-profesional\/","url":"https:\/\/tukitco.net\/producto\/kitco-online-profesional\/","name":"KitCo Online Profesional &#8211; KitCo","isPartOf":{"@id":"https:\/\/tukitco.net\/#website"},"primaryImageOfPage":{"@id":"https:\/\/tukitco.net\/producto\/kitco-online-profesional\/#primaryimage"},"image":{"@id":"https:\/\/tukitco.net\/producto\/kitco-online-profesional\/#primaryimage"},"thumbnailUrl":"https:\/\/i0.wp.com\/tukitco.net\/wp-content\/uploads\/2023\/01\/2023-Fotos-KitCo-Digital-3.png?fit=1063%2C886&ssl=1","datePublished":"2020-07-28T18:23:33+00:00","dateModified":"2024-10-14T17:39:17+00:00","breadcrumb":{"@id":"https:\/\/tukitco.net\/producto\/kitco-online-profesional\/#breadcrumb"},"inLanguage":"ca","potentialAction":[{"@type":"ReadAction","target":["https:\/\/tukitco.net\/producto\/kitco-online-profesional\/"]}]},{"@type":"ImageObject","inLanguage":"ca","@id":"https:\/\/tukitco.net\/producto\/kitco-online-profesional\/#primaryimage","url":"https:\/\/i0.wp.com\/tukitco.net\/wp-content\/uploads\/2023\/01\/2023-Fotos-KitCo-Digital-3.png?fit=1063%2C886&ssl=1","contentUrl":"https:\/\/i0.wp.com\/tukitco.net\/wp-content\/uploads\/2023\/01\/2023-Fotos-KitCo-Digital-3.png?fit=1063%2C886&ssl=1","width":1063,"height":886},{"@type":"BreadcrumbList","@id":"https:\/\/tukitco.net\/producto\/kitco-online-profesional\/#breadcrumb","itemListElement":[{"@type":"ListItem","position":1,"name":"Portada","item":"https:\/\/tukitco.net\/"},{"@type":"ListItem","position":2,"name":"Tienda","item":"https:\/\/tukitco.net\/tienda\/"},{"@type":"ListItem","position":3,"name":"KitCo Online Profesional"}]},{"@type":"WebSite","@id":"https:\/\/tukitco.net\/#website","url":"https:\/\/tukitco.net\/","name":"KitCo","description":"Jocs de Talents, Valors i Emocions","publisher":{"@id":"https:\/\/tukitco.net\/#organization"},"potentialAction":[{"@type":"SearchAction","target":{"@type":"EntryPoint","urlTemplate":"https:\/\/tukitco.net\/?s={search_term_string}"},"query-input":{"@type":"PropertyValueSpecification","valueRequired":true,"valueName":"search_term_string"}}],"inLanguage":"ca"},{"@type":"Organization","@id":"https:\/\/tukitco.net\/#organization","name":"KitCo For personal development","url":"https:\/\/tukitco.net\/","logo":{"@type":"ImageObject","inLanguage":"ca","@id":"https:\/\/tukitco.net\/#\/schema\/logo\/image\/","url":"https:\/\/tukitco.net\/wp-content\/uploads\/2020\/06\/KITCO-COR-FONDO-TRANSPARENTE-GORDO-8-SOLO-CARA-1.png","contentUrl":"https:\/\/tukitco.net\/wp-content\/uploads\/2020\/06\/KITCO-COR-FONDO-TRANSPARENTE-GORDO-8-SOLO-CARA-1.png","width":1618,"height":1622,"caption":"KitCo For personal development"},"image":{"@id":"https:\/\/tukitco.net\/#\/schema\/logo\/image\/"},"sameAs":["https:\/\/www.facebook.com\/KitCoCoaching\/","https:\/\/x.com\/ElsaGimnez","https:\/\/www.instagram.com\/tukitco\/","https:\/\/www.linkedin.com\/company\/tukitco\/","https:\/\/www.youtube.com\/channel\/UCPAGQ-h0cDjdBnT87RvFK8w"]}]}},"jetpack_likes_enabled":true,"jetpack-related-posts":[{"id":2137,"url":"https:\/\/tukitco.net\/ca\/producte\/acceso-a-kitco-online-personal\/","url_meta":{"origin":2313,"position":0},"title":"Acc\u00e9s a \u201cKitCo Online Personal\u201d","author":"kitco.contact","date":"28 juliol, 2020","format":false,"excerpt":"Acc\u00e9s (usuari i contrasenya) a l&#039;\u00e0rea de clients del teu KitCo Online Personal per realitzar 3 din\u00e0miques online a escollir. \u00a0","rel":"","context":"Entrada similar","block_context":{"text":"Entrada similar","link":""},"img":{"alt_text":"","src":"https:\/\/i0.wp.com\/tukitco.net\/wp-content\/uploads\/2020\/07\/Diseno-sin-titulo-9.jpg?fit=1200%2C675&ssl=1&resize=350%2C200","width":350,"height":200,"srcset":"https:\/\/i0.wp.com\/tukitco.net\/wp-content\/uploads\/2020\/07\/Diseno-sin-titulo-9.jpg?fit=1200%2C675&ssl=1&resize=350%2C200 1x, https:\/\/i0.wp.com\/tukitco.net\/wp-content\/uploads\/2020\/07\/Diseno-sin-titulo-9.jpg?fit=1200%2C675&ssl=1&resize=525%2C300 1.5x, https:\/\/i0.wp.com\/tukitco.net\/wp-content\/uploads\/2020\/07\/Diseno-sin-titulo-9.jpg?fit=1200%2C675&ssl=1&resize=700%2C400 2x, https:\/\/i0.wp.com\/tukitco.net\/wp-content\/uploads\/2020\/07\/Diseno-sin-titulo-9.jpg?fit=1200%2C675&ssl=1&resize=1050%2C600 3x"},"classes":[]},{"id":25667,"url":"https:\/\/tukitco.net\/ca\/producte\/autoconocimiento-desarrollo-personal\/","url_meta":{"origin":2313,"position":1},"title":"KitCo Online personal","author":"kitco.contact","date":"6 mar\u00e7, 2025","format":false,"excerpt":"KitCo Online Personal es una herramienta digital innovadora dise\u00f1ada para acompa\u00f1arte en el autoconocimiento y el desarrollo de tus talentos y valores. A trav\u00e9s de din\u00e1micas interactivas basadas en la metodolog\u00eda KitCo, explorar\u00e1s tu potencial, ganar\u00e1s claridad y dispondr\u00e1s de informaci\u00f3n para aplicar tus fortalezas en tu vida personal y\u2026","rel":"","context":"Entrada similar","block_context":{"text":"Entrada similar","link":""},"img":{"alt_text":"","src":"","width":0,"height":0},"classes":[]},{"id":2093,"url":"https:\/\/tukitco.net\/ca\/producte\/kitco-profesional\/","url_meta":{"origin":2313,"position":2},"title":"KitCo Professional","author":"kitco.contact","date":"27 juliol, 2020","format":false,"excerpt":"KitCo profesional tiene dos funcionalidades principales: (1) Como herramienta de apoyo visual para hacer tus propias din\u00e1micas como profesional. Dispones de\u00a0 139 cartas con im\u00e1genes inspiradoras en una cara y el concepto y definici\u00f3n en la otra. 33 cartas de talentos, 50 cartas de emociones y 56 cartas de valores.\u00a0\u2026","rel":"","context":"Entrada similar","block_context":{"text":"Entrada similar","link":""},"img":{"alt_text":"","src":"https:\/\/i0.wp.com\/tukitco.net\/wp-content\/uploads\/2020\/10\/KitCo-Packaging.jpg?fit=1200%2C942&ssl=1&resize=350%2C200","width":350,"height":200,"srcset":"https:\/\/i0.wp.com\/tukitco.net\/wp-content\/uploads\/2020\/10\/KitCo-Packaging.jpg?fit=1200%2C942&ssl=1&resize=350%2C200 1x, https:\/\/i0.wp.com\/tukitco.net\/wp-content\/uploads\/2020\/10\/KitCo-Packaging.jpg?fit=1200%2C942&ssl=1&resize=525%2C300 1.5x, https:\/\/i0.wp.com\/tukitco.net\/wp-content\/uploads\/2020\/10\/KitCo-Packaging.jpg?fit=1200%2C942&ssl=1&resize=700%2C400 2x, https:\/\/i0.wp.com\/tukitco.net\/wp-content\/uploads\/2020\/10\/KitCo-Packaging.jpg?fit=1200%2C942&ssl=1&resize=1050%2C600 3x"},"classes":[]},{"id":23081,"url":"https:\/\/tukitco.net\/ca\/producte\/pack-profesional-4-kitco-profesionales-experiencia-completa-copy\/","url_meta":{"origin":2313,"position":3},"title":"Pack Professional: 4 KitCo Professionals \u2013 Experi\u00e8ncia completa \u2013","author":"kitco.contact","date":"14 octubre, 2024","format":false,"excerpt":"Pack KitCo Profesional (especial talleres grupales): Juegos y din\u00e1micas para acompa\u00f1ar a los alumn@s a sacar lo mejor de s\u00ed mism@s.\u00a0Basado en tres pilares:\u00a0Talentos, Valores y Emociones.","rel":"","context":"Entrada similar","block_context":{"text":"Entrada similar","link":""},"img":{"alt_text":"","src":"https:\/\/i0.wp.com\/tukitco.net\/wp-content\/uploads\/2024\/04\/2023-Fotos-KitCo-Contenido.png?fit=1063%2C886&ssl=1&resize=350%2C200","width":350,"height":200,"srcset":"https:\/\/i0.wp.com\/tukitco.net\/wp-content\/uploads\/2024\/04\/2023-Fotos-KitCo-Contenido.png?fit=1063%2C886&ssl=1&resize=350%2C200 1x, https:\/\/i0.wp.com\/tukitco.net\/wp-content\/uploads\/2024\/04\/2023-Fotos-KitCo-Contenido.png?fit=1063%2C886&ssl=1&resize=525%2C300 1.5x, https:\/\/i0.wp.com\/tukitco.net\/wp-content\/uploads\/2024\/04\/2023-Fotos-KitCo-Contenido.png?fit=1063%2C886&ssl=1&resize=700%2C400 2x, https:\/\/i0.wp.com\/tukitco.net\/wp-content\/uploads\/2024\/04\/2023-Fotos-KitCo-Contenido.png?fit=1063%2C886&ssl=1&resize=1050%2C600 3x"},"classes":[]},{"id":21830,"url":"https:\/\/tukitco.net\/ca\/producte\/pack-kitco-profesional-especial-para-talleres-grupales\/","url_meta":{"origin":2313,"position":4},"title":"Pack Combo 4 KitCo Professional \u2013 Experi\u00e8ncia completa","author":"kitco.contact","date":"2 maig, 2024","format":false,"excerpt":"Pack KitCo Profesional (especial talleres grupales): Juegos y din\u00e1micas para acompa\u00f1ar a los alumn@s a sacar lo mejor de s\u00ed mism@s.\u00a0Basado en tres pilares:\u00a0Talentos, Valores y Emociones.","rel":"","context":"Entrada similar","block_context":{"text":"Entrada similar","link":""},"img":{"alt_text":"","src":"https:\/\/i0.wp.com\/tukitco.net\/wp-content\/uploads\/2024\/04\/2023-Fotos-KitCo-Contenido.png?fit=1063%2C886&ssl=1&resize=350%2C200","width":350,"height":200,"srcset":"https:\/\/i0.wp.com\/tukitco.net\/wp-content\/uploads\/2024\/04\/2023-Fotos-KitCo-Contenido.png?fit=1063%2C886&ssl=1&resize=350%2C200 1x, https:\/\/i0.wp.com\/tukitco.net\/wp-content\/uploads\/2024\/04\/2023-Fotos-KitCo-Contenido.png?fit=1063%2C886&ssl=1&resize=525%2C300 1.5x, https:\/\/i0.wp.com\/tukitco.net\/wp-content\/uploads\/2024\/04\/2023-Fotos-KitCo-Contenido.png?fit=1063%2C886&ssl=1&resize=700%2C400 2x, https:\/\/i0.wp.com\/tukitco.net\/wp-content\/uploads\/2024\/04\/2023-Fotos-KitCo-Contenido.png?fit=1063%2C886&ssl=1&resize=1050%2C600 3x"},"classes":[]},{"id":19259,"url":"https:\/\/tukitco.net\/ca\/producte\/kitco-profesional-con-descuento-recrea-sca\/","url_meta":{"origin":2313,"position":5},"title":"KitCo Professional amb descompte \u2013 Recrea sca","author":"kitco.contact","date":"14 desembre, 2023","format":false,"excerpt":"KitCo completo que contiene: 33 cartas de talentos 1 modelo de test de talentos 56 cartas de valores 1 modelo de test de valores 50 cartas de emociones \u00a01 tablero - Mapa Emocional 1 libro gu\u00eda de din\u00e1micas 1 pelota de goma antistress Estuche contenedor port\u00e1til Acceso a link con\u2026","rel":"","context":"Entrada similar","block_context":{"text":"Entrada similar","link":""},"img":{"alt_text":"","src":"https:\/\/i0.wp.com\/tukitco.net\/wp-content\/uploads\/2020\/10\/KitCo-Packaging.jpg?fit=1200%2C942&ssl=1&resize=350%2C200","width":350,"height":200,"srcset":"https:\/\/i0.wp.com\/tukitco.net\/wp-content\/uploads\/2020\/10\/KitCo-Packaging.jpg?fit=1200%2C942&ssl=1&resize=350%2C200 1x, https:\/\/i0.wp.com\/tukitco.net\/wp-content\/uploads\/2020\/10\/KitCo-Packaging.jpg?fit=1200%2C942&ssl=1&resize=525%2C300 1.5x, https:\/\/i0.wp.com\/tukitco.net\/wp-content\/uploads\/2020\/10\/KitCo-Packaging.jpg?fit=1200%2C942&ssl=1&resize=700%2C400 2x, https:\/\/i0.wp.com\/tukitco.net\/wp-content\/uploads\/2020\/10\/KitCo-Packaging.jpg?fit=1200%2C942&ssl=1&resize=1050%2C600 3x"},"classes":[]}],"jetpack_sharing_enabled":true,"_links":{"self":[{"href":"https:\/\/tukitco.net\/ca\/wp-json\/wp\/v2\/product\/2313","targetHints":{"allow":["GET"]}}],"collection":[{"href":"https:\/\/tukitco.net\/ca\/wp-json\/wp\/v2\/product"}],"about":[{"href":"https:\/\/tukitco.net\/ca\/wp-json\/wp\/v2\/types\/product"}],"version-history":[{"count":1,"href":"https:\/\/tukitco.net\/ca\/wp-json\/wp\/v2\/product\/2313\/revisions"}],"predecessor-version":[{"id":17866,"href":"https:\/\/tukitco.net\/ca\/wp-json\/wp\/v2\/product\/2313\/revisions\/17866"}],"wp:featuredmedia":[{"embeddable":true,"href":"https:\/\/tukitco.net\/ca\/wp-json\/wp\/v2\/media\/17443"}],"wp:attachment":[{"href":"https:\/\/tukitco.net\/ca\/wp-json\/wp\/v2\/media?parent=2313"}],"wp:term":[{"taxonomy":"product_brand","embeddable":true,"href":"https:\/\/tukitco.net\/ca\/wp-json\/wp\/v2\/product_brand?post=2313"},{"taxonomy":"product_cat","embeddable":true,"href":"https:\/\/tukitco.net\/ca\/wp-json\/wp\/v2\/product_cat?post=2313"},{"taxonomy":"product_tag","embeddable":true,"href":"https:\/\/tukitco.net\/ca\/wp-json\/wp\/v2\/product_tag?post=2313"}],"curies":[{"name":"wp","href":"https:\/\/api.w.org\/{rel}","templated":true}]}}