{"id":24820,"date":"2024-11-11T18:45:39","date_gmt":"2024-11-11T18:45:39","guid":{"rendered":"https:\/\/tukitco.net\/?post_type=product&#038;p=24820"},"modified":"2024-11-11T18:54:58","modified_gmt":"2024-11-11T18:54:58","slug":"barcelona-amazon-kitco-workshop","status":"publish","type":"product","link":"https:\/\/tukitco.net\/ca\/producte\/barcelona-amazon-kitco-workshop\/","title":{"rendered":"Barcelona Amazon KitCo Workshop"},"content":{"rendered":"","protected":false},"excerpt":{"rendered":"","protected":false},"featured_media":24822,"template":"","meta":{"_eb_attr":"","_crdt_document":""},"product_brand":[],"product_cat":[121958,121959],"product_tag":[],"class_list":["post-24820","product","type-product","status-publish","has-post-thumbnail","product_cat-digital","product_cat-no-idiomas","first","instock","virtual","taxable","purchasable","product-type-simple"],"yoast_head":"<!-- This site is optimized with the Yoast SEO Premium plugin v20.8 (Yoast SEO v27.6) - https:\/\/yoast.com\/product\/yoast-seo-premium-wordpress\/ -->\n<title>Barcelona Amazon KitCo Workshop &#8211; KitCo<\/title>\n<meta name=\"robots\" content=\"index, follow, max-snippet:-1, max-image-preview:large, max-video-preview:-1\" \/>\n<link rel=\"canonical\" href=\"https:\/\/tukitco.net\/ca\/producte\/barcelona-amazon-kitco-workshop\/\" \/>\n<meta property=\"og:locale\" content=\"ca_ES\" \/>\n<meta property=\"og:type\" content=\"article\" \/>\n<meta property=\"og:title\" content=\"Barcelona Amazon KitCo Workshop\" \/>\n<meta property=\"og:url\" content=\"https:\/\/tukitco.net\/ca\/producte\/barcelona-amazon-kitco-workshop\/\" \/>\n<meta property=\"og:site_name\" content=\"KitCo\" \/>\n<meta property=\"article:publisher\" content=\"https:\/\/www.facebook.com\/KitCoCoaching\/\" \/>\n<meta property=\"article:modified_time\" content=\"2024-11-11T18:54:58+00:00\" \/>\n<meta property=\"og:image\" content=\"https:\/\/tukitco.net\/wp-content\/uploads\/2024\/11\/f31b92da-a521-4d86-a5dc-fb66d964e9fc.jpg\" \/>\n\t<meta property=\"og:image:width\" content=\"1600\" \/>\n\t<meta property=\"og:image:height\" content=\"698\" \/>\n\t<meta property=\"og:image:type\" content=\"image\/jpeg\" \/>\n<meta name=\"twitter:card\" content=\"summary_large_image\" \/>\n<meta name=\"twitter:site\" content=\"@ElsaGimnez\" \/>\n<meta name=\"twitter:label1\" content=\"Temps estimat de lectura\" \/>\n\t<meta name=\"twitter:data1\" content=\"1 minut\" \/>\n<script type=\"application\/ld+json\" class=\"yoast-schema-graph\">{\"@context\":\"https:\\\/\\\/schema.org\",\"@graph\":[{\"@type\":\"WebPage\",\"@id\":\"https:\\\/\\\/tukitco.net\\\/producto\\\/barcelona-amazon-kitco-workshop\\\/\",\"url\":\"https:\\\/\\\/tukitco.net\\\/producto\\\/barcelona-amazon-kitco-workshop\\\/\",\"name\":\"Barcelona Amazon KitCo Workshop &#8211; KitCo\",\"isPartOf\":{\"@id\":\"https:\\\/\\\/tukitco.net\\\/#website\"},\"primaryImageOfPage\":{\"@id\":\"https:\\\/\\\/tukitco.net\\\/producto\\\/barcelona-amazon-kitco-workshop\\\/#primaryimage\"},\"image\":{\"@id\":\"https:\\\/\\\/tukitco.net\\\/producto\\\/barcelona-amazon-kitco-workshop\\\/#primaryimage\"},\"thumbnailUrl\":\"https:\\\/\\\/i0.wp.com\\\/tukitco.net\\\/wp-content\\\/uploads\\\/2024\\\/11\\\/f31b92da-a521-4d86-a5dc-fb66d964e9fc.jpg?fit=1600%2C698&ssl=1\",\"datePublished\":\"2024-11-11T18:45:39+00:00\",\"dateModified\":\"2024-11-11T18:54:58+00:00\",\"breadcrumb\":{\"@id\":\"https:\\\/\\\/tukitco.net\\\/producto\\\/barcelona-amazon-kitco-workshop\\\/#breadcrumb\"},\"inLanguage\":\"ca\",\"potentialAction\":[{\"@type\":\"ReadAction\",\"target\":[\"https:\\\/\\\/tukitco.net\\\/producto\\\/barcelona-amazon-kitco-workshop\\\/\"]}]},{\"@type\":\"ImageObject\",\"inLanguage\":\"ca\",\"@id\":\"https:\\\/\\\/tukitco.net\\\/producto\\\/barcelona-amazon-kitco-workshop\\\/#primaryimage\",\"url\":\"https:\\\/\\\/i0.wp.com\\\/tukitco.net\\\/wp-content\\\/uploads\\\/2024\\\/11\\\/f31b92da-a521-4d86-a5dc-fb66d964e9fc.jpg?fit=1600%2C698&ssl=1\",\"contentUrl\":\"https:\\\/\\\/i0.wp.com\\\/tukitco.net\\\/wp-content\\\/uploads\\\/2024\\\/11\\\/f31b92da-a521-4d86-a5dc-fb66d964e9fc.jpg?fit=1600%2C698&ssl=1\",\"width\":1600,\"height\":698},{\"@type\":\"BreadcrumbList\",\"@id\":\"https:\\\/\\\/tukitco.net\\\/producto\\\/barcelona-amazon-kitco-workshop\\\/#breadcrumb\",\"itemListElement\":[{\"@type\":\"ListItem\",\"position\":1,\"name\":\"Portada\",\"item\":\"https:\\\/\\\/tukitco.net\\\/\"},{\"@type\":\"ListItem\",\"position\":2,\"name\":\"Tienda\",\"item\":\"https:\\\/\\\/tukitco.net\\\/tienda\\\/\"},{\"@type\":\"ListItem\",\"position\":3,\"name\":\"Barcelona Amazon KitCo Workshop\"}]},{\"@type\":\"WebSite\",\"@id\":\"https:\\\/\\\/tukitco.net\\\/#website\",\"url\":\"https:\\\/\\\/tukitco.net\\\/\",\"name\":\"KitCo\",\"description\":\"Juegos de Talentos, Valores y Emociones\",\"publisher\":{\"@id\":\"https:\\\/\\\/tukitco.net\\\/#organization\"},\"potentialAction\":[{\"@type\":\"SearchAction\",\"target\":{\"@type\":\"EntryPoint\",\"urlTemplate\":\"https:\\\/\\\/tukitco.net\\\/?s={search_term_string}\"},\"query-input\":{\"@type\":\"PropertyValueSpecification\",\"valueRequired\":true,\"valueName\":\"search_term_string\"}}],\"inLanguage\":\"ca\"},{\"@type\":\"Organization\",\"@id\":\"https:\\\/\\\/tukitco.net\\\/#organization\",\"name\":\"KitCo For personal development\",\"url\":\"https:\\\/\\\/tukitco.net\\\/\",\"logo\":{\"@type\":\"ImageObject\",\"inLanguage\":\"ca\",\"@id\":\"https:\\\/\\\/tukitco.net\\\/#\\\/schema\\\/logo\\\/image\\\/\",\"url\":\"https:\\\/\\\/tukitco.net\\\/wp-content\\\/uploads\\\/2020\\\/06\\\/KITCO-COR-FONDO-TRANSPARENTE-GORDO-8-SOLO-CARA-1.png\",\"contentUrl\":\"https:\\\/\\\/tukitco.net\\\/wp-content\\\/uploads\\\/2020\\\/06\\\/KITCO-COR-FONDO-TRANSPARENTE-GORDO-8-SOLO-CARA-1.png\",\"width\":1618,\"height\":1622,\"caption\":\"KitCo For personal development\"},\"image\":{\"@id\":\"https:\\\/\\\/tukitco.net\\\/#\\\/schema\\\/logo\\\/image\\\/\"},\"sameAs\":[\"https:\\\/\\\/www.facebook.com\\\/KitCoCoaching\\\/\",\"https:\\\/\\\/x.com\\\/ElsaGimnez\",\"https:\\\/\\\/www.instagram.com\\\/tukitco\\\/\",\"https:\\\/\\\/www.linkedin.com\\\/company\\\/tukitco\\\/\",\"https:\\\/\\\/www.youtube.com\\\/channel\\\/UCPAGQ-h0cDjdBnT87RvFK8w\"]}]}<\/script>\n<!-- \/ Yoast SEO Premium plugin. -->","yoast_head_json":{"title":"Barcelona Amazon KitCo Workshop &#8211; KitCo","robots":{"index":"index","follow":"follow","max-snippet":"max-snippet:-1","max-image-preview":"max-image-preview:large","max-video-preview":"max-video-preview:-1"},"canonical":"https:\/\/tukitco.net\/ca\/producte\/barcelona-amazon-kitco-workshop\/","og_locale":"ca_ES","og_type":"article","og_title":"Barcelona Amazon KitCo Workshop","og_url":"https:\/\/tukitco.net\/ca\/producte\/barcelona-amazon-kitco-workshop\/","og_site_name":"KitCo","article_publisher":"https:\/\/www.facebook.com\/KitCoCoaching\/","article_modified_time":"2024-11-11T18:54:58+00:00","og_image":[{"width":1600,"height":698,"url":"https:\/\/tukitco.net\/wp-content\/uploads\/2024\/11\/f31b92da-a521-4d86-a5dc-fb66d964e9fc.jpg","type":"image\/jpeg"}],"twitter_card":"summary_large_image","twitter_site":"@ElsaGimnez","twitter_misc":{"Temps estimat de lectura":"1 minut"},"schema":{"@context":"https:\/\/schema.org","@graph":[{"@type":"WebPage","@id":"https:\/\/tukitco.net\/producto\/barcelona-amazon-kitco-workshop\/","url":"https:\/\/tukitco.net\/producto\/barcelona-amazon-kitco-workshop\/","name":"Barcelona Amazon KitCo Workshop &#8211; KitCo","isPartOf":{"@id":"https:\/\/tukitco.net\/#website"},"primaryImageOfPage":{"@id":"https:\/\/tukitco.net\/producto\/barcelona-amazon-kitco-workshop\/#primaryimage"},"image":{"@id":"https:\/\/tukitco.net\/producto\/barcelona-amazon-kitco-workshop\/#primaryimage"},"thumbnailUrl":"https:\/\/i0.wp.com\/tukitco.net\/wp-content\/uploads\/2024\/11\/f31b92da-a521-4d86-a5dc-fb66d964e9fc.jpg?fit=1600%2C698&ssl=1","datePublished":"2024-11-11T18:45:39+00:00","dateModified":"2024-11-11T18:54:58+00:00","breadcrumb":{"@id":"https:\/\/tukitco.net\/producto\/barcelona-amazon-kitco-workshop\/#breadcrumb"},"inLanguage":"ca","potentialAction":[{"@type":"ReadAction","target":["https:\/\/tukitco.net\/producto\/barcelona-amazon-kitco-workshop\/"]}]},{"@type":"ImageObject","inLanguage":"ca","@id":"https:\/\/tukitco.net\/producto\/barcelona-amazon-kitco-workshop\/#primaryimage","url":"https:\/\/i0.wp.com\/tukitco.net\/wp-content\/uploads\/2024\/11\/f31b92da-a521-4d86-a5dc-fb66d964e9fc.jpg?fit=1600%2C698&ssl=1","contentUrl":"https:\/\/i0.wp.com\/tukitco.net\/wp-content\/uploads\/2024\/11\/f31b92da-a521-4d86-a5dc-fb66d964e9fc.jpg?fit=1600%2C698&ssl=1","width":1600,"height":698},{"@type":"BreadcrumbList","@id":"https:\/\/tukitco.net\/producto\/barcelona-amazon-kitco-workshop\/#breadcrumb","itemListElement":[{"@type":"ListItem","position":1,"name":"Portada","item":"https:\/\/tukitco.net\/"},{"@type":"ListItem","position":2,"name":"Tienda","item":"https:\/\/tukitco.net\/tienda\/"},{"@type":"ListItem","position":3,"name":"Barcelona Amazon KitCo Workshop"}]},{"@type":"WebSite","@id":"https:\/\/tukitco.net\/#website","url":"https:\/\/tukitco.net\/","name":"KitCo","description":"Jocs de Talents, Valors i Emocions","publisher":{"@id":"https:\/\/tukitco.net\/#organization"},"potentialAction":[{"@type":"SearchAction","target":{"@type":"EntryPoint","urlTemplate":"https:\/\/tukitco.net\/?s={search_term_string}"},"query-input":{"@type":"PropertyValueSpecification","valueRequired":true,"valueName":"search_term_string"}}],"inLanguage":"ca"},{"@type":"Organization","@id":"https:\/\/tukitco.net\/#organization","name":"KitCo For personal development","url":"https:\/\/tukitco.net\/","logo":{"@type":"ImageObject","inLanguage":"ca","@id":"https:\/\/tukitco.net\/#\/schema\/logo\/image\/","url":"https:\/\/tukitco.net\/wp-content\/uploads\/2020\/06\/KITCO-COR-FONDO-TRANSPARENTE-GORDO-8-SOLO-CARA-1.png","contentUrl":"https:\/\/tukitco.net\/wp-content\/uploads\/2020\/06\/KITCO-COR-FONDO-TRANSPARENTE-GORDO-8-SOLO-CARA-1.png","width":1618,"height":1622,"caption":"KitCo For personal development"},"image":{"@id":"https:\/\/tukitco.net\/#\/schema\/logo\/image\/"},"sameAs":["https:\/\/www.facebook.com\/KitCoCoaching\/","https:\/\/x.com\/ElsaGimnez","https:\/\/www.instagram.com\/tukitco\/","https:\/\/www.linkedin.com\/company\/tukitco\/","https:\/\/www.youtube.com\/channel\/UCPAGQ-h0cDjdBnT87RvFK8w"]}]}},"jetpack_likes_enabled":true,"jetpack-related-posts":[{"id":24824,"url":"https:\/\/tukitco.net\/ca\/producte\/praga-amazon-kitco-workshop\/","url_meta":{"origin":24820,"position":0},"title":"Praga Amazon KitCo Workshop","author":"kitco.contact","date":"11 novembre, 2024","format":false,"excerpt":"","rel":"","context":"Entrada similar","block_context":{"text":"Entrada similar","link":""},"img":{"alt_text":"","src":"https:\/\/i0.wp.com\/tukitco.net\/wp-content\/uploads\/2024\/11\/fad5b224-6948-4647-be97-400b92db4dfa.jpg?fit=1200%2C900&ssl=1&resize=350%2C200","width":350,"height":200,"srcset":"https:\/\/i0.wp.com\/tukitco.net\/wp-content\/uploads\/2024\/11\/fad5b224-6948-4647-be97-400b92db4dfa.jpg?fit=1200%2C900&ssl=1&resize=350%2C200 1x, https:\/\/i0.wp.com\/tukitco.net\/wp-content\/uploads\/2024\/11\/fad5b224-6948-4647-be97-400b92db4dfa.jpg?fit=1200%2C900&ssl=1&resize=525%2C300 1.5x, https:\/\/i0.wp.com\/tukitco.net\/wp-content\/uploads\/2024\/11\/fad5b224-6948-4647-be97-400b92db4dfa.jpg?fit=1200%2C900&ssl=1&resize=700%2C400 2x, https:\/\/i0.wp.com\/tukitco.net\/wp-content\/uploads\/2024\/11\/fad5b224-6948-4647-be97-400b92db4dfa.jpg?fit=1200%2C900&ssl=1&resize=1050%2C600 3x"},"classes":[]},{"id":24823,"url":"https:\/\/tukitco.net\/ca\/producte\/amazon-workshop-denmark-copia\/","url_meta":{"origin":24820,"position":1},"title":"Amazon Workshop &#8211; Denmark (copia)","author":"kitco.contact","date":"11 novembre, 2024","format":false,"excerpt":"High-impact workshops. Talent, values, SDGs, and emotions games to bring out the best in individuals and teams.","rel":"","context":"Entrada similar","block_context":{"text":"Entrada similar","link":""},"img":{"alt_text":"","src":"","width":0,"height":0},"classes":[]},{"id":11918,"url":"https:\/\/tukitco.net\/ca\/producte\/taller-certificacion-de-kitco-v1-q2-barcelona\/","url_meta":{"origin":24820,"position":2},"title":"Plantilla Producte","author":"kitco.contact","date":"28 mar\u00e7, 2022","format":false,"excerpt":"Taller d&#039;Eines d&#039;Autoconeixement, Gesti\u00f3 del Talent i Intel\u00b7lig\u00e8ncia Emocional. 27 d&#039;abril del 2022. Presencial a Barcelona.","rel":"","context":"Entrada similar","block_context":{"text":"Entrada similar","link":""},"img":{"alt_text":"","src":"https:\/\/i0.wp.com\/tukitco.net\/wp-content\/uploads\/2021\/05\/Disen%CC%83o-sin-ti%CC%81tulo-1-300x292.png?resize=350%2C200&ssl=1","width":350,"height":200},"classes":[]},{"id":18076,"url":"https:\/\/tukitco.net\/ca\/producte\/certificacion-kitco-2024-8y9nov-barcelona\/","url_meta":{"origin":24820,"position":3},"title":"Taller Certificaci\u00f3 KitCo 8 i 9 novembre 2024 BARCELONA","author":"kitco.contact","date":"16 febrer, 2023","format":false,"excerpt":"Taller de Certificaci\u00f3 KitCo. Eines d&#039;autoconeixement, gesti\u00f3 del talent i intel\u00b7lig\u00e8ncia emocional.","rel":"","context":"Entrada similar","block_context":{"text":"Entrada similar","link":""},"img":{"alt_text":"","src":"https:\/\/i0.wp.com\/tukitco.net\/wp-content\/uploads\/2024\/06\/06_marzo-2024_FOTOS-TALLER-CERTIFICACION-BARCELONA-1.jpg?fit=500%2C500&ssl=1&resize=350%2C200","width":350,"height":200},"classes":[]},{"id":18078,"url":"https:\/\/tukitco.net\/ca\/producte\/certificacion-kitco-2024-13y14-sept-barcelona-desc\/","url_meta":{"origin":24820,"position":4},"title":"Taller Certificaci\u00f3 KitCo 13 i 14 setembre 2024 BARCELONA \u2013 Amb descompte","author":"kitco.contact","date":"16 febrer, 2023","format":false,"excerpt":"Taller de Certificaci\u00f3 de KitCo. Eines d&#039;autoconeixement, gesti\u00f3 del talent i intel\u00b7lig\u00e8ncia emocional.","rel":"","context":"Entrada similar","block_context":{"text":"Entrada similar","link":""},"img":{"alt_text":"","src":"https:\/\/i0.wp.com\/tukitco.net\/wp-content\/uploads\/2024\/06\/06_marzo-2024_FOTOS-TALLER-CERTIFICACION-BARCELONA-1.jpg?fit=500%2C500&ssl=1&resize=350%2C200","width":350,"height":200},"classes":[]},{"id":25066,"url":"https:\/\/tukitco.net\/ca\/producte\/taller-certificacion-kitco-21-22-mar-2025-barcelona\/","url_meta":{"origin":24820,"position":5},"title":"Taller Certificaci\u00f3 KitCo 13 i 14 mar\u00e7 2026 Barcelona","author":"kitco.contact","date":"11 desembre, 2024","format":false,"excerpt":"Taller de Certificaci\u00f3n de KitCo. Herramientas de Autoconocimiento, Gesti\u00f3n del Talento e Inteligencia Emocional. * Los talleres est\u00e1n sujetos a un n\u00famero m\u00ednimo de participantes, en el caso de no poder llevarlo a cabo se devolver\u00eda el importe \u00edntegro.\u00a0","rel":"","context":"Entrada similar","block_context":{"text":"Entrada similar","link":""},"img":{"alt_text":"","src":"https:\/\/i0.wp.com\/tukitco.net\/wp-content\/uploads\/2025\/12\/Diseno-sin-titulo-14.png?fit=500%2C500&ssl=1&resize=350%2C200","width":350,"height":200},"classes":[]}],"jetpack_sharing_enabled":true,"_links":{"self":[{"href":"https:\/\/tukitco.net\/ca\/wp-json\/wp\/v2\/product\/24820","targetHints":{"allow":["GET"]}}],"collection":[{"href":"https:\/\/tukitco.net\/ca\/wp-json\/wp\/v2\/product"}],"about":[{"href":"https:\/\/tukitco.net\/ca\/wp-json\/wp\/v2\/types\/product"}],"version-history":[{"count":1,"href":"https:\/\/tukitco.net\/ca\/wp-json\/wp\/v2\/product\/24820\/revisions"}],"predecessor-version":[{"id":24821,"href":"https:\/\/tukitco.net\/ca\/wp-json\/wp\/v2\/product\/24820\/revisions\/24821"}],"wp:featuredmedia":[{"embeddable":true,"href":"https:\/\/tukitco.net\/ca\/wp-json\/wp\/v2\/media\/24822"}],"wp:attachment":[{"href":"https:\/\/tukitco.net\/ca\/wp-json\/wp\/v2\/media?parent=24820"}],"wp:term":[{"taxonomy":"product_brand","embeddable":true,"href":"https:\/\/tukitco.net\/ca\/wp-json\/wp\/v2\/product_brand?post=24820"},{"taxonomy":"product_cat","embeddable":true,"href":"https:\/\/tukitco.net\/ca\/wp-json\/wp\/v2\/product_cat?post=24820"},{"taxonomy":"product_tag","embeddable":true,"href":"https:\/\/tukitco.net\/ca\/wp-json\/wp\/v2\/product_tag?post=24820"}],"curies":[{"name":"wp","href":"https:\/\/api.w.org\/{rel}","templated":true}]}}