{"id":4652,"date":"2021-01-03T22:13:32","date_gmt":"2021-01-03T22:13:32","guid":{"rendered":"https:\/\/tukitco.net\/register\/"},"modified":"2022-02-01T11:40:44","modified_gmt":"2022-02-01T11:40:44","slug":"register","status":"publish","type":"page","link":"https:\/\/tukitco.net\/en\/register\/","title":{"rendered":"Record"},"content":{"rendered":"<div class=\"um um-register um-4646\">\n\t<div class=\"um-form\" data-mode=\"register\">\n\t\t<form method=\"post\" action=\"\" data-trp-original-action=\"\">\n\t\t\t<div class=\"um-row _um_row_1\" style=\"margin: 0 0 30px 0;\"><div class=\"um-col-1\"><div  id=\"um_field_4646_user_login\" class=\"um-field um-field-text  um-field-user_login um-field-text um-field-type_text\" data-key=\"user_login\"><div class=\"um-field-label\"><label for=\"user_login-4646\">Username<span class=\"um-req\" title=\"Required\">*<\/span><\/label><div class=\"um-clear\"><\/div><\/div><div class=\"um-field-area\"><input  autocomplete=\"off\" class=\"um-form-field valid\" type=\"text\" name=\"user_login-4646\" id=\"user_login-4646\" value=\"\" placeholder=\"\" data-validate=\"unique_username\" data-key=\"user_login\"  aria-invalid=\"false\" \/>\n\n\t\t\t\t\t\t<\/div><\/div><div  id=\"um_field_4646_first_name\" class=\"um-field um-field-text  um-field-first_name um-field-text um-field-type_text\" data-key=\"first_name\"><div class=\"um-field-label\"><label for=\"first_name-4646\">First Name<\/label><div class=\"um-clear\"><\/div><\/div><div class=\"um-field-area\"><input  autocomplete=\"off\" class=\"um-form-field valid\" type=\"text\" name=\"first_name-4646\" id=\"first_name-4646\" value=\"\" placeholder=\"\" data-validate=\"\" data-key=\"first_name\"  aria-invalid=\"false\" \/>\n\n\t\t\t\t\t\t<\/div><\/div><div  id=\"um_field_4646_last_name\" class=\"um-field um-field-text  um-field-last_name um-field-text um-field-type_text\" data-key=\"last_name\"><div class=\"um-field-label\"><label for=\"last_name-4646\">Last Name<\/label><div class=\"um-clear\"><\/div><\/div><div class=\"um-field-area\"><input  autocomplete=\"off\" class=\"um-form-field valid\" type=\"text\" name=\"last_name-4646\" id=\"last_name-4646\" value=\"\" placeholder=\"\" data-validate=\"\" data-key=\"last_name\"  aria-invalid=\"false\" \/>\n\n\t\t\t\t\t\t<\/div><\/div><div  id=\"um_field_4646_user_email\" class=\"um-field um-field-text  um-field-user_email um-field-text um-field-type_text\" data-key=\"user_email\"><div class=\"um-field-label\"><label for=\"user_email-4646\">Email Address<\/label><div class=\"um-clear\"><\/div><\/div><div class=\"um-field-area\"><input  autocomplete=\"off\" class=\"um-form-field valid\" type=\"text\" name=\"user_email-4646\" id=\"user_email-4646\" value=\"\" placeholder=\"\" data-validate=\"unique_email\" data-key=\"user_email\"  aria-invalid=\"false\" \/>\n\n\t\t\t\t\t\t<\/div><\/div><div  id=\"um_field_4646_user_password\" class=\"um-field um-field-password  um-field-user_password um-field-password um-field-type_password\" data-key=\"user_password\"><div class=\"um-field-label\"><label for=\"user_password-4646\">Password<span class=\"um-req\" title=\"Required\">*<\/span><\/label><div class=\"um-clear\"><\/div><\/div><div class=\"um-field-area\"><input class=\"um-form-field valid\" type=\"password\" name=\"user_password-4646\" id=\"user_password-4646\" value=\"\" placeholder=\"\" data-validate=\"\" data-key=\"user_password\"  aria-invalid=\"false\" \/>\n\n\t\t\t\t\t\t\t<\/div><\/div><div  id=\"um_field_4646_confirm_user_password\" class=\"um-field um-field-password  um-field-user_password um-field-password um-field-type_password\" data-key=\"confirm_user_password\"><div class=\"um-field-label\"><label for=\"confirm_user_password-4646\">Confirm Password<span class=\"um-req\" title=\"Required\">*<\/span><\/label><div class=\"um-clear\"><\/div><\/div><div class=\"um-field-area\"><input class=\"um-form-field valid\" type=\"password\" name=\"confirm_user_password-4646\" id=\"confirm_user_password-4646\" value=\"\" placeholder=\"Confirm Password\" data-validate=\"\" data-key=\"confirm_user_password\"  aria-invalid=\"false\" \/><\/div><\/div><\/div><\/div>\t<input type=\"hidden\" name=\"form_id\" id=\"form_id_4646\" value=\"4646\" \/>\n\t\t<p class=\"um_request_name\">\n\t\t<label for=\"um_request_4646\">Only fill in if you are not human<\/label>\n\t\t<input type=\"hidden\" name=\"um_request\" id=\"um_request_4646\" class=\"input\" value=\"\" size=\"25\" autocomplete=\"off\" \/>\n\t<\/p>\n\t<input type=\"hidden\" id=\"_wpnonce\" name=\"_wpnonce\" value=\"874ae44151\" \/><input type=\"hidden\" name=\"_wp_http_referer\" value=\"\/en\/wp-json\/wp\/v2\/pages\/4652\" \/>\n\t<div class=\"um-col-alt\">\n\n\t\t\n\t\t\t<div class=\"um-left um-half\">\n\t\t\t\t<input type=\"submit\" value=\"Record\" class=\"um-button\" id=\"um-submit-btn\" \/>\n\t\t\t<\/div>\n\t\t\t<div class=\"um-right um-half\">\n\t\t\t\t<a href=\"https:\/\/tukitco.net\/en\/login\/\" class=\"um-button um-alt\">\n\t\t\t\t\tLogin\t\t\t\t<\/a>\n\t\t\t<\/div>\n\n\t\t\n\t\t<div class=\"um-clear\"><\/div>\n\n\t<\/div>\n\n\t\t\t<input type=\"hidden\" name=\"trp-form-language\" value=\"en\"\/><\/form>\n\t<\/div>\n<\/div>\n<style>\n\t\t\t.um-4646.um {\n\t\t\tmax-width: 450px;\n\t\t}\n\t\t<\/style>","protected":false},"excerpt":{"rendered":"","protected":false},"author":177201420,"featured_media":0,"parent":0,"menu_order":0,"comment_status":"closed","ping_status":"closed","template":"elementor_header_footer","meta":{"_eb_attr":"","_crdt_document":"","footnotes":""},"class_list":["post-4652","page","type-page","status-publish","hentry"],"yoast_head":"<!-- This site is optimized with the Yoast SEO Premium plugin v20.8 (Yoast SEO v27.6) - https:\/\/yoast.com\/product\/yoast-seo-premium-wordpress\/ -->\n<title>Registro &#8211; KitCo<\/title>\n<meta name=\"robots\" content=\"index, follow, max-snippet:-1, max-image-preview:large, max-video-preview:-1\" \/>\n<link rel=\"canonical\" href=\"https:\/\/tukitco.net\/en\/register\/\" \/>\n<meta property=\"og:locale\" content=\"en_US\" \/>\n<meta property=\"og:type\" content=\"article\" \/>\n<meta property=\"og:title\" content=\"Registro\" \/>\n<meta property=\"og:url\" content=\"https:\/\/tukitco.net\/en\/register\/\" \/>\n<meta property=\"og:site_name\" content=\"KitCo\" \/>\n<meta property=\"article:publisher\" content=\"https:\/\/www.facebook.com\/KitCoCoaching\/\" \/>\n<meta property=\"article:modified_time\" content=\"2022-02-01T11:40:44+00:00\" \/>\n<meta name=\"twitter:card\" content=\"summary_large_image\" \/>\n<meta name=\"twitter:site\" content=\"@ElsaGimnez\" \/>\n<script type=\"application\/ld+json\" class=\"yoast-schema-graph\">{\"@context\":\"https:\\\/\\\/schema.org\",\"@graph\":[{\"@type\":\"WebPage\",\"@id\":\"https:\\\/\\\/tukitco.net\\\/register\\\/\",\"url\":\"https:\\\/\\\/tukitco.net\\\/register\\\/\",\"name\":\"Registro &#8211; KitCo\",\"isPartOf\":{\"@id\":\"https:\\\/\\\/tukitco.net\\\/#website\"},\"datePublished\":\"2021-01-03T22:13:32+00:00\",\"dateModified\":\"2022-02-01T11:40:44+00:00\",\"breadcrumb\":{\"@id\":\"https:\\\/\\\/tukitco.net\\\/register\\\/#breadcrumb\"},\"inLanguage\":\"en-US\",\"potentialAction\":[{\"@type\":\"ReadAction\",\"target\":[\"https:\\\/\\\/tukitco.net\\\/register\\\/\"]}]},{\"@type\":\"BreadcrumbList\",\"@id\":\"https:\\\/\\\/tukitco.net\\\/register\\\/#breadcrumb\",\"itemListElement\":[{\"@type\":\"ListItem\",\"position\":1,\"name\":\"Portada\",\"item\":\"https:\\\/\\\/tukitco.net\\\/\"},{\"@type\":\"ListItem\",\"position\":2,\"name\":\"Registro\"}]},{\"@type\":\"WebSite\",\"@id\":\"https:\\\/\\\/tukitco.net\\\/#website\",\"url\":\"https:\\\/\\\/tukitco.net\\\/\",\"name\":\"KitCo\",\"description\":\"Juegos de Talentos, Valores y Emociones\",\"publisher\":{\"@id\":\"https:\\\/\\\/tukitco.net\\\/#organization\"},\"potentialAction\":[{\"@type\":\"SearchAction\",\"target\":{\"@type\":\"EntryPoint\",\"urlTemplate\":\"https:\\\/\\\/tukitco.net\\\/?s={search_term_string}\"},\"query-input\":{\"@type\":\"PropertyValueSpecification\",\"valueRequired\":true,\"valueName\":\"search_term_string\"}}],\"inLanguage\":\"en-US\"},{\"@type\":\"Organization\",\"@id\":\"https:\\\/\\\/tukitco.net\\\/#organization\",\"name\":\"KitCo For personal development\",\"url\":\"https:\\\/\\\/tukitco.net\\\/\",\"logo\":{\"@type\":\"ImageObject\",\"inLanguage\":\"en-US\",\"@id\":\"https:\\\/\\\/tukitco.net\\\/#\\\/schema\\\/logo\\\/image\\\/\",\"url\":\"https:\\\/\\\/tukitco.net\\\/wp-content\\\/uploads\\\/2020\\\/06\\\/KITCO-COR-FONDO-TRANSPARENTE-GORDO-8-SOLO-CARA-1.png\",\"contentUrl\":\"https:\\\/\\\/tukitco.net\\\/wp-content\\\/uploads\\\/2020\\\/06\\\/KITCO-COR-FONDO-TRANSPARENTE-GORDO-8-SOLO-CARA-1.png\",\"width\":1618,\"height\":1622,\"caption\":\"KitCo For personal development\"},\"image\":{\"@id\":\"https:\\\/\\\/tukitco.net\\\/#\\\/schema\\\/logo\\\/image\\\/\"},\"sameAs\":[\"https:\\\/\\\/www.facebook.com\\\/KitCoCoaching\\\/\",\"https:\\\/\\\/x.com\\\/ElsaGimnez\",\"https:\\\/\\\/www.instagram.com\\\/tukitco\\\/\",\"https:\\\/\\\/www.linkedin.com\\\/company\\\/tukitco\\\/\",\"https:\\\/\\\/www.youtube.com\\\/channel\\\/UCPAGQ-h0cDjdBnT87RvFK8w\"]}]}<\/script>\n<!-- \/ Yoast SEO Premium plugin. -->","yoast_head_json":{"title":"Registro &#8211; KitCo","robots":{"index":"index","follow":"follow","max-snippet":"max-snippet:-1","max-image-preview":"max-image-preview:large","max-video-preview":"max-video-preview:-1"},"canonical":"https:\/\/tukitco.net\/en\/register\/","og_locale":"en_US","og_type":"article","og_title":"Registro","og_url":"https:\/\/tukitco.net\/en\/register\/","og_site_name":"KitCo","article_publisher":"https:\/\/www.facebook.com\/KitCoCoaching\/","article_modified_time":"2022-02-01T11:40:44+00:00","twitter_card":"summary_large_image","twitter_site":"@ElsaGimnez","schema":{"@context":"https:\/\/schema.org","@graph":[{"@type":"WebPage","@id":"https:\/\/tukitco.net\/register\/","url":"https:\/\/tukitco.net\/register\/","name":"Registro &#8211; KitCo","isPartOf":{"@id":"https:\/\/tukitco.net\/#website"},"datePublished":"2021-01-03T22:13:32+00:00","dateModified":"2022-02-01T11:40:44+00:00","breadcrumb":{"@id":"https:\/\/tukitco.net\/register\/#breadcrumb"},"inLanguage":"en-US","potentialAction":[{"@type":"ReadAction","target":["https:\/\/tukitco.net\/register\/"]}]},{"@type":"BreadcrumbList","@id":"https:\/\/tukitco.net\/register\/#breadcrumb","itemListElement":[{"@type":"ListItem","position":1,"name":"Portada","item":"https:\/\/tukitco.net\/"},{"@type":"ListItem","position":2,"name":"Registro"}]},{"@type":"WebSite","@id":"https:\/\/tukitco.net\/#website","url":"https:\/\/tukitco.net\/","name":"KitCo","description":"Games of Talents, Values and Emotions","publisher":{"@id":"https:\/\/tukitco.net\/#organization"},"potentialAction":[{"@type":"SearchAction","target":{"@type":"EntryPoint","urlTemplate":"https:\/\/tukitco.net\/?s={search_term_string}"},"query-input":{"@type":"PropertyValueSpecification","valueRequired":true,"valueName":"search_term_string"}}],"inLanguage":"en-US"},{"@type":"Organization","@id":"https:\/\/tukitco.net\/#organization","name":"KitCo For personal development","url":"https:\/\/tukitco.net\/","logo":{"@type":"ImageObject","inLanguage":"en-US","@id":"https:\/\/tukitco.net\/#\/schema\/logo\/image\/","url":"https:\/\/tukitco.net\/wp-content\/uploads\/2020\/06\/KITCO-COR-FONDO-TRANSPARENTE-GORDO-8-SOLO-CARA-1.png","contentUrl":"https:\/\/tukitco.net\/wp-content\/uploads\/2020\/06\/KITCO-COR-FONDO-TRANSPARENTE-GORDO-8-SOLO-CARA-1.png","width":1618,"height":1622,"caption":"KitCo For personal development"},"image":{"@id":"https:\/\/tukitco.net\/#\/schema\/logo\/image\/"},"sameAs":["https:\/\/www.facebook.com\/KitCoCoaching\/","https:\/\/x.com\/ElsaGimnez","https:\/\/www.instagram.com\/tukitco\/","https:\/\/www.linkedin.com\/company\/tukitco\/","https:\/\/www.youtube.com\/channel\/UCPAGQ-h0cDjdBnT87RvFK8w"]}]}},"jetpack_likes_enabled":true,"jetpack_shortlink":"https:\/\/wp.me\/PbxVe8-1d2","jetpack-related-posts":[{"id":4650,"url":"https:\/\/tukitco.net\/en\/user\/","url_meta":{"origin":4652,"position":0},"title":"User","author":"kitco.contact","date":"3 January, 2021","format":false,"excerpt":"","rel":"","context":"Similar post","block_context":{"text":"Similar post","link":""},"img":{"alt_text":"","src":"","width":0,"height":0},"classes":[]},{"id":4653,"url":"https:\/\/tukitco.net\/en\/members\/","url_meta":{"origin":4652,"position":1},"title":"Miembros","author":"kitco.contact","date":"3 January, 2021","format":false,"excerpt":"","rel":"","context":"Similar post","block_context":{"text":"Similar post","link":""},"img":{"alt_text":"","src":"","width":0,"height":0},"classes":[]},{"id":4651,"url":"https:\/\/tukitco.net\/en\/login\/","url_meta":{"origin":4652,"position":2},"title":"Login","author":"kitco.contact","date":"3 January, 2021","format":false,"excerpt":"","rel":"","context":"Similar post","block_context":{"text":"Similar post","link":""},"img":{"alt_text":"","src":"","width":0,"height":0},"classes":[]},{"id":11050,"url":"https:\/\/tukitco.net\/en\/area-de-usuario\/","url_meta":{"origin":4652,"position":3},"title":"User Area","author":"kitco.contact","date":"19 January, 2022","format":false,"excerpt":"\u00c1REA DE USUARIO\/A REGISTRO DE USUARIO\/A PROFESIONAL \/ ESCUELA Accede aqu\u00ed si dispones de un c\u00f3digo, incluido en la tarjeta QR al adquirir tu juego(KitCo Escuelas y KitCo Profesional) Profesional \/ Escuelas (Con c\u00f3digo) REGISTRO DE USUARIO\/A PERSONAL Accede aqu\u00ed si no dispones de ning\u00fan c\u00f3digo. Podr\u00e1s realizar tus din\u00e1micas\u2026","rel":"","context":"Similar post","block_context":{"text":"Similar post","link":""},"img":{"alt_text":"","src":"https:\/\/i0.wp.com\/tukitco.net\/wp-content\/uploads\/2022\/12\/valores01.png?resize=350%2C200&ssl=1","width":350,"height":200,"srcset":"https:\/\/i0.wp.com\/tukitco.net\/wp-content\/uploads\/2022\/12\/valores01.png?resize=350%2C200&ssl=1 1x, https:\/\/i0.wp.com\/tukitco.net\/wp-content\/uploads\/2022\/12\/valores01.png?resize=525%2C300&ssl=1 1.5x, https:\/\/i0.wp.com\/tukitco.net\/wp-content\/uploads\/2022\/12\/valores01.png?resize=700%2C400&ssl=1 2x, https:\/\/i0.wp.com\/tukitco.net\/wp-content\/uploads\/2022\/12\/valores01.png?resize=1050%2C600&ssl=1 3x"},"classes":[]},{"id":14976,"url":"https:\/\/tukitco.net\/en\/plataforma-kitco\/","url_meta":{"origin":4652,"position":4},"title":"KitCo Platform","author":"kitco.contact","date":"30 December, 2022","format":false,"excerpt":"INFORMACI\u00d3N IMPORTANTE Estamos en fase Beta, desarrollando y realizando mejoras seg\u00fan los feedbacks recibidos para aportar el m\u00e1ximo valor* * puede que algunos servicios fallen en alg\u00fan momento o no est\u00e9n del todo optimizados. Agradecemos tu feedback al respecto para seguir mejorando. Plataforma KitCo Digital para el autoconocimiento, crecimiento personal\u2026","rel":"","context":"Similar post","block_context":{"text":"Similar post","link":""},"img":{"alt_text":"","src":"https:\/\/i0.wp.com\/tukitco.net\/wp-content\/uploads\/2025\/01\/2023-Fotos-KitCo-Digital-15-x-10-cm-4.jpg?resize=350%2C200&ssl=1","width":350,"height":200,"srcset":"https:\/\/i0.wp.com\/tukitco.net\/wp-content\/uploads\/2025\/01\/2023-Fotos-KitCo-Digital-15-x-10-cm-4.jpg?resize=350%2C200&ssl=1 1x, https:\/\/i0.wp.com\/tukitco.net\/wp-content\/uploads\/2025\/01\/2023-Fotos-KitCo-Digital-15-x-10-cm-4.jpg?resize=525%2C300&ssl=1 1.5x, https:\/\/i0.wp.com\/tukitco.net\/wp-content\/uploads\/2025\/01\/2023-Fotos-KitCo-Digital-15-x-10-cm-4.jpg?resize=700%2C400&ssl=1 2x, https:\/\/i0.wp.com\/tukitco.net\/wp-content\/uploads\/2025\/01\/2023-Fotos-KitCo-Digital-15-x-10-cm-4.jpg?resize=1050%2C600&ssl=1 3x, https:\/\/i0.wp.com\/tukitco.net\/wp-content\/uploads\/2025\/01\/2023-Fotos-KitCo-Digital-15-x-10-cm-4.jpg?resize=1400%2C800&ssl=1 4x"},"classes":[]},{"id":2550,"url":"https:\/\/tukitco.net\/en\/mecenas-kitco-profesional-archivos-descargables\/","url_meta":{"origin":4652,"position":5},"title":"KitCo Professional Patron downloadable files","author":"kitco.contact","date":"21 September, 2020","format":false,"excerpt":"DOWNLOADABLE FILES AND INFORMATION To facilitate the creation of games and activities in KitCo Professional, you will find downloadable resources at the top of this page that will allow you to get the most out of your KitCo. These include updates to the KitCo Guide with new games to create with the same tool, as well as new\u2026","rel":"","context":"Similar post","block_context":{"text":"Similar post","link":""},"img":{"alt_text":"","src":"https:\/\/i0.wp.com\/tukitco.net\/wp-content\/uploads\/2024\/09\/PROGRAMA-EMPRESAS.png?resize=350%2C200&ssl=1","width":350,"height":200,"srcset":"https:\/\/i0.wp.com\/tukitco.net\/wp-content\/uploads\/2024\/09\/PROGRAMA-EMPRESAS.png?resize=350%2C200&ssl=1 1x, https:\/\/i0.wp.com\/tukitco.net\/wp-content\/uploads\/2024\/09\/PROGRAMA-EMPRESAS.png?resize=525%2C300&ssl=1 1.5x, https:\/\/i0.wp.com\/tukitco.net\/wp-content\/uploads\/2024\/09\/PROGRAMA-EMPRESAS.png?resize=700%2C400&ssl=1 2x, https:\/\/i0.wp.com\/tukitco.net\/wp-content\/uploads\/2024\/09\/PROGRAMA-EMPRESAS.png?resize=1050%2C600&ssl=1 3x, https:\/\/i0.wp.com\/tukitco.net\/wp-content\/uploads\/2024\/09\/PROGRAMA-EMPRESAS.png?resize=1400%2C800&ssl=1 4x"},"classes":[]}],"jetpack_sharing_enabled":true,"_links":{"self":[{"href":"https:\/\/tukitco.net\/en\/wp-json\/wp\/v2\/pages\/4652","targetHints":{"allow":["GET"]}}],"collection":[{"href":"https:\/\/tukitco.net\/en\/wp-json\/wp\/v2\/pages"}],"about":[{"href":"https:\/\/tukitco.net\/en\/wp-json\/wp\/v2\/types\/page"}],"author":[{"embeddable":true,"href":"https:\/\/tukitco.net\/en\/wp-json\/wp\/v2\/users\/177201420"}],"replies":[{"embeddable":true,"href":"https:\/\/tukitco.net\/en\/wp-json\/wp\/v2\/comments?post=4652"}],"version-history":[{"count":1,"href":"https:\/\/tukitco.net\/en\/wp-json\/wp\/v2\/pages\/4652\/revisions"}],"predecessor-version":[{"id":11198,"href":"https:\/\/tukitco.net\/en\/wp-json\/wp\/v2\/pages\/4652\/revisions\/11198"}],"wp:attachment":[{"href":"https:\/\/tukitco.net\/en\/wp-json\/wp\/v2\/media?parent=4652"}],"curies":[{"name":"wp","href":"https:\/\/api.w.org\/{rel}","templated":true}]}}