{"id":18599,"date":"2023-07-31T09:20:00","date_gmt":"2023-07-31T09:20:00","guid":{"rendered":"https:\/\/tukitco.net\/?post_type=product&#038;p=18599"},"modified":"2024-10-21T16:34:53","modified_gmt":"2024-10-21T16:34:53","slug":"tu-guia-digital-kitco-juegos-y-dinamicas-individuales-y-grupales-para-el-autoconocimiento-desarrollo-personal-e-inteligencia-emocional","status":"publish","type":"product","link":"https:\/\/tukitco.net\/en\/product\/tu-guia-digital-kitco-juegos-y-dinamicas-individuales-y-grupales-para-el-autoconocimiento-desarrollo-personal-e-inteligencia-emocional\/","title":{"rendered":"Your KitCo Digital Guide"},"content":{"rendered":"<p>Your KitCo Guide<\/p>\n<p>Games and Dynamics for Self-knowledge, Personal Development and Emotional Intelligence. To do individually or in groups, in teams, as a family, with friends or as a couple.<\/p>\n<p>KitCo Complete Experience digital guide that includes:<\/p>\n<ul>\n<li style=\"list-style-type: none;\">\n<ul>\n<li><em>(YO) <span style=\"text-decoration: underline;\">Dynamics and Group Games<\/span>: nine emotion games (Guess the Letter, How do I feel when?, How are you?, Emotion Mimicry, Let&#039;s Connect, Emotional Dictionary, Emotional Map, etc.) two talent games (Talent Feedback, The talents of the group\/team\/family) and three sets of values (The values of the team\/family\/couple)<\/em><\/li>\n<li><em>(II) <span style=\"text-decoration: underline;\">Dynamics and Individual Games<\/span>: Dynamics of the Emotional Map (How do I experience emotions at this stage of my life?), Dynamics of the Visualization Map (My future self), D<\/em><em>Dynamics of genuine values (My important values), Dynamics discovering my Talents (My main talents according to how I see myself and how people around me perceive me)<\/em><em>, Dynamics Discovering my Profession (Professions that arouse curiosity in line with my talents), Dynamics of Coherence with my Essence (How do I develop my main talents? How do I keep in mind my main values? What is my degree of satisfaction with the development of talents and presence of values in the different activities of my day to day? Action Plan to improve my coherence and satisfaction), Dynamics Discovering my Ikigai (What is my reason for being? What is my purpose?)<\/em><\/li>\n<li>NOTE: This Guide is included in KitCo Complete Experience.<\/li>\n<\/ul>\n<\/li>\n<\/ul>","protected":false},"excerpt":{"rendered":"<p>Your KitCo Guide. Games and Dynamics for Self-knowledge, Personal Development and Emotional Intelligence. To do individually or in groups, in teams, as a family, with friends or as a couple.<\/p>","protected":false},"featured_media":16045,"template":"","meta":{"_eb_attr":"","_crdt_document":""},"product_brand":[],"product_cat":[121958,121960,121939,121959],"product_tag":[],"class_list":["post-18599","product","type-product","status-publish","has-post-thumbnail","product_cat-digital","product_cat-gratis","product_cat-guia","product_cat-no-idiomas","first","instock","downloadable","virtual","purchasable","product-type-simple"],"yoast_head":"<!-- This site is optimized with the Yoast SEO Premium plugin v20.8 (Yoast SEO v27.6) - https:\/\/yoast.com\/product\/yoast-seo-premium-wordpress\/ -->\n<title>Tu Gu\u00eda Digital KitCo &#8211; KitCo<\/title>\n<meta name=\"description\" content=\"Tu Gu\u00eda KitCo. M\u00e1s de 20 juegos y din\u00e1micas basadas en talentos, valores, emociones y ODS para conocernos mejor y sacar lo mejor de nosotros\/as como personas \u00fanicas que somos. Para trabajar el autoconocimiento, del desarrollo personal y la inteligencia emocional.\" \/>\n<meta name=\"robots\" content=\"noindex, follow\" \/>\n<meta property=\"og:locale\" content=\"en_US\" \/>\n<meta property=\"og:type\" content=\"article\" \/>\n<meta property=\"og:title\" content=\"Tu Gu\u00eda Digital KitCo\" \/>\n<meta property=\"og:description\" content=\"Tu Gu\u00eda KitCo. Juegos y Din\u00e1micas para el Autoconocimiento, Desarrollo Personal e Inteligencia Emocional. Para hacer de forma individual o de forma grupal, en equipos, en familia, con amigos o en pareja.\" \/>\n<meta property=\"og:url\" content=\"https:\/\/tukitco.net\/en\/product\/tu-guia-digital-kitco-juegos-y-dinamicas-individuales-y-grupales-para-el-autoconocimiento-desarrollo-personal-e-inteligencia-emocional\/\" \/>\n<meta property=\"og:site_name\" content=\"KitCo\" \/>\n<meta property=\"article:publisher\" content=\"https:\/\/www.facebook.com\/KitCoCoaching\/\" \/>\n<meta property=\"article:modified_time\" content=\"2024-10-21T16:34:53+00:00\" \/>\n<meta property=\"og:image\" content=\"https:\/\/i0.wp.com\/tukitco.net\/wp-content\/uploads\/2023\/01\/GUIAS-DIGITALES-IMAGENES-PORTADA-1.jpg?fit=1080%2C1080&ssl=1\" \/>\n\t<meta property=\"og:image:width\" content=\"1080\" \/>\n\t<meta property=\"og:image:height\" content=\"1080\" \/>\n\t<meta property=\"og:image:type\" content=\"image\/jpeg\" \/>\n<meta name=\"twitter:card\" content=\"summary_large_image\" \/>\n<meta name=\"twitter:site\" content=\"@ElsaGimnez\" \/>\n<meta name=\"twitter:label1\" content=\"Est. reading time\" \/>\n\t<meta name=\"twitter:data1\" content=\"2 minutes\" \/>\n<script type=\"application\/ld+json\" class=\"yoast-schema-graph\">{\"@context\":\"https:\\\/\\\/schema.org\",\"@graph\":[{\"@type\":\"WebPage\",\"@id\":\"https:\\\/\\\/tukitco.net\\\/producto\\\/tu-guia-digital-kitco-juegos-y-dinamicas-individuales-y-grupales-para-el-autoconocimiento-desarrollo-personal-e-inteligencia-emocional\\\/\",\"url\":\"https:\\\/\\\/tukitco.net\\\/producto\\\/tu-guia-digital-kitco-juegos-y-dinamicas-individuales-y-grupales-para-el-autoconocimiento-desarrollo-personal-e-inteligencia-emocional\\\/\",\"name\":\"Tu Gu\u00eda Digital KitCo &#8211; KitCo\",\"isPartOf\":{\"@id\":\"https:\\\/\\\/tukitco.net\\\/#website\"},\"primaryImageOfPage\":{\"@id\":\"https:\\\/\\\/tukitco.net\\\/producto\\\/tu-guia-digital-kitco-juegos-y-dinamicas-individuales-y-grupales-para-el-autoconocimiento-desarrollo-personal-e-inteligencia-emocional\\\/#primaryimage\"},\"image\":{\"@id\":\"https:\\\/\\\/tukitco.net\\\/producto\\\/tu-guia-digital-kitco-juegos-y-dinamicas-individuales-y-grupales-para-el-autoconocimiento-desarrollo-personal-e-inteligencia-emocional\\\/#primaryimage\"},\"thumbnailUrl\":\"https:\\\/\\\/i0.wp.com\\\/tukitco.net\\\/wp-content\\\/uploads\\\/2023\\\/01\\\/GUIAS-DIGITALES-IMAGENES-PORTADA-1.jpg?fit=1080%2C1080&ssl=1\",\"datePublished\":\"2023-07-31T09:20:00+00:00\",\"dateModified\":\"2024-10-21T16:34:53+00:00\",\"description\":\"Tu Gu\u00eda KitCo. M\u00e1s de 20 juegos y din\u00e1micas basadas en talentos, valores, emociones y ODS para conocernos mejor y sacar lo mejor de nosotros\\\/as como personas \u00fanicas que somos. Para trabajar el autoconocimiento, del desarrollo personal y la inteligencia emocional.\",\"breadcrumb\":{\"@id\":\"https:\\\/\\\/tukitco.net\\\/producto\\\/tu-guia-digital-kitco-juegos-y-dinamicas-individuales-y-grupales-para-el-autoconocimiento-desarrollo-personal-e-inteligencia-emocional\\\/#breadcrumb\"},\"inLanguage\":\"en-US\",\"potentialAction\":[{\"@type\":\"ReadAction\",\"target\":[\"https:\\\/\\\/tukitco.net\\\/producto\\\/tu-guia-digital-kitco-juegos-y-dinamicas-individuales-y-grupales-para-el-autoconocimiento-desarrollo-personal-e-inteligencia-emocional\\\/\"]}]},{\"@type\":\"ImageObject\",\"inLanguage\":\"en-US\",\"@id\":\"https:\\\/\\\/tukitco.net\\\/producto\\\/tu-guia-digital-kitco-juegos-y-dinamicas-individuales-y-grupales-para-el-autoconocimiento-desarrollo-personal-e-inteligencia-emocional\\\/#primaryimage\",\"url\":\"https:\\\/\\\/i0.wp.com\\\/tukitco.net\\\/wp-content\\\/uploads\\\/2023\\\/01\\\/GUIAS-DIGITALES-IMAGENES-PORTADA-1.jpg?fit=1080%2C1080&ssl=1\",\"contentUrl\":\"https:\\\/\\\/i0.wp.com\\\/tukitco.net\\\/wp-content\\\/uploads\\\/2023\\\/01\\\/GUIAS-DIGITALES-IMAGENES-PORTADA-1.jpg?fit=1080%2C1080&ssl=1\",\"width\":1080,\"height\":1080},{\"@type\":\"BreadcrumbList\",\"@id\":\"https:\\\/\\\/tukitco.net\\\/producto\\\/tu-guia-digital-kitco-juegos-y-dinamicas-individuales-y-grupales-para-el-autoconocimiento-desarrollo-personal-e-inteligencia-emocional\\\/#breadcrumb\",\"itemListElement\":[{\"@type\":\"ListItem\",\"position\":1,\"name\":\"Portada\",\"item\":\"https:\\\/\\\/tukitco.net\\\/\"},{\"@type\":\"ListItem\",\"position\":2,\"name\":\"Tienda\",\"item\":\"https:\\\/\\\/tukitco.net\\\/tienda\\\/\"},{\"@type\":\"ListItem\",\"position\":3,\"name\":\"Tu Gu\u00eda Digital KitCo\"}]},{\"@type\":\"WebSite\",\"@id\":\"https:\\\/\\\/tukitco.net\\\/#website\",\"url\":\"https:\\\/\\\/tukitco.net\\\/\",\"name\":\"KitCo\",\"description\":\"Juegos de Talentos, Valores y Emociones\",\"publisher\":{\"@id\":\"https:\\\/\\\/tukitco.net\\\/#organization\"},\"potentialAction\":[{\"@type\":\"SearchAction\",\"target\":{\"@type\":\"EntryPoint\",\"urlTemplate\":\"https:\\\/\\\/tukitco.net\\\/?s={search_term_string}\"},\"query-input\":{\"@type\":\"PropertyValueSpecification\",\"valueRequired\":true,\"valueName\":\"search_term_string\"}}],\"inLanguage\":\"en-US\"},{\"@type\":\"Organization\",\"@id\":\"https:\\\/\\\/tukitco.net\\\/#organization\",\"name\":\"KitCo For personal development\",\"url\":\"https:\\\/\\\/tukitco.net\\\/\",\"logo\":{\"@type\":\"ImageObject\",\"inLanguage\":\"en-US\",\"@id\":\"https:\\\/\\\/tukitco.net\\\/#\\\/schema\\\/logo\\\/image\\\/\",\"url\":\"https:\\\/\\\/tukitco.net\\\/wp-content\\\/uploads\\\/2020\\\/06\\\/KITCO-COR-FONDO-TRANSPARENTE-GORDO-8-SOLO-CARA-1.png\",\"contentUrl\":\"https:\\\/\\\/tukitco.net\\\/wp-content\\\/uploads\\\/2020\\\/06\\\/KITCO-COR-FONDO-TRANSPARENTE-GORDO-8-SOLO-CARA-1.png\",\"width\":1618,\"height\":1622,\"caption\":\"KitCo For personal development\"},\"image\":{\"@id\":\"https:\\\/\\\/tukitco.net\\\/#\\\/schema\\\/logo\\\/image\\\/\"},\"sameAs\":[\"https:\\\/\\\/www.facebook.com\\\/KitCoCoaching\\\/\",\"https:\\\/\\\/x.com\\\/ElsaGimnez\",\"https:\\\/\\\/www.instagram.com\\\/tukitco\\\/\",\"https:\\\/\\\/www.linkedin.com\\\/company\\\/tukitco\\\/\",\"https:\\\/\\\/www.youtube.com\\\/channel\\\/UCPAGQ-h0cDjdBnT87RvFK8w\"]}]}<\/script>\n<!-- \/ Yoast SEO Premium plugin. -->","yoast_head_json":{"title":"Tu Gu\u00eda Digital KitCo &#8211; KitCo","description":"Tu Gu\u00eda KitCo. M\u00e1s de 20 juegos y din\u00e1micas basadas en talentos, valores, emociones y ODS para conocernos mejor y sacar lo mejor de nosotros\/as como personas \u00fanicas que somos. Para trabajar el autoconocimiento, del desarrollo personal y la inteligencia emocional.","robots":{"index":"noindex","follow":"follow"},"og_locale":"en_US","og_type":"article","og_title":"Tu Gu\u00eda Digital KitCo","og_description":"Tu Gu\u00eda KitCo. Juegos y Din\u00e1micas para el Autoconocimiento, Desarrollo Personal e Inteligencia Emocional. Para hacer de forma individual o de forma grupal, en equipos, en familia, con amigos o en pareja.","og_url":"https:\/\/tukitco.net\/en\/product\/tu-guia-digital-kitco-juegos-y-dinamicas-individuales-y-grupales-para-el-autoconocimiento-desarrollo-personal-e-inteligencia-emocional\/","og_site_name":"KitCo","article_publisher":"https:\/\/www.facebook.com\/KitCoCoaching\/","article_modified_time":"2024-10-21T16:34:53+00:00","og_image":[{"width":1080,"height":1080,"url":"https:\/\/i0.wp.com\/tukitco.net\/wp-content\/uploads\/2023\/01\/GUIAS-DIGITALES-IMAGENES-PORTADA-1.jpg?fit=1080%2C1080&ssl=1","type":"image\/jpeg"}],"twitter_card":"summary_large_image","twitter_site":"@ElsaGimnez","twitter_misc":{"Est. reading time":"2 minutes"},"schema":{"@context":"https:\/\/schema.org","@graph":[{"@type":"WebPage","@id":"https:\/\/tukitco.net\/producto\/tu-guia-digital-kitco-juegos-y-dinamicas-individuales-y-grupales-para-el-autoconocimiento-desarrollo-personal-e-inteligencia-emocional\/","url":"https:\/\/tukitco.net\/producto\/tu-guia-digital-kitco-juegos-y-dinamicas-individuales-y-grupales-para-el-autoconocimiento-desarrollo-personal-e-inteligencia-emocional\/","name":"Tu Gu\u00eda Digital KitCo &#8211; KitCo","isPartOf":{"@id":"https:\/\/tukitco.net\/#website"},"primaryImageOfPage":{"@id":"https:\/\/tukitco.net\/producto\/tu-guia-digital-kitco-juegos-y-dinamicas-individuales-y-grupales-para-el-autoconocimiento-desarrollo-personal-e-inteligencia-emocional\/#primaryimage"},"image":{"@id":"https:\/\/tukitco.net\/producto\/tu-guia-digital-kitco-juegos-y-dinamicas-individuales-y-grupales-para-el-autoconocimiento-desarrollo-personal-e-inteligencia-emocional\/#primaryimage"},"thumbnailUrl":"https:\/\/i0.wp.com\/tukitco.net\/wp-content\/uploads\/2023\/01\/GUIAS-DIGITALES-IMAGENES-PORTADA-1.jpg?fit=1080%2C1080&ssl=1","datePublished":"2023-07-31T09:20:00+00:00","dateModified":"2024-10-21T16:34:53+00:00","description":"Tu Gu\u00eda KitCo. M\u00e1s de 20 juegos y din\u00e1micas basadas en talentos, valores, emociones y ODS para conocernos mejor y sacar lo mejor de nosotros\/as como personas \u00fanicas que somos. Para trabajar el autoconocimiento, del desarrollo personal y la inteligencia emocional.","breadcrumb":{"@id":"https:\/\/tukitco.net\/producto\/tu-guia-digital-kitco-juegos-y-dinamicas-individuales-y-grupales-para-el-autoconocimiento-desarrollo-personal-e-inteligencia-emocional\/#breadcrumb"},"inLanguage":"en-US","potentialAction":[{"@type":"ReadAction","target":["https:\/\/tukitco.net\/producto\/tu-guia-digital-kitco-juegos-y-dinamicas-individuales-y-grupales-para-el-autoconocimiento-desarrollo-personal-e-inteligencia-emocional\/"]}]},{"@type":"ImageObject","inLanguage":"en-US","@id":"https:\/\/tukitco.net\/producto\/tu-guia-digital-kitco-juegos-y-dinamicas-individuales-y-grupales-para-el-autoconocimiento-desarrollo-personal-e-inteligencia-emocional\/#primaryimage","url":"https:\/\/i0.wp.com\/tukitco.net\/wp-content\/uploads\/2023\/01\/GUIAS-DIGITALES-IMAGENES-PORTADA-1.jpg?fit=1080%2C1080&ssl=1","contentUrl":"https:\/\/i0.wp.com\/tukitco.net\/wp-content\/uploads\/2023\/01\/GUIAS-DIGITALES-IMAGENES-PORTADA-1.jpg?fit=1080%2C1080&ssl=1","width":1080,"height":1080},{"@type":"BreadcrumbList","@id":"https:\/\/tukitco.net\/producto\/tu-guia-digital-kitco-juegos-y-dinamicas-individuales-y-grupales-para-el-autoconocimiento-desarrollo-personal-e-inteligencia-emocional\/#breadcrumb","itemListElement":[{"@type":"ListItem","position":1,"name":"Portada","item":"https:\/\/tukitco.net\/"},{"@type":"ListItem","position":2,"name":"Tienda","item":"https:\/\/tukitco.net\/tienda\/"},{"@type":"ListItem","position":3,"name":"Tu Gu\u00eda Digital KitCo"}]},{"@type":"WebSite","@id":"https:\/\/tukitco.net\/#website","url":"https:\/\/tukitco.net\/","name":"KitCo","description":"Games of Talents, Values and Emotions","publisher":{"@id":"https:\/\/tukitco.net\/#organization"},"potentialAction":[{"@type":"SearchAction","target":{"@type":"EntryPoint","urlTemplate":"https:\/\/tukitco.net\/?s={search_term_string}"},"query-input":{"@type":"PropertyValueSpecification","valueRequired":true,"valueName":"search_term_string"}}],"inLanguage":"en-US"},{"@type":"Organization","@id":"https:\/\/tukitco.net\/#organization","name":"KitCo For personal development","url":"https:\/\/tukitco.net\/","logo":{"@type":"ImageObject","inLanguage":"en-US","@id":"https:\/\/tukitco.net\/#\/schema\/logo\/image\/","url":"https:\/\/tukitco.net\/wp-content\/uploads\/2020\/06\/KITCO-COR-FONDO-TRANSPARENTE-GORDO-8-SOLO-CARA-1.png","contentUrl":"https:\/\/tukitco.net\/wp-content\/uploads\/2020\/06\/KITCO-COR-FONDO-TRANSPARENTE-GORDO-8-SOLO-CARA-1.png","width":1618,"height":1622,"caption":"KitCo For personal development"},"image":{"@id":"https:\/\/tukitco.net\/#\/schema\/logo\/image\/"},"sameAs":["https:\/\/www.facebook.com\/KitCoCoaching\/","https:\/\/x.com\/ElsaGimnez","https:\/\/www.instagram.com\/tukitco\/","https:\/\/www.linkedin.com\/company\/tukitco\/","https:\/\/www.youtube.com\/channel\/UCPAGQ-h0cDjdBnT87RvFK8w"]}]}},"jetpack_likes_enabled":false,"jetpack-related-posts":[{"id":8301,"url":"https:\/\/tukitco.net\/en\/product\/guia-digital-de-kitco-experiencia-completa\/","url_meta":{"origin":18599,"position":0},"title":"KitCo Digital Guide to the Complete Experience","author":"kitco.contact","date":"29 September, 2021","format":false,"excerpt":"KitCo digital guide Complete Experience that includes games and dynamics, both group and individual, of emotions, talents and values.","rel":"","context":"Similar post","block_context":{"text":"Similar post","link":""},"img":{"alt_text":"","src":"https:\/\/i0.wp.com\/tukitco.net\/wp-content\/uploads\/2023\/01\/GUIAS-DIGITALES-IMAGENES-PORTADA-1.jpg?fit=1080%2C1080&ssl=1&resize=350%2C200","width":350,"height":200,"srcset":"https:\/\/i0.wp.com\/tukitco.net\/wp-content\/uploads\/2023\/01\/GUIAS-DIGITALES-IMAGENES-PORTADA-1.jpg?fit=1080%2C1080&ssl=1&resize=350%2C200 1x, https:\/\/i0.wp.com\/tukitco.net\/wp-content\/uploads\/2023\/01\/GUIAS-DIGITALES-IMAGENES-PORTADA-1.jpg?fit=1080%2C1080&ssl=1&resize=525%2C300 1.5x, https:\/\/i0.wp.com\/tukitco.net\/wp-content\/uploads\/2023\/01\/GUIAS-DIGITALES-IMAGENES-PORTADA-1.jpg?fit=1080%2C1080&ssl=1&resize=700%2C400 2x, https:\/\/i0.wp.com\/tukitco.net\/wp-content\/uploads\/2023\/01\/GUIAS-DIGITALES-IMAGENES-PORTADA-1.jpg?fit=1080%2C1080&ssl=1&resize=1050%2C600 3x"},"classes":[]},{"id":21830,"url":"https:\/\/tukitco.net\/en\/product\/pack-kitco-profesional-especial-para-talleres-grupales\/","url_meta":{"origin":18599,"position":1},"title":"Combo Pack 4 KitCo Professional \u2013 Complete Experience","author":"kitco.contact","date":"2 May, 2024","format":false,"excerpt":"Pack KitCo Profesional (especial talleres grupales): Juegos y din\u00e1micas para acompa\u00f1ar a los alumn@s a sacar lo mejor de s\u00ed mism@s.\u00a0Basado en tres pilares:\u00a0Talentos, Valores y Emociones.","rel":"","context":"Similar post","block_context":{"text":"Similar post","link":""},"img":{"alt_text":"","src":"https:\/\/i0.wp.com\/tukitco.net\/wp-content\/uploads\/2024\/04\/2023-Fotos-KitCo-Contenido.png?fit=1063%2C886&ssl=1&resize=350%2C200","width":350,"height":200,"srcset":"https:\/\/i0.wp.com\/tukitco.net\/wp-content\/uploads\/2024\/04\/2023-Fotos-KitCo-Contenido.png?fit=1063%2C886&ssl=1&resize=350%2C200 1x, https:\/\/i0.wp.com\/tukitco.net\/wp-content\/uploads\/2024\/04\/2023-Fotos-KitCo-Contenido.png?fit=1063%2C886&ssl=1&resize=525%2C300 1.5x, https:\/\/i0.wp.com\/tukitco.net\/wp-content\/uploads\/2024\/04\/2023-Fotos-KitCo-Contenido.png?fit=1063%2C886&ssl=1&resize=700%2C400 2x, https:\/\/i0.wp.com\/tukitco.net\/wp-content\/uploads\/2024\/04\/2023-Fotos-KitCo-Contenido.png?fit=1063%2C886&ssl=1&resize=1050%2C600 3x"},"classes":[]},{"id":23081,"url":"https:\/\/tukitco.net\/en\/product\/pack-profesional-4-kitco-profesionales-experiencia-completa-copy\/","url_meta":{"origin":18599,"position":2},"title":"Professional Pack: 4 Professional KitCo Kits \u2013 Complete Experience \u2013","author":"kitco.contact","date":"14 October, 2024","format":false,"excerpt":"Pack KitCo Profesional (especial talleres grupales): Juegos y din\u00e1micas para acompa\u00f1ar a los alumn@s a sacar lo mejor de s\u00ed mism@s.\u00a0Basado en tres pilares:\u00a0Talentos, Valores y Emociones.","rel":"","context":"Similar post","block_context":{"text":"Similar post","link":""},"img":{"alt_text":"","src":"https:\/\/i0.wp.com\/tukitco.net\/wp-content\/uploads\/2024\/04\/2023-Fotos-KitCo-Contenido.png?fit=1063%2C886&ssl=1&resize=350%2C200","width":350,"height":200,"srcset":"https:\/\/i0.wp.com\/tukitco.net\/wp-content\/uploads\/2024\/04\/2023-Fotos-KitCo-Contenido.png?fit=1063%2C886&ssl=1&resize=350%2C200 1x, https:\/\/i0.wp.com\/tukitco.net\/wp-content\/uploads\/2024\/04\/2023-Fotos-KitCo-Contenido.png?fit=1063%2C886&ssl=1&resize=525%2C300 1.5x, https:\/\/i0.wp.com\/tukitco.net\/wp-content\/uploads\/2024\/04\/2023-Fotos-KitCo-Contenido.png?fit=1063%2C886&ssl=1&resize=700%2C400 2x, https:\/\/i0.wp.com\/tukitco.net\/wp-content\/uploads\/2024\/04\/2023-Fotos-KitCo-Contenido.png?fit=1063%2C886&ssl=1&resize=1050%2C600 3x"},"classes":[]},{"id":8290,"url":"https:\/\/tukitco.net\/en\/product\/guia-de-kitco-experiencia-completa-impresa\/","url_meta":{"origin":18599,"position":3},"title":"KitCo Complete Experience Guide \u2013 Printed","author":"kitco.contact","date":"29 September, 2021","format":false,"excerpt":"Gu\u00eda digital de KitCo Experiencia Completa que incluye: (I) Din\u00e1micas y Juegos Grupales: nueve juegos de emociones (Adivina la Carta, \u00bfC\u00f3mo me siento cuando?, \u00bfC\u00f3mo est\u00e1s?, M\u00edmica de las Emociones, Conectamos, Diccionario Emocional, etc.)\u00a0 dos juegos de talentos y tres juegos de valores. (II) Din\u00e1micas y Juegos individuales: Din\u00e1mica del\u2026","rel":"","context":"Similar post","block_context":{"text":"Similar post","link":""},"img":{"alt_text":"","src":"https:\/\/i0.wp.com\/tukitco.net\/wp-content\/uploads\/2020\/10\/Copia-de-KITCO-PROFESIONAL-IMPRENTA-elsa-5.png?fit=857%2C1200&ssl=1&resize=350%2C200","width":350,"height":200,"srcset":"https:\/\/i0.wp.com\/tukitco.net\/wp-content\/uploads\/2020\/10\/Copia-de-KITCO-PROFESIONAL-IMPRENTA-elsa-5.png?fit=857%2C1200&ssl=1&resize=350%2C200 1x, https:\/\/i0.wp.com\/tukitco.net\/wp-content\/uploads\/2020\/10\/Copia-de-KITCO-PROFESIONAL-IMPRENTA-elsa-5.png?fit=857%2C1200&ssl=1&resize=525%2C300 1.5x, https:\/\/i0.wp.com\/tukitco.net\/wp-content\/uploads\/2020\/10\/Copia-de-KITCO-PROFESIONAL-IMPRENTA-elsa-5.png?fit=857%2C1200&ssl=1&resize=700%2C400 2x"},"classes":[]},{"id":7979,"url":"https:\/\/tukitco.net\/en\/product\/kitco-escuelas-educacion-del-ser-experiencia-completa\/","url_meta":{"origin":18599,"position":4},"title":"KitCo Schools \u2013 Education of the Self \u2013 Full Experience","author":"kitco.contact","date":"21 September, 2021","format":false,"excerpt":"KitCo Escuelas Experiencia Completa:\u00a0Juegos y din\u00e1micas para acompa\u00f1ar a los alumn@s a sacar lo mejor de s\u00ed mism@s.\u00a0Basado en tres pilares:\u00a0Talentos, Valores y Emociones.","rel":"","context":"Similar post","block_context":{"text":"Similar post","link":""},"img":{"alt_text":"","src":"https:\/\/i0.wp.com\/tukitco.net\/wp-content\/uploads\/2021\/09\/Diseno-sin-titulo-50.jpg?fit=1200%2C675&ssl=1&resize=350%2C200","width":350,"height":200,"srcset":"https:\/\/i0.wp.com\/tukitco.net\/wp-content\/uploads\/2021\/09\/Diseno-sin-titulo-50.jpg?fit=1200%2C675&ssl=1&resize=350%2C200 1x, https:\/\/i0.wp.com\/tukitco.net\/wp-content\/uploads\/2021\/09\/Diseno-sin-titulo-50.jpg?fit=1200%2C675&ssl=1&resize=525%2C300 1.5x, https:\/\/i0.wp.com\/tukitco.net\/wp-content\/uploads\/2021\/09\/Diseno-sin-titulo-50.jpg?fit=1200%2C675&ssl=1&resize=700%2C400 2x, https:\/\/i0.wp.com\/tukitco.net\/wp-content\/uploads\/2021\/09\/Diseno-sin-titulo-50.jpg?fit=1200%2C675&ssl=1&resize=1050%2C600 3x"},"classes":[]},{"id":18005,"url":"https:\/\/tukitco.net\/en\/product\/kitco-escuelas-educacion-del-ser-experiencia-completa-affiliate\/","url_meta":{"origin":18599,"position":5},"title":"KitCo Schools \u2013 Education of Being \u2013 Complete experience \u2013 With discount","author":"kitco.contact","date":"16 February, 2023","format":false,"excerpt":"KitCo Escuelas Experiencia Completa:\u00a0Juegos y din\u00e1micas para acompa\u00f1ar a los alumn@s a sacar lo mejor de s\u00ed mism@s.\u00a0Basado en tres pilares:\u00a0Talentos, Valores y Emociones.","rel":"","context":"Similar post","block_context":{"text":"Similar post","link":""},"img":{"alt_text":"","src":"https:\/\/i0.wp.com\/tukitco.net\/wp-content\/uploads\/2021\/09\/Diseno-sin-titulo-50.jpg?fit=1200%2C675&ssl=1&resize=350%2C200","width":350,"height":200,"srcset":"https:\/\/i0.wp.com\/tukitco.net\/wp-content\/uploads\/2021\/09\/Diseno-sin-titulo-50.jpg?fit=1200%2C675&ssl=1&resize=350%2C200 1x, https:\/\/i0.wp.com\/tukitco.net\/wp-content\/uploads\/2021\/09\/Diseno-sin-titulo-50.jpg?fit=1200%2C675&ssl=1&resize=525%2C300 1.5x, https:\/\/i0.wp.com\/tukitco.net\/wp-content\/uploads\/2021\/09\/Diseno-sin-titulo-50.jpg?fit=1200%2C675&ssl=1&resize=700%2C400 2x, https:\/\/i0.wp.com\/tukitco.net\/wp-content\/uploads\/2021\/09\/Diseno-sin-titulo-50.jpg?fit=1200%2C675&ssl=1&resize=1050%2C600 3x"},"classes":[]}],"jetpack_sharing_enabled":true,"_links":{"self":[{"href":"https:\/\/tukitco.net\/en\/wp-json\/wp\/v2\/product\/18599","targetHints":{"allow":["GET"]}}],"collection":[{"href":"https:\/\/tukitco.net\/en\/wp-json\/wp\/v2\/product"}],"about":[{"href":"https:\/\/tukitco.net\/en\/wp-json\/wp\/v2\/types\/product"}],"version-history":[{"count":6,"href":"https:\/\/tukitco.net\/en\/wp-json\/wp\/v2\/product\/18599\/revisions"}],"predecessor-version":[{"id":18606,"href":"https:\/\/tukitco.net\/en\/wp-json\/wp\/v2\/product\/18599\/revisions\/18606"}],"wp:attachment":[{"href":"https:\/\/tukitco.net\/en\/wp-json\/wp\/v2\/media?parent=18599"}],"wp:term":[{"taxonomy":"product_brand","embeddable":true,"href":"https:\/\/tukitco.net\/en\/wp-json\/wp\/v2\/product_brand?post=18599"},{"taxonomy":"product_cat","embeddable":true,"href":"https:\/\/tukitco.net\/en\/wp-json\/wp\/v2\/product_cat?post=18599"},{"taxonomy":"product_tag","embeddable":true,"href":"https:\/\/tukitco.net\/en\/wp-json\/wp\/v2\/product_tag?post=18599"}],"curies":[{"name":"wp","href":"https:\/\/api.w.org\/{rel}","templated":true}]}}