{"id":2111,"date":"2020-07-28T06:50:17","date_gmt":"2020-07-28T06:50:17","guid":{"rendered":"https:\/\/tukitco.net\/?post_type=product&#038;p=2111"},"modified":"2025-09-10T20:22:52","modified_gmt":"2025-09-10T20:22:52","slug":"juego-de-emociones","status":"publish","type":"product","link":"https:\/\/tukitco.net\/en\/product\/juego-de-emociones\/","title":{"rendered":"KitCo Emotions"},"content":{"rendered":"<p data-start=\"237\" data-end=\"547\">Emotions are present in everything we do: they influence how we relate to each other, how we work, and how we feel every day.<\/p>\n<p data-start=\"237\" data-end=\"547\">KitCo Emotions is a practical resource that invites you to recognize, express and transform them into a source of well-being and connection, both personal and collective.<\/p>\n<p data-start=\"549\" data-end=\"942\">This kit is designed for any individual, family, school, or team that wants to train their emotional intelligence in a simple and experiential way. It allows for authentic conversations, builds trust, and prevents conflicts. For leaders, it&#039;s a tool that fosters a more human-centered leadership style, capable of strengthening assertive communication, building team cohesion, and multiplying results.<\/p>\n<p data-start=\"944\" data-end=\"977\"><span style=\"color: #b18a27;\"><strong data-start=\"944\" data-end=\"975\">With KitCo Emotions you can:<\/strong><\/span><\/p>\n<ul>\n<li style=\"list-style-type: none;\">\n<ul>\n<li data-start=\"1019\" data-end=\"1087\">\n<p data-start=\"1021\" data-end=\"1087\">Identify and better understand your emotions and those of others.<\/p>\n<\/li>\n<li data-start=\"1088\" data-end=\"1151\">\n<p data-start=\"1090\" data-end=\"1151\">Expand your emotional vocabulary and express yourself clearly.<\/p>\n<\/li>\n<li data-start=\"1152\" data-end=\"1241\">\n<p data-start=\"1154\" data-end=\"1241\">Improve assertive communication, reducing misunderstandings and promoting respect for yourself and others.<\/p>\n<\/li>\n<li data-start=\"1242\" data-end=\"1307\">\n<p data-start=\"1244\" data-end=\"1307\">Strengthen trust and cohesion in your team or environment.<\/p>\n<\/li>\n<li data-start=\"1308\" data-end=\"1381\">\n<p data-start=\"1310\" data-end=\"1381\">Transforming emotions into a driving force for personal growth.<\/p>\n<\/li>\n<li data-start=\"1382\" data-end=\"1466\">\n<p data-start=\"1384\" data-end=\"1466\">Create a climate of well-being where people can give their best.<\/p>\n<\/li>\n<\/ul>\n<\/li>\n<\/ul>\n<p data-start=\"1468\" data-end=\"1489\"><span style=\"color: #b18a27;\"><strong data-start=\"1468\" data-end=\"1487\">The kit includes:<\/strong><\/span><\/p>\n<ul>\n<li style=\"list-style-type: none;\">\n<ul data-start=\"1490\" data-end=\"1828\">\n<li data-start=\"1490\" data-end=\"1545\">\n<p data-start=\"1492\" data-end=\"1545\">50 emotion cards with images and definitions.<\/p>\n<\/li>\n<li data-start=\"1546\" data-end=\"1586\">\n<p data-start=\"1548\" data-end=\"1586\">1 emotion question card.<\/p>\n<\/li>\n<li data-start=\"1587\" data-end=\"1621\">\n<p data-start=\"1589\" data-end=\"1621\">1 group agreement card.<\/p>\n<\/li>\n<li data-start=\"1622\" data-end=\"1662\">\n<p data-start=\"1624\" data-end=\"1662\">1 \u201cEmotional Map\u201d game board.<\/p>\n<\/li>\n<li data-start=\"1663\" data-end=\"1687\">\n<p data-start=\"1665\" data-end=\"1687\">1 stress ball.<\/p>\n<\/li>\n<li data-start=\"1688\" data-end=\"1828\">\n<p data-start=\"1690\" data-end=\"1828\">Online access to <strong data-start=\"1709\" data-end=\"1733\">KitCo Emotions Guide<\/strong>, with game instructions and <span style=\"text-decoration: underline;\">group dynamics<\/span> (<em>mime of emotions, emotional dictionary, how do I feel when?, how are you?, guess the card, emotional map, connecting<\/em>.) Y <span style=\"text-decoration: underline;\">games and individual dynamics<\/span> (dynamics of my emotional map, my visualization map, daily emotional development, etc.)<\/p>\n<\/li>\n<\/ul>\n<\/li>\n<\/ul>\n<p data-start=\"1393\" data-end=\"1419\"><span style=\"color: #b18a27;\"><strong data-start=\"1393\" data-end=\"1417\">Available languages:<\/strong><\/span><\/p>\n<ol>\n<li style=\"list-style-type: none;\">\n<ol data-start=\"1420\" data-end=\"1492\">\n<li data-start=\"1420\" data-end=\"1444\">\n<p data-start=\"1423\" data-end=\"1444\">Spanish \u2013 English<\/p>\n<\/li>\n<li data-start=\"1445\" data-end=\"1470\">\n<p data-start=\"1448\" data-end=\"1470\">Spanish \u2013 Catalan<\/p>\n<\/li>\n<li data-start=\"1471\" data-end=\"1492\">\n<p data-start=\"1474\" data-end=\"1492\">Catalan \u2013 English<\/p>\n<\/li>\n<\/ol>\n<\/li>\n<\/ol>\n<p>NOTE: The cards have inspirational images on one side and the concept of value and its definition on the other.<\/p>","protected":false},"excerpt":{"rendered":"<p>For anyone who wants to develop their emotional intelligence, or that of their children or teams. Starting by acquiring emotional language and recognizing the emotions in oneself and in others in order to manage them. Improving both your mental health and interpersonal relationships.<\/p>\n<p>The aim of the EMOTIONS GAME is to take a step forward in the development of emotional intelligence. To play both alone, as a couple, family, friends or team.<\/p>","protected":false},"featured_media":17593,"template":"","meta":{"_eb_attr":"","_crdt_document":""},"product_brand":[],"product_cat":[121880,121900],"product_tag":[],"class_list":["post-2111","product","type-product","status-publish","has-post-thumbnail","product_cat-emociones","product_cat-familias","first","instock","taxable","shipping-taxable","purchasable","product-type-simple"],"yoast_head":"<!-- This site is optimized with the Yoast SEO Premium plugin v20.8 (Yoast SEO v27.5) - https:\/\/yoast.com\/product\/yoast-seo-premium-wordpress\/ -->\n<title>KitCo Emociones &#8211; KitCo<\/title>\n<meta name=\"description\" content=\"Pack de emociones con juegos individuales y grupales para, de forma divertida y profunda, aprender a reconocer y gestionar nuestras emociones.\" \/>\n<meta name=\"robots\" content=\"index, follow, max-snippet:-1, max-image-preview:large, max-video-preview:-1\" \/>\n<link rel=\"canonical\" href=\"https:\/\/tukitco.net\/en\/product\/juego-de-emociones\/\" \/>\n<meta property=\"og:locale\" content=\"en_US\" \/>\n<meta property=\"og:type\" content=\"article\" \/>\n<meta property=\"og:title\" content=\"KitCo Emociones\" \/>\n<meta property=\"og:description\" content=\"Para cualquier persona que quiera desarrollar su inteligencia emocional, o la de sus hijos o equipos.\u00a0 Empezando por adquirir lenguaje emocional y reconociendo las emociones\u00a0 en s\u00ed mismo\/a y en los dem\u00e1s para as\u00ed poder gestionarlas. Mejorando tanto su salud mental como las relaciones interpersonales.  El objetivo del JUEGO DE EMOCIONES es dar un paso adelante en el desarrollo de la inteligencia emocional. Para jugar tanto s\u00f3lo, como en pareja, familia amigos o equipo.\" \/>\n<meta property=\"og:url\" content=\"https:\/\/tukitco.net\/en\/product\/juego-de-emociones\/\" \/>\n<meta property=\"og:site_name\" content=\"KitCo\" \/>\n<meta property=\"article:publisher\" content=\"https:\/\/www.facebook.com\/KitCoCoaching\/\" \/>\n<meta property=\"article:modified_time\" content=\"2025-09-10T20:22:52+00:00\" \/>\n<meta property=\"og:image\" content=\"https:\/\/tukitco.net\/wp-content\/uploads\/2023\/01\/Emocions-3.jpg\" \/>\n\t<meta property=\"og:image:width\" content=\"1063\" \/>\n\t<meta property=\"og:image:height\" content=\"886\" \/>\n\t<meta property=\"og:image:type\" content=\"image\/jpeg\" \/>\n<meta name=\"twitter:card\" content=\"summary_large_image\" \/>\n<meta name=\"twitter:site\" content=\"@ElsaGimnez\" \/>\n<meta name=\"twitter:label1\" content=\"Est. reading time\" \/>\n\t<meta name=\"twitter:data1\" content=\"2 minutes\" \/>\n<script type=\"application\/ld+json\" class=\"yoast-schema-graph\">{\"@context\":\"https:\\\/\\\/schema.org\",\"@graph\":[{\"@type\":\"WebPage\",\"@id\":\"https:\\\/\\\/tukitco.net\\\/producto\\\/juego-de-emociones\\\/\",\"url\":\"https:\\\/\\\/tukitco.net\\\/producto\\\/juego-de-emociones\\\/\",\"name\":\"KitCo Emociones &#8211; KitCo\",\"isPartOf\":{\"@id\":\"https:\\\/\\\/tukitco.net\\\/#website\"},\"primaryImageOfPage\":{\"@id\":\"https:\\\/\\\/tukitco.net\\\/producto\\\/juego-de-emociones\\\/#primaryimage\"},\"image\":{\"@id\":\"https:\\\/\\\/tukitco.net\\\/producto\\\/juego-de-emociones\\\/#primaryimage\"},\"thumbnailUrl\":\"https:\\\/\\\/i0.wp.com\\\/tukitco.net\\\/wp-content\\\/uploads\\\/2023\\\/01\\\/Emocions-3.jpg?fit=1063%2C886&ssl=1\",\"datePublished\":\"2020-07-28T06:50:17+00:00\",\"dateModified\":\"2025-09-10T20:22:52+00:00\",\"description\":\"Pack de emociones con juegos individuales y grupales para, de forma divertida y profunda, aprender a reconocer y gestionar nuestras emociones.\",\"breadcrumb\":{\"@id\":\"https:\\\/\\\/tukitco.net\\\/producto\\\/juego-de-emociones\\\/#breadcrumb\"},\"inLanguage\":\"en-US\",\"potentialAction\":[{\"@type\":\"ReadAction\",\"target\":[\"https:\\\/\\\/tukitco.net\\\/producto\\\/juego-de-emociones\\\/\"]}]},{\"@type\":\"ImageObject\",\"inLanguage\":\"en-US\",\"@id\":\"https:\\\/\\\/tukitco.net\\\/producto\\\/juego-de-emociones\\\/#primaryimage\",\"url\":\"https:\\\/\\\/i0.wp.com\\\/tukitco.net\\\/wp-content\\\/uploads\\\/2023\\\/01\\\/Emocions-3.jpg?fit=1063%2C886&ssl=1\",\"contentUrl\":\"https:\\\/\\\/i0.wp.com\\\/tukitco.net\\\/wp-content\\\/uploads\\\/2023\\\/01\\\/Emocions-3.jpg?fit=1063%2C886&ssl=1\",\"width\":1063,\"height\":886},{\"@type\":\"BreadcrumbList\",\"@id\":\"https:\\\/\\\/tukitco.net\\\/producto\\\/juego-de-emociones\\\/#breadcrumb\",\"itemListElement\":[{\"@type\":\"ListItem\",\"position\":1,\"name\":\"Portada\",\"item\":\"https:\\\/\\\/tukitco.net\\\/\"},{\"@type\":\"ListItem\",\"position\":2,\"name\":\"Tienda\",\"item\":\"https:\\\/\\\/tukitco.net\\\/tienda\\\/\"},{\"@type\":\"ListItem\",\"position\":3,\"name\":\"KitCo Emociones\"}]},{\"@type\":\"WebSite\",\"@id\":\"https:\\\/\\\/tukitco.net\\\/#website\",\"url\":\"https:\\\/\\\/tukitco.net\\\/\",\"name\":\"KitCo\",\"description\":\"Juegos de Talentos, Valores y Emociones\",\"publisher\":{\"@id\":\"https:\\\/\\\/tukitco.net\\\/#organization\"},\"potentialAction\":[{\"@type\":\"SearchAction\",\"target\":{\"@type\":\"EntryPoint\",\"urlTemplate\":\"https:\\\/\\\/tukitco.net\\\/?s={search_term_string}\"},\"query-input\":{\"@type\":\"PropertyValueSpecification\",\"valueRequired\":true,\"valueName\":\"search_term_string\"}}],\"inLanguage\":\"en-US\"},{\"@type\":\"Organization\",\"@id\":\"https:\\\/\\\/tukitco.net\\\/#organization\",\"name\":\"KitCo For personal development\",\"url\":\"https:\\\/\\\/tukitco.net\\\/\",\"logo\":{\"@type\":\"ImageObject\",\"inLanguage\":\"en-US\",\"@id\":\"https:\\\/\\\/tukitco.net\\\/#\\\/schema\\\/logo\\\/image\\\/\",\"url\":\"https:\\\/\\\/tukitco.net\\\/wp-content\\\/uploads\\\/2020\\\/06\\\/KITCO-COR-FONDO-TRANSPARENTE-GORDO-8-SOLO-CARA-1.png\",\"contentUrl\":\"https:\\\/\\\/tukitco.net\\\/wp-content\\\/uploads\\\/2020\\\/06\\\/KITCO-COR-FONDO-TRANSPARENTE-GORDO-8-SOLO-CARA-1.png\",\"width\":1618,\"height\":1622,\"caption\":\"KitCo For personal development\"},\"image\":{\"@id\":\"https:\\\/\\\/tukitco.net\\\/#\\\/schema\\\/logo\\\/image\\\/\"},\"sameAs\":[\"https:\\\/\\\/www.facebook.com\\\/KitCoCoaching\\\/\",\"https:\\\/\\\/x.com\\\/ElsaGimnez\",\"https:\\\/\\\/www.instagram.com\\\/tukitco\\\/\",\"https:\\\/\\\/www.linkedin.com\\\/company\\\/tukitco\\\/\",\"https:\\\/\\\/www.youtube.com\\\/channel\\\/UCPAGQ-h0cDjdBnT87RvFK8w\"]}]}<\/script>\n<!-- \/ Yoast SEO Premium plugin. -->","yoast_head_json":{"title":"KitCo Emociones &#8211; KitCo","description":"Pack de emociones con juegos individuales y grupales para, de forma divertida y profunda, aprender a reconocer y gestionar nuestras emociones.","robots":{"index":"index","follow":"follow","max-snippet":"max-snippet:-1","max-image-preview":"max-image-preview:large","max-video-preview":"max-video-preview:-1"},"canonical":"https:\/\/tukitco.net\/en\/product\/juego-de-emociones\/","og_locale":"en_US","og_type":"article","og_title":"KitCo Emociones","og_description":"Para cualquier persona que quiera desarrollar su inteligencia emocional, o la de sus hijos o equipos.\u00a0 Empezando por adquirir lenguaje emocional y reconociendo las emociones\u00a0 en s\u00ed mismo\/a y en los dem\u00e1s para as\u00ed poder gestionarlas. Mejorando tanto su salud mental como las relaciones interpersonales.  El objetivo del JUEGO DE EMOCIONES es dar un paso adelante en el desarrollo de la inteligencia emocional. Para jugar tanto s\u00f3lo, como en pareja, familia amigos o equipo.","og_url":"https:\/\/tukitco.net\/en\/product\/juego-de-emociones\/","og_site_name":"KitCo","article_publisher":"https:\/\/www.facebook.com\/KitCoCoaching\/","article_modified_time":"2025-09-10T20:22:52+00:00","og_image":[{"width":1063,"height":886,"url":"https:\/\/tukitco.net\/wp-content\/uploads\/2023\/01\/Emocions-3.jpg","type":"image\/jpeg"}],"twitter_card":"summary_large_image","twitter_site":"@ElsaGimnez","twitter_misc":{"Est. reading time":"2 minutes"},"schema":{"@context":"https:\/\/schema.org","@graph":[{"@type":"WebPage","@id":"https:\/\/tukitco.net\/producto\/juego-de-emociones\/","url":"https:\/\/tukitco.net\/producto\/juego-de-emociones\/","name":"KitCo Emociones &#8211; KitCo","isPartOf":{"@id":"https:\/\/tukitco.net\/#website"},"primaryImageOfPage":{"@id":"https:\/\/tukitco.net\/producto\/juego-de-emociones\/#primaryimage"},"image":{"@id":"https:\/\/tukitco.net\/producto\/juego-de-emociones\/#primaryimage"},"thumbnailUrl":"https:\/\/i0.wp.com\/tukitco.net\/wp-content\/uploads\/2023\/01\/Emocions-3.jpg?fit=1063%2C886&ssl=1","datePublished":"2020-07-28T06:50:17+00:00","dateModified":"2025-09-10T20:22:52+00:00","description":"Pack de emociones con juegos individuales y grupales para, de forma divertida y profunda, aprender a reconocer y gestionar nuestras emociones.","breadcrumb":{"@id":"https:\/\/tukitco.net\/producto\/juego-de-emociones\/#breadcrumb"},"inLanguage":"en-US","potentialAction":[{"@type":"ReadAction","target":["https:\/\/tukitco.net\/producto\/juego-de-emociones\/"]}]},{"@type":"ImageObject","inLanguage":"en-US","@id":"https:\/\/tukitco.net\/producto\/juego-de-emociones\/#primaryimage","url":"https:\/\/i0.wp.com\/tukitco.net\/wp-content\/uploads\/2023\/01\/Emocions-3.jpg?fit=1063%2C886&ssl=1","contentUrl":"https:\/\/i0.wp.com\/tukitco.net\/wp-content\/uploads\/2023\/01\/Emocions-3.jpg?fit=1063%2C886&ssl=1","width":1063,"height":886},{"@type":"BreadcrumbList","@id":"https:\/\/tukitco.net\/producto\/juego-de-emociones\/#breadcrumb","itemListElement":[{"@type":"ListItem","position":1,"name":"Portada","item":"https:\/\/tukitco.net\/"},{"@type":"ListItem","position":2,"name":"Tienda","item":"https:\/\/tukitco.net\/tienda\/"},{"@type":"ListItem","position":3,"name":"KitCo Emociones"}]},{"@type":"WebSite","@id":"https:\/\/tukitco.net\/#website","url":"https:\/\/tukitco.net\/","name":"KitCo","description":"Games of Talents, Values and Emotions","publisher":{"@id":"https:\/\/tukitco.net\/#organization"},"potentialAction":[{"@type":"SearchAction","target":{"@type":"EntryPoint","urlTemplate":"https:\/\/tukitco.net\/?s={search_term_string}"},"query-input":{"@type":"PropertyValueSpecification","valueRequired":true,"valueName":"search_term_string"}}],"inLanguage":"en-US"},{"@type":"Organization","@id":"https:\/\/tukitco.net\/#organization","name":"KitCo For personal development","url":"https:\/\/tukitco.net\/","logo":{"@type":"ImageObject","inLanguage":"en-US","@id":"https:\/\/tukitco.net\/#\/schema\/logo\/image\/","url":"https:\/\/tukitco.net\/wp-content\/uploads\/2020\/06\/KITCO-COR-FONDO-TRANSPARENTE-GORDO-8-SOLO-CARA-1.png","contentUrl":"https:\/\/tukitco.net\/wp-content\/uploads\/2020\/06\/KITCO-COR-FONDO-TRANSPARENTE-GORDO-8-SOLO-CARA-1.png","width":1618,"height":1622,"caption":"KitCo For personal development"},"image":{"@id":"https:\/\/tukitco.net\/#\/schema\/logo\/image\/"},"sameAs":["https:\/\/www.facebook.com\/KitCoCoaching\/","https:\/\/x.com\/ElsaGimnez","https:\/\/www.instagram.com\/tukitco\/","https:\/\/www.linkedin.com\/company\/tukitco\/","https:\/\/www.youtube.com\/channel\/UCPAGQ-h0cDjdBnT87RvFK8w"]}]}},"jetpack_likes_enabled":true,"jetpack-related-posts":[{"id":18599,"url":"https:\/\/tukitco.net\/en\/product\/tu-guia-digital-kitco-juegos-y-dinamicas-individuales-y-grupales-para-el-autoconocimiento-desarrollo-personal-e-inteligencia-emocional\/","url_meta":{"origin":2111,"position":0},"title":"Your KitCo Digital Guide","author":"kitco.contact","date":"31 July, 2023","format":false,"excerpt":"Your KitCo Guide. Games and Dynamics for Self-knowledge, Personal Development and Emotional Intelligence. To do individually or in groups, in teams, as a family, with friends or as a couple.","rel":"","context":"Similar post","block_context":{"text":"Similar post","link":""},"img":{"alt_text":"","src":"https:\/\/i0.wp.com\/tukitco.net\/wp-content\/uploads\/2023\/01\/GUIAS-DIGITALES-IMAGENES-PORTADA-1.jpg?fit=1080%2C1080&ssl=1&resize=350%2C200","width":350,"height":200,"srcset":"https:\/\/i0.wp.com\/tukitco.net\/wp-content\/uploads\/2023\/01\/GUIAS-DIGITALES-IMAGENES-PORTADA-1.jpg?fit=1080%2C1080&ssl=1&resize=350%2C200 1x, https:\/\/i0.wp.com\/tukitco.net\/wp-content\/uploads\/2023\/01\/GUIAS-DIGITALES-IMAGENES-PORTADA-1.jpg?fit=1080%2C1080&ssl=1&resize=525%2C300 1.5x, https:\/\/i0.wp.com\/tukitco.net\/wp-content\/uploads\/2023\/01\/GUIAS-DIGITALES-IMAGENES-PORTADA-1.jpg?fit=1080%2C1080&ssl=1&resize=700%2C400 2x, https:\/\/i0.wp.com\/tukitco.net\/wp-content\/uploads\/2023\/01\/GUIAS-DIGITALES-IMAGENES-PORTADA-1.jpg?fit=1080%2C1080&ssl=1&resize=1050%2C600 3x"},"classes":[]},{"id":21830,"url":"https:\/\/tukitco.net\/en\/product\/pack-kitco-profesional-especial-para-talleres-grupales\/","url_meta":{"origin":2111,"position":1},"title":"Combo Pack 4 KitCo Professional \u2013 Complete Experience","author":"kitco.contact","date":"2 May, 2024","format":false,"excerpt":"Pack KitCo Profesional (especial talleres grupales): Juegos y din\u00e1micas para acompa\u00f1ar a los alumn@s a sacar lo mejor de s\u00ed mism@s.\u00a0Basado en tres pilares:\u00a0Talentos, Valores y Emociones.","rel":"","context":"Similar post","block_context":{"text":"Similar post","link":""},"img":{"alt_text":"","src":"https:\/\/i0.wp.com\/tukitco.net\/wp-content\/uploads\/2024\/04\/2023-Fotos-KitCo-Contenido.png?fit=1063%2C886&ssl=1&resize=350%2C200","width":350,"height":200,"srcset":"https:\/\/i0.wp.com\/tukitco.net\/wp-content\/uploads\/2024\/04\/2023-Fotos-KitCo-Contenido.png?fit=1063%2C886&ssl=1&resize=350%2C200 1x, https:\/\/i0.wp.com\/tukitco.net\/wp-content\/uploads\/2024\/04\/2023-Fotos-KitCo-Contenido.png?fit=1063%2C886&ssl=1&resize=525%2C300 1.5x, https:\/\/i0.wp.com\/tukitco.net\/wp-content\/uploads\/2024\/04\/2023-Fotos-KitCo-Contenido.png?fit=1063%2C886&ssl=1&resize=700%2C400 2x, https:\/\/i0.wp.com\/tukitco.net\/wp-content\/uploads\/2024\/04\/2023-Fotos-KitCo-Contenido.png?fit=1063%2C886&ssl=1&resize=1050%2C600 3x"},"classes":[]},{"id":23081,"url":"https:\/\/tukitco.net\/en\/product\/pack-profesional-4-kitco-profesionales-experiencia-completa-copy\/","url_meta":{"origin":2111,"position":2},"title":"Professional Pack: 4 Professional KitCo Kits \u2013 Complete Experience \u2013","author":"kitco.contact","date":"14 October, 2024","format":false,"excerpt":"Pack KitCo Profesional (especial talleres grupales): Juegos y din\u00e1micas para acompa\u00f1ar a los alumn@s a sacar lo mejor de s\u00ed mism@s.\u00a0Basado en tres pilares:\u00a0Talentos, Valores y Emociones.","rel":"","context":"Similar post","block_context":{"text":"Similar post","link":""},"img":{"alt_text":"","src":"https:\/\/i0.wp.com\/tukitco.net\/wp-content\/uploads\/2024\/04\/2023-Fotos-KitCo-Contenido.png?fit=1063%2C886&ssl=1&resize=350%2C200","width":350,"height":200,"srcset":"https:\/\/i0.wp.com\/tukitco.net\/wp-content\/uploads\/2024\/04\/2023-Fotos-KitCo-Contenido.png?fit=1063%2C886&ssl=1&resize=350%2C200 1x, https:\/\/i0.wp.com\/tukitco.net\/wp-content\/uploads\/2024\/04\/2023-Fotos-KitCo-Contenido.png?fit=1063%2C886&ssl=1&resize=525%2C300 1.5x, https:\/\/i0.wp.com\/tukitco.net\/wp-content\/uploads\/2024\/04\/2023-Fotos-KitCo-Contenido.png?fit=1063%2C886&ssl=1&resize=700%2C400 2x, https:\/\/i0.wp.com\/tukitco.net\/wp-content\/uploads\/2024\/04\/2023-Fotos-KitCo-Contenido.png?fit=1063%2C886&ssl=1&resize=1050%2C600 3x"},"classes":[]},{"id":7979,"url":"https:\/\/tukitco.net\/en\/product\/kitco-escuelas-educacion-del-ser-experiencia-completa\/","url_meta":{"origin":2111,"position":3},"title":"KitCo Schools \u2013 Education of the Self \u2013 Full Experience","author":"kitco.contact","date":"21 September, 2021","format":false,"excerpt":"KitCo Escuelas Experiencia Completa:\u00a0Juegos y din\u00e1micas para acompa\u00f1ar a los alumn@s a sacar lo mejor de s\u00ed mism@s.\u00a0Basado en tres pilares:\u00a0Talentos, Valores y Emociones.","rel":"","context":"Similar post","block_context":{"text":"Similar post","link":""},"img":{"alt_text":"","src":"https:\/\/i0.wp.com\/tukitco.net\/wp-content\/uploads\/2021\/09\/Diseno-sin-titulo-50.jpg?fit=1200%2C675&ssl=1&resize=350%2C200","width":350,"height":200,"srcset":"https:\/\/i0.wp.com\/tukitco.net\/wp-content\/uploads\/2021\/09\/Diseno-sin-titulo-50.jpg?fit=1200%2C675&ssl=1&resize=350%2C200 1x, https:\/\/i0.wp.com\/tukitco.net\/wp-content\/uploads\/2021\/09\/Diseno-sin-titulo-50.jpg?fit=1200%2C675&ssl=1&resize=525%2C300 1.5x, https:\/\/i0.wp.com\/tukitco.net\/wp-content\/uploads\/2021\/09\/Diseno-sin-titulo-50.jpg?fit=1200%2C675&ssl=1&resize=700%2C400 2x, https:\/\/i0.wp.com\/tukitco.net\/wp-content\/uploads\/2021\/09\/Diseno-sin-titulo-50.jpg?fit=1200%2C675&ssl=1&resize=1050%2C600 3x"},"classes":[]},{"id":18005,"url":"https:\/\/tukitco.net\/en\/product\/kitco-escuelas-educacion-del-ser-experiencia-completa-affiliate\/","url_meta":{"origin":2111,"position":4},"title":"KitCo Schools \u2013 Education of Being \u2013 Complete experience \u2013 With discount","author":"kitco.contact","date":"16 February, 2023","format":false,"excerpt":"KitCo Escuelas Experiencia Completa:\u00a0Juegos y din\u00e1micas para acompa\u00f1ar a los alumn@s a sacar lo mejor de s\u00ed mism@s.\u00a0Basado en tres pilares:\u00a0Talentos, Valores y Emociones.","rel":"","context":"Similar post","block_context":{"text":"Similar post","link":""},"img":{"alt_text":"","src":"https:\/\/i0.wp.com\/tukitco.net\/wp-content\/uploads\/2021\/09\/Diseno-sin-titulo-50.jpg?fit=1200%2C675&ssl=1&resize=350%2C200","width":350,"height":200,"srcset":"https:\/\/i0.wp.com\/tukitco.net\/wp-content\/uploads\/2021\/09\/Diseno-sin-titulo-50.jpg?fit=1200%2C675&ssl=1&resize=350%2C200 1x, https:\/\/i0.wp.com\/tukitco.net\/wp-content\/uploads\/2021\/09\/Diseno-sin-titulo-50.jpg?fit=1200%2C675&ssl=1&resize=525%2C300 1.5x, https:\/\/i0.wp.com\/tukitco.net\/wp-content\/uploads\/2021\/09\/Diseno-sin-titulo-50.jpg?fit=1200%2C675&ssl=1&resize=700%2C400 2x, https:\/\/i0.wp.com\/tukitco.net\/wp-content\/uploads\/2021\/09\/Diseno-sin-titulo-50.jpg?fit=1200%2C675&ssl=1&resize=1050%2C600 3x"},"classes":[]},{"id":19576,"url":"https:\/\/tukitco.net\/en\/product\/pack-ahorro-4-kitco-escuelas-proyecto-steamcat\/","url_meta":{"origin":2111,"position":5},"title":"SAVINGS PACK: 4 KitCo Schools \u2013 Education of Being \u2013 Complete Experience \u2013 SteamCat Project","author":"kitco.contact","date":"21 February, 2024","format":false,"excerpt":"KitCo Escuelas Experiencia Completa:\u00a0Juegos y din\u00e1micas para acompa\u00f1ar a los alumn@s a sacar lo mejor de s\u00ed mism@s.\u00a0Basado en tres pilares:\u00a0Talentos, Valores y Emociones.","rel":"","context":"Similar post","block_context":{"text":"Similar post","link":""},"img":{"alt_text":"","src":"https:\/\/i0.wp.com\/tukitco.net\/wp-content\/uploads\/2021\/09\/Diseno-sin-titulo-50.jpg?fit=1200%2C675&ssl=1&resize=350%2C200","width":350,"height":200,"srcset":"https:\/\/i0.wp.com\/tukitco.net\/wp-content\/uploads\/2021\/09\/Diseno-sin-titulo-50.jpg?fit=1200%2C675&ssl=1&resize=350%2C200 1x, https:\/\/i0.wp.com\/tukitco.net\/wp-content\/uploads\/2021\/09\/Diseno-sin-titulo-50.jpg?fit=1200%2C675&ssl=1&resize=525%2C300 1.5x, https:\/\/i0.wp.com\/tukitco.net\/wp-content\/uploads\/2021\/09\/Diseno-sin-titulo-50.jpg?fit=1200%2C675&ssl=1&resize=700%2C400 2x, https:\/\/i0.wp.com\/tukitco.net\/wp-content\/uploads\/2021\/09\/Diseno-sin-titulo-50.jpg?fit=1200%2C675&ssl=1&resize=1050%2C600 3x"},"classes":[]}],"jetpack_sharing_enabled":true,"_links":{"self":[{"href":"https:\/\/tukitco.net\/en\/wp-json\/wp\/v2\/product\/2111","targetHints":{"allow":["GET"]}}],"collection":[{"href":"https:\/\/tukitco.net\/en\/wp-json\/wp\/v2\/product"}],"about":[{"href":"https:\/\/tukitco.net\/en\/wp-json\/wp\/v2\/types\/product"}],"version-history":[{"count":13,"href":"https:\/\/tukitco.net\/en\/wp-json\/wp\/v2\/product\/2111\/revisions"}],"predecessor-version":[{"id":29239,"href":"https:\/\/tukitco.net\/en\/wp-json\/wp\/v2\/product\/2111\/revisions\/29239"}],"wp:featuredmedia":[{"embeddable":true,"href":"https:\/\/tukitco.net\/en\/wp-json\/wp\/v2\/media\/17593"}],"wp:attachment":[{"href":"https:\/\/tukitco.net\/en\/wp-json\/wp\/v2\/media?parent=2111"}],"wp:term":[{"taxonomy":"product_brand","embeddable":true,"href":"https:\/\/tukitco.net\/en\/wp-json\/wp\/v2\/product_brand?post=2111"},{"taxonomy":"product_cat","embeddable":true,"href":"https:\/\/tukitco.net\/en\/wp-json\/wp\/v2\/product_cat?post=2111"},{"taxonomy":"product_tag","embeddable":true,"href":"https:\/\/tukitco.net\/en\/wp-json\/wp\/v2\/product_tag?post=2111"}],"curies":[{"name":"wp","href":"https:\/\/api.w.org\/{rel}","templated":true}]}}