{"id":2122,"date":"2020-07-28T08:29:33","date_gmt":"2020-07-28T08:29:33","guid":{"rendered":"https:\/\/tukitco.net\/?post_type=product&#038;p=2122"},"modified":"2025-10-13T15:28:45","modified_gmt":"2025-10-13T15:28:45","slug":"juego-de-valores","status":"publish","type":"product","link":"https:\/\/tukitco.net\/en\/product\/juego-de-valores\/","title":{"rendered":"KitCo Values"},"content":{"rendered":"<h2 data-start=\"187\" data-end=\"256\"><span style=\"color: #b18a27;\"><strong>KitCo Values: the game that turns values into real decisions and connections<\/strong><\/span><\/h2>\n<p data-start=\"258\" data-end=\"536\"><strong data-start=\"258\" data-end=\"289\">Discover, share, and apply<\/strong> The values that give meaning to who you are and how you work: in teams, classrooms, or at home. With simple and powerful activities, KitCo Values helps you <strong data-start=\"430\" data-end=\"466\">moving from theory to practice<\/strong>: better conversations, clearer agreements and a climate of trust.<\/p>\n<p data-start=\"258\" data-end=\"536\"><span style=\"color: #b18a27;\"><strong>Why will you love it?<\/strong><\/span><\/p>\n<ul>\n<li style=\"list-style-type: none;\">\n<ul>\n<li data-start=\"569\" data-end=\"657\"><strong data-start=\"569\" data-end=\"599\">Decisions with consistency:<\/strong> Focus on what&#039;s important and avoid repeated conflicts.<\/li>\n<li data-start=\"660\" data-end=\"766\"><strong data-start=\"660\" data-end=\"690\">More authentic relationships:<\/strong> common language to talk (without judgment) about what each person needs.<\/li>\n<li data-start=\"769\" data-end=\"843\"><strong data-start=\"769\" data-end=\"786\">Living culture:<\/strong> It transforms values into observable habits and agreements.<\/li>\n<\/ul>\n<\/li>\n<\/ul>\n<p><strong><span style=\"color: #b18a27;\">Who is it for?<\/span><\/strong><\/p>\n<ul>\n<li style=\"list-style-type: none;\">\n<ul>\n<li data-start=\"865\" data-end=\"944\"><strong data-start=\"865\" data-end=\"878\">Companies:<\/strong> aligned teams, easier feedback, purposeful leadership.<\/li>\n<li data-start=\"947\" data-end=\"1023\"><strong data-start=\"947\" data-end=\"960\">Schools:<\/strong> tutoring, coexistence and meaningful education.<\/li>\n<li data-start=\"1026\" data-end=\"1095\"><strong data-start=\"1026\" data-end=\"1039\">Families:<\/strong> clear rules, mutual respect, and agreements that are honored.<\/li>\n<\/ul>\n<\/li>\n<\/ul>\n<p><strong><span style=\"color: #b18a27;\">What does it include?<\/span><\/strong><\/p>\n<ul>\n<li style=\"list-style-type: none;\">\n<ul>\n<li data-start=\"1115\" data-end=\"1189\"><strong data-start=\"1115\" data-end=\"1139\">56 stock cards<\/strong> with inspiring images + concepts and definitions.<\/li>\n<li data-start=\"1192\" data-end=\"1233\"><strong data-start=\"1192\" data-end=\"1211\">Small cloth bags<\/strong> (one small one for letters and another medium one for easy transport).<\/li>\n<li data-start=\"1236\" data-end=\"1288\"><strong data-start=\"1236\" data-end=\"1257\">Stress ball<\/strong> (energizes and breaks the ice).<\/li>\n<li data-start=\"1291\" data-end=\"1384\"><strong data-start=\"1291\" data-end=\"1306\">Online guide<\/strong> with games and activities <strong data-start=\"1330\" data-end=\"1357\">individual and group<\/strong> (company\/school\/family).<\/li>\n<li data-start=\"1291\" data-end=\"1384\"><strong data-start=\"1506\" data-end=\"1515\">Note: <\/strong><span style=\"color: #333333; font-size: 1rem;\">\u00a0The cards have inspirational images on one side and the concept of value and its definition on the other.<\/span><\/li>\n<\/ul>\n<\/li>\n<\/ul>\n<p><strong><span style=\"color: #b18a27;\">Available languages:<\/span><\/strong><\/p>\n<p>(1) Spanish\u2013English \u00b7 (2) Spanish\u2013Catalan \u00b7 (3) Catalan\u2013English<\/p>\n<p><strong><span style=\"color: #b18a27;\">How do you play?<\/span><\/strong><\/p>\n<p><strong data-start=\"131\" data-end=\"175\">There are different games, both individual and group, depending on your objective.<\/strong> The <strong data-start=\"179\" data-end=\"194\">Online guide<\/strong> It recommends the appropriate dynamic (company\/school\/family) and guides you step by step. Access it from the <strong data-start=\"562\" data-end=\"575\">QR\/link<\/strong> of the kit.<\/p>\n<p><strong><span style=\"color: #b18a27;\">What results will you see?<\/span><\/strong><\/p>\n<ul>\n<li style=\"list-style-type: none;\">\n<ul>\n<li data-start=\"1728\" data-end=\"1777\">Further <strong data-start=\"1732\" data-end=\"1744\">clarity<\/strong> in priorities and expectations.<\/li>\n<li data-start=\"1780\" data-end=\"1819\">Less <strong data-start=\"1786\" data-end=\"1800\">frictions<\/strong> and misunderstandings.<\/li>\n<li data-start=\"1822\" data-end=\"1884\">Further <strong data-start=\"1826\" data-end=\"1840\">commitment<\/strong> reached agreements.<\/li>\n<\/ul>\n<\/li>\n<\/ul>\n<p><strong><span style=\"color: #b18a27;\">Mini FAQ\u00a0<\/span><\/strong><\/p>\n<p data-start=\"2033\" data-end=\"2318\"><strong data-start=\"2033\" data-end=\"2064\">Do I need prior training?<\/strong> No. The guide takes you through it step by step.<br data-start=\"2098\" data-end=\"2101\" \/><strong data-start=\"2101\" data-end=\"2123\">Recommended age?<\/strong> From 6-7 years old (with an adult) and with no upper limit.<br data-start=\"2178\" data-end=\"2181\" \/><strong data-start=\"2181\" data-end=\"2211\">How long does a game or activity last?<\/strong> Between 20 and 50 minutes.<\/p>","protected":false},"excerpt":{"rendered":"<p><strong data-start=\"132\" data-end=\"181\"><span style=\"color: #b18a27;\">KitCo Values<\/span><\/strong>. <strong data-start=\"132\" data-end=\"181\">Turn values into action: <\/strong>\u00a0Discover, share, and apply what truly matters. Put your values into practice.<strong> More consistent decisions, better relationships <span style=\"color: #000000;\">authentic.<\/span><\/strong><\/p>","protected":false},"featured_media":15739,"template":"","meta":{"_eb_attr":"","_crdt_document":""},"product_brand":[],"product_cat":[121879],"product_tag":[],"class_list":["post-2122","product","type-product","status-publish","has-post-thumbnail","product_cat-valores","first","instock","taxable","shipping-taxable","purchasable","product-type-simple"],"yoast_head":"<!-- This site is optimized with the Yoast SEO Premium plugin v20.8 (Yoast SEO v27.6) - https:\/\/yoast.com\/product\/yoast-seo-premium-wordpress\/ -->\n<title>KitCo Valores &#8211; KitCo<\/title>\n<meta name=\"description\" content=\"KitCo Valores permite tomar consciencia de nuestros valores, tanto los personales, como grupales, ya sea de pareja, familia, amigos, equipos, etc. Tomar consciencia de los valores nos ayuda adoptar decisiones para vivir una vida en coherencia y armon\u00eda.\" \/>\n<meta name=\"robots\" content=\"index, follow, max-snippet:-1, max-image-preview:large, max-video-preview:-1\" \/>\n<link rel=\"canonical\" href=\"https:\/\/tukitco.net\/en\/product\/juego-de-valores\/\" \/>\n<meta property=\"og:locale\" content=\"en_US\" \/>\n<meta property=\"og:type\" content=\"article\" \/>\n<meta property=\"og:title\" content=\"KitCo Valores\" \/>\n<meta property=\"og:description\" content=\"KitCo Valores. Convierte los valores en acci\u00f3n: \u00a0Descubre, comparte y aplica lo que de verdad importa. Pon tus valores en pr\u00e1ctica. Decisiones m\u00e1s coherentes, relaciones m\u00e1s aut\u00e9nticas.\" \/>\n<meta property=\"og:url\" content=\"https:\/\/tukitco.net\/en\/product\/juego-de-valores\/\" \/>\n<meta property=\"og:site_name\" content=\"KitCo\" \/>\n<meta property=\"article:publisher\" content=\"https:\/\/www.facebook.com\/KitCoCoaching\/\" \/>\n<meta property=\"article:modified_time\" content=\"2025-10-13T15:28:45+00:00\" \/>\n<meta property=\"og:image\" content=\"https:\/\/tukitco.net\/wp-content\/uploads\/2020\/07\/Diseno-sin-titulo-8.jpg\" \/>\n\t<meta property=\"og:image:width\" content=\"1920\" \/>\n\t<meta property=\"og:image:height\" content=\"1080\" \/>\n\t<meta property=\"og:image:type\" content=\"image\/jpeg\" \/>\n<meta name=\"twitter:card\" content=\"summary_large_image\" \/>\n<meta name=\"twitter:site\" content=\"@ElsaGimnez\" \/>\n<meta name=\"twitter:label1\" content=\"Est. reading time\" \/>\n\t<meta name=\"twitter:data1\" content=\"2 minutes\" \/>\n<script type=\"application\/ld+json\" class=\"yoast-schema-graph\">{\"@context\":\"https:\\\/\\\/schema.org\",\"@graph\":[{\"@type\":\"WebPage\",\"@id\":\"https:\\\/\\\/tukitco.net\\\/producto\\\/juego-de-valores\\\/\",\"url\":\"https:\\\/\\\/tukitco.net\\\/producto\\\/juego-de-valores\\\/\",\"name\":\"KitCo Valores &#8211; KitCo\",\"isPartOf\":{\"@id\":\"https:\\\/\\\/tukitco.net\\\/#website\"},\"primaryImageOfPage\":{\"@id\":\"https:\\\/\\\/tukitco.net\\\/producto\\\/juego-de-valores\\\/#primaryimage\"},\"image\":{\"@id\":\"https:\\\/\\\/tukitco.net\\\/producto\\\/juego-de-valores\\\/#primaryimage\"},\"thumbnailUrl\":\"https:\\\/\\\/i0.wp.com\\\/tukitco.net\\\/wp-content\\\/uploads\\\/2020\\\/07\\\/Diseno-sin-titulo-8.jpg?fit=1920%2C1080&ssl=1\",\"datePublished\":\"2020-07-28T08:29:33+00:00\",\"dateModified\":\"2025-10-13T15:28:45+00:00\",\"description\":\"KitCo Valores permite tomar consciencia de nuestros valores, tanto los personales, como grupales, ya sea de pareja, familia, amigos, equipos, etc. Tomar consciencia de los valores nos ayuda adoptar decisiones para vivir una vida en coherencia y armon\u00eda.\",\"breadcrumb\":{\"@id\":\"https:\\\/\\\/tukitco.net\\\/producto\\\/juego-de-valores\\\/#breadcrumb\"},\"inLanguage\":\"en-US\",\"potentialAction\":[{\"@type\":\"ReadAction\",\"target\":[\"https:\\\/\\\/tukitco.net\\\/producto\\\/juego-de-valores\\\/\"]}]},{\"@type\":\"ImageObject\",\"inLanguage\":\"en-US\",\"@id\":\"https:\\\/\\\/tukitco.net\\\/producto\\\/juego-de-valores\\\/#primaryimage\",\"url\":\"https:\\\/\\\/i0.wp.com\\\/tukitco.net\\\/wp-content\\\/uploads\\\/2020\\\/07\\\/Diseno-sin-titulo-8.jpg?fit=1920%2C1080&ssl=1\",\"contentUrl\":\"https:\\\/\\\/i0.wp.com\\\/tukitco.net\\\/wp-content\\\/uploads\\\/2020\\\/07\\\/Diseno-sin-titulo-8.jpg?fit=1920%2C1080&ssl=1\",\"width\":1920,\"height\":1080},{\"@type\":\"BreadcrumbList\",\"@id\":\"https:\\\/\\\/tukitco.net\\\/producto\\\/juego-de-valores\\\/#breadcrumb\",\"itemListElement\":[{\"@type\":\"ListItem\",\"position\":1,\"name\":\"Portada\",\"item\":\"https:\\\/\\\/tukitco.net\\\/\"},{\"@type\":\"ListItem\",\"position\":2,\"name\":\"Tienda\",\"item\":\"https:\\\/\\\/tukitco.net\\\/tienda\\\/\"},{\"@type\":\"ListItem\",\"position\":3,\"name\":\"KitCo Valores\"}]},{\"@type\":\"WebSite\",\"@id\":\"https:\\\/\\\/tukitco.net\\\/#website\",\"url\":\"https:\\\/\\\/tukitco.net\\\/\",\"name\":\"KitCo\",\"description\":\"Juegos de Talentos, Valores y Emociones\",\"publisher\":{\"@id\":\"https:\\\/\\\/tukitco.net\\\/#organization\"},\"potentialAction\":[{\"@type\":\"SearchAction\",\"target\":{\"@type\":\"EntryPoint\",\"urlTemplate\":\"https:\\\/\\\/tukitco.net\\\/?s={search_term_string}\"},\"query-input\":{\"@type\":\"PropertyValueSpecification\",\"valueRequired\":true,\"valueName\":\"search_term_string\"}}],\"inLanguage\":\"en-US\"},{\"@type\":\"Organization\",\"@id\":\"https:\\\/\\\/tukitco.net\\\/#organization\",\"name\":\"KitCo For personal development\",\"url\":\"https:\\\/\\\/tukitco.net\\\/\",\"logo\":{\"@type\":\"ImageObject\",\"inLanguage\":\"en-US\",\"@id\":\"https:\\\/\\\/tukitco.net\\\/#\\\/schema\\\/logo\\\/image\\\/\",\"url\":\"https:\\\/\\\/tukitco.net\\\/wp-content\\\/uploads\\\/2020\\\/06\\\/KITCO-COR-FONDO-TRANSPARENTE-GORDO-8-SOLO-CARA-1.png\",\"contentUrl\":\"https:\\\/\\\/tukitco.net\\\/wp-content\\\/uploads\\\/2020\\\/06\\\/KITCO-COR-FONDO-TRANSPARENTE-GORDO-8-SOLO-CARA-1.png\",\"width\":1618,\"height\":1622,\"caption\":\"KitCo For personal development\"},\"image\":{\"@id\":\"https:\\\/\\\/tukitco.net\\\/#\\\/schema\\\/logo\\\/image\\\/\"},\"sameAs\":[\"https:\\\/\\\/www.facebook.com\\\/KitCoCoaching\\\/\",\"https:\\\/\\\/x.com\\\/ElsaGimnez\",\"https:\\\/\\\/www.instagram.com\\\/tukitco\\\/\",\"https:\\\/\\\/www.linkedin.com\\\/company\\\/tukitco\\\/\",\"https:\\\/\\\/www.youtube.com\\\/channel\\\/UCPAGQ-h0cDjdBnT87RvFK8w\"]}]}<\/script>\n<!-- \/ Yoast SEO Premium plugin. -->","yoast_head_json":{"title":"KitCo Valores &#8211; KitCo","description":"KitCo Valores permite tomar consciencia de nuestros valores, tanto los personales, como grupales, ya sea de pareja, familia, amigos, equipos, etc. Tomar consciencia de los valores nos ayuda adoptar decisiones para vivir una vida en coherencia y armon\u00eda.","robots":{"index":"index","follow":"follow","max-snippet":"max-snippet:-1","max-image-preview":"max-image-preview:large","max-video-preview":"max-video-preview:-1"},"canonical":"https:\/\/tukitco.net\/en\/product\/juego-de-valores\/","og_locale":"en_US","og_type":"article","og_title":"KitCo Valores","og_description":"KitCo Valores. Convierte los valores en acci\u00f3n: \u00a0Descubre, comparte y aplica lo que de verdad importa. Pon tus valores en pr\u00e1ctica. Decisiones m\u00e1s coherentes, relaciones m\u00e1s aut\u00e9nticas.","og_url":"https:\/\/tukitco.net\/en\/product\/juego-de-valores\/","og_site_name":"KitCo","article_publisher":"https:\/\/www.facebook.com\/KitCoCoaching\/","article_modified_time":"2025-10-13T15:28:45+00:00","og_image":[{"width":1920,"height":1080,"url":"https:\/\/tukitco.net\/wp-content\/uploads\/2020\/07\/Diseno-sin-titulo-8.jpg","type":"image\/jpeg"}],"twitter_card":"summary_large_image","twitter_site":"@ElsaGimnez","twitter_misc":{"Est. reading time":"2 minutes"},"schema":{"@context":"https:\/\/schema.org","@graph":[{"@type":"WebPage","@id":"https:\/\/tukitco.net\/producto\/juego-de-valores\/","url":"https:\/\/tukitco.net\/producto\/juego-de-valores\/","name":"KitCo Valores &#8211; KitCo","isPartOf":{"@id":"https:\/\/tukitco.net\/#website"},"primaryImageOfPage":{"@id":"https:\/\/tukitco.net\/producto\/juego-de-valores\/#primaryimage"},"image":{"@id":"https:\/\/tukitco.net\/producto\/juego-de-valores\/#primaryimage"},"thumbnailUrl":"https:\/\/i0.wp.com\/tukitco.net\/wp-content\/uploads\/2020\/07\/Diseno-sin-titulo-8.jpg?fit=1920%2C1080&ssl=1","datePublished":"2020-07-28T08:29:33+00:00","dateModified":"2025-10-13T15:28:45+00:00","description":"KitCo Valores permite tomar consciencia de nuestros valores, tanto los personales, como grupales, ya sea de pareja, familia, amigos, equipos, etc. Tomar consciencia de los valores nos ayuda adoptar decisiones para vivir una vida en coherencia y armon\u00eda.","breadcrumb":{"@id":"https:\/\/tukitco.net\/producto\/juego-de-valores\/#breadcrumb"},"inLanguage":"en-US","potentialAction":[{"@type":"ReadAction","target":["https:\/\/tukitco.net\/producto\/juego-de-valores\/"]}]},{"@type":"ImageObject","inLanguage":"en-US","@id":"https:\/\/tukitco.net\/producto\/juego-de-valores\/#primaryimage","url":"https:\/\/i0.wp.com\/tukitco.net\/wp-content\/uploads\/2020\/07\/Diseno-sin-titulo-8.jpg?fit=1920%2C1080&ssl=1","contentUrl":"https:\/\/i0.wp.com\/tukitco.net\/wp-content\/uploads\/2020\/07\/Diseno-sin-titulo-8.jpg?fit=1920%2C1080&ssl=1","width":1920,"height":1080},{"@type":"BreadcrumbList","@id":"https:\/\/tukitco.net\/producto\/juego-de-valores\/#breadcrumb","itemListElement":[{"@type":"ListItem","position":1,"name":"Portada","item":"https:\/\/tukitco.net\/"},{"@type":"ListItem","position":2,"name":"Tienda","item":"https:\/\/tukitco.net\/tienda\/"},{"@type":"ListItem","position":3,"name":"KitCo Valores"}]},{"@type":"WebSite","@id":"https:\/\/tukitco.net\/#website","url":"https:\/\/tukitco.net\/","name":"KitCo","description":"Games of Talents, Values and Emotions","publisher":{"@id":"https:\/\/tukitco.net\/#organization"},"potentialAction":[{"@type":"SearchAction","target":{"@type":"EntryPoint","urlTemplate":"https:\/\/tukitco.net\/?s={search_term_string}"},"query-input":{"@type":"PropertyValueSpecification","valueRequired":true,"valueName":"search_term_string"}}],"inLanguage":"en-US"},{"@type":"Organization","@id":"https:\/\/tukitco.net\/#organization","name":"KitCo For personal development","url":"https:\/\/tukitco.net\/","logo":{"@type":"ImageObject","inLanguage":"en-US","@id":"https:\/\/tukitco.net\/#\/schema\/logo\/image\/","url":"https:\/\/tukitco.net\/wp-content\/uploads\/2020\/06\/KITCO-COR-FONDO-TRANSPARENTE-GORDO-8-SOLO-CARA-1.png","contentUrl":"https:\/\/tukitco.net\/wp-content\/uploads\/2020\/06\/KITCO-COR-FONDO-TRANSPARENTE-GORDO-8-SOLO-CARA-1.png","width":1618,"height":1622,"caption":"KitCo For personal development"},"image":{"@id":"https:\/\/tukitco.net\/#\/schema\/logo\/image\/"},"sameAs":["https:\/\/www.facebook.com\/KitCoCoaching\/","https:\/\/x.com\/ElsaGimnez","https:\/\/www.instagram.com\/tukitco\/","https:\/\/www.linkedin.com\/company\/tukitco\/","https:\/\/www.youtube.com\/channel\/UCPAGQ-h0cDjdBnT87RvFK8w"]}]}},"jetpack_likes_enabled":true,"jetpack-related-posts":[{"id":8283,"url":"https:\/\/tukitco.net\/en\/product\/kitco-coherencia-con-tu-esencia\/","url_meta":{"origin":2122,"position":0},"title":"KitCo Coherence with your essence","author":"kitco.contact","date":"29 September, 2021","format":false,"excerpt":"KitCo \"Coherencia con mi esencia\" te permitir\u00e1 descubrir tus talentos y tus valores y analizar c\u00f3mo de presente los est\u00e1s teniendo en tu vida. Lo que te llevar\u00e1 a establecer un plan de acci\u00f3n para mejorar tu satisfacci\u00f3n y coherencia para una vida m\u00e1s plena.","rel":"","context":"Similar post","block_context":{"text":"Similar post","link":""},"img":{"alt_text":"","src":"https:\/\/i0.wp.com\/tukitco.net\/wp-content\/uploads\/2021\/03\/Diseno-sin-titulo-25.jpg?fit=1200%2C675&ssl=1&resize=350%2C200","width":350,"height":200,"srcset":"https:\/\/i0.wp.com\/tukitco.net\/wp-content\/uploads\/2021\/03\/Diseno-sin-titulo-25.jpg?fit=1200%2C675&ssl=1&resize=350%2C200 1x, https:\/\/i0.wp.com\/tukitco.net\/wp-content\/uploads\/2021\/03\/Diseno-sin-titulo-25.jpg?fit=1200%2C675&ssl=1&resize=525%2C300 1.5x, https:\/\/i0.wp.com\/tukitco.net\/wp-content\/uploads\/2021\/03\/Diseno-sin-titulo-25.jpg?fit=1200%2C675&ssl=1&resize=700%2C400 2x, https:\/\/i0.wp.com\/tukitco.net\/wp-content\/uploads\/2021\/03\/Diseno-sin-titulo-25.jpg?fit=1200%2C675&ssl=1&resize=1050%2C600 3x"},"classes":[]},{"id":2128,"url":"https:\/\/tukitco.net\/en\/product\/juego-de-talentos\/","url_meta":{"origin":2122,"position":1},"title":"KitCo Talents","author":"kitco.contact","date":"28 July, 2020","format":false,"excerpt":"Descubre lo que te hace \u00fanico y ponlo en acci\u00f3n. KitCo Talentos es la herramienta que conecta tu autenticidad con nuevas oportunidades de crecimiento, motivaci\u00f3n y bienestar. Los talentos son el motor de desarrollo y la fuerza que transforma los equipos. Con KitCo Talentos descubrir\u00e1s el valor \u00fanico de cada\u2026","rel":"","context":"Similar post","block_context":{"text":"Similar post","link":""},"img":{"alt_text":"","src":"https:\/\/i0.wp.com\/tukitco.net\/wp-content\/uploads\/2020\/04\/P4043061-1.png?fit=1102%2C595&ssl=1&resize=350%2C200","width":350,"height":200,"srcset":"https:\/\/i0.wp.com\/tukitco.net\/wp-content\/uploads\/2020\/04\/P4043061-1.png?fit=1102%2C595&ssl=1&resize=350%2C200 1x, https:\/\/i0.wp.com\/tukitco.net\/wp-content\/uploads\/2020\/04\/P4043061-1.png?fit=1102%2C595&ssl=1&resize=525%2C300 1.5x, https:\/\/i0.wp.com\/tukitco.net\/wp-content\/uploads\/2020\/04\/P4043061-1.png?fit=1102%2C595&ssl=1&resize=700%2C400 2x, https:\/\/i0.wp.com\/tukitco.net\/wp-content\/uploads\/2020\/04\/P4043061-1.png?fit=1102%2C595&ssl=1&resize=1050%2C600 3x"},"classes":[]},{"id":21830,"url":"https:\/\/tukitco.net\/en\/product\/pack-kitco-profesional-especial-para-talleres-grupales\/","url_meta":{"origin":2122,"position":2},"title":"Combo Pack 4 KitCo Professional \u2013 Complete Experience","author":"kitco.contact","date":"2 May, 2024","format":false,"excerpt":"Pack KitCo Profesional (especial talleres grupales): Juegos y din\u00e1micas para acompa\u00f1ar a los alumn@s a sacar lo mejor de s\u00ed mism@s.\u00a0Basado en tres pilares:\u00a0Talentos, Valores y Emociones.","rel":"","context":"Similar post","block_context":{"text":"Similar post","link":""},"img":{"alt_text":"","src":"https:\/\/i0.wp.com\/tukitco.net\/wp-content\/uploads\/2024\/04\/2023-Fotos-KitCo-Contenido.png?fit=1063%2C886&ssl=1&resize=350%2C200","width":350,"height":200,"srcset":"https:\/\/i0.wp.com\/tukitco.net\/wp-content\/uploads\/2024\/04\/2023-Fotos-KitCo-Contenido.png?fit=1063%2C886&ssl=1&resize=350%2C200 1x, https:\/\/i0.wp.com\/tukitco.net\/wp-content\/uploads\/2024\/04\/2023-Fotos-KitCo-Contenido.png?fit=1063%2C886&ssl=1&resize=525%2C300 1.5x, https:\/\/i0.wp.com\/tukitco.net\/wp-content\/uploads\/2024\/04\/2023-Fotos-KitCo-Contenido.png?fit=1063%2C886&ssl=1&resize=700%2C400 2x, https:\/\/i0.wp.com\/tukitco.net\/wp-content\/uploads\/2024\/04\/2023-Fotos-KitCo-Contenido.png?fit=1063%2C886&ssl=1&resize=1050%2C600 3x"},"classes":[]},{"id":23081,"url":"https:\/\/tukitco.net\/en\/product\/pack-profesional-4-kitco-profesionales-experiencia-completa-copy\/","url_meta":{"origin":2122,"position":3},"title":"Professional Pack: 4 Professional KitCo Kits \u2013 Complete Experience \u2013","author":"kitco.contact","date":"14 October, 2024","format":false,"excerpt":"Pack KitCo Profesional (especial talleres grupales): Juegos y din\u00e1micas para acompa\u00f1ar a los alumn@s a sacar lo mejor de s\u00ed mism@s.\u00a0Basado en tres pilares:\u00a0Talentos, Valores y Emociones.","rel":"","context":"Similar post","block_context":{"text":"Similar post","link":""},"img":{"alt_text":"","src":"https:\/\/i0.wp.com\/tukitco.net\/wp-content\/uploads\/2024\/04\/2023-Fotos-KitCo-Contenido.png?fit=1063%2C886&ssl=1&resize=350%2C200","width":350,"height":200,"srcset":"https:\/\/i0.wp.com\/tukitco.net\/wp-content\/uploads\/2024\/04\/2023-Fotos-KitCo-Contenido.png?fit=1063%2C886&ssl=1&resize=350%2C200 1x, https:\/\/i0.wp.com\/tukitco.net\/wp-content\/uploads\/2024\/04\/2023-Fotos-KitCo-Contenido.png?fit=1063%2C886&ssl=1&resize=525%2C300 1.5x, https:\/\/i0.wp.com\/tukitco.net\/wp-content\/uploads\/2024\/04\/2023-Fotos-KitCo-Contenido.png?fit=1063%2C886&ssl=1&resize=700%2C400 2x, https:\/\/i0.wp.com\/tukitco.net\/wp-content\/uploads\/2024\/04\/2023-Fotos-KitCo-Contenido.png?fit=1063%2C886&ssl=1&resize=1050%2C600 3x"},"classes":[]},{"id":11258,"url":"https:\/\/tukitco.net\/en\/product\/kitco-profesional-afiliados\/","url_meta":{"origin":2122,"position":4},"title":"KitCo Professional with discount","author":"kitco.contact","date":"8 February, 2022","format":false,"excerpt":"KitCo profesional tiene dos funcionalidades principales: (1) Como herramienta de apoyo visual para hacer tus propias din\u00e1micas como profesional. Dispones de\u00a0 139 cartas con im\u00e1genes inspiradoras en una cara y el concepto y definici\u00f3n en la otra. 33 cartas de talentos, 50 cartas de emociones y 56 cartas de valores.\u00a0\u2026","rel":"","context":"Similar post","block_context":{"text":"Similar post","link":""},"img":{"alt_text":"","src":"https:\/\/i0.wp.com\/tukitco.net\/wp-content\/uploads\/2020\/10\/KitCo-Packaging.jpg?fit=1200%2C942&ssl=1&resize=350%2C200","width":350,"height":200,"srcset":"https:\/\/i0.wp.com\/tukitco.net\/wp-content\/uploads\/2020\/10\/KitCo-Packaging.jpg?fit=1200%2C942&ssl=1&resize=350%2C200 1x, https:\/\/i0.wp.com\/tukitco.net\/wp-content\/uploads\/2020\/10\/KitCo-Packaging.jpg?fit=1200%2C942&ssl=1&resize=525%2C300 1.5x, https:\/\/i0.wp.com\/tukitco.net\/wp-content\/uploads\/2020\/10\/KitCo-Packaging.jpg?fit=1200%2C942&ssl=1&resize=700%2C400 2x, https:\/\/i0.wp.com\/tukitco.net\/wp-content\/uploads\/2020\/10\/KitCo-Packaging.jpg?fit=1200%2C942&ssl=1&resize=1050%2C600 3x"},"classes":[]},{"id":21170,"url":"https:\/\/tukitco.net\/en\/product\/pack-kitco-escuelas-educacion-del-ser-experiencia-completa\/","url_meta":{"origin":2122,"position":5},"title":"Pack 4 KitCo Schools Complete Experience Education of Being","author":"kitco.contact","date":"16 April, 2024","format":false,"excerpt":"Pack KitCo Escuelas Experiencia Completa Educaci\u00f3n del Ser: m\u00e1s que un Kit de juegos, es una herramienta educativa para enriquecer el ambiente en el aula y promover el desarrollo integral del alumno\/a para sacar lo mejor de s\u00ed mismo\/a. Basado en recursos como juegos y din\u00e1micas de Talentos, Valores y\u2026","rel":"","context":"Similar post","block_context":{"text":"Similar post","link":""},"img":{"alt_text":"","src":"https:\/\/i0.wp.com\/tukitco.net\/wp-content\/uploads\/2021\/09\/Diseno-sin-titulo-50.jpg?fit=1200%2C675&ssl=1&resize=350%2C200","width":350,"height":200,"srcset":"https:\/\/i0.wp.com\/tukitco.net\/wp-content\/uploads\/2021\/09\/Diseno-sin-titulo-50.jpg?fit=1200%2C675&ssl=1&resize=350%2C200 1x, https:\/\/i0.wp.com\/tukitco.net\/wp-content\/uploads\/2021\/09\/Diseno-sin-titulo-50.jpg?fit=1200%2C675&ssl=1&resize=525%2C300 1.5x, https:\/\/i0.wp.com\/tukitco.net\/wp-content\/uploads\/2021\/09\/Diseno-sin-titulo-50.jpg?fit=1200%2C675&ssl=1&resize=700%2C400 2x, https:\/\/i0.wp.com\/tukitco.net\/wp-content\/uploads\/2021\/09\/Diseno-sin-titulo-50.jpg?fit=1200%2C675&ssl=1&resize=1050%2C600 3x"},"classes":[]}],"jetpack_sharing_enabled":true,"_links":{"self":[{"href":"https:\/\/tukitco.net\/en\/wp-json\/wp\/v2\/product\/2122","targetHints":{"allow":["GET"]}}],"collection":[{"href":"https:\/\/tukitco.net\/en\/wp-json\/wp\/v2\/product"}],"about":[{"href":"https:\/\/tukitco.net\/en\/wp-json\/wp\/v2\/types\/product"}],"version-history":[{"count":19,"href":"https:\/\/tukitco.net\/en\/wp-json\/wp\/v2\/product\/2122\/revisions"}],"predecessor-version":[{"id":8299,"href":"https:\/\/tukitco.net\/en\/wp-json\/wp\/v2\/product\/2122\/revisions\/8299"}],"wp:featuredmedia":[{"embeddable":true,"href":"https:\/\/tukitco.net\/en\/wp-json\/wp\/v2\/media\/15739"}],"wp:attachment":[{"href":"https:\/\/tukitco.net\/en\/wp-json\/wp\/v2\/media?parent=2122"}],"wp:term":[{"taxonomy":"product_brand","embeddable":true,"href":"https:\/\/tukitco.net\/en\/wp-json\/wp\/v2\/product_brand?post=2122"},{"taxonomy":"product_cat","embeddable":true,"href":"https:\/\/tukitco.net\/en\/wp-json\/wp\/v2\/product_cat?post=2122"},{"taxonomy":"product_tag","embeddable":true,"href":"https:\/\/tukitco.net\/en\/wp-json\/wp\/v2\/product_tag?post=2122"}],"curies":[{"name":"wp","href":"https:\/\/api.w.org\/{rel}","templated":true}]}}