{"id":2134,"date":"2020-07-28T08:41:40","date_gmt":"2020-07-28T08:41:40","guid":{"rendered":"https:\/\/tukitco.net\/?post_type=product&#038;p=2134"},"modified":"2024-10-14T17:40:30","modified_gmt":"2024-10-14T17:40:30","slug":"kit-encuentra-tu-camino-tu-ikigai","status":"publish","type":"product","link":"https:\/\/tukitco.net\/en\/product\/kit-encuentra-tu-camino-tu-ikigai\/","title":{"rendered":"Kit \u201cFind your meaning, your ikigai\u201d"},"content":{"rendered":"<p>For adults who are not satisfied with their professional life and need to find their way, their meaning in life, reinvent themselves or improve their job satisfaction.<\/p>\n<p>For anyone who wants to do an exercise of self-knowledge and inquiry to find out what their ikigai is, their reason for being, what they like to do, what they are good at and what connects with what their environment, society or world needs. .<\/p>\n<p>Contains:<\/p>\n<ul>\n<li style=\"list-style-type: none;\">\n<ul>\n<li>33 talent cards<\/li>\n<li>56 stock cards<\/li>\n<li>Web link with content and downloadable files:\n<ul>\n<li>\u201cDiscover your Ikigai\u201d guide that includes instructions on:\n<ul>\n<li><em>(1) Dynamic discovering my Talents,<\/em><\/li>\n<li><em>(2) Dynamic discovering my Values,<\/em><\/li>\n<li><em>(3) Dynamic &quot;discovering my value proposition&quot;<\/em><\/li>\n<li><em>(4) Dynamics Discovering my profession\u00a0<\/em><\/li>\n<li><em>(5) Dynamic Discovering my ikigai<\/em><\/li>\n<\/ul>\n<\/li>\n<li>Test and talent template,<\/li>\n<li>Talents vs Professions Addendum<\/li>\n<\/ul>\n<\/li>\n<\/ul>\n<\/li>\n<\/ul>\n<p>&nbsp;<\/p>\n<p>Letters available in the following languages: (1) Spanish \u2013 English, (2) Spanish \u2013 Catalan, (3) Catalan \u2013 English<\/p>\n<p>NOTE: The cards have inspirational images on one side and the concept of value or talent and its definition on the other.<\/p>\n<p>&nbsp;<\/p>\n<ul>\n<li style=\"list-style-type: none;\">\n<ul>\n<li style=\"list-style-type: none;\">\n<ul>\n<li style=\"list-style-type: none;\"><\/li>\n<\/ul>\n<\/li>\n<\/ul>\n<\/li>\n<\/ul>","protected":false},"excerpt":{"rendered":"<p>For adults who are not satisfied with professional life and need to find their way, reinvent themselves or improve their job satisfaction.<\/p>\n<p>For anyone who wants to do an exercise of self-knowledge and inquiry to find out what their ikigai is, their reason for being, what they like to do, what they are good at and what connects with what their environment, society or world needs. .<\/p>","protected":false},"featured_media":5578,"template":"","meta":{"_eb_attr":"","_crdt_document":""},"product_brand":[],"product_cat":[121899,121897,121878,121879,121898],"product_tag":[],"class_list":["post-2134","product","type-product","status-publish","has-post-thumbnail","product_cat-ikigai","product_cat-profesion","product_cat-talentos","product_cat-valores","product_cat-vocacion","first","instock","taxable","shipping-taxable","purchasable","product-type-simple"],"yoast_head":"<!-- This site is optimized with the Yoast SEO Premium plugin v20.8 (Yoast SEO v27.5) - https:\/\/yoast.com\/product\/yoast-seo-premium-wordpress\/ -->\n<title>Kit &quot;Encuentra tu sentido, tu ikigai&quot; &#8211; KitCo<\/title>\n<meta name=\"robots\" content=\"index, follow, max-snippet:-1, max-image-preview:large, max-video-preview:-1\" \/>\n<link rel=\"canonical\" href=\"https:\/\/tukitco.net\/en\/product\/kit-encuentra-tu-camino-tu-ikigai\/\" \/>\n<meta property=\"og:locale\" content=\"en_US\" \/>\n<meta property=\"og:type\" content=\"article\" \/>\n<meta property=\"og:title\" content=\"Kit &quot;Encuentra tu sentido, tu ikigai&quot;\" \/>\n<meta property=\"og:description\" content=\"Para adultos que no est\u00e1n satisfechos con vida profesional y necesitan encontrar su camino, reinventarse o mejorar su satisfacci\u00f3n laboral.  Para cualquier persona que quiera hacer un ejercicio de autoconocimiento e indagaci\u00f3n para saber cu\u00e1l es su ikigai, su raz\u00f3n de ser, aquello que le gusta hacer, en lo que es bueno o buena y que conecta con lo que su entorno, sociedad o mundo necesita.\" \/>\n<meta property=\"og:url\" content=\"https:\/\/tukitco.net\/en\/product\/kit-encuentra-tu-camino-tu-ikigai\/\" \/>\n<meta property=\"og:site_name\" content=\"KitCo\" \/>\n<meta property=\"article:publisher\" content=\"https:\/\/www.facebook.com\/KitCoCoaching\/\" \/>\n<meta property=\"article:modified_time\" content=\"2024-10-14T17:40:30+00:00\" \/>\n<meta property=\"og:image\" content=\"https:\/\/i0.wp.com\/tukitco.net\/wp-content\/uploads\/2021\/03\/Captura-de-pantalla-2021-03-08-a-las-13.58.29.png?fit=1002%2C1004&ssl=1\" \/>\n\t<meta property=\"og:image:width\" content=\"1002\" \/>\n\t<meta property=\"og:image:height\" content=\"1004\" \/>\n\t<meta property=\"og:image:type\" content=\"image\/png\" \/>\n<meta name=\"twitter:card\" content=\"summary_large_image\" \/>\n<meta name=\"twitter:site\" content=\"@ElsaGimnez\" \/>\n<meta name=\"twitter:label1\" content=\"Est. reading time\" \/>\n\t<meta name=\"twitter:data1\" content=\"1 minute\" \/>\n<script type=\"application\/ld+json\" class=\"yoast-schema-graph\">{\"@context\":\"https:\\\/\\\/schema.org\",\"@graph\":[{\"@type\":\"WebPage\",\"@id\":\"https:\\\/\\\/tukitco.net\\\/producto\\\/kit-encuentra-tu-camino-tu-ikigai\\\/\",\"url\":\"https:\\\/\\\/tukitco.net\\\/producto\\\/kit-encuentra-tu-camino-tu-ikigai\\\/\",\"name\":\"Kit \\\"Encuentra tu sentido, tu ikigai\\\" &#8211; KitCo\",\"isPartOf\":{\"@id\":\"https:\\\/\\\/tukitco.net\\\/#website\"},\"primaryImageOfPage\":{\"@id\":\"https:\\\/\\\/tukitco.net\\\/producto\\\/kit-encuentra-tu-camino-tu-ikigai\\\/#primaryimage\"},\"image\":{\"@id\":\"https:\\\/\\\/tukitco.net\\\/producto\\\/kit-encuentra-tu-camino-tu-ikigai\\\/#primaryimage\"},\"thumbnailUrl\":\"https:\\\/\\\/i0.wp.com\\\/tukitco.net\\\/wp-content\\\/uploads\\\/2021\\\/03\\\/Captura-de-pantalla-2021-03-08-a-las-13.58.29.png?fit=1002%2C1004&ssl=1\",\"datePublished\":\"2020-07-28T08:41:40+00:00\",\"dateModified\":\"2024-10-14T17:40:30+00:00\",\"breadcrumb\":{\"@id\":\"https:\\\/\\\/tukitco.net\\\/producto\\\/kit-encuentra-tu-camino-tu-ikigai\\\/#breadcrumb\"},\"inLanguage\":\"en-US\",\"potentialAction\":[{\"@type\":\"ReadAction\",\"target\":[\"https:\\\/\\\/tukitco.net\\\/producto\\\/kit-encuentra-tu-camino-tu-ikigai\\\/\"]}]},{\"@type\":\"ImageObject\",\"inLanguage\":\"en-US\",\"@id\":\"https:\\\/\\\/tukitco.net\\\/producto\\\/kit-encuentra-tu-camino-tu-ikigai\\\/#primaryimage\",\"url\":\"https:\\\/\\\/i0.wp.com\\\/tukitco.net\\\/wp-content\\\/uploads\\\/2021\\\/03\\\/Captura-de-pantalla-2021-03-08-a-las-13.58.29.png?fit=1002%2C1004&ssl=1\",\"contentUrl\":\"https:\\\/\\\/i0.wp.com\\\/tukitco.net\\\/wp-content\\\/uploads\\\/2021\\\/03\\\/Captura-de-pantalla-2021-03-08-a-las-13.58.29.png?fit=1002%2C1004&ssl=1\",\"width\":1002,\"height\":1004,\"caption\":\"Ikigai\"},{\"@type\":\"BreadcrumbList\",\"@id\":\"https:\\\/\\\/tukitco.net\\\/producto\\\/kit-encuentra-tu-camino-tu-ikigai\\\/#breadcrumb\",\"itemListElement\":[{\"@type\":\"ListItem\",\"position\":1,\"name\":\"Portada\",\"item\":\"https:\\\/\\\/tukitco.net\\\/\"},{\"@type\":\"ListItem\",\"position\":2,\"name\":\"Tienda\",\"item\":\"https:\\\/\\\/tukitco.net\\\/tienda\\\/\"},{\"@type\":\"ListItem\",\"position\":3,\"name\":\"Kit &#8220;Encuentra tu sentido, tu ikigai&#8221;\"}]},{\"@type\":\"WebSite\",\"@id\":\"https:\\\/\\\/tukitco.net\\\/#website\",\"url\":\"https:\\\/\\\/tukitco.net\\\/\",\"name\":\"KitCo\",\"description\":\"Juegos de Talentos, Valores y Emociones\",\"publisher\":{\"@id\":\"https:\\\/\\\/tukitco.net\\\/#organization\"},\"potentialAction\":[{\"@type\":\"SearchAction\",\"target\":{\"@type\":\"EntryPoint\",\"urlTemplate\":\"https:\\\/\\\/tukitco.net\\\/?s={search_term_string}\"},\"query-input\":{\"@type\":\"PropertyValueSpecification\",\"valueRequired\":true,\"valueName\":\"search_term_string\"}}],\"inLanguage\":\"en-US\"},{\"@type\":\"Organization\",\"@id\":\"https:\\\/\\\/tukitco.net\\\/#organization\",\"name\":\"KitCo For personal development\",\"url\":\"https:\\\/\\\/tukitco.net\\\/\",\"logo\":{\"@type\":\"ImageObject\",\"inLanguage\":\"en-US\",\"@id\":\"https:\\\/\\\/tukitco.net\\\/#\\\/schema\\\/logo\\\/image\\\/\",\"url\":\"https:\\\/\\\/tukitco.net\\\/wp-content\\\/uploads\\\/2020\\\/06\\\/KITCO-COR-FONDO-TRANSPARENTE-GORDO-8-SOLO-CARA-1.png\",\"contentUrl\":\"https:\\\/\\\/tukitco.net\\\/wp-content\\\/uploads\\\/2020\\\/06\\\/KITCO-COR-FONDO-TRANSPARENTE-GORDO-8-SOLO-CARA-1.png\",\"width\":1618,\"height\":1622,\"caption\":\"KitCo For personal development\"},\"image\":{\"@id\":\"https:\\\/\\\/tukitco.net\\\/#\\\/schema\\\/logo\\\/image\\\/\"},\"sameAs\":[\"https:\\\/\\\/www.facebook.com\\\/KitCoCoaching\\\/\",\"https:\\\/\\\/x.com\\\/ElsaGimnez\",\"https:\\\/\\\/www.instagram.com\\\/tukitco\\\/\",\"https:\\\/\\\/www.linkedin.com\\\/company\\\/tukitco\\\/\",\"https:\\\/\\\/www.youtube.com\\\/channel\\\/UCPAGQ-h0cDjdBnT87RvFK8w\"]}]}<\/script>\n<!-- \/ Yoast SEO Premium plugin. -->","yoast_head_json":{"title":"Kit \"Encuentra tu sentido, tu ikigai\" &#8211; KitCo","robots":{"index":"index","follow":"follow","max-snippet":"max-snippet:-1","max-image-preview":"max-image-preview:large","max-video-preview":"max-video-preview:-1"},"canonical":"https:\/\/tukitco.net\/en\/product\/kit-encuentra-tu-camino-tu-ikigai\/","og_locale":"en_US","og_type":"article","og_title":"Kit \"Encuentra tu sentido, tu ikigai\"","og_description":"Para adultos que no est\u00e1n satisfechos con vida profesional y necesitan encontrar su camino, reinventarse o mejorar su satisfacci\u00f3n laboral.  Para cualquier persona que quiera hacer un ejercicio de autoconocimiento e indagaci\u00f3n para saber cu\u00e1l es su ikigai, su raz\u00f3n de ser, aquello que le gusta hacer, en lo que es bueno o buena y que conecta con lo que su entorno, sociedad o mundo necesita.","og_url":"https:\/\/tukitco.net\/en\/product\/kit-encuentra-tu-camino-tu-ikigai\/","og_site_name":"KitCo","article_publisher":"https:\/\/www.facebook.com\/KitCoCoaching\/","article_modified_time":"2024-10-14T17:40:30+00:00","og_image":[{"width":1002,"height":1004,"url":"https:\/\/i0.wp.com\/tukitco.net\/wp-content\/uploads\/2021\/03\/Captura-de-pantalla-2021-03-08-a-las-13.58.29.png?fit=1002%2C1004&ssl=1","type":"image\/png"}],"twitter_card":"summary_large_image","twitter_site":"@ElsaGimnez","twitter_misc":{"Est. reading time":"1 minute"},"schema":{"@context":"https:\/\/schema.org","@graph":[{"@type":"WebPage","@id":"https:\/\/tukitco.net\/producto\/kit-encuentra-tu-camino-tu-ikigai\/","url":"https:\/\/tukitco.net\/producto\/kit-encuentra-tu-camino-tu-ikigai\/","name":"Kit \"Encuentra tu sentido, tu ikigai\" &#8211; KitCo","isPartOf":{"@id":"https:\/\/tukitco.net\/#website"},"primaryImageOfPage":{"@id":"https:\/\/tukitco.net\/producto\/kit-encuentra-tu-camino-tu-ikigai\/#primaryimage"},"image":{"@id":"https:\/\/tukitco.net\/producto\/kit-encuentra-tu-camino-tu-ikigai\/#primaryimage"},"thumbnailUrl":"https:\/\/i0.wp.com\/tukitco.net\/wp-content\/uploads\/2021\/03\/Captura-de-pantalla-2021-03-08-a-las-13.58.29.png?fit=1002%2C1004&ssl=1","datePublished":"2020-07-28T08:41:40+00:00","dateModified":"2024-10-14T17:40:30+00:00","breadcrumb":{"@id":"https:\/\/tukitco.net\/producto\/kit-encuentra-tu-camino-tu-ikigai\/#breadcrumb"},"inLanguage":"en-US","potentialAction":[{"@type":"ReadAction","target":["https:\/\/tukitco.net\/producto\/kit-encuentra-tu-camino-tu-ikigai\/"]}]},{"@type":"ImageObject","inLanguage":"en-US","@id":"https:\/\/tukitco.net\/producto\/kit-encuentra-tu-camino-tu-ikigai\/#primaryimage","url":"https:\/\/i0.wp.com\/tukitco.net\/wp-content\/uploads\/2021\/03\/Captura-de-pantalla-2021-03-08-a-las-13.58.29.png?fit=1002%2C1004&ssl=1","contentUrl":"https:\/\/i0.wp.com\/tukitco.net\/wp-content\/uploads\/2021\/03\/Captura-de-pantalla-2021-03-08-a-las-13.58.29.png?fit=1002%2C1004&ssl=1","width":1002,"height":1004,"caption":"Ikigai"},{"@type":"BreadcrumbList","@id":"https:\/\/tukitco.net\/producto\/kit-encuentra-tu-camino-tu-ikigai\/#breadcrumb","itemListElement":[{"@type":"ListItem","position":1,"name":"Portada","item":"https:\/\/tukitco.net\/"},{"@type":"ListItem","position":2,"name":"Tienda","item":"https:\/\/tukitco.net\/tienda\/"},{"@type":"ListItem","position":3,"name":"Kit &#8220;Encuentra tu sentido, tu ikigai&#8221;"}]},{"@type":"WebSite","@id":"https:\/\/tukitco.net\/#website","url":"https:\/\/tukitco.net\/","name":"KitCo","description":"Games of Talents, Values and Emotions","publisher":{"@id":"https:\/\/tukitco.net\/#organization"},"potentialAction":[{"@type":"SearchAction","target":{"@type":"EntryPoint","urlTemplate":"https:\/\/tukitco.net\/?s={search_term_string}"},"query-input":{"@type":"PropertyValueSpecification","valueRequired":true,"valueName":"search_term_string"}}],"inLanguage":"en-US"},{"@type":"Organization","@id":"https:\/\/tukitco.net\/#organization","name":"KitCo For personal development","url":"https:\/\/tukitco.net\/","logo":{"@type":"ImageObject","inLanguage":"en-US","@id":"https:\/\/tukitco.net\/#\/schema\/logo\/image\/","url":"https:\/\/tukitco.net\/wp-content\/uploads\/2020\/06\/KITCO-COR-FONDO-TRANSPARENTE-GORDO-8-SOLO-CARA-1.png","contentUrl":"https:\/\/tukitco.net\/wp-content\/uploads\/2020\/06\/KITCO-COR-FONDO-TRANSPARENTE-GORDO-8-SOLO-CARA-1.png","width":1618,"height":1622,"caption":"KitCo For personal development"},"image":{"@id":"https:\/\/tukitco.net\/#\/schema\/logo\/image\/"},"sameAs":["https:\/\/www.facebook.com\/KitCoCoaching\/","https:\/\/x.com\/ElsaGimnez","https:\/\/www.instagram.com\/tukitco\/","https:\/\/www.linkedin.com\/company\/tukitco\/","https:\/\/www.youtube.com\/channel\/UCPAGQ-h0cDjdBnT87RvFK8w"]}]}},"jetpack_likes_enabled":true,"jetpack-related-posts":[{"id":21170,"url":"https:\/\/tukitco.net\/en\/product\/pack-kitco-escuelas-educacion-del-ser-experiencia-completa\/","url_meta":{"origin":2134,"position":0},"title":"Pack 4 KitCo Schools Complete Experience Education of Being","author":"kitco.contact","date":"16 April, 2024","format":false,"excerpt":"Pack KitCo Escuelas Experiencia Completa Educaci\u00f3n del Ser: m\u00e1s que un Kit de juegos, es una herramienta educativa para enriquecer el ambiente en el aula y promover el desarrollo integral del alumno\/a para sacar lo mejor de s\u00ed mismo\/a. Basado en recursos como juegos y din\u00e1micas de Talentos, Valores y\u2026","rel":"","context":"Similar post","block_context":{"text":"Similar post","link":""},"img":{"alt_text":"","src":"https:\/\/i0.wp.com\/tukitco.net\/wp-content\/uploads\/2021\/09\/Diseno-sin-titulo-50.jpg?fit=1200%2C675&ssl=1&resize=350%2C200","width":350,"height":200,"srcset":"https:\/\/i0.wp.com\/tukitco.net\/wp-content\/uploads\/2021\/09\/Diseno-sin-titulo-50.jpg?fit=1200%2C675&ssl=1&resize=350%2C200 1x, https:\/\/i0.wp.com\/tukitco.net\/wp-content\/uploads\/2021\/09\/Diseno-sin-titulo-50.jpg?fit=1200%2C675&ssl=1&resize=525%2C300 1.5x, https:\/\/i0.wp.com\/tukitco.net\/wp-content\/uploads\/2021\/09\/Diseno-sin-titulo-50.jpg?fit=1200%2C675&ssl=1&resize=700%2C400 2x, https:\/\/i0.wp.com\/tukitco.net\/wp-content\/uploads\/2021\/09\/Diseno-sin-titulo-50.jpg?fit=1200%2C675&ssl=1&resize=1050%2C600 3x"},"classes":[]},{"id":18005,"url":"https:\/\/tukitco.net\/en\/product\/kitco-escuelas-educacion-del-ser-experiencia-completa-affiliate\/","url_meta":{"origin":2134,"position":1},"title":"KitCo Schools \u2013 Education of Being \u2013 Complete experience \u2013 With discount","author":"kitco.contact","date":"16 February, 2023","format":false,"excerpt":"KitCo Escuelas Experiencia Completa:\u00a0Juegos y din\u00e1micas para acompa\u00f1ar a los alumn@s a sacar lo mejor de s\u00ed mism@s.\u00a0Basado en tres pilares:\u00a0Talentos, Valores y Emociones.","rel":"","context":"Similar post","block_context":{"text":"Similar post","link":""},"img":{"alt_text":"","src":"https:\/\/i0.wp.com\/tukitco.net\/wp-content\/uploads\/2021\/09\/Diseno-sin-titulo-50.jpg?fit=1200%2C675&ssl=1&resize=350%2C200","width":350,"height":200,"srcset":"https:\/\/i0.wp.com\/tukitco.net\/wp-content\/uploads\/2021\/09\/Diseno-sin-titulo-50.jpg?fit=1200%2C675&ssl=1&resize=350%2C200 1x, https:\/\/i0.wp.com\/tukitco.net\/wp-content\/uploads\/2021\/09\/Diseno-sin-titulo-50.jpg?fit=1200%2C675&ssl=1&resize=525%2C300 1.5x, https:\/\/i0.wp.com\/tukitco.net\/wp-content\/uploads\/2021\/09\/Diseno-sin-titulo-50.jpg?fit=1200%2C675&ssl=1&resize=700%2C400 2x, https:\/\/i0.wp.com\/tukitco.net\/wp-content\/uploads\/2021\/09\/Diseno-sin-titulo-50.jpg?fit=1200%2C675&ssl=1&resize=1050%2C600 3x"},"classes":[]},{"id":19576,"url":"https:\/\/tukitco.net\/en\/product\/pack-ahorro-4-kitco-escuelas-proyecto-steamcat\/","url_meta":{"origin":2134,"position":2},"title":"SAVINGS PACK: 4 KitCo Schools \u2013 Education of Being \u2013 Complete Experience \u2013 SteamCat Project","author":"kitco.contact","date":"21 February, 2024","format":false,"excerpt":"KitCo Escuelas Experiencia Completa:\u00a0Juegos y din\u00e1micas para acompa\u00f1ar a los alumn@s a sacar lo mejor de s\u00ed mism@s.\u00a0Basado en tres pilares:\u00a0Talentos, Valores y Emociones.","rel":"","context":"Similar post","block_context":{"text":"Similar post","link":""},"img":{"alt_text":"","src":"https:\/\/i0.wp.com\/tukitco.net\/wp-content\/uploads\/2021\/09\/Diseno-sin-titulo-50.jpg?fit=1200%2C675&ssl=1&resize=350%2C200","width":350,"height":200,"srcset":"https:\/\/i0.wp.com\/tukitco.net\/wp-content\/uploads\/2021\/09\/Diseno-sin-titulo-50.jpg?fit=1200%2C675&ssl=1&resize=350%2C200 1x, https:\/\/i0.wp.com\/tukitco.net\/wp-content\/uploads\/2021\/09\/Diseno-sin-titulo-50.jpg?fit=1200%2C675&ssl=1&resize=525%2C300 1.5x, https:\/\/i0.wp.com\/tukitco.net\/wp-content\/uploads\/2021\/09\/Diseno-sin-titulo-50.jpg?fit=1200%2C675&ssl=1&resize=700%2C400 2x, https:\/\/i0.wp.com\/tukitco.net\/wp-content\/uploads\/2021\/09\/Diseno-sin-titulo-50.jpg?fit=1200%2C675&ssl=1&resize=1050%2C600 3x"},"classes":[]},{"id":7979,"url":"https:\/\/tukitco.net\/en\/product\/kitco-escuelas-educacion-del-ser-experiencia-completa\/","url_meta":{"origin":2134,"position":3},"title":"KitCo Schools \u2013 Education of the Self \u2013 Full Experience","author":"kitco.contact","date":"21 September, 2021","format":false,"excerpt":"KitCo Escuelas Experiencia Completa:\u00a0Juegos y din\u00e1micas para acompa\u00f1ar a los alumn@s a sacar lo mejor de s\u00ed mism@s.\u00a0Basado en tres pilares:\u00a0Talentos, Valores y Emociones.","rel":"","context":"Similar post","block_context":{"text":"Similar post","link":""},"img":{"alt_text":"","src":"https:\/\/i0.wp.com\/tukitco.net\/wp-content\/uploads\/2021\/09\/Diseno-sin-titulo-50.jpg?fit=1200%2C675&ssl=1&resize=350%2C200","width":350,"height":200,"srcset":"https:\/\/i0.wp.com\/tukitco.net\/wp-content\/uploads\/2021\/09\/Diseno-sin-titulo-50.jpg?fit=1200%2C675&ssl=1&resize=350%2C200 1x, https:\/\/i0.wp.com\/tukitco.net\/wp-content\/uploads\/2021\/09\/Diseno-sin-titulo-50.jpg?fit=1200%2C675&ssl=1&resize=525%2C300 1.5x, https:\/\/i0.wp.com\/tukitco.net\/wp-content\/uploads\/2021\/09\/Diseno-sin-titulo-50.jpg?fit=1200%2C675&ssl=1&resize=700%2C400 2x, https:\/\/i0.wp.com\/tukitco.net\/wp-content\/uploads\/2021\/09\/Diseno-sin-titulo-50.jpg?fit=1200%2C675&ssl=1&resize=1050%2C600 3x"},"classes":[]},{"id":11258,"url":"https:\/\/tukitco.net\/en\/product\/kitco-profesional-afiliados\/","url_meta":{"origin":2134,"position":4},"title":"KitCo Professional with discount","author":"kitco.contact","date":"8 February, 2022","format":false,"excerpt":"KitCo profesional tiene dos funcionalidades principales: (1) Como herramienta de apoyo visual para hacer tus propias din\u00e1micas como profesional. Dispones de\u00a0 139 cartas con im\u00e1genes inspiradoras en una cara y el concepto y definici\u00f3n en la otra. 33 cartas de talentos, 50 cartas de emociones y 56 cartas de valores.\u00a0\u2026","rel":"","context":"Similar post","block_context":{"text":"Similar post","link":""},"img":{"alt_text":"","src":"https:\/\/i0.wp.com\/tukitco.net\/wp-content\/uploads\/2020\/10\/KitCo-Packaging.jpg?fit=1200%2C942&ssl=1&resize=350%2C200","width":350,"height":200,"srcset":"https:\/\/i0.wp.com\/tukitco.net\/wp-content\/uploads\/2020\/10\/KitCo-Packaging.jpg?fit=1200%2C942&ssl=1&resize=350%2C200 1x, https:\/\/i0.wp.com\/tukitco.net\/wp-content\/uploads\/2020\/10\/KitCo-Packaging.jpg?fit=1200%2C942&ssl=1&resize=525%2C300 1.5x, https:\/\/i0.wp.com\/tukitco.net\/wp-content\/uploads\/2020\/10\/KitCo-Packaging.jpg?fit=1200%2C942&ssl=1&resize=700%2C400 2x, https:\/\/i0.wp.com\/tukitco.net\/wp-content\/uploads\/2020\/10\/KitCo-Packaging.jpg?fit=1200%2C942&ssl=1&resize=1050%2C600 3x"},"classes":[]},{"id":8290,"url":"https:\/\/tukitco.net\/en\/product\/guia-de-kitco-experiencia-completa-impresa\/","url_meta":{"origin":2134,"position":5},"title":"KitCo Complete Experience Guide \u2013 Printed","author":"kitco.contact","date":"29 September, 2021","format":false,"excerpt":"Gu\u00eda digital de KitCo Experiencia Completa que incluye: (I) Din\u00e1micas y Juegos Grupales: nueve juegos de emociones (Adivina la Carta, \u00bfC\u00f3mo me siento cuando?, \u00bfC\u00f3mo est\u00e1s?, M\u00edmica de las Emociones, Conectamos, Diccionario Emocional, etc.)\u00a0 dos juegos de talentos y tres juegos de valores. (II) Din\u00e1micas y Juegos individuales: Din\u00e1mica del\u2026","rel":"","context":"Similar post","block_context":{"text":"Similar post","link":""},"img":{"alt_text":"","src":"https:\/\/i0.wp.com\/tukitco.net\/wp-content\/uploads\/2020\/10\/Copia-de-KITCO-PROFESIONAL-IMPRENTA-elsa-5.png?fit=857%2C1200&ssl=1&resize=350%2C200","width":350,"height":200,"srcset":"https:\/\/i0.wp.com\/tukitco.net\/wp-content\/uploads\/2020\/10\/Copia-de-KITCO-PROFESIONAL-IMPRENTA-elsa-5.png?fit=857%2C1200&ssl=1&resize=350%2C200 1x, https:\/\/i0.wp.com\/tukitco.net\/wp-content\/uploads\/2020\/10\/Copia-de-KITCO-PROFESIONAL-IMPRENTA-elsa-5.png?fit=857%2C1200&ssl=1&resize=525%2C300 1.5x, https:\/\/i0.wp.com\/tukitco.net\/wp-content\/uploads\/2020\/10\/Copia-de-KITCO-PROFESIONAL-IMPRENTA-elsa-5.png?fit=857%2C1200&ssl=1&resize=700%2C400 2x"},"classes":[]}],"jetpack_sharing_enabled":true,"_links":{"self":[{"href":"https:\/\/tukitco.net\/en\/wp-json\/wp\/v2\/product\/2134","targetHints":{"allow":["GET"]}}],"collection":[{"href":"https:\/\/tukitco.net\/en\/wp-json\/wp\/v2\/product"}],"about":[{"href":"https:\/\/tukitco.net\/en\/wp-json\/wp\/v2\/types\/product"}],"version-history":[{"count":5,"href":"https:\/\/tukitco.net\/en\/wp-json\/wp\/v2\/product\/2134\/revisions"}],"predecessor-version":[{"id":2135,"href":"https:\/\/tukitco.net\/en\/wp-json\/wp\/v2\/product\/2134\/revisions\/2135"}],"wp:featuredmedia":[{"embeddable":true,"href":"https:\/\/tukitco.net\/en\/wp-json\/wp\/v2\/media\/5578"}],"wp:attachment":[{"href":"https:\/\/tukitco.net\/en\/wp-json\/wp\/v2\/media?parent=2134"}],"wp:term":[{"taxonomy":"product_brand","embeddable":true,"href":"https:\/\/tukitco.net\/en\/wp-json\/wp\/v2\/product_brand?post=2134"},{"taxonomy":"product_cat","embeddable":true,"href":"https:\/\/tukitco.net\/en\/wp-json\/wp\/v2\/product_cat?post=2134"},{"taxonomy":"product_tag","embeddable":true,"href":"https:\/\/tukitco.net\/en\/wp-json\/wp\/v2\/product_tag?post=2134"}],"curies":[{"name":"wp","href":"https:\/\/api.w.org\/{rel}","templated":true}]}}