{"id":22470,"date":"2024-06-05T15:58:22","date_gmt":"2024-06-05T15:58:22","guid":{"rendered":"https:\/\/tukitco.net\/?post_type=product&#038;p=22470"},"modified":"2024-12-18T18:15:08","modified_gmt":"2024-12-18T18:15:08","slug":"webinar-gratuito-kitco","status":"publish","type":"product","link":"https:\/\/tukitco.net\/en\/product\/webinar-gratuito-kitco\/","title":{"rendered":"FREE WEBINAR (DAY OF YOUR CHOICE)"},"content":{"rendered":"<p><a href=\"https:\/\/forms.gle\/KGfrAUxyQoUGQZqB9\" target=\"_blank\" rel=\"noopener\">REGISTER HERE<\/a><\/p>","protected":false},"excerpt":{"rendered":"<p>Do you have questions about how to use the KitCo methodology? Do you need a demonstration of the games? Sign up for the free webinar and get all your questions answered! (If there&#039;s no date available right now, don&#039;t worry; we&#039;ll be posting new dates soon.).<\/p>","protected":false},"featured_media":22157,"template":"","meta":{"_eb_attr":"","_crdt_document":""},"product_brand":[],"product_cat":[121958,121960,121959,121961],"product_tag":[],"class_list":["post-22470","product","type-product","status-publish","has-post-thumbnail","product_cat-digital","product_cat-gratis","product_cat-no-idiomas","product_cat-webinar","first","instock","virtual","purchasable","product-type-simple"],"yoast_head":"<!-- This site is optimized with the Yoast SEO Premium plugin v20.8 (Yoast SEO v27.5) - https:\/\/yoast.com\/product\/yoast-seo-premium-wordpress\/ -->\n<title>WEBINAR GRATUITO (D\u00cdA A ESCOGER) &#8211; KitCo<\/title>\n<meta name=\"description\" content=\"\u00bfTienes dudas sobre c\u00f3mo utilizar la metodolog\u00eda KitCo? \u00bfNecesitas alguna demostraci\u00f3n de los juegos? \u00a1Ap\u00fantate al webinar gratuito y saldr\u00e1s de dudas!\" \/>\n<meta name=\"robots\" content=\"index, follow, max-snippet:-1, max-image-preview:large, max-video-preview:-1\" \/>\n<link rel=\"canonical\" href=\"https:\/\/tukitco.net\/en\/product\/webinar-gratuito-kitco\/\" \/>\n<meta property=\"og:locale\" content=\"en_US\" \/>\n<meta property=\"og:type\" content=\"article\" \/>\n<meta property=\"og:title\" content=\"WEBINAR GRATUITO (D\u00cdA A ESCOGER)\" \/>\n<meta property=\"og:description\" content=\"\u00bfTienes dudas sobre c\u00f3mo utilizar la metodolog\u00eda KitCo? \u00bfNecesitas alguna demostraci\u00f3n de los juegos? \u00a1Ap\u00fantate al webinar gratuito y saldr\u00e1s de dudas! (Si en estos momentos no hay fecha disponible, no te preocupes; iremos publicando fechas nuevas).\" \/>\n<meta property=\"og:url\" content=\"https:\/\/tukitco.net\/en\/product\/webinar-gratuito-kitco\/\" \/>\n<meta property=\"og:site_name\" content=\"KitCo\" \/>\n<meta property=\"article:publisher\" content=\"https:\/\/www.facebook.com\/KitCoCoaching\/\" \/>\n<meta property=\"article:modified_time\" content=\"2024-12-18T18:15:08+00:00\" \/>\n<meta property=\"og:image\" content=\"https:\/\/tukitco.net\/wp-content\/uploads\/2024\/06\/FOTOS-WEBINAR.jpg\" \/>\n\t<meta property=\"og:image:width\" content=\"320\" \/>\n\t<meta property=\"og:image:height\" content=\"320\" \/>\n\t<meta property=\"og:image:type\" content=\"image\/jpeg\" \/>\n<meta name=\"twitter:card\" content=\"summary_large_image\" \/>\n<meta name=\"twitter:site\" content=\"@ElsaGimnez\" \/>\n<meta name=\"twitter:label1\" content=\"Est. reading time\" \/>\n\t<meta name=\"twitter:data1\" content=\"1 minute\" \/>\n<script type=\"application\/ld+json\" class=\"yoast-schema-graph\">{\"@context\":\"https:\\\/\\\/schema.org\",\"@graph\":[{\"@type\":\"WebPage\",\"@id\":\"https:\\\/\\\/tukitco.net\\\/producto\\\/webinar-gratuito-kitco\\\/\",\"url\":\"https:\\\/\\\/tukitco.net\\\/producto\\\/webinar-gratuito-kitco\\\/\",\"name\":\"WEBINAR GRATUITO (D\u00cdA A ESCOGER) &#8211; KitCo\",\"isPartOf\":{\"@id\":\"https:\\\/\\\/tukitco.net\\\/#website\"},\"primaryImageOfPage\":{\"@id\":\"https:\\\/\\\/tukitco.net\\\/producto\\\/webinar-gratuito-kitco\\\/#primaryimage\"},\"image\":{\"@id\":\"https:\\\/\\\/tukitco.net\\\/producto\\\/webinar-gratuito-kitco\\\/#primaryimage\"},\"thumbnailUrl\":\"https:\\\/\\\/i0.wp.com\\\/tukitco.net\\\/wp-content\\\/uploads\\\/2024\\\/06\\\/FOTOS-WEBINAR.jpg?fit=320%2C320&ssl=1\",\"datePublished\":\"2024-06-05T15:58:22+00:00\",\"dateModified\":\"2024-12-18T18:15:08+00:00\",\"description\":\"\u00bfTienes dudas sobre c\u00f3mo utilizar la metodolog\u00eda KitCo? \u00bfNecesitas alguna demostraci\u00f3n de los juegos? \u00a1Ap\u00fantate al webinar gratuito y saldr\u00e1s de dudas!\",\"breadcrumb\":{\"@id\":\"https:\\\/\\\/tukitco.net\\\/producto\\\/webinar-gratuito-kitco\\\/#breadcrumb\"},\"inLanguage\":\"en-US\",\"potentialAction\":[{\"@type\":\"ReadAction\",\"target\":[\"https:\\\/\\\/tukitco.net\\\/producto\\\/webinar-gratuito-kitco\\\/\"]}]},{\"@type\":\"ImageObject\",\"inLanguage\":\"en-US\",\"@id\":\"https:\\\/\\\/tukitco.net\\\/producto\\\/webinar-gratuito-kitco\\\/#primaryimage\",\"url\":\"https:\\\/\\\/i0.wp.com\\\/tukitco.net\\\/wp-content\\\/uploads\\\/2024\\\/06\\\/FOTOS-WEBINAR.jpg?fit=320%2C320&ssl=1\",\"contentUrl\":\"https:\\\/\\\/i0.wp.com\\\/tukitco.net\\\/wp-content\\\/uploads\\\/2024\\\/06\\\/FOTOS-WEBINAR.jpg?fit=320%2C320&ssl=1\",\"width\":320,\"height\":320},{\"@type\":\"BreadcrumbList\",\"@id\":\"https:\\\/\\\/tukitco.net\\\/producto\\\/webinar-gratuito-kitco\\\/#breadcrumb\",\"itemListElement\":[{\"@type\":\"ListItem\",\"position\":1,\"name\":\"Portada\",\"item\":\"https:\\\/\\\/tukitco.net\\\/\"},{\"@type\":\"ListItem\",\"position\":2,\"name\":\"Tienda\",\"item\":\"https:\\\/\\\/tukitco.net\\\/tienda\\\/\"},{\"@type\":\"ListItem\",\"position\":3,\"name\":\"WEBINAR GRATUITO (D\u00cdA A ESCOGER)\"}]},{\"@type\":\"WebSite\",\"@id\":\"https:\\\/\\\/tukitco.net\\\/#website\",\"url\":\"https:\\\/\\\/tukitco.net\\\/\",\"name\":\"KitCo\",\"description\":\"Juegos de Talentos, Valores y Emociones\",\"publisher\":{\"@id\":\"https:\\\/\\\/tukitco.net\\\/#organization\"},\"potentialAction\":[{\"@type\":\"SearchAction\",\"target\":{\"@type\":\"EntryPoint\",\"urlTemplate\":\"https:\\\/\\\/tukitco.net\\\/?s={search_term_string}\"},\"query-input\":{\"@type\":\"PropertyValueSpecification\",\"valueRequired\":true,\"valueName\":\"search_term_string\"}}],\"inLanguage\":\"en-US\"},{\"@type\":\"Organization\",\"@id\":\"https:\\\/\\\/tukitco.net\\\/#organization\",\"name\":\"KitCo For personal development\",\"url\":\"https:\\\/\\\/tukitco.net\\\/\",\"logo\":{\"@type\":\"ImageObject\",\"inLanguage\":\"en-US\",\"@id\":\"https:\\\/\\\/tukitco.net\\\/#\\\/schema\\\/logo\\\/image\\\/\",\"url\":\"https:\\\/\\\/tukitco.net\\\/wp-content\\\/uploads\\\/2020\\\/06\\\/KITCO-COR-FONDO-TRANSPARENTE-GORDO-8-SOLO-CARA-1.png\",\"contentUrl\":\"https:\\\/\\\/tukitco.net\\\/wp-content\\\/uploads\\\/2020\\\/06\\\/KITCO-COR-FONDO-TRANSPARENTE-GORDO-8-SOLO-CARA-1.png\",\"width\":1618,\"height\":1622,\"caption\":\"KitCo For personal development\"},\"image\":{\"@id\":\"https:\\\/\\\/tukitco.net\\\/#\\\/schema\\\/logo\\\/image\\\/\"},\"sameAs\":[\"https:\\\/\\\/www.facebook.com\\\/KitCoCoaching\\\/\",\"https:\\\/\\\/x.com\\\/ElsaGimnez\",\"https:\\\/\\\/www.instagram.com\\\/tukitco\\\/\",\"https:\\\/\\\/www.linkedin.com\\\/company\\\/tukitco\\\/\",\"https:\\\/\\\/www.youtube.com\\\/channel\\\/UCPAGQ-h0cDjdBnT87RvFK8w\"]}]}<\/script>\n<!-- \/ Yoast SEO Premium plugin. -->","yoast_head_json":{"title":"WEBINAR GRATUITO (D\u00cdA A ESCOGER) &#8211; KitCo","description":"\u00bfTienes dudas sobre c\u00f3mo utilizar la metodolog\u00eda KitCo? \u00bfNecesitas alguna demostraci\u00f3n de los juegos? \u00a1Ap\u00fantate al webinar gratuito y saldr\u00e1s de dudas!","robots":{"index":"index","follow":"follow","max-snippet":"max-snippet:-1","max-image-preview":"max-image-preview:large","max-video-preview":"max-video-preview:-1"},"canonical":"https:\/\/tukitco.net\/en\/product\/webinar-gratuito-kitco\/","og_locale":"en_US","og_type":"article","og_title":"WEBINAR GRATUITO (D\u00cdA A ESCOGER)","og_description":"\u00bfTienes dudas sobre c\u00f3mo utilizar la metodolog\u00eda KitCo? \u00bfNecesitas alguna demostraci\u00f3n de los juegos? \u00a1Ap\u00fantate al webinar gratuito y saldr\u00e1s de dudas! (Si en estos momentos no hay fecha disponible, no te preocupes; iremos publicando fechas nuevas).","og_url":"https:\/\/tukitco.net\/en\/product\/webinar-gratuito-kitco\/","og_site_name":"KitCo","article_publisher":"https:\/\/www.facebook.com\/KitCoCoaching\/","article_modified_time":"2024-12-18T18:15:08+00:00","og_image":[{"width":320,"height":320,"url":"https:\/\/tukitco.net\/wp-content\/uploads\/2024\/06\/FOTOS-WEBINAR.jpg","type":"image\/jpeg"}],"twitter_card":"summary_large_image","twitter_site":"@ElsaGimnez","twitter_misc":{"Est. reading time":"1 minute"},"schema":{"@context":"https:\/\/schema.org","@graph":[{"@type":"WebPage","@id":"https:\/\/tukitco.net\/producto\/webinar-gratuito-kitco\/","url":"https:\/\/tukitco.net\/producto\/webinar-gratuito-kitco\/","name":"WEBINAR GRATUITO (D\u00cdA A ESCOGER) &#8211; KitCo","isPartOf":{"@id":"https:\/\/tukitco.net\/#website"},"primaryImageOfPage":{"@id":"https:\/\/tukitco.net\/producto\/webinar-gratuito-kitco\/#primaryimage"},"image":{"@id":"https:\/\/tukitco.net\/producto\/webinar-gratuito-kitco\/#primaryimage"},"thumbnailUrl":"https:\/\/i0.wp.com\/tukitco.net\/wp-content\/uploads\/2024\/06\/FOTOS-WEBINAR.jpg?fit=320%2C320&ssl=1","datePublished":"2024-06-05T15:58:22+00:00","dateModified":"2024-12-18T18:15:08+00:00","description":"\u00bfTienes dudas sobre c\u00f3mo utilizar la metodolog\u00eda KitCo? \u00bfNecesitas alguna demostraci\u00f3n de los juegos? \u00a1Ap\u00fantate al webinar gratuito y saldr\u00e1s de dudas!","breadcrumb":{"@id":"https:\/\/tukitco.net\/producto\/webinar-gratuito-kitco\/#breadcrumb"},"inLanguage":"en-US","potentialAction":[{"@type":"ReadAction","target":["https:\/\/tukitco.net\/producto\/webinar-gratuito-kitco\/"]}]},{"@type":"ImageObject","inLanguage":"en-US","@id":"https:\/\/tukitco.net\/producto\/webinar-gratuito-kitco\/#primaryimage","url":"https:\/\/i0.wp.com\/tukitco.net\/wp-content\/uploads\/2024\/06\/FOTOS-WEBINAR.jpg?fit=320%2C320&ssl=1","contentUrl":"https:\/\/i0.wp.com\/tukitco.net\/wp-content\/uploads\/2024\/06\/FOTOS-WEBINAR.jpg?fit=320%2C320&ssl=1","width":320,"height":320},{"@type":"BreadcrumbList","@id":"https:\/\/tukitco.net\/producto\/webinar-gratuito-kitco\/#breadcrumb","itemListElement":[{"@type":"ListItem","position":1,"name":"Portada","item":"https:\/\/tukitco.net\/"},{"@type":"ListItem","position":2,"name":"Tienda","item":"https:\/\/tukitco.net\/tienda\/"},{"@type":"ListItem","position":3,"name":"WEBINAR GRATUITO (D\u00cdA A ESCOGER)"}]},{"@type":"WebSite","@id":"https:\/\/tukitco.net\/#website","url":"https:\/\/tukitco.net\/","name":"KitCo","description":"Games of Talents, Values and Emotions","publisher":{"@id":"https:\/\/tukitco.net\/#organization"},"potentialAction":[{"@type":"SearchAction","target":{"@type":"EntryPoint","urlTemplate":"https:\/\/tukitco.net\/?s={search_term_string}"},"query-input":{"@type":"PropertyValueSpecification","valueRequired":true,"valueName":"search_term_string"}}],"inLanguage":"en-US"},{"@type":"Organization","@id":"https:\/\/tukitco.net\/#organization","name":"KitCo For personal development","url":"https:\/\/tukitco.net\/","logo":{"@type":"ImageObject","inLanguage":"en-US","@id":"https:\/\/tukitco.net\/#\/schema\/logo\/image\/","url":"https:\/\/tukitco.net\/wp-content\/uploads\/2020\/06\/KITCO-COR-FONDO-TRANSPARENTE-GORDO-8-SOLO-CARA-1.png","contentUrl":"https:\/\/tukitco.net\/wp-content\/uploads\/2020\/06\/KITCO-COR-FONDO-TRANSPARENTE-GORDO-8-SOLO-CARA-1.png","width":1618,"height":1622,"caption":"KitCo For personal development"},"image":{"@id":"https:\/\/tukitco.net\/#\/schema\/logo\/image\/"},"sameAs":["https:\/\/www.facebook.com\/KitCoCoaching\/","https:\/\/x.com\/ElsaGimnez","https:\/\/www.instagram.com\/tukitco\/","https:\/\/www.linkedin.com\/company\/tukitco\/","https:\/\/www.youtube.com\/channel\/UCPAGQ-h0cDjdBnT87RvFK8w"]}]}},"jetpack_likes_enabled":true,"jetpack-related-posts":[{"id":2128,"url":"https:\/\/tukitco.net\/en\/product\/juego-de-talentos\/","url_meta":{"origin":22470,"position":0},"title":"KitCo Talents","author":"kitco.contact","date":"28 July, 2020","format":false,"excerpt":"Descubre lo que te hace \u00fanico y ponlo en acci\u00f3n. KitCo Talentos es la herramienta que conecta tu autenticidad con nuevas oportunidades de crecimiento, motivaci\u00f3n y bienestar. Los talentos son el motor de desarrollo y la fuerza que transforma los equipos. Con KitCo Talentos descubrir\u00e1s el valor \u00fanico de cada\u2026","rel":"","context":"Similar post","block_context":{"text":"Similar post","link":""},"img":{"alt_text":"","src":"https:\/\/i0.wp.com\/tukitco.net\/wp-content\/uploads\/2020\/04\/P4043061-1.png?fit=1102%2C595&ssl=1&resize=350%2C200","width":350,"height":200,"srcset":"https:\/\/i0.wp.com\/tukitco.net\/wp-content\/uploads\/2020\/04\/P4043061-1.png?fit=1102%2C595&ssl=1&resize=350%2C200 1x, https:\/\/i0.wp.com\/tukitco.net\/wp-content\/uploads\/2020\/04\/P4043061-1.png?fit=1102%2C595&ssl=1&resize=525%2C300 1.5x, https:\/\/i0.wp.com\/tukitco.net\/wp-content\/uploads\/2020\/04\/P4043061-1.png?fit=1102%2C595&ssl=1&resize=700%2C400 2x, https:\/\/i0.wp.com\/tukitco.net\/wp-content\/uploads\/2020\/04\/P4043061-1.png?fit=1102%2C595&ssl=1&resize=1050%2C600 3x"},"classes":[]}],"jetpack_sharing_enabled":true,"_links":{"self":[{"href":"https:\/\/tukitco.net\/en\/wp-json\/wp\/v2\/product\/22470","targetHints":{"allow":["GET"]}}],"collection":[{"href":"https:\/\/tukitco.net\/en\/wp-json\/wp\/v2\/product"}],"about":[{"href":"https:\/\/tukitco.net\/en\/wp-json\/wp\/v2\/types\/product"}],"version-history":[{"count":3,"href":"https:\/\/tukitco.net\/en\/wp-json\/wp\/v2\/product\/22470\/revisions"}],"predecessor-version":[{"id":22579,"href":"https:\/\/tukitco.net\/en\/wp-json\/wp\/v2\/product\/22470\/revisions\/22579"}],"wp:featuredmedia":[{"embeddable":true,"href":"https:\/\/tukitco.net\/en\/wp-json\/wp\/v2\/media\/22157"}],"wp:attachment":[{"href":"https:\/\/tukitco.net\/en\/wp-json\/wp\/v2\/media?parent=22470"}],"wp:term":[{"taxonomy":"product_brand","embeddable":true,"href":"https:\/\/tukitco.net\/en\/wp-json\/wp\/v2\/product_brand?post=22470"},{"taxonomy":"product_cat","embeddable":true,"href":"https:\/\/tukitco.net\/en\/wp-json\/wp\/v2\/product_cat?post=22470"},{"taxonomy":"product_tag","embeddable":true,"href":"https:\/\/tukitco.net\/en\/wp-json\/wp\/v2\/product_tag?post=22470"}],"curies":[{"name":"wp","href":"https:\/\/api.w.org\/{rel}","templated":true}]}}