{"id":25080,"date":"2024-12-11T16:57:21","date_gmt":"2024-12-11T16:57:21","guid":{"rendered":"https:\/\/tukitco.net\/?post_type=product&#038;p=25080"},"modified":"2026-02-22T17:03:10","modified_gmt":"2026-02-22T17:03:10","slug":"taller-certificacion-kitco-2025-noviembre_madrid","status":"publish","type":"product","link":"https:\/\/tukitco.net\/en\/product\/taller-certificacion-kitco-2025-noviembre_madrid\/","title":{"rendered":"KitCo Certification Workshop - November 21-22, 2025, Madrid"},"content":{"rendered":"<p>&nbsp;<\/p>\n<p class=\"_04xlpA direction-ltr align-start para-style-body\"><span class=\"S1PPyQ\">We have prepared this workshop to live a meaningful experience together.<\/span><\/p>\n<p class=\"_04xlpA direction-ltr align-start para-style-body\"><span class=\"S1PPyQ\">We are united by something special, by the dream of accompanying people to achieve their goals for a life of greater satisfaction. The dream of, together, building a better world.<\/span><\/p>\n<p class=\"_04xlpA direction-ltr align-start para-style-body\"><span class=\"S1PPyQ\">As a personal development professional that you are, whether you are a coach, psychologist, teacher, educator, etc. You have a wonderful job, nothing simple.<\/span><\/p>\n<p class=\"_04xlpA direction-ltr align-start para-style-body\"><span class=\"S1PPyQ\">That&#039;s why we want to help you make it a little easier for you by making you discover visual, creative and innovative coaching tools to get the best out of yourself and the people you accompany in this process.<\/span><\/p>\n<p data-start=\"348\" data-end=\"500\"><strong data-start=\"348\" data-end=\"500\">Become a KitCo methodology facilitator and guide individuals and teams to discover their value, raise their potential, and live with purpose.<\/strong><\/p>\n<p data-start=\"502\" data-end=\"738\">The KitCo Certification is an experiential training designed for professionals who wish to support processes of self-knowledge, talent development and emotional intelligence through visual, creative and innovative tools.<\/p>\n<p data-start=\"740\" data-end=\"1044\">KitCo is much more than a game kit: it&#039;s a methodology that helps people get to know themselves, value themselves, and connect with what gives meaning to their lives. Through the Talents, Values, and Emotions cards, people discover their potential, improve their communication, and make more informed decisions.<\/p>\n<p data-start=\"1046\" data-end=\"1233\">During the certification you will not only experience it from the inside.<br data-start=\"1115\" data-end=\"1118\" \/>You will learn how to facilitate it to support transformation processes in people, schools, teams, and organizations.<\/p>\n<p>\ud83c\udfaf Certification Objectives<\/p>\n<ul>\n<li>Learn to facilitate KitCo workshops in different contexts<\/li>\n<li>Develop your own facilitation style with confidence and creativity<\/li>\n<li>Designing transformative experiences from a visual, emotional, and experiential perspective<\/li>\n<li>Experience a process of self-discovery that connects with your purpose<\/li>\n<li>Become part of the KitCo professional community&nbsp;<\/li>\n<\/ul>\n<p>\ud83e\udde0 You will learn and experience individual and group dynamics and games for<\/p>\n<ul>\n<li>Talent identification and development<\/li>\n<li>Awareness and application of personal and team values<\/li>\n<li>Emotional intelligence and emotional management<\/li>\n<li>Career guidance and Ikigai (purpose)<\/li>\n<li>Communication, cohesion and conflict resolution<\/li>\n<li>Human skills development&nbsp;<\/li>\n<\/ul>\n<p>\ud83e\udde9 KitCo Methodology<\/p>\n<p>A playful and experiential methodology based on:<\/p>\n<ul>\n<li>Play and reflection<\/li>\n<li>Emotional learning<\/li>\n<li>Practical experience<\/li>\n<li>Visual dynamics<\/li>\n<li>Real-world application in people and teams&nbsp;<\/li>\n<\/ul>\n<p>\ud83d\udce6 What does the certification include?<\/p>\n<ul>\n<li>Complete experiential training<\/li>\n<li>Support materials for facilitators<\/li>\n<li>Access to the KitCo Digital platform<\/li>\n<li>Resources and content that are constantly updated<\/li>\n<li>KitCo professional community<\/li>\n<li>Preferential participation in events and projects<\/li>\n<li>Official KitCo Facilitator Certificate&nbsp;<\/li>\n<\/ul>\n<p>\ud83d\udc65 Who is this certification for?<\/p>\n<ul>\n<li>Coaches and facilitators<\/li>\n<li>Psychologists and therapists<\/li>\n<li>Education professionals<\/li>\n<li>HR and people development<\/li>\n<li>People interested in human companionship&nbsp;<\/li>\n<\/ul>\n<p>\ud83d\ude80 Benefits for you<\/p>\n<ul>\n<li>Incorporate innovative tools into your professional practice<\/li>\n<li>Differentiate yourself with a recognized methodology<\/li>\n<li>Design your own workshops with confidence<\/li>\n<li>Supporting processes with greater impact<\/li>\n<li>Develop your own self-awareness<\/li>\n<li>Be part of a network of professionals<\/li>\n<\/ul>\n<p><strong>More than 200 certified professionals already apply KitCo in schools, companies and individual processes.<\/strong><\/p>\n<p>\ud83d\udcc5 Training program<\/p>\n<p>First day<br \/>\nTalents, value proposition, emotional intelligence, and group dynamics.<\/p>\n<p>Second day<br \/>\nValues, personal consistency, Ikigai, emotions, cohesion and certification<\/p>\n<p>\u2764\ufe0f A transformative experience<\/p>\n<p><span style=\"color: #b68e2d;\"><strong>During the workshop you will experience an inspiring group activity that will provide you with resources, clarity and motivation to apply everything you have learned.<\/strong><\/span><\/p>\n<p>You&#039;ll leave with practical tools and eager to put them into action.<\/p>\n<p>\ud83d\udcb0 Investment<\/p>\n<p data-start=\"4255\" data-end=\"4379\">The workshop investment is <strong data-start=\"4285\" data-end=\"4312\">\u20ac293 (VAT not included)<\/strong>.<br data-start=\"4313\" data-end=\"4316\" \/>Special discount on the purchase of the Complete KitCo Experience.<\/p>\n<p>\ud83d\udccd Modality<\/p>\n<p>In person \u2014 Barcelona<\/p>\n<p>\u2728 We look forward to seeing you!<\/p>\n<p data-start=\"2233\" data-end=\"2340\">KitCo gamifies learning about being, making profound knowledge accessible, creative, and meaningful.<\/p>\n<p class=\"_04xlpA direction-ltr align-start para-style-body\"><span class=\"S1PPyQ\">We are waiting for you in this workshop with enthusiasm and desire to share the same dream.<\/span><\/p>\n<p class=\"_04xlpA direction-ltr align-start para-style-body\"><span class=\"S1PPyQ\">A nice hug.<\/span><\/p>","protected":false},"excerpt":{"rendered":"<p data-start=\"992\" data-end=\"1114\"><strong data-start=\"992\" data-end=\"1114\">Become a KitCo facilitator and guide individuals and teams to discover their talent, values, and purpose.<\/strong><\/p>\n<p data-start=\"1116\" data-end=\"1298\">A hands-on learning experience that will provide you with practical tools, confidence and professional differentiation to apply in education, coaching, business or personal processes.<\/p>\n<p data-start=\"1300\" data-end=\"1400\">\u2714 Official certification<br data-start=\"1323\" data-end=\"1326\" \/>\u2714 Innovative and visual methodology<br data-start=\"1359\" data-end=\"1362\" \/>\u2714 Professional resources and community<\/p>\n<p data-start=\"1402\" data-end=\"1421\"><em data-start=\"1402\" data-end=\"1421\">Limited places available.<\/em><\/p>\n<p><em>* The workshops are subject to a minimum number of participants; if this cannot be achieved, the full amount will be refunded.\u00a0<\/em><\/p>","protected":false},"featured_media":19483,"template":"","meta":{"_eb_attr":"","_crdt_document":""},"product_brand":[],"product_cat":[],"product_tag":[],"class_list":["post-25080","product","type-product","status-publish","has-post-thumbnail","first","instock","virtual","taxable","purchasable","product-type-simple"],"yoast_head":"<!-- This site is optimized with the Yoast SEO Premium plugin v20.8 (Yoast SEO v27.6) - https:\/\/yoast.com\/product\/yoast-seo-premium-wordpress\/ -->\n<title>Taller Certificaci\u00f3n KitCo -21-22 -Noviembre - 2025 Madrid &#8211; KitCo<\/title>\n<meta name=\"description\" content=\"Taller de Certificaci\u00f3n KitCo. Herramientas de Autoconocimiento, Gesti\u00f3n del Talento e Inteligencia Emocional.\" \/>\n<meta name=\"robots\" content=\"index, follow, max-snippet:-1, max-image-preview:large, max-video-preview:-1\" \/>\n<link rel=\"canonical\" href=\"https:\/\/tukitco.net\/en\/product\/taller-certificacion-kitco-2025-noviembre_madrid\/\" \/>\n<meta property=\"og:locale\" content=\"en_US\" \/>\n<meta property=\"og:type\" content=\"article\" \/>\n<meta property=\"og:title\" content=\"Taller Certificaci\u00f3n KitCo -21-22 -Noviembre - 2025 Madrid\" \/>\n<meta property=\"og:description\" content=\"Convi\u00e9rtete en facilitador\/a KitCo y acompa\u00f1a a personas y equipos a descubrir su talento, sus valores y su prop\u00f3sito. Una experiencia formativa vivencial que te aportar\u00e1 herramientas pr\u00e1cticas, confianza y diferenciaci\u00f3n profesional para aplicar en educaci\u00f3n, coaching, empresa o procesos personales. \u2714 Certificaci\u00f3n oficial\u2714 Metodolog\u00eda innovadora y visual\u2714 Recursos profesionales y comunidad Plazas limitadas. * Los talleres est\u00e1n sujetos a un n\u00famero m\u00ednimo de participantes, en el caso de no poder llevarlo a cabo se devolver\u00eda el importe \u00edntegro.\u00a0\" \/>\n<meta property=\"og:url\" content=\"https:\/\/tukitco.net\/en\/product\/taller-certificacion-kitco-2025-noviembre_madrid\/\" \/>\n<meta property=\"og:site_name\" content=\"KitCo\" \/>\n<meta property=\"article:publisher\" content=\"https:\/\/www.facebook.com\/KitCoCoaching\/\" \/>\n<meta property=\"article:modified_time\" content=\"2026-02-22T17:03:10+00:00\" \/>\n<meta property=\"og:image\" content=\"https:\/\/tukitco.net\/wp-content\/uploads\/2024\/02\/Diseno-sin-titulo.jpg\" \/>\n\t<meta property=\"og:image:width\" content=\"350\" \/>\n\t<meta property=\"og:image:height\" content=\"350\" \/>\n\t<meta property=\"og:image:type\" content=\"image\/jpeg\" \/>\n<meta name=\"twitter:card\" content=\"summary_large_image\" \/>\n<meta name=\"twitter:site\" content=\"@ElsaGimnez\" \/>\n<meta name=\"twitter:label1\" content=\"Est. reading time\" \/>\n\t<meta name=\"twitter:data1\" content=\"3 minutes\" \/>\n<script type=\"application\/ld+json\" class=\"yoast-schema-graph\">{\"@context\":\"https:\\\/\\\/schema.org\",\"@graph\":[{\"@type\":\"WebPage\",\"@id\":\"https:\\\/\\\/tukitco.net\\\/producto\\\/taller-certificacion-kitco-2025-noviembre_madrid\\\/\",\"url\":\"https:\\\/\\\/tukitco.net\\\/producto\\\/taller-certificacion-kitco-2025-noviembre_madrid\\\/\",\"name\":\"Taller Certificaci\u00f3n KitCo -21-22 -Noviembre - 2025 Madrid &#8211; KitCo\",\"isPartOf\":{\"@id\":\"https:\\\/\\\/tukitco.net\\\/#website\"},\"primaryImageOfPage\":{\"@id\":\"https:\\\/\\\/tukitco.net\\\/producto\\\/taller-certificacion-kitco-2025-noviembre_madrid\\\/#primaryimage\"},\"image\":{\"@id\":\"https:\\\/\\\/tukitco.net\\\/producto\\\/taller-certificacion-kitco-2025-noviembre_madrid\\\/#primaryimage\"},\"thumbnailUrl\":\"https:\\\/\\\/i0.wp.com\\\/tukitco.net\\\/wp-content\\\/uploads\\\/2024\\\/02\\\/Diseno-sin-titulo.jpg?fit=350%2C350&ssl=1\",\"datePublished\":\"2024-12-11T16:57:21+00:00\",\"dateModified\":\"2026-02-22T17:03:10+00:00\",\"description\":\"Taller de Certificaci\u00f3n KitCo. Herramientas de Autoconocimiento, Gesti\u00f3n del Talento e Inteligencia Emocional.\",\"breadcrumb\":{\"@id\":\"https:\\\/\\\/tukitco.net\\\/producto\\\/taller-certificacion-kitco-2025-noviembre_madrid\\\/#breadcrumb\"},\"inLanguage\":\"en-US\",\"potentialAction\":[{\"@type\":\"ReadAction\",\"target\":[\"https:\\\/\\\/tukitco.net\\\/producto\\\/taller-certificacion-kitco-2025-noviembre_madrid\\\/\"]}]},{\"@type\":\"ImageObject\",\"inLanguage\":\"en-US\",\"@id\":\"https:\\\/\\\/tukitco.net\\\/producto\\\/taller-certificacion-kitco-2025-noviembre_madrid\\\/#primaryimage\",\"url\":\"https:\\\/\\\/i0.wp.com\\\/tukitco.net\\\/wp-content\\\/uploads\\\/2024\\\/02\\\/Diseno-sin-titulo.jpg?fit=350%2C350&ssl=1\",\"contentUrl\":\"https:\\\/\\\/i0.wp.com\\\/tukitco.net\\\/wp-content\\\/uploads\\\/2024\\\/02\\\/Diseno-sin-titulo.jpg?fit=350%2C350&ssl=1\",\"width\":350,\"height\":350},{\"@type\":\"BreadcrumbList\",\"@id\":\"https:\\\/\\\/tukitco.net\\\/producto\\\/taller-certificacion-kitco-2025-noviembre_madrid\\\/#breadcrumb\",\"itemListElement\":[{\"@type\":\"ListItem\",\"position\":1,\"name\":\"Portada\",\"item\":\"https:\\\/\\\/tukitco.net\\\/\"},{\"@type\":\"ListItem\",\"position\":2,\"name\":\"Tienda\",\"item\":\"https:\\\/\\\/tukitco.net\\\/tienda\\\/\"},{\"@type\":\"ListItem\",\"position\":3,\"name\":\"Taller Certificaci\u00f3n KitCo -21-22 -Noviembre &#8211; 2025 Madrid\"}]},{\"@type\":\"WebSite\",\"@id\":\"https:\\\/\\\/tukitco.net\\\/#website\",\"url\":\"https:\\\/\\\/tukitco.net\\\/\",\"name\":\"KitCo\",\"description\":\"Juegos de Talentos, Valores y Emociones\",\"publisher\":{\"@id\":\"https:\\\/\\\/tukitco.net\\\/#organization\"},\"potentialAction\":[{\"@type\":\"SearchAction\",\"target\":{\"@type\":\"EntryPoint\",\"urlTemplate\":\"https:\\\/\\\/tukitco.net\\\/?s={search_term_string}\"},\"query-input\":{\"@type\":\"PropertyValueSpecification\",\"valueRequired\":true,\"valueName\":\"search_term_string\"}}],\"inLanguage\":\"en-US\"},{\"@type\":\"Organization\",\"@id\":\"https:\\\/\\\/tukitco.net\\\/#organization\",\"name\":\"KitCo For personal development\",\"url\":\"https:\\\/\\\/tukitco.net\\\/\",\"logo\":{\"@type\":\"ImageObject\",\"inLanguage\":\"en-US\",\"@id\":\"https:\\\/\\\/tukitco.net\\\/#\\\/schema\\\/logo\\\/image\\\/\",\"url\":\"https:\\\/\\\/tukitco.net\\\/wp-content\\\/uploads\\\/2020\\\/06\\\/KITCO-COR-FONDO-TRANSPARENTE-GORDO-8-SOLO-CARA-1.png\",\"contentUrl\":\"https:\\\/\\\/tukitco.net\\\/wp-content\\\/uploads\\\/2020\\\/06\\\/KITCO-COR-FONDO-TRANSPARENTE-GORDO-8-SOLO-CARA-1.png\",\"width\":1618,\"height\":1622,\"caption\":\"KitCo For personal development\"},\"image\":{\"@id\":\"https:\\\/\\\/tukitco.net\\\/#\\\/schema\\\/logo\\\/image\\\/\"},\"sameAs\":[\"https:\\\/\\\/www.facebook.com\\\/KitCoCoaching\\\/\",\"https:\\\/\\\/x.com\\\/ElsaGimnez\",\"https:\\\/\\\/www.instagram.com\\\/tukitco\\\/\",\"https:\\\/\\\/www.linkedin.com\\\/company\\\/tukitco\\\/\",\"https:\\\/\\\/www.youtube.com\\\/channel\\\/UCPAGQ-h0cDjdBnT87RvFK8w\"]}]}<\/script>\n<!-- \/ Yoast SEO Premium plugin. -->","yoast_head_json":{"title":"Taller Certificaci\u00f3n KitCo -21-22 -Noviembre - 2025 Madrid &#8211; KitCo","description":"KitCo Certification Workshop. Tools for Self-knowledge, Talent Management and Emotional Intelligence.","robots":{"index":"index","follow":"follow","max-snippet":"max-snippet:-1","max-image-preview":"max-image-preview:large","max-video-preview":"max-video-preview:-1"},"canonical":"https:\/\/tukitco.net\/en\/product\/taller-certificacion-kitco-2025-noviembre_madrid\/","og_locale":"en_US","og_type":"article","og_title":"Taller Certificaci\u00f3n KitCo -21-22 -Noviembre - 2025 Madrid","og_description":"Convi\u00e9rtete en facilitador\/a KitCo y acompa\u00f1a a personas y equipos a descubrir su talento, sus valores y su prop\u00f3sito. Una experiencia formativa vivencial que te aportar\u00e1 herramientas pr\u00e1cticas, confianza y diferenciaci\u00f3n profesional para aplicar en educaci\u00f3n, coaching, empresa o procesos personales. \u2714 Certificaci\u00f3n oficial\u2714 Metodolog\u00eda innovadora y visual\u2714 Recursos profesionales y comunidad Plazas limitadas. * Los talleres est\u00e1n sujetos a un n\u00famero m\u00ednimo de participantes, en el caso de no poder llevarlo a cabo se devolver\u00eda el importe \u00edntegro.\u00a0","og_url":"https:\/\/tukitco.net\/en\/product\/taller-certificacion-kitco-2025-noviembre_madrid\/","og_site_name":"KitCo","article_publisher":"https:\/\/www.facebook.com\/KitCoCoaching\/","article_modified_time":"2026-02-22T17:03:10+00:00","og_image":[{"width":350,"height":350,"url":"https:\/\/tukitco.net\/wp-content\/uploads\/2024\/02\/Diseno-sin-titulo.jpg","type":"image\/jpeg"}],"twitter_card":"summary_large_image","twitter_site":"@ElsaGimnez","twitter_misc":{"Est. reading time":"3 minutes"},"schema":{"@context":"https:\/\/schema.org","@graph":[{"@type":"WebPage","@id":"https:\/\/tukitco.net\/producto\/taller-certificacion-kitco-2025-noviembre_madrid\/","url":"https:\/\/tukitco.net\/producto\/taller-certificacion-kitco-2025-noviembre_madrid\/","name":"Taller Certificaci\u00f3n KitCo -21-22 -Noviembre - 2025 Madrid &#8211; KitCo","isPartOf":{"@id":"https:\/\/tukitco.net\/#website"},"primaryImageOfPage":{"@id":"https:\/\/tukitco.net\/producto\/taller-certificacion-kitco-2025-noviembre_madrid\/#primaryimage"},"image":{"@id":"https:\/\/tukitco.net\/producto\/taller-certificacion-kitco-2025-noviembre_madrid\/#primaryimage"},"thumbnailUrl":"https:\/\/i0.wp.com\/tukitco.net\/wp-content\/uploads\/2024\/02\/Diseno-sin-titulo.jpg?fit=350%2C350&ssl=1","datePublished":"2024-12-11T16:57:21+00:00","dateModified":"2026-02-22T17:03:10+00:00","description":"KitCo Certification Workshop. Tools for Self-knowledge, Talent Management and Emotional Intelligence.","breadcrumb":{"@id":"https:\/\/tukitco.net\/producto\/taller-certificacion-kitco-2025-noviembre_madrid\/#breadcrumb"},"inLanguage":"en-US","potentialAction":[{"@type":"ReadAction","target":["https:\/\/tukitco.net\/producto\/taller-certificacion-kitco-2025-noviembre_madrid\/"]}]},{"@type":"ImageObject","inLanguage":"en-US","@id":"https:\/\/tukitco.net\/producto\/taller-certificacion-kitco-2025-noviembre_madrid\/#primaryimage","url":"https:\/\/i0.wp.com\/tukitco.net\/wp-content\/uploads\/2024\/02\/Diseno-sin-titulo.jpg?fit=350%2C350&ssl=1","contentUrl":"https:\/\/i0.wp.com\/tukitco.net\/wp-content\/uploads\/2024\/02\/Diseno-sin-titulo.jpg?fit=350%2C350&ssl=1","width":350,"height":350},{"@type":"BreadcrumbList","@id":"https:\/\/tukitco.net\/producto\/taller-certificacion-kitco-2025-noviembre_madrid\/#breadcrumb","itemListElement":[{"@type":"ListItem","position":1,"name":"Portada","item":"https:\/\/tukitco.net\/"},{"@type":"ListItem","position":2,"name":"Tienda","item":"https:\/\/tukitco.net\/tienda\/"},{"@type":"ListItem","position":3,"name":"Taller Certificaci\u00f3n KitCo -21-22 -Noviembre &#8211; 2025 Madrid"}]},{"@type":"WebSite","@id":"https:\/\/tukitco.net\/#website","url":"https:\/\/tukitco.net\/","name":"KitCo","description":"Games of Talents, Values and Emotions","publisher":{"@id":"https:\/\/tukitco.net\/#organization"},"potentialAction":[{"@type":"SearchAction","target":{"@type":"EntryPoint","urlTemplate":"https:\/\/tukitco.net\/?s={search_term_string}"},"query-input":{"@type":"PropertyValueSpecification","valueRequired":true,"valueName":"search_term_string"}}],"inLanguage":"en-US"},{"@type":"Organization","@id":"https:\/\/tukitco.net\/#organization","name":"KitCo For personal development","url":"https:\/\/tukitco.net\/","logo":{"@type":"ImageObject","inLanguage":"en-US","@id":"https:\/\/tukitco.net\/#\/schema\/logo\/image\/","url":"https:\/\/tukitco.net\/wp-content\/uploads\/2020\/06\/KITCO-COR-FONDO-TRANSPARENTE-GORDO-8-SOLO-CARA-1.png","contentUrl":"https:\/\/tukitco.net\/wp-content\/uploads\/2020\/06\/KITCO-COR-FONDO-TRANSPARENTE-GORDO-8-SOLO-CARA-1.png","width":1618,"height":1622,"caption":"KitCo For personal development"},"image":{"@id":"https:\/\/tukitco.net\/#\/schema\/logo\/image\/"},"sameAs":["https:\/\/www.facebook.com\/KitCoCoaching\/","https:\/\/x.com\/ElsaGimnez","https:\/\/www.instagram.com\/tukitco\/","https:\/\/www.linkedin.com\/company\/tukitco\/","https:\/\/www.youtube.com\/channel\/UCPAGQ-h0cDjdBnT87RvFK8w"]}]}},"jetpack_likes_enabled":true,"jetpack-related-posts":[{"id":12075,"url":"https:\/\/tukitco.net\/en\/product\/certificacion-kitco-13y14-dic-madrid\/","url_meta":{"origin":25080,"position":0},"title":"KitCo Certification Workshop, December 13th and 14th, Madrid","author":"kitco.contact","date":"28 April, 2022","format":false,"excerpt":"Workshop on Tools for Self-Awareness, Talent Management and Emotional Intelligence.","rel":"","context":"Similar post","block_context":{"text":"Similar post","link":""},"img":{"alt_text":"","src":"https:\/\/i0.wp.com\/tukitco.net\/wp-content\/uploads\/2020\/10\/WhatsApp-Image-2020-10-18-at-18.39.27.jpeg?fit=1200%2C900&ssl=1&resize=350%2C200","width":350,"height":200,"srcset":"https:\/\/i0.wp.com\/tukitco.net\/wp-content\/uploads\/2020\/10\/WhatsApp-Image-2020-10-18-at-18.39.27.jpeg?fit=1200%2C900&ssl=1&resize=350%2C200 1x, https:\/\/i0.wp.com\/tukitco.net\/wp-content\/uploads\/2020\/10\/WhatsApp-Image-2020-10-18-at-18.39.27.jpeg?fit=1200%2C900&ssl=1&resize=525%2C300 1.5x, https:\/\/i0.wp.com\/tukitco.net\/wp-content\/uploads\/2020\/10\/WhatsApp-Image-2020-10-18-at-18.39.27.jpeg?fit=1200%2C900&ssl=1&resize=700%2C400 2x, https:\/\/i0.wp.com\/tukitco.net\/wp-content\/uploads\/2020\/10\/WhatsApp-Image-2020-10-18-at-18.39.27.jpeg?fit=1200%2C900&ssl=1&resize=1050%2C600 3x"},"classes":[]},{"id":18073,"url":"https:\/\/tukitco.net\/en\/product\/certificacion-kitco-2024-17oct-madrid\/","url_meta":{"origin":25080,"position":1},"title":"KitCo Workshop October 17, 2024 MADRID","author":"kitco.contact","date":"16 February, 2023","format":false,"excerpt":"KitCo Certification Workshop. Tools for Self-knowledge, Talent Management and Emotional Intelligence.","rel":"","context":"Similar post","block_context":{"text":"Similar post","link":""},"img":{"alt_text":"","src":"https:\/\/i0.wp.com\/tukitco.net\/wp-content\/uploads\/2024\/06\/06_marzo-2024_FOTOS-TALLER-CERTIFICACION-BARCELONA.jpg?fit=500%2C500&ssl=1&resize=350%2C200","width":350,"height":200},"classes":[]},{"id":18076,"url":"https:\/\/tukitco.net\/en\/product\/certificacion-kitco-2024-8y9nov-barcelona\/","url_meta":{"origin":25080,"position":2},"title":"KitCo Certification Workshop November 8 and 9, 2024 BARCELONA","author":"kitco.contact","date":"16 February, 2023","format":false,"excerpt":"KitCo Certification Workshop. Tools for Self-knowledge, Talent Management and Emotional Intelligence.","rel":"","context":"Similar post","block_context":{"text":"Similar post","link":""},"img":{"alt_text":"","src":"https:\/\/i0.wp.com\/tukitco.net\/wp-content\/uploads\/2024\/06\/06_marzo-2024_FOTOS-TALLER-CERTIFICACION-BARCELONA-1.jpg?fit=500%2C500&ssl=1&resize=350%2C200","width":350,"height":200},"classes":[]},{"id":18078,"url":"https:\/\/tukitco.net\/en\/product\/certificacion-kitco-2024-13y14-sept-barcelona-desc\/","url_meta":{"origin":25080,"position":3},"title":"KitCo Certification Workshop September 13 and 14, 2024 BARCELONA \u2013 With discount","author":"kitco.contact","date":"16 February, 2023","format":false,"excerpt":"KitCo Certification Workshop. Tools for Self-knowledge, Talent Management and Emotional Intelligence.","rel":"","context":"Similar post","block_context":{"text":"Similar post","link":""},"img":{"alt_text":"","src":"https:\/\/i0.wp.com\/tukitco.net\/wp-content\/uploads\/2024\/06\/06_marzo-2024_FOTOS-TALLER-CERTIFICACION-BARCELONA-1.jpg?fit=500%2C500&ssl=1&resize=350%2C200","width":350,"height":200},"classes":[]},{"id":19500,"url":"https:\/\/tukitco.net\/en\/product\/certificacion-kitco-mad-18y19oct24\/","url_meta":{"origin":25080,"position":4},"title":"KitCo Certification Workshop October 18 and 19, 2024 MADRID","author":"kitco.contact","date":"8 February, 2024","format":false,"excerpt":"Taller de Certificaci\u00f3n de KitCo. Herramientas de Autoconocimiento, Gesti\u00f3n del Talento e Inteligencia Emocional. * Los talleres est\u00e1n sujetos a un n\u00famero m\u00ednimo de participantes, en el caso de no poder llevarlo a cabo se devolver\u00eda el importe \u00edntegro.\u00a0","rel":"","context":"Similar post","block_context":{"text":"Similar post","link":""},"img":{"alt_text":"","src":"https:\/\/i0.wp.com\/tukitco.net\/wp-content\/uploads\/2024\/02\/Diseno-sin-titulo.jpg?fit=350%2C350&ssl=1&resize=350%2C200","width":350,"height":200},"classes":[]},{"id":25066,"url":"https:\/\/tukitco.net\/en\/product\/taller-certificacion-kitco-21-22-mar-2025-barcelona\/","url_meta":{"origin":25080,"position":5},"title":"KitCo Certification Workshop March 13 and 14, 2026 Barcelona","author":"kitco.contact","date":"11 December, 2024","format":false,"excerpt":"Taller de Certificaci\u00f3n de KitCo. Herramientas de Autoconocimiento, Gesti\u00f3n del Talento e Inteligencia Emocional. * Los talleres est\u00e1n sujetos a un n\u00famero m\u00ednimo de participantes, en el caso de no poder llevarlo a cabo se devolver\u00eda el importe \u00edntegro.\u00a0","rel":"","context":"Similar post","block_context":{"text":"Similar post","link":""},"img":{"alt_text":"","src":"https:\/\/i0.wp.com\/tukitco.net\/wp-content\/uploads\/2025\/12\/Diseno-sin-titulo-14.png?fit=500%2C500&ssl=1&resize=350%2C200","width":350,"height":200},"classes":[]}],"jetpack_sharing_enabled":true,"_links":{"self":[{"href":"https:\/\/tukitco.net\/en\/wp-json\/wp\/v2\/product\/25080","targetHints":{"allow":["GET"]}}],"collection":[{"href":"https:\/\/tukitco.net\/en\/wp-json\/wp\/v2\/product"}],"about":[{"href":"https:\/\/tukitco.net\/en\/wp-json\/wp\/v2\/types\/product"}],"version-history":[{"count":11,"href":"https:\/\/tukitco.net\/en\/wp-json\/wp\/v2\/product\/25080\/revisions"}],"predecessor-version":[{"id":25592,"href":"https:\/\/tukitco.net\/en\/wp-json\/wp\/v2\/product\/25080\/revisions\/25592"}],"wp:featuredmedia":[{"embeddable":true,"href":"https:\/\/tukitco.net\/en\/wp-json\/wp\/v2\/media\/19483"}],"wp:attachment":[{"href":"https:\/\/tukitco.net\/en\/wp-json\/wp\/v2\/media?parent=25080"}],"wp:term":[{"taxonomy":"product_brand","embeddable":true,"href":"https:\/\/tukitco.net\/en\/wp-json\/wp\/v2\/product_brand?post=25080"},{"taxonomy":"product_cat","embeddable":true,"href":"https:\/\/tukitco.net\/en\/wp-json\/wp\/v2\/product_cat?post=25080"},{"taxonomy":"product_tag","embeddable":true,"href":"https:\/\/tukitco.net\/en\/wp-json\/wp\/v2\/product_tag?post=25080"}],"curies":[{"name":"wp","href":"https:\/\/api.w.org\/{rel}","templated":true}]}}