{"id":31020,"date":"2026-02-22T15:16:54","date_gmt":"2026-02-22T15:16:54","guid":{"rendered":"https:\/\/tukitco.net\/?post_type=product&#038;p=31020"},"modified":"2026-02-22T15:16:55","modified_gmt":"2026-02-22T15:16:55","slug":"taller-certificacion-kitco-13-y-14-marzo-2026-barcelona-con-descuento","status":"publish","type":"product","link":"https:\/\/tukitco.net\/en\/product\/taller-certificacion-kitco-13-y-14-marzo-2026-barcelona-con-descuento\/","title":{"rendered":"KitCo Certification Workshop March 13 and 14, 2026 Barcelona \u2013 with discount"},"content":{"rendered":"<p>&nbsp;<\/p>\n<p class=\"_04xlpA direction-ltr align-start para-style-body\"><span class=\"S1PPyQ\">We have prepared this workshop to live a meaningful experience together.<\/span><\/p>\n<p class=\"_04xlpA direction-ltr align-start para-style-body\"><span class=\"S1PPyQ\">We are united by something special, by the dream of accompanying people to achieve their goals for a life of greater satisfaction. The dream of, together, building a better world.<\/span><\/p>\n<p class=\"_04xlpA direction-ltr align-start para-style-body\"><span class=\"S1PPyQ\">As a personal development professional that you are, whether you are a coach, psychologist, teacher, educator, etc. You have a wonderful job, nothing simple.<\/span><\/p>\n<p class=\"_04xlpA direction-ltr align-start para-style-body\"><span class=\"S1PPyQ\">That&#039;s why we want to help you make it a little easier for you by making you discover visual, creative and innovative coaching tools to get the best out of yourself and the people you accompany in this process.<\/span><\/p>\n<p class=\"_04xlpA direction-ltr align-start para-style-body\"><span class=\"S1PPyQ\">We are waiting for you in this workshop with enthusiasm and desire to share the same dream.<\/span><\/p>\n<p class=\"_04xlpA direction-ltr align-start para-style-body\"><span class=\"S1PPyQ\">A nice hug.<\/span><\/p>","protected":false},"excerpt":{"rendered":"<p>KitCo Certification Workshop. Tools for Self-knowledge, Talent Management and Emotional Intelligence.<\/p>\n<p><em>* The workshops are subject to a minimum number of participants; if this cannot be achieved, the full amount will be refunded.\u00a0<\/em><\/p>","protected":false},"featured_media":29971,"template":"","meta":{"_eb_attr":"","_crdt_document":""},"product_brand":[],"product_cat":[121959,121933],"product_tag":[],"class_list":["post-31020","product","type-product","status-publish","has-post-thumbnail","product_cat-no-idiomas","product_cat-taller","first","instock","sale","virtual","taxable","purchasable","product-type-simple"],"yoast_head":"<!-- This site is optimized with the Yoast SEO Premium plugin v20.8 (Yoast SEO v27.5) - https:\/\/yoast.com\/product\/yoast-seo-premium-wordpress\/ -->\n<title>Taller Certificaci\u00f3n KitCo 13 y 14 marzo 2026 Barcelona - con descuento &#8211; KitCo<\/title>\n<meta name=\"description\" content=\"Taller de Certificaci\u00f3n KitCo. Herramientas de Autoconocimiento, Gesti\u00f3n del Talento e Inteligencia Emocional.\" \/>\n<meta name=\"robots\" content=\"index, follow, max-snippet:-1, max-image-preview:large, max-video-preview:-1\" \/>\n<link rel=\"canonical\" href=\"https:\/\/tukitco.net\/en\/product\/taller-certificacion-kitco-13-y-14-marzo-2026-barcelona-con-descuento\/\" \/>\n<meta property=\"og:locale\" content=\"en_US\" \/>\n<meta property=\"og:type\" content=\"article\" \/>\n<meta property=\"og:title\" content=\"Taller Certificaci\u00f3n KitCo 13 y 14 marzo 2026 Barcelona - con descuento\" \/>\n<meta property=\"og:description\" content=\"Taller de Certificaci\u00f3n de KitCo. Herramientas de Autoconocimiento, Gesti\u00f3n del Talento e Inteligencia Emocional.  * Los talleres est\u00e1n sujetos a un n\u00famero m\u00ednimo de participantes, en el caso de no poder llevarlo a cabo se devolver\u00eda el importe \u00edntegro.\u00a0\" \/>\n<meta property=\"og:url\" content=\"https:\/\/tukitco.net\/en\/product\/taller-certificacion-kitco-13-y-14-marzo-2026-barcelona-con-descuento\/\" \/>\n<meta property=\"og:site_name\" content=\"KitCo\" \/>\n<meta property=\"article:publisher\" content=\"https:\/\/www.facebook.com\/KitCoCoaching\/\" \/>\n<meta property=\"article:modified_time\" content=\"2026-02-22T15:16:55+00:00\" \/>\n<meta property=\"og:image\" content=\"https:\/\/tukitco.net\/wp-content\/uploads\/2025\/12\/Diseno-sin-titulo-14.png\" \/>\n\t<meta property=\"og:image:width\" content=\"500\" \/>\n\t<meta property=\"og:image:height\" content=\"500\" \/>\n\t<meta property=\"og:image:type\" content=\"image\/png\" \/>\n<meta name=\"twitter:card\" content=\"summary_large_image\" \/>\n<meta name=\"twitter:site\" content=\"@ElsaGimnez\" \/>\n<meta name=\"twitter:label1\" content=\"Est. reading time\" \/>\n\t<meta name=\"twitter:data1\" content=\"1 minute\" \/>\n<script type=\"application\/ld+json\" class=\"yoast-schema-graph\">{\"@context\":\"https:\\\/\\\/schema.org\",\"@graph\":[{\"@type\":\"WebPage\",\"@id\":\"https:\\\/\\\/tukitco.net\\\/producto\\\/taller-certificacion-kitco-13-y-14-marzo-2026-barcelona-con-descuento\\\/\",\"url\":\"https:\\\/\\\/tukitco.net\\\/producto\\\/taller-certificacion-kitco-13-y-14-marzo-2026-barcelona-con-descuento\\\/\",\"name\":\"Taller Certificaci\u00f3n KitCo 13 y 14 marzo 2026 Barcelona - con descuento &#8211; KitCo\",\"isPartOf\":{\"@id\":\"https:\\\/\\\/tukitco.net\\\/#website\"},\"primaryImageOfPage\":{\"@id\":\"https:\\\/\\\/tukitco.net\\\/producto\\\/taller-certificacion-kitco-13-y-14-marzo-2026-barcelona-con-descuento\\\/#primaryimage\"},\"image\":{\"@id\":\"https:\\\/\\\/tukitco.net\\\/producto\\\/taller-certificacion-kitco-13-y-14-marzo-2026-barcelona-con-descuento\\\/#primaryimage\"},\"thumbnailUrl\":\"https:\\\/\\\/i0.wp.com\\\/tukitco.net\\\/wp-content\\\/uploads\\\/2025\\\/12\\\/Diseno-sin-titulo-14.png?fit=500%2C500&ssl=1\",\"datePublished\":\"2026-02-22T15:16:54+00:00\",\"dateModified\":\"2026-02-22T15:16:55+00:00\",\"description\":\"Taller de Certificaci\u00f3n KitCo. Herramientas de Autoconocimiento, Gesti\u00f3n del Talento e Inteligencia Emocional.\",\"breadcrumb\":{\"@id\":\"https:\\\/\\\/tukitco.net\\\/producto\\\/taller-certificacion-kitco-13-y-14-marzo-2026-barcelona-con-descuento\\\/#breadcrumb\"},\"inLanguage\":\"en-US\",\"potentialAction\":[{\"@type\":\"ReadAction\",\"target\":[\"https:\\\/\\\/tukitco.net\\\/producto\\\/taller-certificacion-kitco-13-y-14-marzo-2026-barcelona-con-descuento\\\/\"]}]},{\"@type\":\"ImageObject\",\"inLanguage\":\"en-US\",\"@id\":\"https:\\\/\\\/tukitco.net\\\/producto\\\/taller-certificacion-kitco-13-y-14-marzo-2026-barcelona-con-descuento\\\/#primaryimage\",\"url\":\"https:\\\/\\\/i0.wp.com\\\/tukitco.net\\\/wp-content\\\/uploads\\\/2025\\\/12\\\/Diseno-sin-titulo-14.png?fit=500%2C500&ssl=1\",\"contentUrl\":\"https:\\\/\\\/i0.wp.com\\\/tukitco.net\\\/wp-content\\\/uploads\\\/2025\\\/12\\\/Diseno-sin-titulo-14.png?fit=500%2C500&ssl=1\",\"width\":500,\"height\":500},{\"@type\":\"BreadcrumbList\",\"@id\":\"https:\\\/\\\/tukitco.net\\\/producto\\\/taller-certificacion-kitco-13-y-14-marzo-2026-barcelona-con-descuento\\\/#breadcrumb\",\"itemListElement\":[{\"@type\":\"ListItem\",\"position\":1,\"name\":\"Portada\",\"item\":\"https:\\\/\\\/tukitco.net\\\/\"},{\"@type\":\"ListItem\",\"position\":2,\"name\":\"Tienda\",\"item\":\"https:\\\/\\\/tukitco.net\\\/tienda\\\/\"},{\"@type\":\"ListItem\",\"position\":3,\"name\":\"Taller Certificaci\u00f3n KitCo 13 y 14 marzo 2026 Barcelona &#8211; con descuento\"}]},{\"@type\":\"WebSite\",\"@id\":\"https:\\\/\\\/tukitco.net\\\/#website\",\"url\":\"https:\\\/\\\/tukitco.net\\\/\",\"name\":\"KitCo\",\"description\":\"Juegos de Talentos, Valores y Emociones\",\"publisher\":{\"@id\":\"https:\\\/\\\/tukitco.net\\\/#organization\"},\"potentialAction\":[{\"@type\":\"SearchAction\",\"target\":{\"@type\":\"EntryPoint\",\"urlTemplate\":\"https:\\\/\\\/tukitco.net\\\/?s={search_term_string}\"},\"query-input\":{\"@type\":\"PropertyValueSpecification\",\"valueRequired\":true,\"valueName\":\"search_term_string\"}}],\"inLanguage\":\"en-US\"},{\"@type\":\"Organization\",\"@id\":\"https:\\\/\\\/tukitco.net\\\/#organization\",\"name\":\"KitCo For personal development\",\"url\":\"https:\\\/\\\/tukitco.net\\\/\",\"logo\":{\"@type\":\"ImageObject\",\"inLanguage\":\"en-US\",\"@id\":\"https:\\\/\\\/tukitco.net\\\/#\\\/schema\\\/logo\\\/image\\\/\",\"url\":\"https:\\\/\\\/tukitco.net\\\/wp-content\\\/uploads\\\/2020\\\/06\\\/KITCO-COR-FONDO-TRANSPARENTE-GORDO-8-SOLO-CARA-1.png\",\"contentUrl\":\"https:\\\/\\\/tukitco.net\\\/wp-content\\\/uploads\\\/2020\\\/06\\\/KITCO-COR-FONDO-TRANSPARENTE-GORDO-8-SOLO-CARA-1.png\",\"width\":1618,\"height\":1622,\"caption\":\"KitCo For personal development\"},\"image\":{\"@id\":\"https:\\\/\\\/tukitco.net\\\/#\\\/schema\\\/logo\\\/image\\\/\"},\"sameAs\":[\"https:\\\/\\\/www.facebook.com\\\/KitCoCoaching\\\/\",\"https:\\\/\\\/x.com\\\/ElsaGimnez\",\"https:\\\/\\\/www.instagram.com\\\/tukitco\\\/\",\"https:\\\/\\\/www.linkedin.com\\\/company\\\/tukitco\\\/\",\"https:\\\/\\\/www.youtube.com\\\/channel\\\/UCPAGQ-h0cDjdBnT87RvFK8w\"]}]}<\/script>\n<!-- \/ Yoast SEO Premium plugin. -->","yoast_head_json":{"title":"Taller Certificaci\u00f3n KitCo 13 y 14 marzo 2026 Barcelona - con descuento &#8211; KitCo","description":"KitCo Certification Workshop. Tools for Self-knowledge, Talent Management and Emotional Intelligence.","robots":{"index":"index","follow":"follow","max-snippet":"max-snippet:-1","max-image-preview":"max-image-preview:large","max-video-preview":"max-video-preview:-1"},"canonical":"https:\/\/tukitco.net\/en\/product\/taller-certificacion-kitco-13-y-14-marzo-2026-barcelona-con-descuento\/","og_locale":"en_US","og_type":"article","og_title":"Taller Certificaci\u00f3n KitCo 13 y 14 marzo 2026 Barcelona - con descuento","og_description":"Taller de Certificaci\u00f3n de KitCo. Herramientas de Autoconocimiento, Gesti\u00f3n del Talento e Inteligencia Emocional.  * Los talleres est\u00e1n sujetos a un n\u00famero m\u00ednimo de participantes, en el caso de no poder llevarlo a cabo se devolver\u00eda el importe \u00edntegro.\u00a0","og_url":"https:\/\/tukitco.net\/en\/product\/taller-certificacion-kitco-13-y-14-marzo-2026-barcelona-con-descuento\/","og_site_name":"KitCo","article_publisher":"https:\/\/www.facebook.com\/KitCoCoaching\/","article_modified_time":"2026-02-22T15:16:55+00:00","og_image":[{"width":500,"height":500,"url":"https:\/\/tukitco.net\/wp-content\/uploads\/2025\/12\/Diseno-sin-titulo-14.png","type":"image\/png"}],"twitter_card":"summary_large_image","twitter_site":"@ElsaGimnez","twitter_misc":{"Est. reading time":"1 minute"},"schema":{"@context":"https:\/\/schema.org","@graph":[{"@type":"WebPage","@id":"https:\/\/tukitco.net\/producto\/taller-certificacion-kitco-13-y-14-marzo-2026-barcelona-con-descuento\/","url":"https:\/\/tukitco.net\/producto\/taller-certificacion-kitco-13-y-14-marzo-2026-barcelona-con-descuento\/","name":"Taller Certificaci\u00f3n KitCo 13 y 14 marzo 2026 Barcelona - con descuento &#8211; KitCo","isPartOf":{"@id":"https:\/\/tukitco.net\/#website"},"primaryImageOfPage":{"@id":"https:\/\/tukitco.net\/producto\/taller-certificacion-kitco-13-y-14-marzo-2026-barcelona-con-descuento\/#primaryimage"},"image":{"@id":"https:\/\/tukitco.net\/producto\/taller-certificacion-kitco-13-y-14-marzo-2026-barcelona-con-descuento\/#primaryimage"},"thumbnailUrl":"https:\/\/i0.wp.com\/tukitco.net\/wp-content\/uploads\/2025\/12\/Diseno-sin-titulo-14.png?fit=500%2C500&ssl=1","datePublished":"2026-02-22T15:16:54+00:00","dateModified":"2026-02-22T15:16:55+00:00","description":"KitCo Certification Workshop. Tools for Self-knowledge, Talent Management and Emotional Intelligence.","breadcrumb":{"@id":"https:\/\/tukitco.net\/producto\/taller-certificacion-kitco-13-y-14-marzo-2026-barcelona-con-descuento\/#breadcrumb"},"inLanguage":"en-US","potentialAction":[{"@type":"ReadAction","target":["https:\/\/tukitco.net\/producto\/taller-certificacion-kitco-13-y-14-marzo-2026-barcelona-con-descuento\/"]}]},{"@type":"ImageObject","inLanguage":"en-US","@id":"https:\/\/tukitco.net\/producto\/taller-certificacion-kitco-13-y-14-marzo-2026-barcelona-con-descuento\/#primaryimage","url":"https:\/\/i0.wp.com\/tukitco.net\/wp-content\/uploads\/2025\/12\/Diseno-sin-titulo-14.png?fit=500%2C500&ssl=1","contentUrl":"https:\/\/i0.wp.com\/tukitco.net\/wp-content\/uploads\/2025\/12\/Diseno-sin-titulo-14.png?fit=500%2C500&ssl=1","width":500,"height":500},{"@type":"BreadcrumbList","@id":"https:\/\/tukitco.net\/producto\/taller-certificacion-kitco-13-y-14-marzo-2026-barcelona-con-descuento\/#breadcrumb","itemListElement":[{"@type":"ListItem","position":1,"name":"Portada","item":"https:\/\/tukitco.net\/"},{"@type":"ListItem","position":2,"name":"Tienda","item":"https:\/\/tukitco.net\/tienda\/"},{"@type":"ListItem","position":3,"name":"Taller Certificaci\u00f3n KitCo 13 y 14 marzo 2026 Barcelona &#8211; con descuento"}]},{"@type":"WebSite","@id":"https:\/\/tukitco.net\/#website","url":"https:\/\/tukitco.net\/","name":"KitCo","description":"Games of Talents, Values and Emotions","publisher":{"@id":"https:\/\/tukitco.net\/#organization"},"potentialAction":[{"@type":"SearchAction","target":{"@type":"EntryPoint","urlTemplate":"https:\/\/tukitco.net\/?s={search_term_string}"},"query-input":{"@type":"PropertyValueSpecification","valueRequired":true,"valueName":"search_term_string"}}],"inLanguage":"en-US"},{"@type":"Organization","@id":"https:\/\/tukitco.net\/#organization","name":"KitCo For personal development","url":"https:\/\/tukitco.net\/","logo":{"@type":"ImageObject","inLanguage":"en-US","@id":"https:\/\/tukitco.net\/#\/schema\/logo\/image\/","url":"https:\/\/tukitco.net\/wp-content\/uploads\/2020\/06\/KITCO-COR-FONDO-TRANSPARENTE-GORDO-8-SOLO-CARA-1.png","contentUrl":"https:\/\/tukitco.net\/wp-content\/uploads\/2020\/06\/KITCO-COR-FONDO-TRANSPARENTE-GORDO-8-SOLO-CARA-1.png","width":1618,"height":1622,"caption":"KitCo For personal development"},"image":{"@id":"https:\/\/tukitco.net\/#\/schema\/logo\/image\/"},"sameAs":["https:\/\/www.facebook.com\/KitCoCoaching\/","https:\/\/x.com\/ElsaGimnez","https:\/\/www.instagram.com\/tukitco\/","https:\/\/www.linkedin.com\/company\/tukitco\/","https:\/\/www.youtube.com\/channel\/UCPAGQ-h0cDjdBnT87RvFK8w"]}]}},"jetpack_likes_enabled":true,"jetpack-related-posts":[{"id":18076,"url":"https:\/\/tukitco.net\/en\/product\/certificacion-kitco-2024-8y9nov-barcelona\/","url_meta":{"origin":31020,"position":0},"title":"KitCo Certification Workshop November 8 and 9, 2024 BARCELONA","author":"kitco.contact","date":"16 February, 2023","format":false,"excerpt":"KitCo Certification Workshop. Tools for Self-knowledge, Talent Management and Emotional Intelligence.","rel":"","context":"Similar post","block_context":{"text":"Similar post","link":""},"img":{"alt_text":"","src":"https:\/\/i0.wp.com\/tukitco.net\/wp-content\/uploads\/2024\/06\/06_marzo-2024_FOTOS-TALLER-CERTIFICACION-BARCELONA-1.jpg?fit=500%2C500&ssl=1&resize=350%2C200","width":350,"height":200},"classes":[]},{"id":18078,"url":"https:\/\/tukitco.net\/en\/product\/certificacion-kitco-2024-13y14-sept-barcelona-desc\/","url_meta":{"origin":31020,"position":1},"title":"KitCo Certification Workshop September 13 and 14, 2024 BARCELONA \u2013 With discount","author":"kitco.contact","date":"16 February, 2023","format":false,"excerpt":"KitCo Certification Workshop. Tools for Self-knowledge, Talent Management and Emotional Intelligence.","rel":"","context":"Similar post","block_context":{"text":"Similar post","link":""},"img":{"alt_text":"","src":"https:\/\/i0.wp.com\/tukitco.net\/wp-content\/uploads\/2024\/06\/06_marzo-2024_FOTOS-TALLER-CERTIFICACION-BARCELONA-1.jpg?fit=500%2C500&ssl=1&resize=350%2C200","width":350,"height":200},"classes":[]},{"id":12075,"url":"https:\/\/tukitco.net\/en\/product\/certificacion-kitco-13y14-dic-madrid\/","url_meta":{"origin":31020,"position":2},"title":"KitCo Certification Workshop, December 13th and 14th, Madrid","author":"kitco.contact","date":"28 April, 2022","format":false,"excerpt":"Workshop on Tools for Self-Awareness, Talent Management and Emotional Intelligence.","rel":"","context":"Similar post","block_context":{"text":"Similar post","link":""},"img":{"alt_text":"","src":"https:\/\/i0.wp.com\/tukitco.net\/wp-content\/uploads\/2020\/10\/WhatsApp-Image-2020-10-18-at-18.39.27.jpeg?fit=1200%2C900&ssl=1&resize=350%2C200","width":350,"height":200,"srcset":"https:\/\/i0.wp.com\/tukitco.net\/wp-content\/uploads\/2020\/10\/WhatsApp-Image-2020-10-18-at-18.39.27.jpeg?fit=1200%2C900&ssl=1&resize=350%2C200 1x, https:\/\/i0.wp.com\/tukitco.net\/wp-content\/uploads\/2020\/10\/WhatsApp-Image-2020-10-18-at-18.39.27.jpeg?fit=1200%2C900&ssl=1&resize=525%2C300 1.5x, https:\/\/i0.wp.com\/tukitco.net\/wp-content\/uploads\/2020\/10\/WhatsApp-Image-2020-10-18-at-18.39.27.jpeg?fit=1200%2C900&ssl=1&resize=700%2C400 2x, https:\/\/i0.wp.com\/tukitco.net\/wp-content\/uploads\/2020\/10\/WhatsApp-Image-2020-10-18-at-18.39.27.jpeg?fit=1200%2C900&ssl=1&resize=1050%2C600 3x"},"classes":[]},{"id":18073,"url":"https:\/\/tukitco.net\/en\/product\/certificacion-kitco-2024-17oct-madrid\/","url_meta":{"origin":31020,"position":3},"title":"KitCo Workshop October 17, 2024 MADRID","author":"kitco.contact","date":"16 February, 2023","format":false,"excerpt":"KitCo Certification Workshop. Tools for Self-knowledge, Talent Management and Emotional Intelligence.","rel":"","context":"Similar post","block_context":{"text":"Similar post","link":""},"img":{"alt_text":"","src":"https:\/\/i0.wp.com\/tukitco.net\/wp-content\/uploads\/2024\/06\/06_marzo-2024_FOTOS-TALLER-CERTIFICACION-BARCELONA.jpg?fit=500%2C500&ssl=1&resize=350%2C200","width":350,"height":200},"classes":[]},{"id":19500,"url":"https:\/\/tukitco.net\/en\/product\/certificacion-kitco-mad-18y19oct24\/","url_meta":{"origin":31020,"position":4},"title":"KitCo Certification Workshop October 18 and 19, 2024 MADRID","author":"kitco.contact","date":"8 February, 2024","format":false,"excerpt":"Taller de Certificaci\u00f3n de KitCo. Herramientas de Autoconocimiento, Gesti\u00f3n del Talento e Inteligencia Emocional. * Los talleres est\u00e1n sujetos a un n\u00famero m\u00ednimo de participantes, en el caso de no poder llevarlo a cabo se devolver\u00eda el importe \u00edntegro.\u00a0","rel":"","context":"Similar post","block_context":{"text":"Similar post","link":""},"img":{"alt_text":"","src":"https:\/\/i0.wp.com\/tukitco.net\/wp-content\/uploads\/2024\/02\/Diseno-sin-titulo.jpg?fit=350%2C350&ssl=1&resize=350%2C200","width":350,"height":200},"classes":[]},{"id":25066,"url":"https:\/\/tukitco.net\/en\/product\/taller-certificacion-kitco-21-22-mar-2025-barcelona\/","url_meta":{"origin":31020,"position":5},"title":"KitCo Certification Workshop March 13 and 14, 2026 Barcelona","author":"kitco.contact","date":"11 December, 2024","format":false,"excerpt":"Taller de Certificaci\u00f3n de KitCo. Herramientas de Autoconocimiento, Gesti\u00f3n del Talento e Inteligencia Emocional. * Los talleres est\u00e1n sujetos a un n\u00famero m\u00ednimo de participantes, en el caso de no poder llevarlo a cabo se devolver\u00eda el importe \u00edntegro.\u00a0","rel":"","context":"Similar post","block_context":{"text":"Similar post","link":""},"img":{"alt_text":"","src":"https:\/\/i0.wp.com\/tukitco.net\/wp-content\/uploads\/2025\/12\/Diseno-sin-titulo-14.png?fit=500%2C500&ssl=1&resize=350%2C200","width":350,"height":200},"classes":[]}],"jetpack_sharing_enabled":true,"_links":{"self":[{"href":"https:\/\/tukitco.net\/en\/wp-json\/wp\/v2\/product\/31020","targetHints":{"allow":["GET"]}}],"collection":[{"href":"https:\/\/tukitco.net\/en\/wp-json\/wp\/v2\/product"}],"about":[{"href":"https:\/\/tukitco.net\/en\/wp-json\/wp\/v2\/types\/product"}],"version-history":[{"count":1,"href":"https:\/\/tukitco.net\/en\/wp-json\/wp\/v2\/product\/31020\/revisions"}],"predecessor-version":[{"id":31023,"href":"https:\/\/tukitco.net\/en\/wp-json\/wp\/v2\/product\/31020\/revisions\/31023"}],"wp:featuredmedia":[{"embeddable":true,"href":"https:\/\/tukitco.net\/en\/wp-json\/wp\/v2\/media\/29971"}],"wp:attachment":[{"href":"https:\/\/tukitco.net\/en\/wp-json\/wp\/v2\/media?parent=31020"}],"wp:term":[{"taxonomy":"product_brand","embeddable":true,"href":"https:\/\/tukitco.net\/en\/wp-json\/wp\/v2\/product_brand?post=31020"},{"taxonomy":"product_cat","embeddable":true,"href":"https:\/\/tukitco.net\/en\/wp-json\/wp\/v2\/product_cat?post=31020"},{"taxonomy":"product_tag","embeddable":true,"href":"https:\/\/tukitco.net\/en\/wp-json\/wp\/v2\/product_tag?post=31020"}],"curies":[{"name":"wp","href":"https:\/\/api.w.org\/{rel}","templated":true}]}}