{"id":8301,"date":"2021-09-29T08:45:28","date_gmt":"2021-09-29T08:45:28","guid":{"rendered":"https:\/\/tukitco.net\/?post_type=product&#038;p=8301"},"modified":"2024-10-16T16:40:58","modified_gmt":"2024-10-16T16:40:58","slug":"guia-digital-de-kitco-experiencia-completa","status":"publish","type":"product","link":"https:\/\/tukitco.net\/en\/product\/guia-digital-de-kitco-experiencia-completa\/","title":{"rendered":"KitCo Digital Guide to the Complete Experience"},"content":{"rendered":"<p>KitCo Complete Experience digital guide that includes:<\/p>\n<ul>\n<li style=\"list-style-type: none;\">\n<ul>\n<li><em>(YO) <span style=\"text-decoration: underline;\">Dynamics and Group Games<\/span>: nine emotion games (Guess the Letter, How do I feel when?, How are you?, Emotion Mimicry, Let&#039;s Connect, Emotional Dictionary, Emotional Map, etc.) two talent games (Talent Feedback, The talents of the group\/team\/family) and three sets of values (The values of the team\/family\/couple)<\/em><\/li>\n<li><em>(II) <span style=\"text-decoration: underline;\">Dynamics and Individual Games<\/span>: Dynamics of the Emotional Map (How do I experience emotions at this stage of my life?), Dynamics of the Visualization Map (My future self), D<\/em><em>Dynamics of genuine values (My important values), Dynamics discovering my Talents (My main talents according to how I see myself and how people around me perceive me)<\/em><em>, Dynamics Discovering my Profession (Professions that arouse curiosity in line with my talents), Dynamics of Coherence with my Essence (How do I develop my main talents? How do I keep in mind my main values? What is my degree of satisfaction with the development of talents and presence of values in the different activities of my day to day? Action Plan to improve my coherence and satisfaction), Dynamics Discovering my Ikigai (What is my reason for being? What is my purpose?)<\/em><\/li>\n<li>NOTE: This Guide is included in KitCo Complete Experience.<\/li>\n<\/ul>\n<\/li>\n<\/ul>","protected":false},"excerpt":{"rendered":"<p>KitCo digital guide Complete Experience that includes games and dynamics, both group and individual, of emotions, talents and values.<\/p>","protected":false},"featured_media":16045,"template":"","meta":{"_eb_attr":"","_crdt_document":"","jetpack_post_was_ever_published":false},"product_brand":[],"product_cat":[121958,121939],"product_tag":[],"class_list":{"0":"post-8301","1":"product","2":"type-product","3":"status-publish","4":"has-post-thumbnail","6":"product_cat-digital","7":"product_cat-guia","9":"first","10":"instock","11":"downloadable","12":"virtual","13":"taxable","14":"purchasable","15":"product-type-simple"},"yoast_head":"<!-- This site is optimized with the Yoast SEO Premium plugin v20.8 (Yoast SEO v27.3) - https:\/\/yoast.com\/product\/yoast-seo-premium-wordpress\/ -->\n<title>Gu\u00eda digital de KitCo Experiencia Completa &#8211; KitCo<\/title>\n<meta name=\"description\" content=\"Gu\u00eda digital de KitCo Experiencia Completa que incluye todos los juegos y din\u00e1micas tanto grupales como individuales de emociones, talentos y valores.\" \/>\n<meta name=\"robots\" content=\"index, follow, max-snippet:-1, max-image-preview:large, max-video-preview:-1\" \/>\n<link rel=\"canonical\" href=\"https:\/\/tukitco.net\/en\/product\/guia-digital-de-kitco-experiencia-completa\/\" \/>\n<meta property=\"og:locale\" content=\"en_US\" \/>\n<meta property=\"og:type\" content=\"article\" \/>\n<meta property=\"og:title\" content=\"Gu\u00eda digital de KitCo Experiencia Completa\" \/>\n<meta property=\"og:description\" content=\"Gu\u00eda digital de KitCo Experiencia Completa que incluye juegos y din\u00e1micas tanto grupales como individuales de emociones, talentos y valores.\" \/>\n<meta property=\"og:url\" content=\"https:\/\/tukitco.net\/en\/product\/guia-digital-de-kitco-experiencia-completa\/\" \/>\n<meta property=\"og:site_name\" content=\"KitCo\" \/>\n<meta property=\"article:publisher\" content=\"https:\/\/www.facebook.com\/KitCoCoaching\/\" \/>\n<meta property=\"article:modified_time\" content=\"2024-10-16T16:40:58+00:00\" \/>\n<meta property=\"og:image\" content=\"https:\/\/i0.wp.com\/tukitco.net\/wp-content\/uploads\/2023\/01\/GUIAS-DIGITALES-IMAGENES-PORTADA-1.jpg?fit=1080%2C1080&ssl=1\" \/>\n\t<meta property=\"og:image:width\" content=\"1080\" \/>\n\t<meta property=\"og:image:height\" content=\"1080\" \/>\n\t<meta property=\"og:image:type\" content=\"image\/jpeg\" \/>\n<meta name=\"twitter:card\" content=\"summary_large_image\" \/>\n<meta name=\"twitter:site\" content=\"@ElsaGimnez\" \/>\n<meta name=\"twitter:label1\" content=\"Est. reading time\" \/>\n\t<meta name=\"twitter:data1\" content=\"2 minutes\" \/>\n<script type=\"application\/ld+json\" class=\"yoast-schema-graph\">{\"@context\":\"https:\\\/\\\/schema.org\",\"@graph\":[{\"@type\":\"WebPage\",\"@id\":\"https:\\\/\\\/tukitco.net\\\/producto\\\/guia-digital-de-kitco-experiencia-completa\\\/\",\"url\":\"https:\\\/\\\/tukitco.net\\\/producto\\\/guia-digital-de-kitco-experiencia-completa\\\/\",\"name\":\"Gu\u00eda digital de KitCo Experiencia Completa &#8211; KitCo\",\"isPartOf\":{\"@id\":\"https:\\\/\\\/tukitco.net\\\/#website\"},\"primaryImageOfPage\":{\"@id\":\"https:\\\/\\\/tukitco.net\\\/producto\\\/guia-digital-de-kitco-experiencia-completa\\\/#primaryimage\"},\"image\":{\"@id\":\"https:\\\/\\\/tukitco.net\\\/producto\\\/guia-digital-de-kitco-experiencia-completa\\\/#primaryimage\"},\"thumbnailUrl\":\"https:\\\/\\\/i0.wp.com\\\/tukitco.net\\\/wp-content\\\/uploads\\\/2023\\\/01\\\/GUIAS-DIGITALES-IMAGENES-PORTADA-1.jpg?fit=1080%2C1080&ssl=1\",\"datePublished\":\"2021-09-29T08:45:28+00:00\",\"dateModified\":\"2024-10-16T16:40:58+00:00\",\"description\":\"Gu\u00eda digital de KitCo Experiencia Completa que incluye todos los juegos y din\u00e1micas tanto grupales como individuales de emociones, talentos y valores.\",\"breadcrumb\":{\"@id\":\"https:\\\/\\\/tukitco.net\\\/producto\\\/guia-digital-de-kitco-experiencia-completa\\\/#breadcrumb\"},\"inLanguage\":\"en-US\",\"potentialAction\":[{\"@type\":\"ReadAction\",\"target\":[\"https:\\\/\\\/tukitco.net\\\/producto\\\/guia-digital-de-kitco-experiencia-completa\\\/\"]}]},{\"@type\":\"ImageObject\",\"inLanguage\":\"en-US\",\"@id\":\"https:\\\/\\\/tukitco.net\\\/producto\\\/guia-digital-de-kitco-experiencia-completa\\\/#primaryimage\",\"url\":\"https:\\\/\\\/i0.wp.com\\\/tukitco.net\\\/wp-content\\\/uploads\\\/2023\\\/01\\\/GUIAS-DIGITALES-IMAGENES-PORTADA-1.jpg?fit=1080%2C1080&ssl=1\",\"contentUrl\":\"https:\\\/\\\/i0.wp.com\\\/tukitco.net\\\/wp-content\\\/uploads\\\/2023\\\/01\\\/GUIAS-DIGITALES-IMAGENES-PORTADA-1.jpg?fit=1080%2C1080&ssl=1\",\"width\":1080,\"height\":1080},{\"@type\":\"BreadcrumbList\",\"@id\":\"https:\\\/\\\/tukitco.net\\\/producto\\\/guia-digital-de-kitco-experiencia-completa\\\/#breadcrumb\",\"itemListElement\":[{\"@type\":\"ListItem\",\"position\":1,\"name\":\"Portada\",\"item\":\"https:\\\/\\\/tukitco.net\\\/\"},{\"@type\":\"ListItem\",\"position\":2,\"name\":\"Tienda\",\"item\":\"https:\\\/\\\/tukitco.net\\\/tienda\\\/\"},{\"@type\":\"ListItem\",\"position\":3,\"name\":\"Gu\u00eda digital de KitCo Experiencia Completa\"}]},{\"@type\":\"WebSite\",\"@id\":\"https:\\\/\\\/tukitco.net\\\/#website\",\"url\":\"https:\\\/\\\/tukitco.net\\\/\",\"name\":\"KitCo\",\"description\":\"Juegos de Talentos, Valores y Emociones\",\"publisher\":{\"@id\":\"https:\\\/\\\/tukitco.net\\\/#organization\"},\"potentialAction\":[{\"@type\":\"SearchAction\",\"target\":{\"@type\":\"EntryPoint\",\"urlTemplate\":\"https:\\\/\\\/tukitco.net\\\/?s={search_term_string}\"},\"query-input\":{\"@type\":\"PropertyValueSpecification\",\"valueRequired\":true,\"valueName\":\"search_term_string\"}}],\"inLanguage\":\"en-US\"},{\"@type\":\"Organization\",\"@id\":\"https:\\\/\\\/tukitco.net\\\/#organization\",\"name\":\"KitCo For personal development\",\"url\":\"https:\\\/\\\/tukitco.net\\\/\",\"logo\":{\"@type\":\"ImageObject\",\"inLanguage\":\"en-US\",\"@id\":\"https:\\\/\\\/tukitco.net\\\/#\\\/schema\\\/logo\\\/image\\\/\",\"url\":\"https:\\\/\\\/tukitco.net\\\/wp-content\\\/uploads\\\/2020\\\/06\\\/KITCO-COR-FONDO-TRANSPARENTE-GORDO-8-SOLO-CARA-1.png\",\"contentUrl\":\"https:\\\/\\\/tukitco.net\\\/wp-content\\\/uploads\\\/2020\\\/06\\\/KITCO-COR-FONDO-TRANSPARENTE-GORDO-8-SOLO-CARA-1.png\",\"width\":1618,\"height\":1622,\"caption\":\"KitCo For personal development\"},\"image\":{\"@id\":\"https:\\\/\\\/tukitco.net\\\/#\\\/schema\\\/logo\\\/image\\\/\"},\"sameAs\":[\"https:\\\/\\\/www.facebook.com\\\/KitCoCoaching\\\/\",\"https:\\\/\\\/x.com\\\/ElsaGimnez\",\"https:\\\/\\\/www.instagram.com\\\/tukitco\\\/\",\"https:\\\/\\\/www.linkedin.com\\\/company\\\/tukitco\\\/\",\"https:\\\/\\\/www.youtube.com\\\/channel\\\/UCPAGQ-h0cDjdBnT87RvFK8w\"]}]}<\/script>\n<!-- \/ Yoast SEO Premium plugin. -->","yoast_head_json":{"title":"Gu\u00eda digital de KitCo Experiencia Completa &#8211; KitCo","description":"Gu\u00eda digital de KitCo Experiencia Completa que incluye todos los juegos y din\u00e1micas tanto grupales como individuales de emociones, talentos y valores.","robots":{"index":"index","follow":"follow","max-snippet":"max-snippet:-1","max-image-preview":"max-image-preview:large","max-video-preview":"max-video-preview:-1"},"canonical":"https:\/\/tukitco.net\/en\/product\/guia-digital-de-kitco-experiencia-completa\/","og_locale":"en_US","og_type":"article","og_title":"Gu\u00eda digital de KitCo Experiencia Completa","og_description":"Gu\u00eda digital de KitCo Experiencia Completa que incluye juegos y din\u00e1micas tanto grupales como individuales de emociones, talentos y valores.","og_url":"https:\/\/tukitco.net\/en\/product\/guia-digital-de-kitco-experiencia-completa\/","og_site_name":"KitCo","article_publisher":"https:\/\/www.facebook.com\/KitCoCoaching\/","article_modified_time":"2024-10-16T16:40:58+00:00","og_image":[{"width":1080,"height":1080,"url":"https:\/\/i0.wp.com\/tukitco.net\/wp-content\/uploads\/2023\/01\/GUIAS-DIGITALES-IMAGENES-PORTADA-1.jpg?fit=1080%2C1080&ssl=1","type":"image\/jpeg"}],"twitter_card":"summary_large_image","twitter_site":"@ElsaGimnez","twitter_misc":{"Est. reading time":"2 minutes"},"schema":{"@context":"https:\/\/schema.org","@graph":[{"@type":"WebPage","@id":"https:\/\/tukitco.net\/producto\/guia-digital-de-kitco-experiencia-completa\/","url":"https:\/\/tukitco.net\/producto\/guia-digital-de-kitco-experiencia-completa\/","name":"Gu\u00eda digital de KitCo Experiencia Completa &#8211; KitCo","isPartOf":{"@id":"https:\/\/tukitco.net\/#website"},"primaryImageOfPage":{"@id":"https:\/\/tukitco.net\/producto\/guia-digital-de-kitco-experiencia-completa\/#primaryimage"},"image":{"@id":"https:\/\/tukitco.net\/producto\/guia-digital-de-kitco-experiencia-completa\/#primaryimage"},"thumbnailUrl":"https:\/\/i0.wp.com\/tukitco.net\/wp-content\/uploads\/2023\/01\/GUIAS-DIGITALES-IMAGENES-PORTADA-1.jpg?fit=1080%2C1080&ssl=1","datePublished":"2021-09-29T08:45:28+00:00","dateModified":"2024-10-16T16:40:58+00:00","description":"Gu\u00eda digital de KitCo Experiencia Completa que incluye todos los juegos y din\u00e1micas tanto grupales como individuales de emociones, talentos y valores.","breadcrumb":{"@id":"https:\/\/tukitco.net\/producto\/guia-digital-de-kitco-experiencia-completa\/#breadcrumb"},"inLanguage":"en-US","potentialAction":[{"@type":"ReadAction","target":["https:\/\/tukitco.net\/producto\/guia-digital-de-kitco-experiencia-completa\/"]}]},{"@type":"ImageObject","inLanguage":"en-US","@id":"https:\/\/tukitco.net\/producto\/guia-digital-de-kitco-experiencia-completa\/#primaryimage","url":"https:\/\/i0.wp.com\/tukitco.net\/wp-content\/uploads\/2023\/01\/GUIAS-DIGITALES-IMAGENES-PORTADA-1.jpg?fit=1080%2C1080&ssl=1","contentUrl":"https:\/\/i0.wp.com\/tukitco.net\/wp-content\/uploads\/2023\/01\/GUIAS-DIGITALES-IMAGENES-PORTADA-1.jpg?fit=1080%2C1080&ssl=1","width":1080,"height":1080},{"@type":"BreadcrumbList","@id":"https:\/\/tukitco.net\/producto\/guia-digital-de-kitco-experiencia-completa\/#breadcrumb","itemListElement":[{"@type":"ListItem","position":1,"name":"Portada","item":"https:\/\/tukitco.net\/"},{"@type":"ListItem","position":2,"name":"Tienda","item":"https:\/\/tukitco.net\/tienda\/"},{"@type":"ListItem","position":3,"name":"Gu\u00eda digital de KitCo Experiencia Completa"}]},{"@type":"WebSite","@id":"https:\/\/tukitco.net\/#website","url":"https:\/\/tukitco.net\/","name":"KitCo","description":"Games of Talents, Values and Emotions","publisher":{"@id":"https:\/\/tukitco.net\/#organization"},"potentialAction":[{"@type":"SearchAction","target":{"@type":"EntryPoint","urlTemplate":"https:\/\/tukitco.net\/?s={search_term_string}"},"query-input":{"@type":"PropertyValueSpecification","valueRequired":true,"valueName":"search_term_string"}}],"inLanguage":"en-US"},{"@type":"Organization","@id":"https:\/\/tukitco.net\/#organization","name":"KitCo For personal development","url":"https:\/\/tukitco.net\/","logo":{"@type":"ImageObject","inLanguage":"en-US","@id":"https:\/\/tukitco.net\/#\/schema\/logo\/image\/","url":"https:\/\/tukitco.net\/wp-content\/uploads\/2020\/06\/KITCO-COR-FONDO-TRANSPARENTE-GORDO-8-SOLO-CARA-1.png","contentUrl":"https:\/\/tukitco.net\/wp-content\/uploads\/2020\/06\/KITCO-COR-FONDO-TRANSPARENTE-GORDO-8-SOLO-CARA-1.png","width":1618,"height":1622,"caption":"KitCo For personal development"},"image":{"@id":"https:\/\/tukitco.net\/#\/schema\/logo\/image\/"},"sameAs":["https:\/\/www.facebook.com\/KitCoCoaching\/","https:\/\/x.com\/ElsaGimnez","https:\/\/www.instagram.com\/tukitco\/","https:\/\/www.linkedin.com\/company\/tukitco\/","https:\/\/www.youtube.com\/channel\/UCPAGQ-h0cDjdBnT87RvFK8w"]}]}},"jetpack_likes_enabled":false,"jetpack-related-posts":[{"id":18599,"url":"https:\/\/tukitco.net\/en\/product\/tu-guia-digital-kitco-juegos-y-dinamicas-individuales-y-grupales-para-el-autoconocimiento-desarrollo-personal-e-inteligencia-emocional\/","url_meta":{"origin":8301,"position":0},"title":"Your KitCo Digital Guide","author":"kitco.contact","date":"31 July, 2023","format":false,"excerpt":"Your KitCo Guide. Games and Dynamics for Self-knowledge, Personal Development and Emotional Intelligence. To do individually or in groups, in teams, as a family, with friends or as a couple.","rel":"","context":"Similar post","block_context":{"text":"Similar post","link":""},"img":{"alt_text":"","src":"https:\/\/i0.wp.com\/tukitco.net\/wp-content\/uploads\/2023\/01\/GUIAS-DIGITALES-IMAGENES-PORTADA-1.jpg?fit=1080%2C1080&ssl=1&resize=350%2C200","width":350,"height":200,"srcset":"https:\/\/i0.wp.com\/tukitco.net\/wp-content\/uploads\/2023\/01\/GUIAS-DIGITALES-IMAGENES-PORTADA-1.jpg?fit=1080%2C1080&ssl=1&resize=350%2C200 1x, https:\/\/i0.wp.com\/tukitco.net\/wp-content\/uploads\/2023\/01\/GUIAS-DIGITALES-IMAGENES-PORTADA-1.jpg?fit=1080%2C1080&ssl=1&resize=525%2C300 1.5x, https:\/\/i0.wp.com\/tukitco.net\/wp-content\/uploads\/2023\/01\/GUIAS-DIGITALES-IMAGENES-PORTADA-1.jpg?fit=1080%2C1080&ssl=1&resize=700%2C400 2x, https:\/\/i0.wp.com\/tukitco.net\/wp-content\/uploads\/2023\/01\/GUIAS-DIGITALES-IMAGENES-PORTADA-1.jpg?fit=1080%2C1080&ssl=1&resize=1050%2C600 3x"},"classes":[]},{"id":7979,"url":"https:\/\/tukitco.net\/en\/product\/kitco-escuelas-educacion-del-ser-experiencia-completa\/","url_meta":{"origin":8301,"position":1},"title":"KitCo Schools \u2013 Education of the Self \u2013 Full Experience","author":"kitco.contact","date":"21 September, 2021","format":false,"excerpt":"KitCo Escuelas Experiencia Completa:\u00a0Juegos y din\u00e1micas para acompa\u00f1ar a los alumn@s a sacar lo mejor de s\u00ed mism@s.\u00a0Basado en tres pilares:\u00a0Talentos, Valores y Emociones.","rel":"","context":"Similar post","block_context":{"text":"Similar post","link":""},"img":{"alt_text":"","src":"https:\/\/i0.wp.com\/tukitco.net\/wp-content\/uploads\/2021\/09\/Diseno-sin-titulo-50.jpg?fit=1200%2C675&ssl=1&resize=350%2C200","width":350,"height":200,"srcset":"https:\/\/i0.wp.com\/tukitco.net\/wp-content\/uploads\/2021\/09\/Diseno-sin-titulo-50.jpg?fit=1200%2C675&ssl=1&resize=350%2C200 1x, https:\/\/i0.wp.com\/tukitco.net\/wp-content\/uploads\/2021\/09\/Diseno-sin-titulo-50.jpg?fit=1200%2C675&ssl=1&resize=525%2C300 1.5x, https:\/\/i0.wp.com\/tukitco.net\/wp-content\/uploads\/2021\/09\/Diseno-sin-titulo-50.jpg?fit=1200%2C675&ssl=1&resize=700%2C400 2x, https:\/\/i0.wp.com\/tukitco.net\/wp-content\/uploads\/2021\/09\/Diseno-sin-titulo-50.jpg?fit=1200%2C675&ssl=1&resize=1050%2C600 3x"},"classes":[]},{"id":18005,"url":"https:\/\/tukitco.net\/en\/product\/kitco-escuelas-educacion-del-ser-experiencia-completa-affiliate\/","url_meta":{"origin":8301,"position":2},"title":"KitCo Schools \u2013 Education of Being \u2013 Complete experience \u2013 With discount","author":"kitco.contact","date":"16 February, 2023","format":false,"excerpt":"KitCo Escuelas Experiencia Completa:\u00a0Juegos y din\u00e1micas para acompa\u00f1ar a los alumn@s a sacar lo mejor de s\u00ed mism@s.\u00a0Basado en tres pilares:\u00a0Talentos, Valores y Emociones.","rel":"","context":"Similar post","block_context":{"text":"Similar post","link":""},"img":{"alt_text":"","src":"https:\/\/i0.wp.com\/tukitco.net\/wp-content\/uploads\/2021\/09\/Diseno-sin-titulo-50.jpg?fit=1200%2C675&ssl=1&resize=350%2C200","width":350,"height":200,"srcset":"https:\/\/i0.wp.com\/tukitco.net\/wp-content\/uploads\/2021\/09\/Diseno-sin-titulo-50.jpg?fit=1200%2C675&ssl=1&resize=350%2C200 1x, https:\/\/i0.wp.com\/tukitco.net\/wp-content\/uploads\/2021\/09\/Diseno-sin-titulo-50.jpg?fit=1200%2C675&ssl=1&resize=525%2C300 1.5x, https:\/\/i0.wp.com\/tukitco.net\/wp-content\/uploads\/2021\/09\/Diseno-sin-titulo-50.jpg?fit=1200%2C675&ssl=1&resize=700%2C400 2x, https:\/\/i0.wp.com\/tukitco.net\/wp-content\/uploads\/2021\/09\/Diseno-sin-titulo-50.jpg?fit=1200%2C675&ssl=1&resize=1050%2C600 3x"},"classes":[]},{"id":8290,"url":"https:\/\/tukitco.net\/en\/product\/guia-de-kitco-experiencia-completa-impresa\/","url_meta":{"origin":8301,"position":3},"title":"KitCo Complete Experience Guide \u2013 Printed","author":"kitco.contact","date":"29 September, 2021","format":false,"excerpt":"Gu\u00eda digital de KitCo Experiencia Completa que incluye: (I) Din\u00e1micas y Juegos Grupales: nueve juegos de emociones (Adivina la Carta, \u00bfC\u00f3mo me siento cuando?, \u00bfC\u00f3mo est\u00e1s?, M\u00edmica de las Emociones, Conectamos, Diccionario Emocional, etc.)\u00a0 dos juegos de talentos y tres juegos de valores. (II) Din\u00e1micas y Juegos individuales: Din\u00e1mica del\u2026","rel":"","context":"Similar post","block_context":{"text":"Similar post","link":""},"img":{"alt_text":"","src":"https:\/\/i0.wp.com\/tukitco.net\/wp-content\/uploads\/2020\/10\/Copia-de-KITCO-PROFESIONAL-IMPRENTA-elsa-5.png?fit=857%2C1200&ssl=1&resize=350%2C200","width":350,"height":200,"srcset":"https:\/\/i0.wp.com\/tukitco.net\/wp-content\/uploads\/2020\/10\/Copia-de-KITCO-PROFESIONAL-IMPRENTA-elsa-5.png?fit=857%2C1200&ssl=1&resize=350%2C200 1x, https:\/\/i0.wp.com\/tukitco.net\/wp-content\/uploads\/2020\/10\/Copia-de-KITCO-PROFESIONAL-IMPRENTA-elsa-5.png?fit=857%2C1200&ssl=1&resize=525%2C300 1.5x, https:\/\/i0.wp.com\/tukitco.net\/wp-content\/uploads\/2020\/10\/Copia-de-KITCO-PROFESIONAL-IMPRENTA-elsa-5.png?fit=857%2C1200&ssl=1&resize=700%2C400 2x"},"classes":[]},{"id":19576,"url":"https:\/\/tukitco.net\/en\/product\/pack-ahorro-4-kitco-escuelas-proyecto-steamcat\/","url_meta":{"origin":8301,"position":4},"title":"SAVINGS PACK: 4 KitCo Schools \u2013 Education of Being \u2013 Complete Experience \u2013 SteamCat Project","author":"kitco.contact","date":"21 February, 2024","format":false,"excerpt":"KitCo Escuelas Experiencia Completa:\u00a0Juegos y din\u00e1micas para acompa\u00f1ar a los alumn@s a sacar lo mejor de s\u00ed mism@s.\u00a0Basado en tres pilares:\u00a0Talentos, Valores y Emociones.","rel":"","context":"Similar post","block_context":{"text":"Similar post","link":""},"img":{"alt_text":"","src":"https:\/\/i0.wp.com\/tukitco.net\/wp-content\/uploads\/2021\/09\/Diseno-sin-titulo-50.jpg?fit=1200%2C675&ssl=1&resize=350%2C200","width":350,"height":200,"srcset":"https:\/\/i0.wp.com\/tukitco.net\/wp-content\/uploads\/2021\/09\/Diseno-sin-titulo-50.jpg?fit=1200%2C675&ssl=1&resize=350%2C200 1x, https:\/\/i0.wp.com\/tukitco.net\/wp-content\/uploads\/2021\/09\/Diseno-sin-titulo-50.jpg?fit=1200%2C675&ssl=1&resize=525%2C300 1.5x, https:\/\/i0.wp.com\/tukitco.net\/wp-content\/uploads\/2021\/09\/Diseno-sin-titulo-50.jpg?fit=1200%2C675&ssl=1&resize=700%2C400 2x, https:\/\/i0.wp.com\/tukitco.net\/wp-content\/uploads\/2021\/09\/Diseno-sin-titulo-50.jpg?fit=1200%2C675&ssl=1&resize=1050%2C600 3x"},"classes":[]},{"id":21170,"url":"https:\/\/tukitco.net\/en\/product\/pack-kitco-escuelas-educacion-del-ser-experiencia-completa\/","url_meta":{"origin":8301,"position":5},"title":"Pack 4 KitCo Schools Complete Experience Education of Being","author":"kitco.contact","date":"16 April, 2024","format":false,"excerpt":"Pack KitCo Escuelas Experiencia Completa Educaci\u00f3n del Ser: m\u00e1s que un Kit de juegos, es una herramienta educativa para enriquecer el ambiente en el aula y promover el desarrollo integral del alumno\/a para sacar lo mejor de s\u00ed mismo\/a. Basado en recursos como juegos y din\u00e1micas de Talentos, Valores y\u2026","rel":"","context":"Similar post","block_context":{"text":"Similar post","link":""},"img":{"alt_text":"","src":"https:\/\/i0.wp.com\/tukitco.net\/wp-content\/uploads\/2021\/09\/Diseno-sin-titulo-50.jpg?fit=1200%2C675&ssl=1&resize=350%2C200","width":350,"height":200,"srcset":"https:\/\/i0.wp.com\/tukitco.net\/wp-content\/uploads\/2021\/09\/Diseno-sin-titulo-50.jpg?fit=1200%2C675&ssl=1&resize=350%2C200 1x, https:\/\/i0.wp.com\/tukitco.net\/wp-content\/uploads\/2021\/09\/Diseno-sin-titulo-50.jpg?fit=1200%2C675&ssl=1&resize=525%2C300 1.5x, https:\/\/i0.wp.com\/tukitco.net\/wp-content\/uploads\/2021\/09\/Diseno-sin-titulo-50.jpg?fit=1200%2C675&ssl=1&resize=700%2C400 2x, https:\/\/i0.wp.com\/tukitco.net\/wp-content\/uploads\/2021\/09\/Diseno-sin-titulo-50.jpg?fit=1200%2C675&ssl=1&resize=1050%2C600 3x"},"classes":[]}],"jetpack_sharing_enabled":false,"_links":{"self":[{"href":"https:\/\/tukitco.net\/en\/wp-json\/wp\/v2\/product\/8301","targetHints":{"allow":["GET"]}}],"collection":[{"href":"https:\/\/tukitco.net\/en\/wp-json\/wp\/v2\/product"}],"about":[{"href":"https:\/\/tukitco.net\/en\/wp-json\/wp\/v2\/types\/product"}],"version-history":[{"count":6,"href":"https:\/\/tukitco.net\/en\/wp-json\/wp\/v2\/product\/8301\/revisions"}],"predecessor-version":[{"id":23041,"href":"https:\/\/tukitco.net\/en\/wp-json\/wp\/v2\/product\/8301\/revisions\/23041"}],"wp:featuredmedia":[{"embeddable":true,"href":"https:\/\/tukitco.net\/en\/wp-json\/wp\/v2\/media\/16045"}],"wp:attachment":[{"href":"https:\/\/tukitco.net\/en\/wp-json\/wp\/v2\/media?parent=8301"}],"wp:term":[{"taxonomy":"product_brand","embeddable":true,"href":"https:\/\/tukitco.net\/en\/wp-json\/wp\/v2\/product_brand?post=8301"},{"taxonomy":"product_cat","embeddable":true,"href":"https:\/\/tukitco.net\/en\/wp-json\/wp\/v2\/product_cat?post=8301"},{"taxonomy":"product_tag","embeddable":true,"href":"https:\/\/tukitco.net\/en\/wp-json\/wp\/v2\/product_tag?post=8301"}],"curies":[{"name":"wp","href":"https:\/\/api.w.org\/{rel}","templated":true}]}}