{"id":1950,"date":"2020-07-09T16:10:12","date_gmt":"2020-07-09T16:10:12","guid":{"rendered":"https:\/\/tukitco.net\/politica-de-cookies\/"},"modified":"2022-02-01T11:39:49","modified_gmt":"2022-02-01T11:39:49","slug":"politica-de-cookies","status":"publish","type":"page","link":"https:\/\/tukitco.net\/es\/politica-de-cookies\/","title":{"rendered":"Pol\u00edtica de Cookies"},"content":{"rendered":"","protected":false},"excerpt":{"rendered":"","protected":false},"author":177201420,"featured_media":0,"parent":0,"menu_order":0,"comment_status":"closed","ping_status":"closed","template":"elementor_header_footer","meta":{"_eb_attr":"","_crdt_document":"","footnotes":""},"class_list":["post-1950","page","type-page","status-publish","hentry"],"yoast_head":"<!-- This site is optimized with the Yoast SEO Premium plugin v20.8 (Yoast SEO v27.5) - https:\/\/yoast.com\/product\/yoast-seo-premium-wordpress\/ -->\n<title>Pol\u00edtica de Cookies &#8211; KitCo<\/title>\n<meta name=\"robots\" content=\"index, follow, max-snippet:-1, max-image-preview:large, max-video-preview:-1\" \/>\n<link rel=\"canonical\" href=\"https:\/\/tukitco.net\/es\/politica-de-cookies\/\" \/>\n<meta property=\"og:locale\" content=\"es_ES\" \/>\n<meta property=\"og:type\" content=\"article\" \/>\n<meta property=\"og:title\" content=\"Pol\u00edtica de Cookies\" \/>\n<meta property=\"og:url\" content=\"https:\/\/tukitco.net\/es\/politica-de-cookies\/\" \/>\n<meta property=\"og:site_name\" content=\"KitCo\" \/>\n<meta property=\"article:publisher\" content=\"https:\/\/www.facebook.com\/KitCoCoaching\/\" \/>\n<meta property=\"article:modified_time\" content=\"2022-02-01T11:39:49+00:00\" \/>\n<meta name=\"twitter:card\" content=\"summary_large_image\" \/>\n<meta name=\"twitter:site\" content=\"@ElsaGimnez\" \/>\n<script type=\"application\/ld+json\" class=\"yoast-schema-graph\">{\"@context\":\"https:\\\/\\\/schema.org\",\"@graph\":[{\"@type\":\"WebPage\",\"@id\":\"https:\\\/\\\/tukitco.net\\\/politica-de-cookies\\\/\",\"url\":\"https:\\\/\\\/tukitco.net\\\/politica-de-cookies\\\/\",\"name\":\"Pol\u00edtica de Cookies &#8211; KitCo\",\"isPartOf\":{\"@id\":\"https:\\\/\\\/tukitco.net\\\/#website\"},\"datePublished\":\"2020-07-09T16:10:12+00:00\",\"dateModified\":\"2022-02-01T11:39:49+00:00\",\"breadcrumb\":{\"@id\":\"https:\\\/\\\/tukitco.net\\\/politica-de-cookies\\\/#breadcrumb\"},\"inLanguage\":\"es\",\"potentialAction\":[{\"@type\":\"ReadAction\",\"target\":[\"https:\\\/\\\/tukitco.net\\\/politica-de-cookies\\\/\"]}]},{\"@type\":\"BreadcrumbList\",\"@id\":\"https:\\\/\\\/tukitco.net\\\/politica-de-cookies\\\/#breadcrumb\",\"itemListElement\":[{\"@type\":\"ListItem\",\"position\":1,\"name\":\"Portada\",\"item\":\"https:\\\/\\\/tukitco.net\\\/\"},{\"@type\":\"ListItem\",\"position\":2,\"name\":\"Pol\u00edtica de Cookies\"}]},{\"@type\":\"WebSite\",\"@id\":\"https:\\\/\\\/tukitco.net\\\/#website\",\"url\":\"https:\\\/\\\/tukitco.net\\\/\",\"name\":\"KitCo\",\"description\":\"Juegos de Talentos, Valores y Emociones\",\"publisher\":{\"@id\":\"https:\\\/\\\/tukitco.net\\\/#organization\"},\"potentialAction\":[{\"@type\":\"SearchAction\",\"target\":{\"@type\":\"EntryPoint\",\"urlTemplate\":\"https:\\\/\\\/tukitco.net\\\/?s={search_term_string}\"},\"query-input\":{\"@type\":\"PropertyValueSpecification\",\"valueRequired\":true,\"valueName\":\"search_term_string\"}}],\"inLanguage\":\"es\"},{\"@type\":\"Organization\",\"@id\":\"https:\\\/\\\/tukitco.net\\\/#organization\",\"name\":\"KitCo For personal development\",\"url\":\"https:\\\/\\\/tukitco.net\\\/\",\"logo\":{\"@type\":\"ImageObject\",\"inLanguage\":\"es\",\"@id\":\"https:\\\/\\\/tukitco.net\\\/#\\\/schema\\\/logo\\\/image\\\/\",\"url\":\"https:\\\/\\\/tukitco.net\\\/wp-content\\\/uploads\\\/2020\\\/06\\\/KITCO-COR-FONDO-TRANSPARENTE-GORDO-8-SOLO-CARA-1.png\",\"contentUrl\":\"https:\\\/\\\/tukitco.net\\\/wp-content\\\/uploads\\\/2020\\\/06\\\/KITCO-COR-FONDO-TRANSPARENTE-GORDO-8-SOLO-CARA-1.png\",\"width\":1618,\"height\":1622,\"caption\":\"KitCo For personal development\"},\"image\":{\"@id\":\"https:\\\/\\\/tukitco.net\\\/#\\\/schema\\\/logo\\\/image\\\/\"},\"sameAs\":[\"https:\\\/\\\/www.facebook.com\\\/KitCoCoaching\\\/\",\"https:\\\/\\\/x.com\\\/ElsaGimnez\",\"https:\\\/\\\/www.instagram.com\\\/tukitco\\\/\",\"https:\\\/\\\/www.linkedin.com\\\/company\\\/tukitco\\\/\",\"https:\\\/\\\/www.youtube.com\\\/channel\\\/UCPAGQ-h0cDjdBnT87RvFK8w\"]}]}<\/script>\n<!-- \/ Yoast SEO Premium plugin. -->","yoast_head_json":{"title":"Pol\u00edtica de Cookies &#8211; KitCo","robots":{"index":"index","follow":"follow","max-snippet":"max-snippet:-1","max-image-preview":"max-image-preview:large","max-video-preview":"max-video-preview:-1"},"canonical":"https:\/\/tukitco.net\/es\/politica-de-cookies\/","og_locale":"es_ES","og_type":"article","og_title":"Pol\u00edtica de Cookies","og_url":"https:\/\/tukitco.net\/es\/politica-de-cookies\/","og_site_name":"KitCo","article_publisher":"https:\/\/www.facebook.com\/KitCoCoaching\/","article_modified_time":"2022-02-01T11:39:49+00:00","twitter_card":"summary_large_image","twitter_site":"@ElsaGimnez","schema":{"@context":"https:\/\/schema.org","@graph":[{"@type":"WebPage","@id":"https:\/\/tukitco.net\/politica-de-cookies\/","url":"https:\/\/tukitco.net\/politica-de-cookies\/","name":"Pol\u00edtica de Cookies &#8211; KitCo","isPartOf":{"@id":"https:\/\/tukitco.net\/#website"},"datePublished":"2020-07-09T16:10:12+00:00","dateModified":"2022-02-01T11:39:49+00:00","breadcrumb":{"@id":"https:\/\/tukitco.net\/politica-de-cookies\/#breadcrumb"},"inLanguage":"es","potentialAction":[{"@type":"ReadAction","target":["https:\/\/tukitco.net\/politica-de-cookies\/"]}]},{"@type":"BreadcrumbList","@id":"https:\/\/tukitco.net\/politica-de-cookies\/#breadcrumb","itemListElement":[{"@type":"ListItem","position":1,"name":"Portada","item":"https:\/\/tukitco.net\/"},{"@type":"ListItem","position":2,"name":"Pol\u00edtica de Cookies"}]},{"@type":"WebSite","@id":"https:\/\/tukitco.net\/#website","url":"https:\/\/tukitco.net\/","name":"KitCo","description":"Juegos de Talentos, Valores y Emociones","publisher":{"@id":"https:\/\/tukitco.net\/#organization"},"potentialAction":[{"@type":"SearchAction","target":{"@type":"EntryPoint","urlTemplate":"https:\/\/tukitco.net\/?s={search_term_string}"},"query-input":{"@type":"PropertyValueSpecification","valueRequired":true,"valueName":"search_term_string"}}],"inLanguage":"es"},{"@type":"Organization","@id":"https:\/\/tukitco.net\/#organization","name":"KitCo For personal development","url":"https:\/\/tukitco.net\/","logo":{"@type":"ImageObject","inLanguage":"es","@id":"https:\/\/tukitco.net\/#\/schema\/logo\/image\/","url":"https:\/\/tukitco.net\/wp-content\/uploads\/2020\/06\/KITCO-COR-FONDO-TRANSPARENTE-GORDO-8-SOLO-CARA-1.png","contentUrl":"https:\/\/tukitco.net\/wp-content\/uploads\/2020\/06\/KITCO-COR-FONDO-TRANSPARENTE-GORDO-8-SOLO-CARA-1.png","width":1618,"height":1622,"caption":"KitCo For personal development"},"image":{"@id":"https:\/\/tukitco.net\/#\/schema\/logo\/image\/"},"sameAs":["https:\/\/www.facebook.com\/KitCoCoaching\/","https:\/\/x.com\/ElsaGimnez","https:\/\/www.instagram.com\/tukitco\/","https:\/\/www.linkedin.com\/company\/tukitco\/","https:\/\/www.youtube.com\/channel\/UCPAGQ-h0cDjdBnT87RvFK8w"]}]}},"jetpack_likes_enabled":true,"jetpack_shortlink":"https:\/\/wp.me\/PbxVe8-vs","jetpack-related-posts":[{"id":40,"url":"https:\/\/tukitco.net\/es\/contacto\/","url_meta":{"origin":1950,"position":0},"title":"Contacto","author":"kitco.contact","date":"28 diciembre, 2019","format":false,"excerpt":"Quiero m\u00e1s informaci\u00f3n kitco Inicio Sobre nosotr@s KitCo Profesional KitCo Familias Valores Talentos Emociones TIENDA kitco Tienda tu KitCo BLOG Noticias Art\u00edculos POLITICA Y PRIVACIDAD Aviso Legal Pol\u00edtica de Privacidad Pol\u00edtica de Cookies Contacto Newsletter Si quieres recibir las nuevas publicaciones como art\u00edculos o nuevos v\u00eddeos, subscr\u00edbete a nuestra Newsletter.\u2026","rel":"","context":"Entrada similar","block_context":{"text":"Entrada similar","link":""},"img":{"alt_text":"","src":"","width":0,"height":0},"classes":[]},{"id":4872,"url":"https:\/\/tukitco.net\/es\/blog-2\/","url_meta":{"origin":1950,"position":1},"title":"Blog","author":"kitco.contact","date":"11 febrero, 2021","format":false,"excerpt":"Ir a tienda KitCo Ir a tienda KitCo kitco Inicio Sobre nosotr@s KitCo Profesional KitCo Familias Valores Talentos Emociones TIENDA kitco Tienda tu KitCo BLOG Noticias Art\u00edculos POLITICA Y PRIVACIDAD Aviso Legal Pol\u00edtica de Privacidad Pol\u00edtica de Cookies Contacto Newsletter Si quieres recibir las nuevas publicaciones como art\u00edculos o\u00a0 nuevos\u2026","rel":"","context":"Entrada similar","block_context":{"text":"Entrada similar","link":""},"img":{"alt_text":"","src":"","width":0,"height":0},"classes":[]},{"id":19493,"url":"https:\/\/tukitco.net\/es\/formulario-de-inscripcion\/","url_meta":{"origin":1950,"position":2},"title":"Formulario de Inscripci\u00f3n","author":"kitco.contact","date":"8 febrero, 2024","format":false,"excerpt":"Quiero m\u00e1s informaci\u00f3n kitco Inicio Sobre nosotr@s KitCo Profesional KitCo Familias Valores Talentos Emociones TIENDA kitco Tienda tu KitCo BLOG Noticias Art\u00edculos POLITICA Y PRIVACIDAD Aviso Legal Pol\u00edtica de Privacidad Pol\u00edtica de Cookies Contacto Newslatter Si quieres recibir las nuevas publicaciones como art\u00edculos o\u00a0 nuevos videos subscr\u00edbete a nuestra Newslater.\u2026","rel":"","context":"Entrada similar","block_context":{"text":"Entrada similar","link":""},"img":{"alt_text":"","src":"","width":0,"height":0},"classes":[]},{"id":22544,"url":"https:\/\/tukitco.net\/es\/emociones-basicas\/","url_meta":{"origin":1950,"position":3},"title":"Emociones B\u00e1sicas","author":"kitco.contact","date":"17 junio, 2024","format":false,"excerpt":"EMOCIONES EMOCIONES B\u00c1SICAS \u00bfqu\u00c9 son? \u00bfpara qu\u00e9 sirven? Quiero saber m\u00e1s de los juegos de emociones de KitCo kitco Inicio Sobre nosotr@s KitCo Profesional KitCo Familias Valores Talentos Emociones TIENDA kitco Tienda tu KitCo BLOG Noticias Art\u00edculos POLITICA Y PRIVACIDAD Aviso Legal Pol\u00edtica de Privacidad Pol\u00edtica de Cookies Contacto Newsletter\u2026","rel":"","context":"Entrada similar","block_context":{"text":"Entrada similar","link":""},"img":{"alt_text":"","src":"https:\/\/i0.wp.com\/tukitco.net\/wp-content\/uploads\/2024\/12\/2025_Diciembre_Tarjeta-Emociones-Basicas-Catala-a.png?resize=350%2C200&ssl=1","width":350,"height":200,"srcset":"https:\/\/i0.wp.com\/tukitco.net\/wp-content\/uploads\/2024\/12\/2025_Diciembre_Tarjeta-Emociones-Basicas-Catala-a.png?resize=350%2C200&ssl=1 1x, https:\/\/i0.wp.com\/tukitco.net\/wp-content\/uploads\/2024\/12\/2025_Diciembre_Tarjeta-Emociones-Basicas-Catala-a.png?resize=525%2C300&ssl=1 1.5x, https:\/\/i0.wp.com\/tukitco.net\/wp-content\/uploads\/2024\/12\/2025_Diciembre_Tarjeta-Emociones-Basicas-Catala-a.png?resize=700%2C400&ssl=1 2x, https:\/\/i0.wp.com\/tukitco.net\/wp-content\/uploads\/2024\/12\/2025_Diciembre_Tarjeta-Emociones-Basicas-Catala-a.png?resize=1050%2C600&ssl=1 3x, https:\/\/i0.wp.com\/tukitco.net\/wp-content\/uploads\/2024\/12\/2025_Diciembre_Tarjeta-Emociones-Basicas-Catala-a.png?resize=1400%2C800&ssl=1 4x"},"classes":[]},{"id":25116,"url":"https:\/\/tukitco.net\/es\/talentos-kitco\/","url_meta":{"origin":1950,"position":4},"title":"Talentos KitCo","author":"kitco.contact","date":"12 diciembre, 2024","format":false,"excerpt":"TALENTOS TALENTOS Y COLORES \u00bfqu\u00c9 QUIEREN DECIR? Quiero saber m\u00e1s de los juegos de emociones de KitCo kitco Inicio Sobre nosotr@s KitCo Profesional KitCo Familias Valores Talentos Emociones TIENDA kitco Tienda tu KitCo BLOG Noticias Art\u00edculos POLITICA Y PRIVACIDAD Aviso Legal Pol\u00edtica de Privacidad Pol\u00edtica de Cookies Contacto Newsletter Si\u2026","rel":"","context":"Entrada similar","block_context":{"text":"Entrada similar","link":""},"img":{"alt_text":"","src":"https:\/\/i0.wp.com\/tukitco.net\/wp-content\/uploads\/2024\/12\/2025_Tarjeta-Talentos-Catalan-Ingles.png?resize=350%2C200&ssl=1","width":350,"height":200,"srcset":"https:\/\/i0.wp.com\/tukitco.net\/wp-content\/uploads\/2024\/12\/2025_Tarjeta-Talentos-Catalan-Ingles.png?resize=350%2C200&ssl=1 1x, https:\/\/i0.wp.com\/tukitco.net\/wp-content\/uploads\/2024\/12\/2025_Tarjeta-Talentos-Catalan-Ingles.png?resize=525%2C300&ssl=1 1.5x, https:\/\/i0.wp.com\/tukitco.net\/wp-content\/uploads\/2024\/12\/2025_Tarjeta-Talentos-Catalan-Ingles.png?resize=700%2C400&ssl=1 2x, https:\/\/i0.wp.com\/tukitco.net\/wp-content\/uploads\/2024\/12\/2025_Tarjeta-Talentos-Catalan-Ingles.png?resize=1050%2C600&ssl=1 3x, https:\/\/i0.wp.com\/tukitco.net\/wp-content\/uploads\/2024\/12\/2025_Tarjeta-Talentos-Catalan-Ingles.png?resize=1400%2C800&ssl=1 4x"},"classes":[]},{"id":23725,"url":"https:\/\/tukitco.net\/es\/personalizar-cookies\/","url_meta":{"origin":1950,"position":5},"title":"Personalizar Cookies","author":"kitco.contact","date":"2 agosto, 2024","format":false,"excerpt":"","rel":"","context":"Entrada similar","block_context":{"text":"Entrada similar","link":""},"img":{"alt_text":"","src":"","width":0,"height":0},"classes":[]}],"jetpack_sharing_enabled":true,"_links":{"self":[{"href":"https:\/\/tukitco.net\/es\/wp-json\/wp\/v2\/pages\/1950","targetHints":{"allow":["GET"]}}],"collection":[{"href":"https:\/\/tukitco.net\/es\/wp-json\/wp\/v2\/pages"}],"about":[{"href":"https:\/\/tukitco.net\/es\/wp-json\/wp\/v2\/types\/page"}],"author":[{"embeddable":true,"href":"https:\/\/tukitco.net\/es\/wp-json\/wp\/v2\/users\/177201420"}],"replies":[{"embeddable":true,"href":"https:\/\/tukitco.net\/es\/wp-json\/wp\/v2\/comments?post=1950"}],"version-history":[{"count":1,"href":"https:\/\/tukitco.net\/es\/wp-json\/wp\/v2\/pages\/1950\/revisions"}],"predecessor-version":[{"id":11195,"href":"https:\/\/tukitco.net\/es\/wp-json\/wp\/v2\/pages\/1950\/revisions\/11195"}],"wp:attachment":[{"href":"https:\/\/tukitco.net\/es\/wp-json\/wp\/v2\/media?parent=1950"}],"curies":[{"name":"wp","href":"https:\/\/api.w.org\/{rel}","templated":true}]}}