{"id":2090,"date":"2020-07-27T20:20:21","date_gmt":"2020-07-27T20:20:21","guid":{"rendered":"https:\/\/tukitco.net\/carrito\/"},"modified":"2024-12-18T20:21:42","modified_gmt":"2024-12-18T20:21:42","slug":"carrito","status":"publish","type":"page","link":"https:\/\/tukitco.net\/es\/carrito\/","title":{"rendered":"Carrito"},"content":{"rendered":"\t\t<div data-elementor-type=\"wp-page\" data-elementor-id=\"2090\" class=\"elementor elementor-2090\" data-elementor-post-type=\"page\">\n\t\t\t\t\t\t<section data-particle_enable=\"false\" data-particle-mobile-disabled=\"false\" class=\"elementor-section elementor-top-section elementor-element elementor-element-19e1d2ce elementor-section-stretched elementor-section-boxed elementor-section-height-default elementor-section-height-default\" data-id=\"19e1d2ce\" data-element_type=\"section\" data-e-type=\"section\" data-settings=\"{&quot;stretch_section&quot;:&quot;section-stretched&quot;,&quot;background_background&quot;:&quot;classic&quot;}\">\n\t\t\t\t\t\t<div class=\"elementor-container elementor-column-gap-default\">\n\t\t\t\t\t<div class=\"elementor-column elementor-col-100 elementor-top-column elementor-element elementor-element-7de110b9\" data-id=\"7de110b9\" data-element_type=\"column\" data-e-type=\"column\">\n\t\t\t<div class=\"elementor-widget-wrap elementor-element-populated\">\n\t\t\t\t\t\t<div class=\"elementor-element elementor-element-76e5fc3 e-cart-layout-one-column elementor-widget elementor-widget-woocommerce-cart\" data-id=\"76e5fc3\" data-element_type=\"widget\" data-e-type=\"widget\" data-widget_type=\"woocommerce-cart.default\">\n\t\t\t\t<div class=\"elementor-widget-container\">\n\t\t\t\t\t<div class=\"woocommerce\"><div class=\"woocommerce-notices-wrapper\"><\/div><div class=\"wc-empty-cart-message\">\n\t<div class=\"cart-empty woocommerce-info\" role=\"status\">\n\t\tTu carrito est\u00e1 vac\u00edo.\t<\/div>\n<\/div>\t<p class=\"return-to-shop\">\n\t\t<a class=\"button wc-backward\" href=\"https:\/\/tukitco.net\/es\/tienda\/\">\n\t\t\tVolver a la tienda\t\t<\/a>\n\t<\/p>\n<\/div>\t\t\t\t<\/div>\n\t\t\t\t<\/div>\n\t\t\t\t\t<\/div>\n\t\t<\/div>\n\t\t\t\t\t<\/div>\n\t\t<\/section>\n\t\t\t\t<\/div>\n\t\t","protected":false},"excerpt":{"rendered":"<p>Eliminar art\u00edculo Imagen en miniatura Producto Precio Cantidad Subtotal &times; KitCo Valores &euro;35,00 KitCo Valores cantidad &euro;35,00 &times; KitCo Familias &euro;89,00 KitCo Familias cantidad &euro;89,00 Actualizar el carrito Aplicar el cup\u00f3n Totales del carrito Subtotal &euro;124,00 Env\u00edo Precio fijo: &euro;20,00 Enviar a CALLE RECREO, 08019 Barcelona, Barcelona. Cambiar direcci\u00f3n Pa\u00eds o regi\u00f3n: Selecciona un pa\u00eds\/regi\u00f3n&hellip;Afganist\u00e1nAlbaniaAlemaniaAndorraAngolaAnguilaAnt\u00e1rtidaAntigua &hellip; <\/p>\n<p class=\"link-more\"><a href=\"https:\/\/tukitco.net\/es\/carrito\/\" class=\"more-link\">Continuar leyendo<span class=\"screen-reader-text\"> &#8220;Carrito&#8221;<\/span><\/a><\/p>\n","protected":false},"author":1,"featured_media":0,"parent":0,"menu_order":0,"comment_status":"closed","ping_status":"closed","template":"elementor_header_footer","meta":{"_eb_attr":"","_crdt_document":"","footnotes":""},"class_list":["post-2090","page","type-page","status-publish","hentry"],"yoast_head":"<!-- This site is optimized with the Yoast SEO Premium plugin v20.8 (Yoast SEO v27.6) - https:\/\/yoast.com\/product\/yoast-seo-premium-wordpress\/ -->\n<title>Carrito &#8211; KitCo<\/title>\n<meta name=\"robots\" content=\"index, follow, max-snippet:-1, max-image-preview:large, max-video-preview:-1\" \/>\n<link rel=\"canonical\" href=\"https:\/\/tukitco.net\/es\/carrito\/\" \/>\n<meta property=\"og:locale\" content=\"es_ES\" \/>\n<meta property=\"og:type\" content=\"article\" \/>\n<meta property=\"og:title\" content=\"Carrito\" \/>\n<meta property=\"og:description\" content=\"Eliminar art\u00edculo Imagen en miniatura Producto Precio Cantidad Subtotal &times; KitCo Valores &euro;35,00 KitCo Valores cantidad &euro;35,00 &times; KitCo\" \/>\n<meta property=\"og:url\" content=\"https:\/\/tukitco.net\/es\/carrito\/\" \/>\n<meta property=\"og:site_name\" content=\"KitCo\" \/>\n<meta property=\"article:publisher\" content=\"https:\/\/www.facebook.com\/KitCoCoaching\/\" \/>\n<meta property=\"article:modified_time\" content=\"2024-12-18T20:21:42+00:00\" \/>\n<meta property=\"og:image\" content=\"https:\/\/tukitco.net\/wp-content\/uploads\/2020\/07\/Diseno-sin-titulo-8-250x250.jpg?crop=1\" \/>\n<meta name=\"twitter:card\" content=\"summary_large_image\" \/>\n<meta name=\"twitter:site\" content=\"@ElsaGimnez\" \/>\n<meta name=\"twitter:label1\" content=\"Tiempo de lectura\" \/>\n\t<meta name=\"twitter:data1\" content=\"3 minutos\" \/>\n<script type=\"application\/ld+json\" class=\"yoast-schema-graph\">{\"@context\":\"https:\\\/\\\/schema.org\",\"@graph\":[{\"@type\":\"WebPage\",\"@id\":\"https:\\\/\\\/tukitco.net\\\/es\\\/carrito\\\/\",\"url\":\"https:\\\/\\\/tukitco.net\\\/es\\\/carrito\\\/\",\"name\":\"Carrito &#8211; KitCo\",\"isPartOf\":{\"@id\":\"https:\\\/\\\/tukitco.net\\\/#website\"},\"primaryImageOfPage\":{\"@id\":\"https:\\\/\\\/tukitco.net\\\/es\\\/carrito\\\/#primaryimage\"},\"image\":{\"@id\":\"https:\\\/\\\/tukitco.net\\\/es\\\/carrito\\\/#primaryimage\"},\"thumbnailUrl\":\"https:\\\/\\\/tukitco.net\\\/wp-content\\\/uploads\\\/2020\\\/07\\\/Diseno-sin-titulo-8-250x250.jpg?crop=1\",\"datePublished\":\"2020-07-27T20:20:21+00:00\",\"dateModified\":\"2024-12-18T20:21:42+00:00\",\"breadcrumb\":{\"@id\":\"https:\\\/\\\/tukitco.net\\\/es\\\/carrito\\\/#breadcrumb\"},\"inLanguage\":\"es\",\"potentialAction\":[{\"@type\":\"ReadAction\",\"target\":[\"https:\\\/\\\/tukitco.net\\\/es\\\/carrito\\\/\"]}]},{\"@type\":\"ImageObject\",\"inLanguage\":\"es\",\"@id\":\"https:\\\/\\\/tukitco.net\\\/es\\\/carrito\\\/#primaryimage\",\"url\":\"https:\\\/\\\/tukitco.net\\\/wp-content\\\/uploads\\\/2020\\\/07\\\/Diseno-sin-titulo-8-250x250.jpg?crop=1\",\"contentUrl\":\"https:\\\/\\\/tukitco.net\\\/wp-content\\\/uploads\\\/2020\\\/07\\\/Diseno-sin-titulo-8-250x250.jpg?crop=1\"},{\"@type\":\"BreadcrumbList\",\"@id\":\"https:\\\/\\\/tukitco.net\\\/es\\\/carrito\\\/#breadcrumb\",\"itemListElement\":[{\"@type\":\"ListItem\",\"position\":1,\"name\":\"Portada\",\"item\":\"https:\\\/\\\/tukitco.net\\\/\"},{\"@type\":\"ListItem\",\"position\":2,\"name\":\"Carrito\"}]},{\"@type\":\"WebSite\",\"@id\":\"https:\\\/\\\/tukitco.net\\\/#website\",\"url\":\"https:\\\/\\\/tukitco.net\\\/\",\"name\":\"KitCo\",\"description\":\"Juegos de Talentos, Valores y Emociones\",\"publisher\":{\"@id\":\"https:\\\/\\\/tukitco.net\\\/#organization\"},\"potentialAction\":[{\"@type\":\"SearchAction\",\"target\":{\"@type\":\"EntryPoint\",\"urlTemplate\":\"https:\\\/\\\/tukitco.net\\\/?s={search_term_string}\"},\"query-input\":{\"@type\":\"PropertyValueSpecification\",\"valueRequired\":true,\"valueName\":\"search_term_string\"}}],\"inLanguage\":\"es\"},{\"@type\":\"Organization\",\"@id\":\"https:\\\/\\\/tukitco.net\\\/#organization\",\"name\":\"KitCo For personal development\",\"url\":\"https:\\\/\\\/tukitco.net\\\/\",\"logo\":{\"@type\":\"ImageObject\",\"inLanguage\":\"es\",\"@id\":\"https:\\\/\\\/tukitco.net\\\/#\\\/schema\\\/logo\\\/image\\\/\",\"url\":\"https:\\\/\\\/tukitco.net\\\/wp-content\\\/uploads\\\/2020\\\/06\\\/KITCO-COR-FONDO-TRANSPARENTE-GORDO-8-SOLO-CARA-1.png\",\"contentUrl\":\"https:\\\/\\\/tukitco.net\\\/wp-content\\\/uploads\\\/2020\\\/06\\\/KITCO-COR-FONDO-TRANSPARENTE-GORDO-8-SOLO-CARA-1.png\",\"width\":1618,\"height\":1622,\"caption\":\"KitCo For personal development\"},\"image\":{\"@id\":\"https:\\\/\\\/tukitco.net\\\/#\\\/schema\\\/logo\\\/image\\\/\"},\"sameAs\":[\"https:\\\/\\\/www.facebook.com\\\/KitCoCoaching\\\/\",\"https:\\\/\\\/x.com\\\/ElsaGimnez\",\"https:\\\/\\\/www.instagram.com\\\/tukitco\\\/\",\"https:\\\/\\\/www.linkedin.com\\\/company\\\/tukitco\\\/\",\"https:\\\/\\\/www.youtube.com\\\/channel\\\/UCPAGQ-h0cDjdBnT87RvFK8w\"]}]}<\/script>\n<!-- \/ Yoast SEO Premium plugin. -->","yoast_head_json":{"title":"Carrito &#8211; KitCo","robots":{"index":"index","follow":"follow","max-snippet":"max-snippet:-1","max-image-preview":"max-image-preview:large","max-video-preview":"max-video-preview:-1"},"canonical":"https:\/\/tukitco.net\/es\/carrito\/","og_locale":"es_ES","og_type":"article","og_title":"Carrito","og_description":"Eliminar art\u00edculo Imagen en miniatura Producto Precio Cantidad Subtotal &times; KitCo Valores &euro;35,00 KitCo Valores cantidad &euro;35,00 &times; KitCo","og_url":"https:\/\/tukitco.net\/es\/carrito\/","og_site_name":"KitCo","article_publisher":"https:\/\/www.facebook.com\/KitCoCoaching\/","article_modified_time":"2024-12-18T20:21:42+00:00","og_image":[{"url":"https:\/\/tukitco.net\/wp-content\/uploads\/2020\/07\/Diseno-sin-titulo-8-250x250.jpg?crop=1","type":"","width":"","height":""}],"twitter_card":"summary_large_image","twitter_site":"@ElsaGimnez","twitter_misc":{"Tiempo de lectura":"3 minutos"},"schema":{"@context":"https:\/\/schema.org","@graph":[{"@type":"WebPage","@id":"https:\/\/tukitco.net\/es\/carrito\/","url":"https:\/\/tukitco.net\/es\/carrito\/","name":"Carrito &#8211; KitCo","isPartOf":{"@id":"https:\/\/tukitco.net\/#website"},"primaryImageOfPage":{"@id":"https:\/\/tukitco.net\/es\/carrito\/#primaryimage"},"image":{"@id":"https:\/\/tukitco.net\/es\/carrito\/#primaryimage"},"thumbnailUrl":"https:\/\/tukitco.net\/wp-content\/uploads\/2020\/07\/Diseno-sin-titulo-8-250x250.jpg?crop=1","datePublished":"2020-07-27T20:20:21+00:00","dateModified":"2024-12-18T20:21:42+00:00","breadcrumb":{"@id":"https:\/\/tukitco.net\/es\/carrito\/#breadcrumb"},"inLanguage":"es","potentialAction":[{"@type":"ReadAction","target":["https:\/\/tukitco.net\/es\/carrito\/"]}]},{"@type":"ImageObject","inLanguage":"es","@id":"https:\/\/tukitco.net\/es\/carrito\/#primaryimage","url":"https:\/\/tukitco.net\/wp-content\/uploads\/2020\/07\/Diseno-sin-titulo-8-250x250.jpg?crop=1","contentUrl":"https:\/\/tukitco.net\/wp-content\/uploads\/2020\/07\/Diseno-sin-titulo-8-250x250.jpg?crop=1"},{"@type":"BreadcrumbList","@id":"https:\/\/tukitco.net\/es\/carrito\/#breadcrumb","itemListElement":[{"@type":"ListItem","position":1,"name":"Portada","item":"https:\/\/tukitco.net\/"},{"@type":"ListItem","position":2,"name":"Carrito"}]},{"@type":"WebSite","@id":"https:\/\/tukitco.net\/#website","url":"https:\/\/tukitco.net\/","name":"KitCo","description":"Juegos de Talentos, Valores y Emociones","publisher":{"@id":"https:\/\/tukitco.net\/#organization"},"potentialAction":[{"@type":"SearchAction","target":{"@type":"EntryPoint","urlTemplate":"https:\/\/tukitco.net\/?s={search_term_string}"},"query-input":{"@type":"PropertyValueSpecification","valueRequired":true,"valueName":"search_term_string"}}],"inLanguage":"es"},{"@type":"Organization","@id":"https:\/\/tukitco.net\/#organization","name":"KitCo For personal development","url":"https:\/\/tukitco.net\/","logo":{"@type":"ImageObject","inLanguage":"es","@id":"https:\/\/tukitco.net\/#\/schema\/logo\/image\/","url":"https:\/\/tukitco.net\/wp-content\/uploads\/2020\/06\/KITCO-COR-FONDO-TRANSPARENTE-GORDO-8-SOLO-CARA-1.png","contentUrl":"https:\/\/tukitco.net\/wp-content\/uploads\/2020\/06\/KITCO-COR-FONDO-TRANSPARENTE-GORDO-8-SOLO-CARA-1.png","width":1618,"height":1622,"caption":"KitCo For personal development"},"image":{"@id":"https:\/\/tukitco.net\/#\/schema\/logo\/image\/"},"sameAs":["https:\/\/www.facebook.com\/KitCoCoaching\/","https:\/\/x.com\/ElsaGimnez","https:\/\/www.instagram.com\/tukitco\/","https:\/\/www.linkedin.com\/company\/tukitco\/","https:\/\/www.youtube.com\/channel\/UCPAGQ-h0cDjdBnT87RvFK8w"]}]}},"jetpack_likes_enabled":true,"jetpack_shortlink":"https:\/\/wp.me\/PbxVe8-xI","jetpack-related-posts":[{"id":19256,"url":"https:\/\/tukitco.net\/es\/tienda-tu-kitco-afiliado-recrea-sca\/","url_meta":{"origin":2090,"position":0},"title":"Tienda tu KitCo &#8211; Afiliado &#8211; Recrea sca","author":"kitco.contact","date":"14 diciembre, 2023","format":false,"excerpt":"Gracias por confiar en KitCo Ll\u00e9vate tu KitCo ahora con descuento KitCo ProfesionalPrecio final Precio con descuento! Precio final 119 \u20ac 83 \u20ac A\u00f1adir a carrito Saber m\u00e1s KitCo experiencia completa: Cartas de Talentos, Valores y Emociones, con todas las din\u00e1micas y juegos. Pensado para profesionales del desarrollo personal como:\u2026","rel":"","context":"Entrada similar","block_context":{"text":"Entrada similar","link":""},"img":{"alt_text":"","src":"https:\/\/i0.wp.com\/tukitco.net\/wp-content\/uploads\/2023\/12\/logo-recrea.png?resize=350%2C200&ssl=1","width":350,"height":200,"srcset":"https:\/\/i0.wp.com\/tukitco.net\/wp-content\/uploads\/2023\/12\/logo-recrea.png?resize=350%2C200&ssl=1 1x, https:\/\/i0.wp.com\/tukitco.net\/wp-content\/uploads\/2023\/12\/logo-recrea.png?resize=525%2C300&ssl=1 1.5x, https:\/\/i0.wp.com\/tukitco.net\/wp-content\/uploads\/2023\/12\/logo-recrea.png?resize=700%2C400&ssl=1 2x"},"classes":[]},{"id":19202,"url":"https:\/\/tukitco.net\/es\/tienda-tu-kitco-descuento-gobierno-la-rioja\/","url_meta":{"origin":2090,"position":1},"title":"Tienda tu KitCo &#8211; Descuento Gobierno la Rioja","author":"kitco.contact","date":"23 noviembre, 2023","format":false,"excerpt":"producto kitco Tu KitCo \u00a1Nunca un juego de crecimiento personal hab\u00eda sido tan estimulante! KitCo ProfesionalPrecio final Descuento Gobierno de la RiojaPrecio final rebajado 95 \u20ac 119 \u20ac A\u00f1adir a carrito Saber m\u00e1s KitCo experiencia completa: Cartas de Talentos, Valores y Emociones, con todas las din\u00e1micas y juegos. Pensado para\u2026","rel":"","context":"Entrada similar","block_context":{"text":"Entrada similar","link":""},"img":{"alt_text":"","src":"https:\/\/i0.wp.com\/tukitco.net\/wp-content\/uploads\/2023\/10\/Diseno-sin-titulo-15.png?resize=350%2C200&ssl=1","width":350,"height":200,"srcset":"https:\/\/i0.wp.com\/tukitco.net\/wp-content\/uploads\/2023\/10\/Diseno-sin-titulo-15.png?resize=350%2C200&ssl=1 1x, https:\/\/i0.wp.com\/tukitco.net\/wp-content\/uploads\/2023\/10\/Diseno-sin-titulo-15.png?resize=525%2C300&ssl=1 1.5x, https:\/\/i0.wp.com\/tukitco.net\/wp-content\/uploads\/2023\/10\/Diseno-sin-titulo-15.png?resize=700%2C400&ssl=1 2x, https:\/\/i0.wp.com\/tukitco.net\/wp-content\/uploads\/2023\/10\/Diseno-sin-titulo-15.png?resize=1050%2C600&ssl=1 3x"},"classes":[]},{"id":18739,"url":"https:\/\/tukitco.net\/es\/home-prueba\/","url_meta":{"origin":2090,"position":2},"title":"home prueba","author":"kitco.contact","date":"7 octubre, 2023","format":false,"excerpt":"KitCo, juegos y metodolog\u00eda para el autoconocimiento, desarrollo personal y bienestar emocional Juegos individuales y grupales basados en Talentos, Valores y Emociones Para aprender a tomar decisiones para mayor bienestar List Item #1 List Item #1 List Item #1 List Item #1 List Item #1 Recomendado por psic\u00f3logos\/as, coaches, profesores\/as,\u2026","rel":"","context":"Entrada similar","block_context":{"text":"Entrada similar","link":""},"img":{"alt_text":"","src":"https:\/\/i0.wp.com\/tukitco.net\/wp-content\/uploads\/2023\/10\/44e59990-customer-1.png?resize=350%2C200&ssl=1","width":350,"height":200},"classes":[]},{"id":17966,"url":"https:\/\/tukitco.net\/es\/tienda-tu-kitco-afiliado\/","url_meta":{"origin":2090,"position":3},"title":"Tienda tu KitCo &#8211; Afiliado","author":"kitco.contact","date":"13 febrero, 2023","format":false,"excerpt":"Gracias por confiar en KitCo Escoge tu KitCo Accede aqu\u00ed para saber qu\u00e9 KitCo necesitas Adquiere tu KitCo Experiencia Completa Contenido com\u00fan (KitCo Profesional, KitCo Friends & Family y KitCo Escuelas) KitCo experiencia completa:\u00a033 cartas de talentos\u00a056 cartas de valores50 cartas de emociones1 tablero \u2013 Mapa Emocional (juegos para aprender\u2026","rel":"","context":"Entrada similar","block_context":{"text":"Entrada similar","link":""},"img":{"alt_text":"","src":"https:\/\/i0.wp.com\/tukitco.net\/wp-content\/uploads\/2020\/10\/WhatsApp-Image-2020-10-18-at-18.39.27-150x150.jpeg?resize=350%2C200&ssl=1","width":350,"height":200},"classes":[]},{"id":10956,"url":"https:\/\/tukitco.net\/es\/articulos\/","url_meta":{"origin":2090,"position":4},"title":"Art\u00edculos","author":"kitco.contact","date":"22 diciembre, 2021","format":false,"excerpt":"Ir a tienda KitCo","rel":"","context":"Entrada similar","block_context":{"text":"Entrada similar","link":""},"img":{"alt_text":"","src":"","width":0,"height":0},"classes":[]},{"id":2091,"url":"https:\/\/tukitco.net\/es\/finalizar-compra\/","url_meta":{"origin":2090,"position":5},"title":"Finalizar compra","author":"","date":"27 julio, 2020","format":false,"excerpt":"Detalles de facturaci\u00f3n Nombre\u00a0*Apellidos\u00a0*Nombre de la empresa\u00a0(opcional)Pa\u00eds \/ Regi\u00f3n\u00a0*Selecciona un pa\u00eds\/regi\u00f3n\u2026Afganist\u00e1nAlbaniaAlemaniaAndorraAngolaAnguilaAnt\u00e1rtidaAntigua y BarbudaArabia SauditaArgeliaArgentinaArmeniaArubaAustraliaAustriaAzerbaijanBahamasBahrainBangladeshBarbadosBelauB\u00e9lgicaBelizeBeninBermudaBhutanBielorrusiaBirmaniaBoliviaBonaire, San Eustaquio y SabaBosnia y HerzegovinaBotswanaBrasilBrun\u00e9iBulgariaBurkina FasoBurundiCabo VerdeCamboyaCamer\u00fanCanad\u00e1ChadChileChinaChipreCiudad del VaticanoColombiaComorasCongo (Brazzaville)Congo (Kinshasa)Corea del NorteCorea del SurCosta de MarfilCosta RicaCroaciaCubaCura\u00e7aoDinamarcaDjiboutiDominicaEcuadorEgiptoEl SalvadorEmiratos \u00c1rabes UnidosEritreaEslovaquiaEsloveniaEspa\u00f1aEstados Unidos (EEUU)EstoniaEsuatiniEtiop\u00edaFilipinasFinlandiaFiyiFranciaGab\u00f3nGambiaGeorgiaGhanaGibraltarGranadaGreciaGroenlandiaGuadalupeGuamGuatemalaGuayana FrancesaGuernseyGuineaGuinea EcuatorialGuinea-Bis\u00e1uGuyanaHait\u00edHondurasHong KongHungr\u00edaIndiaIndonesiaIrakIr\u00e1nIrlandaIsla BouvetIsla de ManIsla de NavidadIsla NorfolkIsla Santa ElenaIslandiaIslas \u00c5landIslas\u2026","rel":"","context":"Entrada similar","block_context":{"text":"Entrada similar","link":""},"img":{"alt_text":"","src":"","width":0,"height":0},"classes":[]}],"jetpack_sharing_enabled":true,"_links":{"self":[{"href":"https:\/\/tukitco.net\/es\/wp-json\/wp\/v2\/pages\/2090","targetHints":{"allow":["GET"]}}],"collection":[{"href":"https:\/\/tukitco.net\/es\/wp-json\/wp\/v2\/pages"}],"about":[{"href":"https:\/\/tukitco.net\/es\/wp-json\/wp\/v2\/types\/page"}],"author":[{"embeddable":true,"href":"https:\/\/tukitco.net\/es\/wp-json\/wp\/v2\/users\/1"}],"replies":[{"embeddable":true,"href":"https:\/\/tukitco.net\/es\/wp-json\/wp\/v2\/comments?post=2090"}],"version-history":[{"count":8,"href":"https:\/\/tukitco.net\/es\/wp-json\/wp\/v2\/pages\/2090\/revisions"}],"predecessor-version":[{"id":25180,"href":"https:\/\/tukitco.net\/es\/wp-json\/wp\/v2\/pages\/2090\/revisions\/25180"}],"wp:attachment":[{"href":"https:\/\/tukitco.net\/es\/wp-json\/wp\/v2\/media?parent=2090"}],"curies":[{"name":"wp","href":"https:\/\/api.w.org\/{rel}","templated":true}]}}