{"id":18073,"date":"2023-02-16T19:27:53","date_gmt":"2023-02-16T19:27:53","guid":{"rendered":"https:\/\/tukitco.net\/?post_type=product&#038;p=18073"},"modified":"2025-03-08T17:00:34","modified_gmt":"2025-03-08T17:00:34","slug":"certificacion-kitco-2024-17oct-madrid","status":"publish","type":"product","link":"https:\/\/tukitco.net\/es\/producto\/certificacion-kitco-2024-17oct-madrid\/","title":{"rendered":"Taller KitCo 17 octubre 2024 MADRID"},"content":{"rendered":"<p>&nbsp;<\/p>\n<p class=\"_04xlpA direction-ltr align-start para-style-body\"><span class=\"S1PPyQ\">Hemos preparado este taller para vivir junt@s una experiencia significativa.<\/span><\/p>\n<p class=\"_04xlpA direction-ltr align-start para-style-body\"><span class=\"S1PPyQ\">Estamos unid@s por algo especial, por el sue\u00f1o de acompa\u00f1ar a las personas a conseguir sus objetivos para una vida de mayor satisfacci\u00f3n. El sue\u00f1o de, entre tod@s, construir un mundo mejor.<\/span><\/p>\n<p class=\"_04xlpA direction-ltr align-start para-style-body\"><span class=\"S1PPyQ\">Como profesional del desarrollo personal que eres, ya seas coach, psic\u00f3log@, profesor\/a, educador\/a etc. tienes un trabajo maravilloso, nada sencillo.<\/span><\/p>\n<p class=\"_04xlpA direction-ltr align-start para-style-body\"><span class=\"S1PPyQ\">Por ello queremos ayudarte a pon\u00e9rtelo un poquito m\u00e1s f\u00e1cil haci\u00e9ndote descubrir herramientas de coaching visuales, creativas e innovadoras para sacar lo mejor de ti y de las personas a qui\u00e9nes acompa\u00f1es en este proceso.<\/span><\/p>\n<p class=\"_04xlpA direction-ltr align-start para-style-body\"><span class=\"S1PPyQ\">Te esperamos en este taller con ilusi\u00f3n y ganas de compartir para un mismo sue\u00f1o.<\/span><\/p>\n<p class=\"_04xlpA direction-ltr align-start para-style-body\"><span class=\"S1PPyQ\">Un abrazo bonito.<\/span><\/p>\n","protected":false},"excerpt":{"rendered":"<p>Taller de Certificaci\u00f3n KitCo. Herramientas de Autoconocimiento, Gesti\u00f3n del Talento e Inteligencia Emocional.<\/p>\n","protected":false},"featured_media":22034,"template":"","meta":{"_eb_attr":"","_crdt_document":""},"product_brand":[],"product_cat":[121959,121933],"product_tag":[],"class_list":{"0":"post-18073","1":"product","2":"type-product","3":"status-publish","4":"has-post-thumbnail","6":"product_cat-no-idiomas","7":"product_cat-taller","9":"first","10":"outofstock","11":"virtual","12":"taxable","13":"purchasable","14":"product-type-simple"},"yoast_head":"<!-- This site is optimized with the Yoast SEO Premium plugin v20.8 (Yoast SEO v27.3) - https:\/\/yoast.com\/product\/yoast-seo-premium-wordpress\/ -->\n<title>Taller KitCo 17 octubre 2024 MADRID &#8211; KitCo<\/title>\n<meta name=\"description\" content=\"Taller de Certificaci\u00f3n KitCo. Herramientas de Autoconocimiento, Gesti\u00f3n del Talento e Inteligencia Emocional.\" \/>\n<meta name=\"robots\" content=\"index, follow, max-snippet:-1, max-image-preview:large, max-video-preview:-1\" \/>\n<link rel=\"canonical\" href=\"https:\/\/tukitco.net\/es\/producto\/certificacion-kitco-2024-17oct-madrid\/\" \/>\n<meta property=\"og:locale\" content=\"es_ES\" \/>\n<meta property=\"og:type\" content=\"article\" \/>\n<meta property=\"og:title\" content=\"Taller KitCo 17 octubre 2024 MADRID\" \/>\n<meta property=\"og:description\" content=\"Taller de Certificaci\u00f3n KitCo. Herramientas de Autoconocimiento, Gesti\u00f3n del Talento e Inteligencia Emocional.\" \/>\n<meta property=\"og:url\" content=\"https:\/\/tukitco.net\/es\/producto\/certificacion-kitco-2024-17oct-madrid\/\" \/>\n<meta property=\"og:site_name\" content=\"KitCo\" \/>\n<meta property=\"article:publisher\" content=\"https:\/\/www.facebook.com\/KitCoCoaching\/\" \/>\n<meta property=\"article:modified_time\" content=\"2025-03-08T17:00:34+00:00\" \/>\n<meta property=\"og:image\" content=\"https:\/\/tukitco.net\/wp-content\/uploads\/2024\/06\/06_marzo-2024_FOTOS-TALLER-CERTIFICACION-BARCELONA.jpg\" \/>\n\t<meta property=\"og:image:width\" content=\"500\" \/>\n\t<meta property=\"og:image:height\" content=\"500\" \/>\n\t<meta property=\"og:image:type\" content=\"image\/jpeg\" \/>\n<meta name=\"twitter:card\" content=\"summary_large_image\" \/>\n<meta name=\"twitter:site\" content=\"@ElsaGimnez\" \/>\n<meta name=\"twitter:label1\" content=\"Tiempo de lectura\" \/>\n\t<meta name=\"twitter:data1\" content=\"1 minuto\" \/>\n<script type=\"application\/ld+json\" class=\"yoast-schema-graph\">{\"@context\":\"https:\\\/\\\/schema.org\",\"@graph\":[{\"@type\":\"WebPage\",\"@id\":\"https:\\\/\\\/tukitco.net\\\/producto\\\/certificacion-kitco-2024-17oct-madrid\\\/\",\"url\":\"https:\\\/\\\/tukitco.net\\\/producto\\\/certificacion-kitco-2024-17oct-madrid\\\/\",\"name\":\"Taller KitCo 17 octubre 2024 MADRID &#8211; KitCo\",\"isPartOf\":{\"@id\":\"https:\\\/\\\/tukitco.net\\\/#website\"},\"primaryImageOfPage\":{\"@id\":\"https:\\\/\\\/tukitco.net\\\/producto\\\/certificacion-kitco-2024-17oct-madrid\\\/#primaryimage\"},\"image\":{\"@id\":\"https:\\\/\\\/tukitco.net\\\/producto\\\/certificacion-kitco-2024-17oct-madrid\\\/#primaryimage\"},\"thumbnailUrl\":\"https:\\\/\\\/i0.wp.com\\\/tukitco.net\\\/wp-content\\\/uploads\\\/2024\\\/06\\\/06_marzo-2024_FOTOS-TALLER-CERTIFICACION-BARCELONA.jpg?fit=500%2C500&ssl=1\",\"datePublished\":\"2023-02-16T19:27:53+00:00\",\"dateModified\":\"2025-03-08T17:00:34+00:00\",\"description\":\"Taller de Certificaci\u00f3n KitCo. Herramientas de Autoconocimiento, Gesti\u00f3n del Talento e Inteligencia Emocional.\",\"breadcrumb\":{\"@id\":\"https:\\\/\\\/tukitco.net\\\/producto\\\/certificacion-kitco-2024-17oct-madrid\\\/#breadcrumb\"},\"inLanguage\":\"es\",\"potentialAction\":[{\"@type\":\"ReadAction\",\"target\":[\"https:\\\/\\\/tukitco.net\\\/producto\\\/certificacion-kitco-2024-17oct-madrid\\\/\"]}]},{\"@type\":\"ImageObject\",\"inLanguage\":\"es\",\"@id\":\"https:\\\/\\\/tukitco.net\\\/producto\\\/certificacion-kitco-2024-17oct-madrid\\\/#primaryimage\",\"url\":\"https:\\\/\\\/i0.wp.com\\\/tukitco.net\\\/wp-content\\\/uploads\\\/2024\\\/06\\\/06_marzo-2024_FOTOS-TALLER-CERTIFICACION-BARCELONA.jpg?fit=500%2C500&ssl=1\",\"contentUrl\":\"https:\\\/\\\/i0.wp.com\\\/tukitco.net\\\/wp-content\\\/uploads\\\/2024\\\/06\\\/06_marzo-2024_FOTOS-TALLER-CERTIFICACION-BARCELONA.jpg?fit=500%2C500&ssl=1\",\"width\":500,\"height\":500},{\"@type\":\"BreadcrumbList\",\"@id\":\"https:\\\/\\\/tukitco.net\\\/producto\\\/certificacion-kitco-2024-17oct-madrid\\\/#breadcrumb\",\"itemListElement\":[{\"@type\":\"ListItem\",\"position\":1,\"name\":\"Portada\",\"item\":\"https:\\\/\\\/tukitco.net\\\/\"},{\"@type\":\"ListItem\",\"position\":2,\"name\":\"Tienda\",\"item\":\"https:\\\/\\\/tukitco.net\\\/tienda\\\/\"},{\"@type\":\"ListItem\",\"position\":3,\"name\":\"Taller KitCo 17 octubre 2024 MADRID\"}]},{\"@type\":\"WebSite\",\"@id\":\"https:\\\/\\\/tukitco.net\\\/#website\",\"url\":\"https:\\\/\\\/tukitco.net\\\/\",\"name\":\"KitCo\",\"description\":\"Juegos de Talentos, Valores y Emociones\",\"publisher\":{\"@id\":\"https:\\\/\\\/tukitco.net\\\/#organization\"},\"potentialAction\":[{\"@type\":\"SearchAction\",\"target\":{\"@type\":\"EntryPoint\",\"urlTemplate\":\"https:\\\/\\\/tukitco.net\\\/?s={search_term_string}\"},\"query-input\":{\"@type\":\"PropertyValueSpecification\",\"valueRequired\":true,\"valueName\":\"search_term_string\"}}],\"inLanguage\":\"es\"},{\"@type\":\"Organization\",\"@id\":\"https:\\\/\\\/tukitco.net\\\/#organization\",\"name\":\"KitCo For personal development\",\"url\":\"https:\\\/\\\/tukitco.net\\\/\",\"logo\":{\"@type\":\"ImageObject\",\"inLanguage\":\"es\",\"@id\":\"https:\\\/\\\/tukitco.net\\\/#\\\/schema\\\/logo\\\/image\\\/\",\"url\":\"https:\\\/\\\/tukitco.net\\\/wp-content\\\/uploads\\\/2020\\\/06\\\/KITCO-COR-FONDO-TRANSPARENTE-GORDO-8-SOLO-CARA-1.png\",\"contentUrl\":\"https:\\\/\\\/tukitco.net\\\/wp-content\\\/uploads\\\/2020\\\/06\\\/KITCO-COR-FONDO-TRANSPARENTE-GORDO-8-SOLO-CARA-1.png\",\"width\":1618,\"height\":1622,\"caption\":\"KitCo For personal development\"},\"image\":{\"@id\":\"https:\\\/\\\/tukitco.net\\\/#\\\/schema\\\/logo\\\/image\\\/\"},\"sameAs\":[\"https:\\\/\\\/www.facebook.com\\\/KitCoCoaching\\\/\",\"https:\\\/\\\/x.com\\\/ElsaGimnez\",\"https:\\\/\\\/www.instagram.com\\\/tukitco\\\/\",\"https:\\\/\\\/www.linkedin.com\\\/company\\\/tukitco\\\/\",\"https:\\\/\\\/www.youtube.com\\\/channel\\\/UCPAGQ-h0cDjdBnT87RvFK8w\"]}]}<\/script>\n<!-- \/ Yoast SEO Premium plugin. -->","yoast_head_json":{"title":"Taller KitCo 17 octubre 2024 MADRID &#8211; KitCo","description":"Taller de Certificaci\u00f3n KitCo. Herramientas de Autoconocimiento, Gesti\u00f3n del Talento e Inteligencia Emocional.","robots":{"index":"index","follow":"follow","max-snippet":"max-snippet:-1","max-image-preview":"max-image-preview:large","max-video-preview":"max-video-preview:-1"},"canonical":"https:\/\/tukitco.net\/es\/producto\/certificacion-kitco-2024-17oct-madrid\/","og_locale":"es_ES","og_type":"article","og_title":"Taller KitCo 17 octubre 2024 MADRID","og_description":"Taller de Certificaci\u00f3n KitCo. Herramientas de Autoconocimiento, Gesti\u00f3n del Talento e Inteligencia Emocional.","og_url":"https:\/\/tukitco.net\/es\/producto\/certificacion-kitco-2024-17oct-madrid\/","og_site_name":"KitCo","article_publisher":"https:\/\/www.facebook.com\/KitCoCoaching\/","article_modified_time":"2025-03-08T17:00:34+00:00","og_image":[{"width":500,"height":500,"url":"https:\/\/tukitco.net\/wp-content\/uploads\/2024\/06\/06_marzo-2024_FOTOS-TALLER-CERTIFICACION-BARCELONA.jpg","type":"image\/jpeg"}],"twitter_card":"summary_large_image","twitter_site":"@ElsaGimnez","twitter_misc":{"Tiempo de lectura":"1 minuto"},"schema":{"@context":"https:\/\/schema.org","@graph":[{"@type":"WebPage","@id":"https:\/\/tukitco.net\/producto\/certificacion-kitco-2024-17oct-madrid\/","url":"https:\/\/tukitco.net\/producto\/certificacion-kitco-2024-17oct-madrid\/","name":"Taller KitCo 17 octubre 2024 MADRID &#8211; KitCo","isPartOf":{"@id":"https:\/\/tukitco.net\/#website"},"primaryImageOfPage":{"@id":"https:\/\/tukitco.net\/producto\/certificacion-kitco-2024-17oct-madrid\/#primaryimage"},"image":{"@id":"https:\/\/tukitco.net\/producto\/certificacion-kitco-2024-17oct-madrid\/#primaryimage"},"thumbnailUrl":"https:\/\/i0.wp.com\/tukitco.net\/wp-content\/uploads\/2024\/06\/06_marzo-2024_FOTOS-TALLER-CERTIFICACION-BARCELONA.jpg?fit=500%2C500&ssl=1","datePublished":"2023-02-16T19:27:53+00:00","dateModified":"2025-03-08T17:00:34+00:00","description":"Taller de Certificaci\u00f3n KitCo. Herramientas de Autoconocimiento, Gesti\u00f3n del Talento e Inteligencia Emocional.","breadcrumb":{"@id":"https:\/\/tukitco.net\/producto\/certificacion-kitco-2024-17oct-madrid\/#breadcrumb"},"inLanguage":"es","potentialAction":[{"@type":"ReadAction","target":["https:\/\/tukitco.net\/producto\/certificacion-kitco-2024-17oct-madrid\/"]}]},{"@type":"ImageObject","inLanguage":"es","@id":"https:\/\/tukitco.net\/producto\/certificacion-kitco-2024-17oct-madrid\/#primaryimage","url":"https:\/\/i0.wp.com\/tukitco.net\/wp-content\/uploads\/2024\/06\/06_marzo-2024_FOTOS-TALLER-CERTIFICACION-BARCELONA.jpg?fit=500%2C500&ssl=1","contentUrl":"https:\/\/i0.wp.com\/tukitco.net\/wp-content\/uploads\/2024\/06\/06_marzo-2024_FOTOS-TALLER-CERTIFICACION-BARCELONA.jpg?fit=500%2C500&ssl=1","width":500,"height":500},{"@type":"BreadcrumbList","@id":"https:\/\/tukitco.net\/producto\/certificacion-kitco-2024-17oct-madrid\/#breadcrumb","itemListElement":[{"@type":"ListItem","position":1,"name":"Portada","item":"https:\/\/tukitco.net\/"},{"@type":"ListItem","position":2,"name":"Tienda","item":"https:\/\/tukitco.net\/tienda\/"},{"@type":"ListItem","position":3,"name":"Taller KitCo 17 octubre 2024 MADRID"}]},{"@type":"WebSite","@id":"https:\/\/tukitco.net\/#website","url":"https:\/\/tukitco.net\/","name":"KitCo","description":"Juegos de Talentos, Valores y Emociones","publisher":{"@id":"https:\/\/tukitco.net\/#organization"},"potentialAction":[{"@type":"SearchAction","target":{"@type":"EntryPoint","urlTemplate":"https:\/\/tukitco.net\/?s={search_term_string}"},"query-input":{"@type":"PropertyValueSpecification","valueRequired":true,"valueName":"search_term_string"}}],"inLanguage":"es"},{"@type":"Organization","@id":"https:\/\/tukitco.net\/#organization","name":"KitCo For personal development","url":"https:\/\/tukitco.net\/","logo":{"@type":"ImageObject","inLanguage":"es","@id":"https:\/\/tukitco.net\/#\/schema\/logo\/image\/","url":"https:\/\/tukitco.net\/wp-content\/uploads\/2020\/06\/KITCO-COR-FONDO-TRANSPARENTE-GORDO-8-SOLO-CARA-1.png","contentUrl":"https:\/\/tukitco.net\/wp-content\/uploads\/2020\/06\/KITCO-COR-FONDO-TRANSPARENTE-GORDO-8-SOLO-CARA-1.png","width":1618,"height":1622,"caption":"KitCo For personal development"},"image":{"@id":"https:\/\/tukitco.net\/#\/schema\/logo\/image\/"},"sameAs":["https:\/\/www.facebook.com\/KitCoCoaching\/","https:\/\/x.com\/ElsaGimnez","https:\/\/www.instagram.com\/tukitco\/","https:\/\/www.linkedin.com\/company\/tukitco\/","https:\/\/www.youtube.com\/channel\/UCPAGQ-h0cDjdBnT87RvFK8w"]}]}},"jetpack_likes_enabled":true,"jetpack-related-posts":[{"id":18076,"url":"https:\/\/tukitco.net\/es\/producto\/certificacion-kitco-2024-8y9nov-barcelona\/","url_meta":{"origin":18073,"position":0},"title":"Taller Certificaci\u00f3n KitCo 8 y 9 noviembre 2024 BARCELONA","author":"kitco.contact","date":"16 febrero, 2023","format":false,"excerpt":"Taller de Certificaci\u00f3n KitCo. Herramientas de Autoconocimiento, Gesti\u00f3n del Talento e Inteligencia Emocional.","rel":"","context":"Entrada similar","block_context":{"text":"Entrada similar","link":""},"img":{"alt_text":"","src":"https:\/\/i0.wp.com\/tukitco.net\/wp-content\/uploads\/2024\/06\/06_marzo-2024_FOTOS-TALLER-CERTIFICACION-BARCELONA-1.jpg?fit=500%2C500&ssl=1&resize=350%2C200","width":350,"height":200},"classes":[]},{"id":18078,"url":"https:\/\/tukitco.net\/es\/producto\/certificacion-kitco-2024-13y14-sept-barcelona-desc\/","url_meta":{"origin":18073,"position":1},"title":"Taller Certificaci\u00f3n KitCo 13 y 14 septiembre 2024 BARCELONA &#8211; Con descuento","author":"kitco.contact","date":"16 febrero, 2023","format":false,"excerpt":"Taller de Certificaci\u00f3n de KitCo. Herramientas de Autoconocimiento, Gesti\u00f3n del Talento e Inteligencia Emocional.","rel":"","context":"Entrada similar","block_context":{"text":"Entrada similar","link":""},"img":{"alt_text":"","src":"https:\/\/i0.wp.com\/tukitco.net\/wp-content\/uploads\/2024\/06\/06_marzo-2024_FOTOS-TALLER-CERTIFICACION-BARCELONA-1.jpg?fit=500%2C500&ssl=1&resize=350%2C200","width":350,"height":200},"classes":[]},{"id":12075,"url":"https:\/\/tukitco.net\/es\/producto\/certificacion-kitco-13y14-dic-madrid\/","url_meta":{"origin":18073,"position":2},"title":"Taller Certificaci\u00f3n KitCo 13 y 14 diciembre MADRID","author":"kitco.contact","date":"28 abril, 2022","format":false,"excerpt":"Taller de Herramientas de Autoconocimiento, Gesti\u00f3n del Talento e Inteligencia Emocional.","rel":"","context":"Entrada similar","block_context":{"text":"Entrada similar","link":""},"img":{"alt_text":"","src":"https:\/\/i0.wp.com\/tukitco.net\/wp-content\/uploads\/2020\/10\/WhatsApp-Image-2020-10-18-at-18.39.27.jpeg?fit=1200%2C900&ssl=1&resize=350%2C200","width":350,"height":200,"srcset":"https:\/\/i0.wp.com\/tukitco.net\/wp-content\/uploads\/2020\/10\/WhatsApp-Image-2020-10-18-at-18.39.27.jpeg?fit=1200%2C900&ssl=1&resize=350%2C200 1x, https:\/\/i0.wp.com\/tukitco.net\/wp-content\/uploads\/2020\/10\/WhatsApp-Image-2020-10-18-at-18.39.27.jpeg?fit=1200%2C900&ssl=1&resize=525%2C300 1.5x, https:\/\/i0.wp.com\/tukitco.net\/wp-content\/uploads\/2020\/10\/WhatsApp-Image-2020-10-18-at-18.39.27.jpeg?fit=1200%2C900&ssl=1&resize=700%2C400 2x, https:\/\/i0.wp.com\/tukitco.net\/wp-content\/uploads\/2020\/10\/WhatsApp-Image-2020-10-18-at-18.39.27.jpeg?fit=1200%2C900&ssl=1&resize=1050%2C600 3x"},"classes":[]},{"id":19500,"url":"https:\/\/tukitco.net\/es\/producto\/certificacion-kitco-mad-18y19oct24\/","url_meta":{"origin":18073,"position":3},"title":"Taller Certificaci\u00f3n KitCo 18 y 19 octubre 2024 MADRID","author":"kitco.contact","date":"8 febrero, 2024","format":false,"excerpt":"Taller de Certificaci\u00f3n de KitCo. Herramientas de Autoconocimiento, Gesti\u00f3n del Talento e Inteligencia Emocional. * Los talleres est\u00e1n sujetos a un n\u00famero m\u00ednimo de participantes, en el caso de no poder llevarlo a cabo se devolver\u00eda el importe \u00edntegro.\u00a0","rel":"","context":"Entrada similar","block_context":{"text":"Entrada similar","link":""},"img":{"alt_text":"","src":"https:\/\/i0.wp.com\/tukitco.net\/wp-content\/uploads\/2024\/02\/Diseno-sin-titulo.jpg?fit=350%2C350&ssl=1&resize=350%2C200","width":350,"height":200},"classes":[]},{"id":25066,"url":"https:\/\/tukitco.net\/es\/producto\/taller-certificacion-kitco-21-22-mar-2025-barcelona\/","url_meta":{"origin":18073,"position":4},"title":"Taller Certificaci\u00f3n KitCo 13 y 14 marzo 2026 Barcelona","author":"kitco.contact","date":"11 diciembre, 2024","format":false,"excerpt":"Taller de Certificaci\u00f3n de KitCo. Herramientas de Autoconocimiento, Gesti\u00f3n del Talento e Inteligencia Emocional. * Los talleres est\u00e1n sujetos a un n\u00famero m\u00ednimo de participantes, en el caso de no poder llevarlo a cabo se devolver\u00eda el importe \u00edntegro.\u00a0","rel":"","context":"Entrada similar","block_context":{"text":"Entrada similar","link":""},"img":{"alt_text":"","src":"https:\/\/i0.wp.com\/tukitco.net\/wp-content\/uploads\/2025\/12\/Diseno-sin-titulo-14.png?fit=500%2C500&ssl=1&resize=350%2C200","width":350,"height":200},"classes":[]},{"id":31020,"url":"https:\/\/tukitco.net\/es\/producto\/taller-certificacion-kitco-13-y-14-marzo-2026-barcelona-con-descuento\/","url_meta":{"origin":18073,"position":5},"title":"Taller Certificaci\u00f3n KitCo 13 y 14 marzo 2026 Barcelona &#8211; con descuento","author":"kitco.contact","date":"22 febrero, 2026","format":false,"excerpt":"Taller de Certificaci\u00f3n de KitCo. Herramientas de Autoconocimiento, Gesti\u00f3n del Talento e Inteligencia Emocional. * Los talleres est\u00e1n sujetos a un n\u00famero m\u00ednimo de participantes, en el caso de no poder llevarlo a cabo se devolver\u00eda el importe \u00edntegro.\u00a0","rel":"","context":"Entrada similar","block_context":{"text":"Entrada similar","link":""},"img":{"alt_text":"","src":"https:\/\/i0.wp.com\/tukitco.net\/wp-content\/uploads\/2025\/12\/Diseno-sin-titulo-14.png?fit=500%2C500&ssl=1&resize=350%2C200","width":350,"height":200},"classes":[]}],"jetpack_sharing_enabled":true,"_links":{"self":[{"href":"https:\/\/tukitco.net\/es\/wp-json\/wp\/v2\/product\/18073","targetHints":{"allow":["GET"]}}],"collection":[{"href":"https:\/\/tukitco.net\/es\/wp-json\/wp\/v2\/product"}],"about":[{"href":"https:\/\/tukitco.net\/es\/wp-json\/wp\/v2\/types\/product"}],"version-history":[{"count":11,"href":"https:\/\/tukitco.net\/es\/wp-json\/wp\/v2\/product\/18073\/revisions"}],"predecessor-version":[{"id":23199,"href":"https:\/\/tukitco.net\/es\/wp-json\/wp\/v2\/product\/18073\/revisions\/23199"}],"wp:featuredmedia":[{"embeddable":true,"href":"https:\/\/tukitco.net\/es\/wp-json\/wp\/v2\/media\/22034"}],"wp:attachment":[{"href":"https:\/\/tukitco.net\/es\/wp-json\/wp\/v2\/media?parent=18073"}],"wp:term":[{"taxonomy":"product_brand","embeddable":true,"href":"https:\/\/tukitco.net\/es\/wp-json\/wp\/v2\/product_brand?post=18073"},{"taxonomy":"product_cat","embeddable":true,"href":"https:\/\/tukitco.net\/es\/wp-json\/wp\/v2\/product_cat?post=18073"},{"taxonomy":"product_tag","embeddable":true,"href":"https:\/\/tukitco.net\/es\/wp-json\/wp\/v2\/product_tag?post=18073"}],"curies":[{"name":"wp","href":"https:\/\/api.w.org\/{rel}","templated":true}]}}