{"id":18599,"date":"2023-07-31T09:20:00","date_gmt":"2023-07-31T09:20:00","guid":{"rendered":"https:\/\/tukitco.net\/?post_type=product&#038;p=18599"},"modified":"2024-10-21T16:34:53","modified_gmt":"2024-10-21T16:34:53","slug":"tu-guia-digital-kitco-juegos-y-dinamicas-individuales-y-grupales-para-el-autoconocimiento-desarrollo-personal-e-inteligencia-emocional","status":"publish","type":"product","link":"https:\/\/tukitco.net\/es\/producto\/tu-guia-digital-kitco-juegos-y-dinamicas-individuales-y-grupales-para-el-autoconocimiento-desarrollo-personal-e-inteligencia-emocional\/","title":{"rendered":"Tu Gu\u00eda Digital KitCo"},"content":{"rendered":"<p>Tu Gu\u00eda KitCo<\/p>\n<p>Juegos y Din\u00e1micas para el Autoconocimiento, Desarrollo Personal e Inteligencia Emocional. Para hacer de forma individual o de forma grupal, en equipos, en familia, con amigos o en pareja.<\/p>\n<p>Gu\u00eda digital de KitCo Experiencia Completa que incluye:<\/p>\n<ul>\n<li style=\"list-style-type: none;\">\n<ul>\n<li><em>(I) <span style=\"text-decoration: underline;\">Din\u00e1micas y Juegos Grupales<\/span>: nueve juegos de emociones (Adivina la Carta, \u00bfC\u00f3mo me siento cuando?, \u00bfC\u00f3mo est\u00e1s?, M\u00edmica de las Emociones, Conectamos, Diccionario Emocional, Mapa Emocional, etc.)\u00a0 dos juegos de talentos (Feedback de talentos, Los talentos del grupo\/equipo\/familia) y tres juegos de valores (Los valores del equipo\/ familia \/ pareja)<\/em><\/li>\n<li><em>(II) <span style=\"text-decoration: underline;\">Din\u00e1micas y Juegos individuales<\/span>: Din\u00e1mica del Mapa Emocional (\u00bfC\u00f3mo vivo las emociones en esta etapa de mi vida?), Din\u00e1mica Mapa de Visualizaci\u00f3n (Mi yo futuro), D<\/em><em>in\u00e1mica de valores genuinos (Mis valores importantes),\u00a0 Din\u00e1mica descubriendo mis Talentos (Mis principales talentos seg\u00fan c\u00f3mo me veo y c\u00f3mo me perciben las personas de mi entorno)<\/em><em>, Din\u00e1mica Descubriendo mi Profesi\u00f3n (Profesiones que me generan curiosidad alineadas con mis talentos), Din\u00e1mica de Coherencia con mi Esencia (\u00bfC\u00f3mo desarrollo mis principales talentos? \u00bfC\u00f3mo tengo presente mis principales valores? \u00bfCu\u00e1l es mi grado de satisfacci\u00f3n de desarrollo de talentos y de presencia de valores en las diferentes actividades de mi d\u00eda a d\u00eda? Plan de Acci\u00f3n para mejorar mi coherencia y satisfacci\u00f3n), Din\u00e1mica Descubriendo mi Ikigai (\u00bfCu\u00e1l es mi raz\u00f3n de ser? \u00bfCu\u00e1l es mi prop\u00f3sito?)<\/em><\/li>\n<li>NOTA: Esta Gu\u00eda est\u00e1 incluida en KitCo Experiencia Completa.<\/li>\n<\/ul>\n<\/li>\n<\/ul>\n","protected":false},"excerpt":{"rendered":"<p>Tu Gu\u00eda KitCo. Juegos y Din\u00e1micas para el Autoconocimiento, Desarrollo Personal e Inteligencia Emocional. Para hacer de forma individual o de forma grupal, en equipos, en familia, con amigos o en pareja.<\/p>\n","protected":false},"featured_media":16045,"template":"","meta":{"_eb_attr":"","_crdt_document":""},"product_brand":[],"product_cat":[121958,121960,121939,121959],"product_tag":[],"class_list":["post-18599","product","type-product","status-publish","has-post-thumbnail","product_cat-digital","product_cat-gratis","product_cat-guia","product_cat-no-idiomas","first","instock","downloadable","virtual","purchasable","product-type-simple"],"yoast_head":"<!-- This site is optimized with the Yoast SEO Premium plugin v20.8 (Yoast SEO v27.5) - https:\/\/yoast.com\/product\/yoast-seo-premium-wordpress\/ -->\n<title>Tu Gu\u00eda Digital KitCo &#8211; KitCo<\/title>\n<meta name=\"description\" content=\"Tu Gu\u00eda KitCo. M\u00e1s de 20 juegos y din\u00e1micas basadas en talentos, valores, emociones y ODS para conocernos mejor y sacar lo mejor de nosotros\/as como personas \u00fanicas que somos. Para trabajar el autoconocimiento, del desarrollo personal y la inteligencia emocional.\" \/>\n<meta name=\"robots\" content=\"noindex, follow\" \/>\n<meta property=\"og:locale\" content=\"es_ES\" \/>\n<meta property=\"og:type\" content=\"article\" \/>\n<meta property=\"og:title\" content=\"Tu Gu\u00eda Digital KitCo\" \/>\n<meta property=\"og:description\" content=\"Tu Gu\u00eda KitCo. Juegos y Din\u00e1micas para el Autoconocimiento, Desarrollo Personal e Inteligencia Emocional. Para hacer de forma individual o de forma grupal, en equipos, en familia, con amigos o en pareja.\" \/>\n<meta property=\"og:url\" content=\"https:\/\/tukitco.net\/es\/producto\/tu-guia-digital-kitco-juegos-y-dinamicas-individuales-y-grupales-para-el-autoconocimiento-desarrollo-personal-e-inteligencia-emocional\/\" \/>\n<meta property=\"og:site_name\" content=\"KitCo\" \/>\n<meta property=\"article:publisher\" content=\"https:\/\/www.facebook.com\/KitCoCoaching\/\" \/>\n<meta property=\"article:modified_time\" content=\"2024-10-21T16:34:53+00:00\" \/>\n<meta property=\"og:image\" content=\"https:\/\/i0.wp.com\/tukitco.net\/wp-content\/uploads\/2023\/01\/GUIAS-DIGITALES-IMAGENES-PORTADA-1.jpg?fit=1080%2C1080&ssl=1\" \/>\n\t<meta property=\"og:image:width\" content=\"1080\" \/>\n\t<meta property=\"og:image:height\" content=\"1080\" \/>\n\t<meta property=\"og:image:type\" content=\"image\/jpeg\" \/>\n<meta name=\"twitter:card\" content=\"summary_large_image\" \/>\n<meta name=\"twitter:site\" content=\"@ElsaGimnez\" \/>\n<meta name=\"twitter:label1\" content=\"Tiempo de lectura\" \/>\n\t<meta name=\"twitter:data1\" content=\"2 minutos\" \/>\n<script type=\"application\/ld+json\" class=\"yoast-schema-graph\">{\"@context\":\"https:\\\/\\\/schema.org\",\"@graph\":[{\"@type\":\"WebPage\",\"@id\":\"https:\\\/\\\/tukitco.net\\\/producto\\\/tu-guia-digital-kitco-juegos-y-dinamicas-individuales-y-grupales-para-el-autoconocimiento-desarrollo-personal-e-inteligencia-emocional\\\/\",\"url\":\"https:\\\/\\\/tukitco.net\\\/producto\\\/tu-guia-digital-kitco-juegos-y-dinamicas-individuales-y-grupales-para-el-autoconocimiento-desarrollo-personal-e-inteligencia-emocional\\\/\",\"name\":\"Tu Gu\u00eda Digital KitCo &#8211; KitCo\",\"isPartOf\":{\"@id\":\"https:\\\/\\\/tukitco.net\\\/#website\"},\"primaryImageOfPage\":{\"@id\":\"https:\\\/\\\/tukitco.net\\\/producto\\\/tu-guia-digital-kitco-juegos-y-dinamicas-individuales-y-grupales-para-el-autoconocimiento-desarrollo-personal-e-inteligencia-emocional\\\/#primaryimage\"},\"image\":{\"@id\":\"https:\\\/\\\/tukitco.net\\\/producto\\\/tu-guia-digital-kitco-juegos-y-dinamicas-individuales-y-grupales-para-el-autoconocimiento-desarrollo-personal-e-inteligencia-emocional\\\/#primaryimage\"},\"thumbnailUrl\":\"https:\\\/\\\/i0.wp.com\\\/tukitco.net\\\/wp-content\\\/uploads\\\/2023\\\/01\\\/GUIAS-DIGITALES-IMAGENES-PORTADA-1.jpg?fit=1080%2C1080&ssl=1\",\"datePublished\":\"2023-07-31T09:20:00+00:00\",\"dateModified\":\"2024-10-21T16:34:53+00:00\",\"description\":\"Tu Gu\u00eda KitCo. M\u00e1s de 20 juegos y din\u00e1micas basadas en talentos, valores, emociones y ODS para conocernos mejor y sacar lo mejor de nosotros\\\/as como personas \u00fanicas que somos. Para trabajar el autoconocimiento, del desarrollo personal y la inteligencia emocional.\",\"breadcrumb\":{\"@id\":\"https:\\\/\\\/tukitco.net\\\/producto\\\/tu-guia-digital-kitco-juegos-y-dinamicas-individuales-y-grupales-para-el-autoconocimiento-desarrollo-personal-e-inteligencia-emocional\\\/#breadcrumb\"},\"inLanguage\":\"es\",\"potentialAction\":[{\"@type\":\"ReadAction\",\"target\":[\"https:\\\/\\\/tukitco.net\\\/producto\\\/tu-guia-digital-kitco-juegos-y-dinamicas-individuales-y-grupales-para-el-autoconocimiento-desarrollo-personal-e-inteligencia-emocional\\\/\"]}]},{\"@type\":\"ImageObject\",\"inLanguage\":\"es\",\"@id\":\"https:\\\/\\\/tukitco.net\\\/producto\\\/tu-guia-digital-kitco-juegos-y-dinamicas-individuales-y-grupales-para-el-autoconocimiento-desarrollo-personal-e-inteligencia-emocional\\\/#primaryimage\",\"url\":\"https:\\\/\\\/i0.wp.com\\\/tukitco.net\\\/wp-content\\\/uploads\\\/2023\\\/01\\\/GUIAS-DIGITALES-IMAGENES-PORTADA-1.jpg?fit=1080%2C1080&ssl=1\",\"contentUrl\":\"https:\\\/\\\/i0.wp.com\\\/tukitco.net\\\/wp-content\\\/uploads\\\/2023\\\/01\\\/GUIAS-DIGITALES-IMAGENES-PORTADA-1.jpg?fit=1080%2C1080&ssl=1\",\"width\":1080,\"height\":1080},{\"@type\":\"BreadcrumbList\",\"@id\":\"https:\\\/\\\/tukitco.net\\\/producto\\\/tu-guia-digital-kitco-juegos-y-dinamicas-individuales-y-grupales-para-el-autoconocimiento-desarrollo-personal-e-inteligencia-emocional\\\/#breadcrumb\",\"itemListElement\":[{\"@type\":\"ListItem\",\"position\":1,\"name\":\"Portada\",\"item\":\"https:\\\/\\\/tukitco.net\\\/\"},{\"@type\":\"ListItem\",\"position\":2,\"name\":\"Tienda\",\"item\":\"https:\\\/\\\/tukitco.net\\\/tienda\\\/\"},{\"@type\":\"ListItem\",\"position\":3,\"name\":\"Tu Gu\u00eda Digital KitCo\"}]},{\"@type\":\"WebSite\",\"@id\":\"https:\\\/\\\/tukitco.net\\\/#website\",\"url\":\"https:\\\/\\\/tukitco.net\\\/\",\"name\":\"KitCo\",\"description\":\"Juegos de Talentos, Valores y Emociones\",\"publisher\":{\"@id\":\"https:\\\/\\\/tukitco.net\\\/#organization\"},\"potentialAction\":[{\"@type\":\"SearchAction\",\"target\":{\"@type\":\"EntryPoint\",\"urlTemplate\":\"https:\\\/\\\/tukitco.net\\\/?s={search_term_string}\"},\"query-input\":{\"@type\":\"PropertyValueSpecification\",\"valueRequired\":true,\"valueName\":\"search_term_string\"}}],\"inLanguage\":\"es\"},{\"@type\":\"Organization\",\"@id\":\"https:\\\/\\\/tukitco.net\\\/#organization\",\"name\":\"KitCo For personal development\",\"url\":\"https:\\\/\\\/tukitco.net\\\/\",\"logo\":{\"@type\":\"ImageObject\",\"inLanguage\":\"es\",\"@id\":\"https:\\\/\\\/tukitco.net\\\/#\\\/schema\\\/logo\\\/image\\\/\",\"url\":\"https:\\\/\\\/tukitco.net\\\/wp-content\\\/uploads\\\/2020\\\/06\\\/KITCO-COR-FONDO-TRANSPARENTE-GORDO-8-SOLO-CARA-1.png\",\"contentUrl\":\"https:\\\/\\\/tukitco.net\\\/wp-content\\\/uploads\\\/2020\\\/06\\\/KITCO-COR-FONDO-TRANSPARENTE-GORDO-8-SOLO-CARA-1.png\",\"width\":1618,\"height\":1622,\"caption\":\"KitCo For personal development\"},\"image\":{\"@id\":\"https:\\\/\\\/tukitco.net\\\/#\\\/schema\\\/logo\\\/image\\\/\"},\"sameAs\":[\"https:\\\/\\\/www.facebook.com\\\/KitCoCoaching\\\/\",\"https:\\\/\\\/x.com\\\/ElsaGimnez\",\"https:\\\/\\\/www.instagram.com\\\/tukitco\\\/\",\"https:\\\/\\\/www.linkedin.com\\\/company\\\/tukitco\\\/\",\"https:\\\/\\\/www.youtube.com\\\/channel\\\/UCPAGQ-h0cDjdBnT87RvFK8w\"]}]}<\/script>\n<!-- \/ Yoast SEO Premium plugin. -->","yoast_head_json":{"title":"Tu Gu\u00eda Digital KitCo &#8211; KitCo","description":"Tu Gu\u00eda KitCo. M\u00e1s de 20 juegos y din\u00e1micas basadas en talentos, valores, emociones y ODS para conocernos mejor y sacar lo mejor de nosotros\/as como personas \u00fanicas que somos. Para trabajar el autoconocimiento, del desarrollo personal y la inteligencia emocional.","robots":{"index":"noindex","follow":"follow"},"og_locale":"es_ES","og_type":"article","og_title":"Tu Gu\u00eda Digital KitCo","og_description":"Tu Gu\u00eda KitCo. Juegos y Din\u00e1micas para el Autoconocimiento, Desarrollo Personal e Inteligencia Emocional. Para hacer de forma individual o de forma grupal, en equipos, en familia, con amigos o en pareja.","og_url":"https:\/\/tukitco.net\/es\/producto\/tu-guia-digital-kitco-juegos-y-dinamicas-individuales-y-grupales-para-el-autoconocimiento-desarrollo-personal-e-inteligencia-emocional\/","og_site_name":"KitCo","article_publisher":"https:\/\/www.facebook.com\/KitCoCoaching\/","article_modified_time":"2024-10-21T16:34:53+00:00","og_image":[{"width":1080,"height":1080,"url":"https:\/\/i0.wp.com\/tukitco.net\/wp-content\/uploads\/2023\/01\/GUIAS-DIGITALES-IMAGENES-PORTADA-1.jpg?fit=1080%2C1080&ssl=1","type":"image\/jpeg"}],"twitter_card":"summary_large_image","twitter_site":"@ElsaGimnez","twitter_misc":{"Tiempo de lectura":"2 minutos"},"schema":{"@context":"https:\/\/schema.org","@graph":[{"@type":"WebPage","@id":"https:\/\/tukitco.net\/producto\/tu-guia-digital-kitco-juegos-y-dinamicas-individuales-y-grupales-para-el-autoconocimiento-desarrollo-personal-e-inteligencia-emocional\/","url":"https:\/\/tukitco.net\/producto\/tu-guia-digital-kitco-juegos-y-dinamicas-individuales-y-grupales-para-el-autoconocimiento-desarrollo-personal-e-inteligencia-emocional\/","name":"Tu Gu\u00eda Digital KitCo &#8211; KitCo","isPartOf":{"@id":"https:\/\/tukitco.net\/#website"},"primaryImageOfPage":{"@id":"https:\/\/tukitco.net\/producto\/tu-guia-digital-kitco-juegos-y-dinamicas-individuales-y-grupales-para-el-autoconocimiento-desarrollo-personal-e-inteligencia-emocional\/#primaryimage"},"image":{"@id":"https:\/\/tukitco.net\/producto\/tu-guia-digital-kitco-juegos-y-dinamicas-individuales-y-grupales-para-el-autoconocimiento-desarrollo-personal-e-inteligencia-emocional\/#primaryimage"},"thumbnailUrl":"https:\/\/i0.wp.com\/tukitco.net\/wp-content\/uploads\/2023\/01\/GUIAS-DIGITALES-IMAGENES-PORTADA-1.jpg?fit=1080%2C1080&ssl=1","datePublished":"2023-07-31T09:20:00+00:00","dateModified":"2024-10-21T16:34:53+00:00","description":"Tu Gu\u00eda KitCo. M\u00e1s de 20 juegos y din\u00e1micas basadas en talentos, valores, emociones y ODS para conocernos mejor y sacar lo mejor de nosotros\/as como personas \u00fanicas que somos. Para trabajar el autoconocimiento, del desarrollo personal y la inteligencia emocional.","breadcrumb":{"@id":"https:\/\/tukitco.net\/producto\/tu-guia-digital-kitco-juegos-y-dinamicas-individuales-y-grupales-para-el-autoconocimiento-desarrollo-personal-e-inteligencia-emocional\/#breadcrumb"},"inLanguage":"es","potentialAction":[{"@type":"ReadAction","target":["https:\/\/tukitco.net\/producto\/tu-guia-digital-kitco-juegos-y-dinamicas-individuales-y-grupales-para-el-autoconocimiento-desarrollo-personal-e-inteligencia-emocional\/"]}]},{"@type":"ImageObject","inLanguage":"es","@id":"https:\/\/tukitco.net\/producto\/tu-guia-digital-kitco-juegos-y-dinamicas-individuales-y-grupales-para-el-autoconocimiento-desarrollo-personal-e-inteligencia-emocional\/#primaryimage","url":"https:\/\/i0.wp.com\/tukitco.net\/wp-content\/uploads\/2023\/01\/GUIAS-DIGITALES-IMAGENES-PORTADA-1.jpg?fit=1080%2C1080&ssl=1","contentUrl":"https:\/\/i0.wp.com\/tukitco.net\/wp-content\/uploads\/2023\/01\/GUIAS-DIGITALES-IMAGENES-PORTADA-1.jpg?fit=1080%2C1080&ssl=1","width":1080,"height":1080},{"@type":"BreadcrumbList","@id":"https:\/\/tukitco.net\/producto\/tu-guia-digital-kitco-juegos-y-dinamicas-individuales-y-grupales-para-el-autoconocimiento-desarrollo-personal-e-inteligencia-emocional\/#breadcrumb","itemListElement":[{"@type":"ListItem","position":1,"name":"Portada","item":"https:\/\/tukitco.net\/"},{"@type":"ListItem","position":2,"name":"Tienda","item":"https:\/\/tukitco.net\/tienda\/"},{"@type":"ListItem","position":3,"name":"Tu Gu\u00eda Digital KitCo"}]},{"@type":"WebSite","@id":"https:\/\/tukitco.net\/#website","url":"https:\/\/tukitco.net\/","name":"KitCo","description":"Juegos de Talentos, Valores y Emociones","publisher":{"@id":"https:\/\/tukitco.net\/#organization"},"potentialAction":[{"@type":"SearchAction","target":{"@type":"EntryPoint","urlTemplate":"https:\/\/tukitco.net\/?s={search_term_string}"},"query-input":{"@type":"PropertyValueSpecification","valueRequired":true,"valueName":"search_term_string"}}],"inLanguage":"es"},{"@type":"Organization","@id":"https:\/\/tukitco.net\/#organization","name":"KitCo For personal development","url":"https:\/\/tukitco.net\/","logo":{"@type":"ImageObject","inLanguage":"es","@id":"https:\/\/tukitco.net\/#\/schema\/logo\/image\/","url":"https:\/\/tukitco.net\/wp-content\/uploads\/2020\/06\/KITCO-COR-FONDO-TRANSPARENTE-GORDO-8-SOLO-CARA-1.png","contentUrl":"https:\/\/tukitco.net\/wp-content\/uploads\/2020\/06\/KITCO-COR-FONDO-TRANSPARENTE-GORDO-8-SOLO-CARA-1.png","width":1618,"height":1622,"caption":"KitCo For personal development"},"image":{"@id":"https:\/\/tukitco.net\/#\/schema\/logo\/image\/"},"sameAs":["https:\/\/www.facebook.com\/KitCoCoaching\/","https:\/\/x.com\/ElsaGimnez","https:\/\/www.instagram.com\/tukitco\/","https:\/\/www.linkedin.com\/company\/tukitco\/","https:\/\/www.youtube.com\/channel\/UCPAGQ-h0cDjdBnT87RvFK8w"]}]}},"jetpack_likes_enabled":false,"jetpack-related-posts":[{"id":8301,"url":"https:\/\/tukitco.net\/es\/producto\/guia-digital-de-kitco-experiencia-completa\/","url_meta":{"origin":18599,"position":0},"title":"Gu\u00eda digital de KitCo Experiencia Completa","author":"kitco.contact","date":"29 septiembre, 2021","format":false,"excerpt":"Gu\u00eda digital de KitCo Experiencia Completa que incluye juegos y din\u00e1micas tanto grupales como individuales de emociones, talentos y valores.","rel":"","context":"Entrada similar","block_context":{"text":"Entrada similar","link":""},"img":{"alt_text":"","src":"https:\/\/i0.wp.com\/tukitco.net\/wp-content\/uploads\/2023\/01\/GUIAS-DIGITALES-IMAGENES-PORTADA-1.jpg?fit=1080%2C1080&ssl=1&resize=350%2C200","width":350,"height":200,"srcset":"https:\/\/i0.wp.com\/tukitco.net\/wp-content\/uploads\/2023\/01\/GUIAS-DIGITALES-IMAGENES-PORTADA-1.jpg?fit=1080%2C1080&ssl=1&resize=350%2C200 1x, https:\/\/i0.wp.com\/tukitco.net\/wp-content\/uploads\/2023\/01\/GUIAS-DIGITALES-IMAGENES-PORTADA-1.jpg?fit=1080%2C1080&ssl=1&resize=525%2C300 1.5x, https:\/\/i0.wp.com\/tukitco.net\/wp-content\/uploads\/2023\/01\/GUIAS-DIGITALES-IMAGENES-PORTADA-1.jpg?fit=1080%2C1080&ssl=1&resize=700%2C400 2x, https:\/\/i0.wp.com\/tukitco.net\/wp-content\/uploads\/2023\/01\/GUIAS-DIGITALES-IMAGENES-PORTADA-1.jpg?fit=1080%2C1080&ssl=1&resize=1050%2C600 3x"},"classes":[]},{"id":21830,"url":"https:\/\/tukitco.net\/es\/producto\/pack-kitco-profesional-especial-para-talleres-grupales\/","url_meta":{"origin":18599,"position":1},"title":"Pack Combo 4 KitCo Profesional &#8211; Experiencia completa","author":"kitco.contact","date":"2 mayo, 2024","format":false,"excerpt":"Pack KitCo Profesional (especial talleres grupales): Juegos y din\u00e1micas para acompa\u00f1ar a los alumn@s a sacar lo mejor de s\u00ed mism@s.\u00a0Basado en tres pilares:\u00a0Talentos, Valores y Emociones.","rel":"","context":"Entrada similar","block_context":{"text":"Entrada similar","link":""},"img":{"alt_text":"","src":"https:\/\/i0.wp.com\/tukitco.net\/wp-content\/uploads\/2024\/04\/2023-Fotos-KitCo-Contenido.png?fit=1063%2C886&ssl=1&resize=350%2C200","width":350,"height":200,"srcset":"https:\/\/i0.wp.com\/tukitco.net\/wp-content\/uploads\/2024\/04\/2023-Fotos-KitCo-Contenido.png?fit=1063%2C886&ssl=1&resize=350%2C200 1x, https:\/\/i0.wp.com\/tukitco.net\/wp-content\/uploads\/2024\/04\/2023-Fotos-KitCo-Contenido.png?fit=1063%2C886&ssl=1&resize=525%2C300 1.5x, https:\/\/i0.wp.com\/tukitco.net\/wp-content\/uploads\/2024\/04\/2023-Fotos-KitCo-Contenido.png?fit=1063%2C886&ssl=1&resize=700%2C400 2x, https:\/\/i0.wp.com\/tukitco.net\/wp-content\/uploads\/2024\/04\/2023-Fotos-KitCo-Contenido.png?fit=1063%2C886&ssl=1&resize=1050%2C600 3x"},"classes":[]},{"id":23081,"url":"https:\/\/tukitco.net\/es\/producto\/pack-profesional-4-kitco-profesionales-experiencia-completa-copy\/","url_meta":{"origin":18599,"position":2},"title":"Pack Profesional: 4 KitCo Profesionales &#8211; Experiencia completa &#8211;","author":"kitco.contact","date":"14 octubre, 2024","format":false,"excerpt":"Pack KitCo Profesional (especial talleres grupales): Juegos y din\u00e1micas para acompa\u00f1ar a los alumn@s a sacar lo mejor de s\u00ed mism@s.\u00a0Basado en tres pilares:\u00a0Talentos, Valores y Emociones.","rel":"","context":"Entrada similar","block_context":{"text":"Entrada similar","link":""},"img":{"alt_text":"","src":"https:\/\/i0.wp.com\/tukitco.net\/wp-content\/uploads\/2024\/04\/2023-Fotos-KitCo-Contenido.png?fit=1063%2C886&ssl=1&resize=350%2C200","width":350,"height":200,"srcset":"https:\/\/i0.wp.com\/tukitco.net\/wp-content\/uploads\/2024\/04\/2023-Fotos-KitCo-Contenido.png?fit=1063%2C886&ssl=1&resize=350%2C200 1x, https:\/\/i0.wp.com\/tukitco.net\/wp-content\/uploads\/2024\/04\/2023-Fotos-KitCo-Contenido.png?fit=1063%2C886&ssl=1&resize=525%2C300 1.5x, https:\/\/i0.wp.com\/tukitco.net\/wp-content\/uploads\/2024\/04\/2023-Fotos-KitCo-Contenido.png?fit=1063%2C886&ssl=1&resize=700%2C400 2x, https:\/\/i0.wp.com\/tukitco.net\/wp-content\/uploads\/2024\/04\/2023-Fotos-KitCo-Contenido.png?fit=1063%2C886&ssl=1&resize=1050%2C600 3x"},"classes":[]},{"id":7979,"url":"https:\/\/tukitco.net\/es\/producto\/kitco-escuelas-educacion-del-ser-experiencia-completa\/","url_meta":{"origin":18599,"position":3},"title":"KitCo Escuelas &#8211; Educaci\u00f3n del Ser &#8211; Experiencia completa","author":"kitco.contact","date":"21 septiembre, 2021","format":false,"excerpt":"KitCo Escuelas Experiencia Completa:\u00a0Juegos y din\u00e1micas para acompa\u00f1ar a los alumn@s a sacar lo mejor de s\u00ed mism@s.\u00a0Basado en tres pilares:\u00a0Talentos, Valores y Emociones.","rel":"","context":"Entrada similar","block_context":{"text":"Entrada similar","link":""},"img":{"alt_text":"","src":"https:\/\/i0.wp.com\/tukitco.net\/wp-content\/uploads\/2021\/09\/Diseno-sin-titulo-50.jpg?fit=1200%2C675&ssl=1&resize=350%2C200","width":350,"height":200,"srcset":"https:\/\/i0.wp.com\/tukitco.net\/wp-content\/uploads\/2021\/09\/Diseno-sin-titulo-50.jpg?fit=1200%2C675&ssl=1&resize=350%2C200 1x, https:\/\/i0.wp.com\/tukitco.net\/wp-content\/uploads\/2021\/09\/Diseno-sin-titulo-50.jpg?fit=1200%2C675&ssl=1&resize=525%2C300 1.5x, https:\/\/i0.wp.com\/tukitco.net\/wp-content\/uploads\/2021\/09\/Diseno-sin-titulo-50.jpg?fit=1200%2C675&ssl=1&resize=700%2C400 2x, https:\/\/i0.wp.com\/tukitco.net\/wp-content\/uploads\/2021\/09\/Diseno-sin-titulo-50.jpg?fit=1200%2C675&ssl=1&resize=1050%2C600 3x"},"classes":[]},{"id":18005,"url":"https:\/\/tukitco.net\/es\/producto\/kitco-escuelas-educacion-del-ser-experiencia-completa-affiliate\/","url_meta":{"origin":18599,"position":4},"title":"KitCo Escuelas &#8211; Educaci\u00f3n del Ser &#8211; Experiencia completa &#8211; Con descuento","author":"kitco.contact","date":"16 febrero, 2023","format":false,"excerpt":"KitCo Escuelas Experiencia Completa:\u00a0Juegos y din\u00e1micas para acompa\u00f1ar a los alumn@s a sacar lo mejor de s\u00ed mism@s.\u00a0Basado en tres pilares:\u00a0Talentos, Valores y Emociones.","rel":"","context":"Entrada similar","block_context":{"text":"Entrada similar","link":""},"img":{"alt_text":"","src":"https:\/\/i0.wp.com\/tukitco.net\/wp-content\/uploads\/2021\/09\/Diseno-sin-titulo-50.jpg?fit=1200%2C675&ssl=1&resize=350%2C200","width":350,"height":200,"srcset":"https:\/\/i0.wp.com\/tukitco.net\/wp-content\/uploads\/2021\/09\/Diseno-sin-titulo-50.jpg?fit=1200%2C675&ssl=1&resize=350%2C200 1x, https:\/\/i0.wp.com\/tukitco.net\/wp-content\/uploads\/2021\/09\/Diseno-sin-titulo-50.jpg?fit=1200%2C675&ssl=1&resize=525%2C300 1.5x, https:\/\/i0.wp.com\/tukitco.net\/wp-content\/uploads\/2021\/09\/Diseno-sin-titulo-50.jpg?fit=1200%2C675&ssl=1&resize=700%2C400 2x, https:\/\/i0.wp.com\/tukitco.net\/wp-content\/uploads\/2021\/09\/Diseno-sin-titulo-50.jpg?fit=1200%2C675&ssl=1&resize=1050%2C600 3x"},"classes":[]},{"id":19576,"url":"https:\/\/tukitco.net\/es\/producto\/pack-ahorro-4-kitco-escuelas-proyecto-steamcat\/","url_meta":{"origin":18599,"position":5},"title":"PACK AHORRO: 4 KitCo Escuelas &#8211; Educaci\u00f3n del Ser &#8211; Experiencia completa &#8211; Proyecto SteamCat","author":"kitco.contact","date":"21 febrero, 2024","format":false,"excerpt":"KitCo Escuelas Experiencia Completa:\u00a0Juegos y din\u00e1micas para acompa\u00f1ar a los alumn@s a sacar lo mejor de s\u00ed mism@s.\u00a0Basado en tres pilares:\u00a0Talentos, Valores y Emociones.","rel":"","context":"Entrada similar","block_context":{"text":"Entrada similar","link":""},"img":{"alt_text":"","src":"https:\/\/i0.wp.com\/tukitco.net\/wp-content\/uploads\/2021\/09\/Diseno-sin-titulo-50.jpg?fit=1200%2C675&ssl=1&resize=350%2C200","width":350,"height":200,"srcset":"https:\/\/i0.wp.com\/tukitco.net\/wp-content\/uploads\/2021\/09\/Diseno-sin-titulo-50.jpg?fit=1200%2C675&ssl=1&resize=350%2C200 1x, https:\/\/i0.wp.com\/tukitco.net\/wp-content\/uploads\/2021\/09\/Diseno-sin-titulo-50.jpg?fit=1200%2C675&ssl=1&resize=525%2C300 1.5x, https:\/\/i0.wp.com\/tukitco.net\/wp-content\/uploads\/2021\/09\/Diseno-sin-titulo-50.jpg?fit=1200%2C675&ssl=1&resize=700%2C400 2x, https:\/\/i0.wp.com\/tukitco.net\/wp-content\/uploads\/2021\/09\/Diseno-sin-titulo-50.jpg?fit=1200%2C675&ssl=1&resize=1050%2C600 3x"},"classes":[]}],"jetpack_sharing_enabled":true,"_links":{"self":[{"href":"https:\/\/tukitco.net\/es\/wp-json\/wp\/v2\/product\/18599","targetHints":{"allow":["GET"]}}],"collection":[{"href":"https:\/\/tukitco.net\/es\/wp-json\/wp\/v2\/product"}],"about":[{"href":"https:\/\/tukitco.net\/es\/wp-json\/wp\/v2\/types\/product"}],"version-history":[{"count":6,"href":"https:\/\/tukitco.net\/es\/wp-json\/wp\/v2\/product\/18599\/revisions"}],"predecessor-version":[{"id":18606,"href":"https:\/\/tukitco.net\/es\/wp-json\/wp\/v2\/product\/18599\/revisions\/18606"}],"wp:attachment":[{"href":"https:\/\/tukitco.net\/es\/wp-json\/wp\/v2\/media?parent=18599"}],"wp:term":[{"taxonomy":"product_brand","embeddable":true,"href":"https:\/\/tukitco.net\/es\/wp-json\/wp\/v2\/product_brand?post=18599"},{"taxonomy":"product_cat","embeddable":true,"href":"https:\/\/tukitco.net\/es\/wp-json\/wp\/v2\/product_cat?post=18599"},{"taxonomy":"product_tag","embeddable":true,"href":"https:\/\/tukitco.net\/es\/wp-json\/wp\/v2\/product_tag?post=18599"}],"curies":[{"name":"wp","href":"https:\/\/api.w.org\/{rel}","templated":true}]}}