{"id":2111,"date":"2020-07-28T06:50:17","date_gmt":"2020-07-28T06:50:17","guid":{"rendered":"https:\/\/tukitco.net\/?post_type=product&#038;p=2111"},"modified":"2025-09-10T20:22:52","modified_gmt":"2025-09-10T20:22:52","slug":"juego-de-emociones","status":"publish","type":"product","link":"https:\/\/tukitco.net\/es\/producto\/juego-de-emociones\/","title":{"rendered":"KitCo Emociones"},"content":{"rendered":"<p data-start=\"237\" data-end=\"547\">Las emociones est\u00e1n presentes en todo lo que hacemos: influyen en c\u00f3mo nos relacionamos, en c\u00f3mo trabajamos y en c\u00f3mo nos sentimos cada d\u00eda.<\/p>\n<p data-start=\"237\" data-end=\"547\">KitCo Emociones es un recurso pr\u00e1ctico que te invita a reconocerlas, expresarlas y transformarlas en una fuente de bienestar y conexi\u00f3n, tanto personal como colectiva.<\/p>\n<p data-start=\"549\" data-end=\"942\">Este kit est\u00e1 pensado para cualquier persona, familia, escuela o equipo que quiera entrenar la inteligencia emocional de forma sencilla y vivencial. Permite abrir conversaciones aut\u00e9nticas, generar confianza y prevenir conflictos. Para l\u00edderes, es una herramienta que impulsa un estilo de liderazgo m\u00e1s humano, capaz de fortalecer la comunicaci\u00f3n asertiva, cohesionar equipos y multiplicar resultados.<\/p>\n<p data-start=\"944\" data-end=\"977\"><span style=\"color: #b18a27;\"><strong data-start=\"944\" data-end=\"975\">Con KitCo Emociones podr\u00e1s:<\/strong><\/span><\/p>\n<ul>\n<li style=\"list-style-type: none;\">\n<ul>\n<li data-start=\"1019\" data-end=\"1087\">\n<p data-start=\"1021\" data-end=\"1087\">Identificar y comprender mejor tus emociones y las de los dem\u00e1s.<\/p>\n<\/li>\n<li data-start=\"1088\" data-end=\"1151\">\n<p data-start=\"1090\" data-end=\"1151\">Ampliar tu vocabulario emocional y expresarte con claridad.<\/p>\n<\/li>\n<li data-start=\"1152\" data-end=\"1241\">\n<p data-start=\"1154\" data-end=\"1241\">Mejorar la comunicaci\u00f3n asertiva, reduciendo malentendidos y favoreciendo el respeto hacia ti mismo\/a\u00a0 y hacia los dem\u00e1s.<\/p>\n<\/li>\n<li data-start=\"1242\" data-end=\"1307\">\n<p data-start=\"1244\" data-end=\"1307\">Fortalecer la confianza y la cohesi\u00f3n en tu equipo o entorno.<\/p>\n<\/li>\n<li data-start=\"1308\" data-end=\"1381\">\n<p data-start=\"1310\" data-end=\"1381\">Transformar las emociones en motor de crecimiento personal.<\/p>\n<\/li>\n<li data-start=\"1382\" data-end=\"1466\">\n<p data-start=\"1384\" data-end=\"1466\">Crear un clima de bienestar donde las personas puedan dar lo mejor de s\u00ed mismas.<\/p>\n<\/li>\n<\/ul>\n<\/li>\n<\/ul>\n<p data-start=\"1468\" data-end=\"1489\"><span style=\"color: #b18a27;\"><strong data-start=\"1468\" data-end=\"1487\">El kit incluye:<\/strong><\/span><\/p>\n<ul>\n<li style=\"list-style-type: none;\">\n<ul data-start=\"1490\" data-end=\"1828\">\n<li data-start=\"1490\" data-end=\"1545\">\n<p data-start=\"1492\" data-end=\"1545\">50 cartas de emociones con im\u00e1genes y definiciones.<\/p>\n<\/li>\n<li data-start=\"1546\" data-end=\"1586\">\n<p data-start=\"1548\" data-end=\"1586\">1 tarjeta de preguntas de emociones.<\/p>\n<\/li>\n<li data-start=\"1587\" data-end=\"1621\">\n<p data-start=\"1589\" data-end=\"1621\">1 tarjeta de acuerdo de grupo.<\/p>\n<\/li>\n<li data-start=\"1622\" data-end=\"1662\">\n<p data-start=\"1624\" data-end=\"1662\">1 tablero de juego \u201cMapa Emocional\u201d.<\/p>\n<\/li>\n<li data-start=\"1663\" data-end=\"1687\">\n<p data-start=\"1665\" data-end=\"1687\">1 pelota antiestr\u00e9s.<\/p>\n<\/li>\n<li data-start=\"1688\" data-end=\"1828\">\n<p data-start=\"1690\" data-end=\"1828\">Acceso online a la <strong data-start=\"1709\" data-end=\"1733\">Gu\u00eda KitCo Emociones<\/strong>, con instrucciones de juegos y <span style=\"text-decoration: underline;\">din\u00e1micas grupales<\/span> (<em>m\u00edmica de las emociones, diccionario emocional,\u00a0\u00bfc\u00f3mo me siento cuando?,\u00a0\u00bfc\u00f3mo est\u00e1s?, adivina la carta, mapa emocional, conectando<\/em>.) y <span style=\"text-decoration: underline;\">juegos y din\u00e1micas individuales<\/span> (din\u00e1mica de mi mapa emocional, mi mapa de visualizaci\u00f3n, desarrollo emocional diario, etc.)<\/p>\n<\/li>\n<\/ul>\n<\/li>\n<\/ul>\n<p data-start=\"1393\" data-end=\"1419\"><span style=\"color: #b18a27;\"><strong data-start=\"1393\" data-end=\"1417\">Idiomas disponibles:<\/strong><\/span><\/p>\n<ol>\n<li style=\"list-style-type: none;\">\n<ol data-start=\"1420\" data-end=\"1492\">\n<li data-start=\"1420\" data-end=\"1444\">\n<p data-start=\"1423\" data-end=\"1444\">Castellano \u2013 Ingl\u00e9s<\/p>\n<\/li>\n<li data-start=\"1445\" data-end=\"1470\">\n<p data-start=\"1448\" data-end=\"1470\">Castellano \u2013 Catal\u00e1n<\/p>\n<\/li>\n<li data-start=\"1471\" data-end=\"1492\">\n<p data-start=\"1474\" data-end=\"1492\">Catal\u00e1n \u2013 Ingl\u00e9s<\/p>\n<\/li>\n<\/ol>\n<\/li>\n<\/ol>\n<p>NOTA: Las cartas tienen im\u00e1genes inspiradoras en una cara y en la otra el concepto del valor y su definici\u00f3n.<\/p>\n","protected":false},"excerpt":{"rendered":"<p>Para cualquier persona que quiera desarrollar su inteligencia emocional, o la de sus hijos o equipos.\u00a0 Empezando por adquirir lenguaje emocional y reconociendo las emociones\u00a0 en s\u00ed mismo\/a y en los dem\u00e1s para as\u00ed poder gestionarlas. Mejorando tanto su salud mental como las relaciones interpersonales.<\/p>\n<p>El objetivo del JUEGO DE EMOCIONES es dar un paso adelante en el desarrollo de la inteligencia emocional. Para jugar tanto s\u00f3lo, como en pareja, familia amigos o equipo.<\/p>\n","protected":false},"featured_media":17593,"template":"","meta":{"_eb_attr":"","_crdt_document":"","jetpack_post_was_ever_published":false},"product_brand":[],"product_cat":[121880,121900],"product_tag":[],"class_list":{"0":"post-2111","1":"product","2":"type-product","3":"status-publish","4":"has-post-thumbnail","6":"product_cat-emociones","7":"product_cat-familias","9":"first","10":"instock","11":"taxable","12":"shipping-taxable","13":"purchasable","14":"product-type-simple"},"yoast_head":"<!-- This site is optimized with the Yoast SEO Premium plugin v20.8 (Yoast SEO v27.3) - https:\/\/yoast.com\/product\/yoast-seo-premium-wordpress\/ -->\n<title>KitCo Emociones &#8211; KitCo<\/title>\n<meta name=\"description\" content=\"Pack de emociones con juegos individuales y grupales para, de forma divertida y profunda, aprender a reconocer y gestionar nuestras emociones.\" \/>\n<meta name=\"robots\" content=\"index, follow, max-snippet:-1, max-image-preview:large, max-video-preview:-1\" \/>\n<link rel=\"canonical\" href=\"https:\/\/tukitco.net\/es\/producto\/juego-de-emociones\/\" \/>\n<meta property=\"og:locale\" content=\"es_ES\" \/>\n<meta property=\"og:type\" content=\"article\" \/>\n<meta property=\"og:title\" content=\"KitCo Emociones\" \/>\n<meta property=\"og:description\" content=\"Para cualquier persona que quiera desarrollar su inteligencia emocional, o la de sus hijos o equipos.\u00a0 Empezando por adquirir lenguaje emocional y reconociendo las emociones\u00a0 en s\u00ed mismo\/a y en los dem\u00e1s para as\u00ed poder gestionarlas. Mejorando tanto su salud mental como las relaciones interpersonales.  El objetivo del JUEGO DE EMOCIONES es dar un paso adelante en el desarrollo de la inteligencia emocional. Para jugar tanto s\u00f3lo, como en pareja, familia amigos o equipo.\" \/>\n<meta property=\"og:url\" content=\"https:\/\/tukitco.net\/es\/producto\/juego-de-emociones\/\" \/>\n<meta property=\"og:site_name\" content=\"KitCo\" \/>\n<meta property=\"article:publisher\" content=\"https:\/\/www.facebook.com\/KitCoCoaching\/\" \/>\n<meta property=\"article:modified_time\" content=\"2025-09-10T20:22:52+00:00\" \/>\n<meta property=\"og:image\" content=\"https:\/\/tukitco.net\/wp-content\/uploads\/2023\/01\/Emocions-3.jpg\" \/>\n\t<meta property=\"og:image:width\" content=\"1063\" \/>\n\t<meta property=\"og:image:height\" content=\"886\" \/>\n\t<meta property=\"og:image:type\" content=\"image\/jpeg\" \/>\n<meta name=\"twitter:card\" content=\"summary_large_image\" \/>\n<meta name=\"twitter:site\" content=\"@ElsaGimnez\" \/>\n<meta name=\"twitter:label1\" content=\"Tiempo de lectura\" \/>\n\t<meta name=\"twitter:data1\" content=\"2 minutos\" \/>\n<script type=\"application\/ld+json\" class=\"yoast-schema-graph\">{\"@context\":\"https:\\\/\\\/schema.org\",\"@graph\":[{\"@type\":\"WebPage\",\"@id\":\"https:\\\/\\\/tukitco.net\\\/producto\\\/juego-de-emociones\\\/\",\"url\":\"https:\\\/\\\/tukitco.net\\\/producto\\\/juego-de-emociones\\\/\",\"name\":\"KitCo Emociones &#8211; KitCo\",\"isPartOf\":{\"@id\":\"https:\\\/\\\/tukitco.net\\\/#website\"},\"primaryImageOfPage\":{\"@id\":\"https:\\\/\\\/tukitco.net\\\/producto\\\/juego-de-emociones\\\/#primaryimage\"},\"image\":{\"@id\":\"https:\\\/\\\/tukitco.net\\\/producto\\\/juego-de-emociones\\\/#primaryimage\"},\"thumbnailUrl\":\"https:\\\/\\\/i0.wp.com\\\/tukitco.net\\\/wp-content\\\/uploads\\\/2023\\\/01\\\/Emocions-3.jpg?fit=1063%2C886&ssl=1\",\"datePublished\":\"2020-07-28T06:50:17+00:00\",\"dateModified\":\"2025-09-10T20:22:52+00:00\",\"description\":\"Pack de emociones con juegos individuales y grupales para, de forma divertida y profunda, aprender a reconocer y gestionar nuestras emociones.\",\"breadcrumb\":{\"@id\":\"https:\\\/\\\/tukitco.net\\\/producto\\\/juego-de-emociones\\\/#breadcrumb\"},\"inLanguage\":\"es\",\"potentialAction\":[{\"@type\":\"ReadAction\",\"target\":[\"https:\\\/\\\/tukitco.net\\\/producto\\\/juego-de-emociones\\\/\"]}]},{\"@type\":\"ImageObject\",\"inLanguage\":\"es\",\"@id\":\"https:\\\/\\\/tukitco.net\\\/producto\\\/juego-de-emociones\\\/#primaryimage\",\"url\":\"https:\\\/\\\/i0.wp.com\\\/tukitco.net\\\/wp-content\\\/uploads\\\/2023\\\/01\\\/Emocions-3.jpg?fit=1063%2C886&ssl=1\",\"contentUrl\":\"https:\\\/\\\/i0.wp.com\\\/tukitco.net\\\/wp-content\\\/uploads\\\/2023\\\/01\\\/Emocions-3.jpg?fit=1063%2C886&ssl=1\",\"width\":1063,\"height\":886},{\"@type\":\"BreadcrumbList\",\"@id\":\"https:\\\/\\\/tukitco.net\\\/producto\\\/juego-de-emociones\\\/#breadcrumb\",\"itemListElement\":[{\"@type\":\"ListItem\",\"position\":1,\"name\":\"Portada\",\"item\":\"https:\\\/\\\/tukitco.net\\\/\"},{\"@type\":\"ListItem\",\"position\":2,\"name\":\"Tienda\",\"item\":\"https:\\\/\\\/tukitco.net\\\/tienda\\\/\"},{\"@type\":\"ListItem\",\"position\":3,\"name\":\"KitCo Emociones\"}]},{\"@type\":\"WebSite\",\"@id\":\"https:\\\/\\\/tukitco.net\\\/#website\",\"url\":\"https:\\\/\\\/tukitco.net\\\/\",\"name\":\"KitCo\",\"description\":\"Juegos de Talentos, Valores y Emociones\",\"publisher\":{\"@id\":\"https:\\\/\\\/tukitco.net\\\/#organization\"},\"potentialAction\":[{\"@type\":\"SearchAction\",\"target\":{\"@type\":\"EntryPoint\",\"urlTemplate\":\"https:\\\/\\\/tukitco.net\\\/?s={search_term_string}\"},\"query-input\":{\"@type\":\"PropertyValueSpecification\",\"valueRequired\":true,\"valueName\":\"search_term_string\"}}],\"inLanguage\":\"es\"},{\"@type\":\"Organization\",\"@id\":\"https:\\\/\\\/tukitco.net\\\/#organization\",\"name\":\"KitCo For personal development\",\"url\":\"https:\\\/\\\/tukitco.net\\\/\",\"logo\":{\"@type\":\"ImageObject\",\"inLanguage\":\"es\",\"@id\":\"https:\\\/\\\/tukitco.net\\\/#\\\/schema\\\/logo\\\/image\\\/\",\"url\":\"https:\\\/\\\/tukitco.net\\\/wp-content\\\/uploads\\\/2020\\\/06\\\/KITCO-COR-FONDO-TRANSPARENTE-GORDO-8-SOLO-CARA-1.png\",\"contentUrl\":\"https:\\\/\\\/tukitco.net\\\/wp-content\\\/uploads\\\/2020\\\/06\\\/KITCO-COR-FONDO-TRANSPARENTE-GORDO-8-SOLO-CARA-1.png\",\"width\":1618,\"height\":1622,\"caption\":\"KitCo For personal development\"},\"image\":{\"@id\":\"https:\\\/\\\/tukitco.net\\\/#\\\/schema\\\/logo\\\/image\\\/\"},\"sameAs\":[\"https:\\\/\\\/www.facebook.com\\\/KitCoCoaching\\\/\",\"https:\\\/\\\/x.com\\\/ElsaGimnez\",\"https:\\\/\\\/www.instagram.com\\\/tukitco\\\/\",\"https:\\\/\\\/www.linkedin.com\\\/company\\\/tukitco\\\/\",\"https:\\\/\\\/www.youtube.com\\\/channel\\\/UCPAGQ-h0cDjdBnT87RvFK8w\"]}]}<\/script>\n<!-- \/ Yoast SEO Premium plugin. -->","yoast_head_json":{"title":"KitCo Emociones &#8211; KitCo","description":"Pack de emociones con juegos individuales y grupales para, de forma divertida y profunda, aprender a reconocer y gestionar nuestras emociones.","robots":{"index":"index","follow":"follow","max-snippet":"max-snippet:-1","max-image-preview":"max-image-preview:large","max-video-preview":"max-video-preview:-1"},"canonical":"https:\/\/tukitco.net\/es\/producto\/juego-de-emociones\/","og_locale":"es_ES","og_type":"article","og_title":"KitCo Emociones","og_description":"Para cualquier persona que quiera desarrollar su inteligencia emocional, o la de sus hijos o equipos.\u00a0 Empezando por adquirir lenguaje emocional y reconociendo las emociones\u00a0 en s\u00ed mismo\/a y en los dem\u00e1s para as\u00ed poder gestionarlas. Mejorando tanto su salud mental como las relaciones interpersonales.  El objetivo del JUEGO DE EMOCIONES es dar un paso adelante en el desarrollo de la inteligencia emocional. Para jugar tanto s\u00f3lo, como en pareja, familia amigos o equipo.","og_url":"https:\/\/tukitco.net\/es\/producto\/juego-de-emociones\/","og_site_name":"KitCo","article_publisher":"https:\/\/www.facebook.com\/KitCoCoaching\/","article_modified_time":"2025-09-10T20:22:52+00:00","og_image":[{"width":1063,"height":886,"url":"https:\/\/tukitco.net\/wp-content\/uploads\/2023\/01\/Emocions-3.jpg","type":"image\/jpeg"}],"twitter_card":"summary_large_image","twitter_site":"@ElsaGimnez","twitter_misc":{"Tiempo de lectura":"2 minutos"},"schema":{"@context":"https:\/\/schema.org","@graph":[{"@type":"WebPage","@id":"https:\/\/tukitco.net\/producto\/juego-de-emociones\/","url":"https:\/\/tukitco.net\/producto\/juego-de-emociones\/","name":"KitCo Emociones &#8211; KitCo","isPartOf":{"@id":"https:\/\/tukitco.net\/#website"},"primaryImageOfPage":{"@id":"https:\/\/tukitco.net\/producto\/juego-de-emociones\/#primaryimage"},"image":{"@id":"https:\/\/tukitco.net\/producto\/juego-de-emociones\/#primaryimage"},"thumbnailUrl":"https:\/\/i0.wp.com\/tukitco.net\/wp-content\/uploads\/2023\/01\/Emocions-3.jpg?fit=1063%2C886&ssl=1","datePublished":"2020-07-28T06:50:17+00:00","dateModified":"2025-09-10T20:22:52+00:00","description":"Pack de emociones con juegos individuales y grupales para, de forma divertida y profunda, aprender a reconocer y gestionar nuestras emociones.","breadcrumb":{"@id":"https:\/\/tukitco.net\/producto\/juego-de-emociones\/#breadcrumb"},"inLanguage":"es","potentialAction":[{"@type":"ReadAction","target":["https:\/\/tukitco.net\/producto\/juego-de-emociones\/"]}]},{"@type":"ImageObject","inLanguage":"es","@id":"https:\/\/tukitco.net\/producto\/juego-de-emociones\/#primaryimage","url":"https:\/\/i0.wp.com\/tukitco.net\/wp-content\/uploads\/2023\/01\/Emocions-3.jpg?fit=1063%2C886&ssl=1","contentUrl":"https:\/\/i0.wp.com\/tukitco.net\/wp-content\/uploads\/2023\/01\/Emocions-3.jpg?fit=1063%2C886&ssl=1","width":1063,"height":886},{"@type":"BreadcrumbList","@id":"https:\/\/tukitco.net\/producto\/juego-de-emociones\/#breadcrumb","itemListElement":[{"@type":"ListItem","position":1,"name":"Portada","item":"https:\/\/tukitco.net\/"},{"@type":"ListItem","position":2,"name":"Tienda","item":"https:\/\/tukitco.net\/tienda\/"},{"@type":"ListItem","position":3,"name":"KitCo Emociones"}]},{"@type":"WebSite","@id":"https:\/\/tukitco.net\/#website","url":"https:\/\/tukitco.net\/","name":"KitCo","description":"Juegos de Talentos, Valores y Emociones","publisher":{"@id":"https:\/\/tukitco.net\/#organization"},"potentialAction":[{"@type":"SearchAction","target":{"@type":"EntryPoint","urlTemplate":"https:\/\/tukitco.net\/?s={search_term_string}"},"query-input":{"@type":"PropertyValueSpecification","valueRequired":true,"valueName":"search_term_string"}}],"inLanguage":"es"},{"@type":"Organization","@id":"https:\/\/tukitco.net\/#organization","name":"KitCo For personal development","url":"https:\/\/tukitco.net\/","logo":{"@type":"ImageObject","inLanguage":"es","@id":"https:\/\/tukitco.net\/#\/schema\/logo\/image\/","url":"https:\/\/tukitco.net\/wp-content\/uploads\/2020\/06\/KITCO-COR-FONDO-TRANSPARENTE-GORDO-8-SOLO-CARA-1.png","contentUrl":"https:\/\/tukitco.net\/wp-content\/uploads\/2020\/06\/KITCO-COR-FONDO-TRANSPARENTE-GORDO-8-SOLO-CARA-1.png","width":1618,"height":1622,"caption":"KitCo For personal development"},"image":{"@id":"https:\/\/tukitco.net\/#\/schema\/logo\/image\/"},"sameAs":["https:\/\/www.facebook.com\/KitCoCoaching\/","https:\/\/x.com\/ElsaGimnez","https:\/\/www.instagram.com\/tukitco\/","https:\/\/www.linkedin.com\/company\/tukitco\/","https:\/\/www.youtube.com\/channel\/UCPAGQ-h0cDjdBnT87RvFK8w"]}]}},"jetpack_likes_enabled":true,"jetpack-related-posts":[{"id":18599,"url":"https:\/\/tukitco.net\/es\/producto\/tu-guia-digital-kitco-juegos-y-dinamicas-individuales-y-grupales-para-el-autoconocimiento-desarrollo-personal-e-inteligencia-emocional\/","url_meta":{"origin":2111,"position":0},"title":"Tu Gu\u00eda Digital KitCo","author":"kitco.contact","date":"31 julio, 2023","format":false,"excerpt":"Tu Gu\u00eda KitCo. Juegos y Din\u00e1micas para el Autoconocimiento, Desarrollo Personal e Inteligencia Emocional. Para hacer de forma individual o de forma grupal, en equipos, en familia, con amigos o en pareja.","rel":"","context":"Entrada similar","block_context":{"text":"Entrada similar","link":""},"img":{"alt_text":"","src":"https:\/\/i0.wp.com\/tukitco.net\/wp-content\/uploads\/2023\/01\/GUIAS-DIGITALES-IMAGENES-PORTADA-1.jpg?fit=1080%2C1080&ssl=1&resize=350%2C200","width":350,"height":200,"srcset":"https:\/\/i0.wp.com\/tukitco.net\/wp-content\/uploads\/2023\/01\/GUIAS-DIGITALES-IMAGENES-PORTADA-1.jpg?fit=1080%2C1080&ssl=1&resize=350%2C200 1x, https:\/\/i0.wp.com\/tukitco.net\/wp-content\/uploads\/2023\/01\/GUIAS-DIGITALES-IMAGENES-PORTADA-1.jpg?fit=1080%2C1080&ssl=1&resize=525%2C300 1.5x, https:\/\/i0.wp.com\/tukitco.net\/wp-content\/uploads\/2023\/01\/GUIAS-DIGITALES-IMAGENES-PORTADA-1.jpg?fit=1080%2C1080&ssl=1&resize=700%2C400 2x, https:\/\/i0.wp.com\/tukitco.net\/wp-content\/uploads\/2023\/01\/GUIAS-DIGITALES-IMAGENES-PORTADA-1.jpg?fit=1080%2C1080&ssl=1&resize=1050%2C600 3x"},"classes":[]},{"id":21830,"url":"https:\/\/tukitco.net\/es\/producto\/pack-kitco-profesional-especial-para-talleres-grupales\/","url_meta":{"origin":2111,"position":1},"title":"Pack Combo 4 KitCo Profesional &#8211; Experiencia completa","author":"kitco.contact","date":"2 mayo, 2024","format":false,"excerpt":"Pack KitCo Profesional (especial talleres grupales): Juegos y din\u00e1micas para acompa\u00f1ar a los alumn@s a sacar lo mejor de s\u00ed mism@s.\u00a0Basado en tres pilares:\u00a0Talentos, Valores y Emociones.","rel":"","context":"Entrada similar","block_context":{"text":"Entrada similar","link":""},"img":{"alt_text":"","src":"https:\/\/i0.wp.com\/tukitco.net\/wp-content\/uploads\/2024\/04\/2023-Fotos-KitCo-Contenido.png?fit=1063%2C886&ssl=1&resize=350%2C200","width":350,"height":200,"srcset":"https:\/\/i0.wp.com\/tukitco.net\/wp-content\/uploads\/2024\/04\/2023-Fotos-KitCo-Contenido.png?fit=1063%2C886&ssl=1&resize=350%2C200 1x, https:\/\/i0.wp.com\/tukitco.net\/wp-content\/uploads\/2024\/04\/2023-Fotos-KitCo-Contenido.png?fit=1063%2C886&ssl=1&resize=525%2C300 1.5x, https:\/\/i0.wp.com\/tukitco.net\/wp-content\/uploads\/2024\/04\/2023-Fotos-KitCo-Contenido.png?fit=1063%2C886&ssl=1&resize=700%2C400 2x, https:\/\/i0.wp.com\/tukitco.net\/wp-content\/uploads\/2024\/04\/2023-Fotos-KitCo-Contenido.png?fit=1063%2C886&ssl=1&resize=1050%2C600 3x"},"classes":[]},{"id":23081,"url":"https:\/\/tukitco.net\/es\/producto\/pack-profesional-4-kitco-profesionales-experiencia-completa-copy\/","url_meta":{"origin":2111,"position":2},"title":"Pack Profesional: 4 KitCo Profesionales &#8211; Experiencia completa &#8211;","author":"kitco.contact","date":"14 octubre, 2024","format":false,"excerpt":"Pack KitCo Profesional (especial talleres grupales): Juegos y din\u00e1micas para acompa\u00f1ar a los alumn@s a sacar lo mejor de s\u00ed mism@s.\u00a0Basado en tres pilares:\u00a0Talentos, Valores y Emociones.","rel":"","context":"Entrada similar","block_context":{"text":"Entrada similar","link":""},"img":{"alt_text":"","src":"https:\/\/i0.wp.com\/tukitco.net\/wp-content\/uploads\/2024\/04\/2023-Fotos-KitCo-Contenido.png?fit=1063%2C886&ssl=1&resize=350%2C200","width":350,"height":200,"srcset":"https:\/\/i0.wp.com\/tukitco.net\/wp-content\/uploads\/2024\/04\/2023-Fotos-KitCo-Contenido.png?fit=1063%2C886&ssl=1&resize=350%2C200 1x, https:\/\/i0.wp.com\/tukitco.net\/wp-content\/uploads\/2024\/04\/2023-Fotos-KitCo-Contenido.png?fit=1063%2C886&ssl=1&resize=525%2C300 1.5x, https:\/\/i0.wp.com\/tukitco.net\/wp-content\/uploads\/2024\/04\/2023-Fotos-KitCo-Contenido.png?fit=1063%2C886&ssl=1&resize=700%2C400 2x, https:\/\/i0.wp.com\/tukitco.net\/wp-content\/uploads\/2024\/04\/2023-Fotos-KitCo-Contenido.png?fit=1063%2C886&ssl=1&resize=1050%2C600 3x"},"classes":[]},{"id":7979,"url":"https:\/\/tukitco.net\/es\/producto\/kitco-escuelas-educacion-del-ser-experiencia-completa\/","url_meta":{"origin":2111,"position":3},"title":"KitCo Escuelas &#8211; Educaci\u00f3n del Ser &#8211; Experiencia completa","author":"kitco.contact","date":"21 septiembre, 2021","format":false,"excerpt":"KitCo Escuelas Experiencia Completa:\u00a0Juegos y din\u00e1micas para acompa\u00f1ar a los alumn@s a sacar lo mejor de s\u00ed mism@s.\u00a0Basado en tres pilares:\u00a0Talentos, Valores y Emociones.","rel":"","context":"Entrada similar","block_context":{"text":"Entrada similar","link":""},"img":{"alt_text":"","src":"https:\/\/i0.wp.com\/tukitco.net\/wp-content\/uploads\/2021\/09\/Diseno-sin-titulo-50.jpg?fit=1200%2C675&ssl=1&resize=350%2C200","width":350,"height":200,"srcset":"https:\/\/i0.wp.com\/tukitco.net\/wp-content\/uploads\/2021\/09\/Diseno-sin-titulo-50.jpg?fit=1200%2C675&ssl=1&resize=350%2C200 1x, https:\/\/i0.wp.com\/tukitco.net\/wp-content\/uploads\/2021\/09\/Diseno-sin-titulo-50.jpg?fit=1200%2C675&ssl=1&resize=525%2C300 1.5x, https:\/\/i0.wp.com\/tukitco.net\/wp-content\/uploads\/2021\/09\/Diseno-sin-titulo-50.jpg?fit=1200%2C675&ssl=1&resize=700%2C400 2x, https:\/\/i0.wp.com\/tukitco.net\/wp-content\/uploads\/2021\/09\/Diseno-sin-titulo-50.jpg?fit=1200%2C675&ssl=1&resize=1050%2C600 3x"},"classes":[]},{"id":18005,"url":"https:\/\/tukitco.net\/es\/producto\/kitco-escuelas-educacion-del-ser-experiencia-completa-affiliate\/","url_meta":{"origin":2111,"position":4},"title":"KitCo Escuelas &#8211; Educaci\u00f3n del Ser &#8211; Experiencia completa &#8211; Con descuento","author":"kitco.contact","date":"16 febrero, 2023","format":false,"excerpt":"KitCo Escuelas Experiencia Completa:\u00a0Juegos y din\u00e1micas para acompa\u00f1ar a los alumn@s a sacar lo mejor de s\u00ed mism@s.\u00a0Basado en tres pilares:\u00a0Talentos, Valores y Emociones.","rel":"","context":"Entrada similar","block_context":{"text":"Entrada similar","link":""},"img":{"alt_text":"","src":"https:\/\/i0.wp.com\/tukitco.net\/wp-content\/uploads\/2021\/09\/Diseno-sin-titulo-50.jpg?fit=1200%2C675&ssl=1&resize=350%2C200","width":350,"height":200,"srcset":"https:\/\/i0.wp.com\/tukitco.net\/wp-content\/uploads\/2021\/09\/Diseno-sin-titulo-50.jpg?fit=1200%2C675&ssl=1&resize=350%2C200 1x, https:\/\/i0.wp.com\/tukitco.net\/wp-content\/uploads\/2021\/09\/Diseno-sin-titulo-50.jpg?fit=1200%2C675&ssl=1&resize=525%2C300 1.5x, https:\/\/i0.wp.com\/tukitco.net\/wp-content\/uploads\/2021\/09\/Diseno-sin-titulo-50.jpg?fit=1200%2C675&ssl=1&resize=700%2C400 2x, https:\/\/i0.wp.com\/tukitco.net\/wp-content\/uploads\/2021\/09\/Diseno-sin-titulo-50.jpg?fit=1200%2C675&ssl=1&resize=1050%2C600 3x"},"classes":[]},{"id":19576,"url":"https:\/\/tukitco.net\/es\/producto\/pack-ahorro-4-kitco-escuelas-proyecto-steamcat\/","url_meta":{"origin":2111,"position":5},"title":"PACK AHORRO: 4 KitCo Escuelas &#8211; Educaci\u00f3n del Ser &#8211; Experiencia completa &#8211; Proyecto SteamCat","author":"kitco.contact","date":"21 febrero, 2024","format":false,"excerpt":"KitCo Escuelas Experiencia Completa:\u00a0Juegos y din\u00e1micas para acompa\u00f1ar a los alumn@s a sacar lo mejor de s\u00ed mism@s.\u00a0Basado en tres pilares:\u00a0Talentos, Valores y Emociones.","rel":"","context":"Entrada similar","block_context":{"text":"Entrada similar","link":""},"img":{"alt_text":"","src":"https:\/\/i0.wp.com\/tukitco.net\/wp-content\/uploads\/2021\/09\/Diseno-sin-titulo-50.jpg?fit=1200%2C675&ssl=1&resize=350%2C200","width":350,"height":200,"srcset":"https:\/\/i0.wp.com\/tukitco.net\/wp-content\/uploads\/2021\/09\/Diseno-sin-titulo-50.jpg?fit=1200%2C675&ssl=1&resize=350%2C200 1x, https:\/\/i0.wp.com\/tukitco.net\/wp-content\/uploads\/2021\/09\/Diseno-sin-titulo-50.jpg?fit=1200%2C675&ssl=1&resize=525%2C300 1.5x, https:\/\/i0.wp.com\/tukitco.net\/wp-content\/uploads\/2021\/09\/Diseno-sin-titulo-50.jpg?fit=1200%2C675&ssl=1&resize=700%2C400 2x, https:\/\/i0.wp.com\/tukitco.net\/wp-content\/uploads\/2021\/09\/Diseno-sin-titulo-50.jpg?fit=1200%2C675&ssl=1&resize=1050%2C600 3x"},"classes":[]}],"jetpack_sharing_enabled":true,"_links":{"self":[{"href":"https:\/\/tukitco.net\/es\/wp-json\/wp\/v2\/product\/2111","targetHints":{"allow":["GET"]}}],"collection":[{"href":"https:\/\/tukitco.net\/es\/wp-json\/wp\/v2\/product"}],"about":[{"href":"https:\/\/tukitco.net\/es\/wp-json\/wp\/v2\/types\/product"}],"version-history":[{"count":13,"href":"https:\/\/tukitco.net\/es\/wp-json\/wp\/v2\/product\/2111\/revisions"}],"predecessor-version":[{"id":29239,"href":"https:\/\/tukitco.net\/es\/wp-json\/wp\/v2\/product\/2111\/revisions\/29239"}],"wp:featuredmedia":[{"embeddable":true,"href":"https:\/\/tukitco.net\/es\/wp-json\/wp\/v2\/media\/17593"}],"wp:attachment":[{"href":"https:\/\/tukitco.net\/es\/wp-json\/wp\/v2\/media?parent=2111"}],"wp:term":[{"taxonomy":"product_brand","embeddable":true,"href":"https:\/\/tukitco.net\/es\/wp-json\/wp\/v2\/product_brand?post=2111"},{"taxonomy":"product_cat","embeddable":true,"href":"https:\/\/tukitco.net\/es\/wp-json\/wp\/v2\/product_cat?post=2111"},{"taxonomy":"product_tag","embeddable":true,"href":"https:\/\/tukitco.net\/es\/wp-json\/wp\/v2\/product_tag?post=2111"}],"curies":[{"name":"wp","href":"https:\/\/api.w.org\/{rel}","templated":true}]}}