{"id":2130,"date":"2020-07-28T08:38:43","date_gmt":"2020-07-28T08:38:43","guid":{"rendered":"https:\/\/tukitco.net\/?post_type=product&#038;p=2130"},"modified":"2024-10-21T16:53:45","modified_gmt":"2024-10-21T16:53:45","slug":"kit-descubre-tu-profesion","status":"publish","type":"product","link":"https:\/\/tukitco.net\/es\/producto\/kit-descubre-tu-profesion\/","title":{"rendered":"Kit &#8220;Descubre tu profesi\u00f3n&#8221;"},"content":{"rendered":"<p><strong>Kit \u00abDescubre tu profesi\u00f3n\u00bb<\/strong> est\u00e1 pensando especialmente <strong>para adolescentes que requieren disponer de recursos para tomar decisiones sobre su orientaci\u00f3n profesional o escoger bachillerato o carrera universitaria<\/strong>.<\/p>\n<p>No es un diagn\u00f3stico, es una gu\u00eda de reflexi\u00f3n para ayudarte a tomar tus propias decisiones.<\/p>\n<p>Contiene:<\/p>\n<ul>\n<li style=\"list-style-type: none;\">\n<ul>\n<li>33 cartas de talentos<\/li>\n<li>56 cartas de valores<\/li>\n<li>Link Web con contenido y archivos descargables:\n<ul>\n<li>Gu\u00eda &#8220;Descubriendo mi profesi\u00f3n&#8221; que incluye:\n<ul>\n<li>(1)\u00a0<em>Din\u00e1mica &#8220;descubriendo mis talentos&#8221;<\/em><\/li>\n<li>(2)\u00a0<em>Din\u00e1mica de &#8220;descubriendo mis valores&#8221;<\/em><\/li>\n<li>(3) Din\u00e1mica &#8220;descubriendo mi propuesta de valor&#8221;<\/li>\n<li>(4) Din\u00e1mica de orientaci\u00f3n profesional<\/li>\n<\/ul>\n<\/li>\n<li>Test y plantilla de talentos<\/li>\n<li>Plantilla de valores<\/li>\n<li>Anexo de profesiones vs talentos<\/li>\n<\/ul>\n<\/li>\n<\/ul>\n<\/li>\n<\/ul>\n<p>Cartas disponibles en los siguientes idiomas: (1) Castellano &#8211; Ingl\u00e9s, (2) Castellano &#8211; Catal\u00e1n, (3) Catal\u00e1n &#8211; Ingl\u00e9s<\/p>\n<p>NOTA: Las cartas tienen im\u00e1genes inspiradoras en una cara y en la otra el concepto del valor o talento, y su definici\u00f3n.<\/p>\n<ul>\n<li style=\"list-style-type: none;\"><\/li>\n<\/ul>\n","protected":false},"excerpt":{"rendered":"<p>Kit de orientaci\u00f3n acad\u00e9mica y profesional seg\u00fan tus talentos y valores, y c\u00f3mo estos se relacionan con las profesiones existentes.<\/p>\n<p>No es un diagn\u00f3stico, es una gu\u00eda para que dispongas de recursos para tomar tus propias decisiones.<\/p>\n","protected":false},"featured_media":15735,"template":"","meta":{"_eb_attr":"","_crdt_document":""},"product_brand":[],"product_cat":[121900,121897,121878,121879,121898],"product_tag":[],"class_list":["post-2130","product","type-product","status-publish","has-post-thumbnail","product_cat-familias","product_cat-profesion","product_cat-talentos","product_cat-valores","product_cat-vocacion","first","instock","taxable","shipping-taxable","purchasable","product-type-simple"],"yoast_head":"<!-- This site is optimized with the Yoast SEO Premium plugin v20.8 (Yoast SEO v27.6) - https:\/\/yoast.com\/product\/yoast-seo-premium-wordpress\/ -->\n<title>Kit &quot;Descubre tu profesi\u00f3n&quot; &#8211; KitCo<\/title>\n<meta name=\"description\" content=\"Kit de orientaci\u00f3n acad\u00e9mica y profesional seg\u00fan tus talentos y valores, y c\u00f3mo estos se relacionan con las profesiones existentes.\" \/>\n<meta name=\"robots\" content=\"index, follow, max-snippet:-1, max-image-preview:large, max-video-preview:-1\" \/>\n<link rel=\"canonical\" href=\"https:\/\/tukitco.net\/es\/producto\/kit-descubre-tu-profesion\/\" \/>\n<meta property=\"og:locale\" content=\"es_ES\" \/>\n<meta property=\"og:type\" content=\"article\" \/>\n<meta property=\"og:title\" content=\"Kit &quot;Descubre tu profesi\u00f3n&quot;\" \/>\n<meta property=\"og:description\" content=\"Kit de orientaci\u00f3n acad\u00e9mica y profesional seg\u00fan tus talentos y valores, y c\u00f3mo estos se relacionan con las profesiones existentes.  No es un diagn\u00f3stico, es una gu\u00eda para que dispongas de recursos para tomar tus propias decisiones.\" \/>\n<meta property=\"og:url\" content=\"https:\/\/tukitco.net\/es\/producto\/kit-descubre-tu-profesion\/\" \/>\n<meta property=\"og:site_name\" content=\"KitCo\" \/>\n<meta property=\"article:publisher\" content=\"https:\/\/www.facebook.com\/KitCoCoaching\/\" \/>\n<meta property=\"article:modified_time\" content=\"2024-10-21T16:53:45+00:00\" \/>\n<meta property=\"og:image\" content=\"https:\/\/i0.wp.com\/tukitco.net\/wp-content\/uploads\/2023\/01\/Diseno-sin-titulo-7.jpg?fit=1920%2C1080&ssl=1\" \/>\n\t<meta property=\"og:image:width\" content=\"1920\" \/>\n\t<meta property=\"og:image:height\" content=\"1080\" \/>\n\t<meta property=\"og:image:type\" content=\"image\/jpeg\" \/>\n<meta name=\"twitter:card\" content=\"summary_large_image\" \/>\n<meta name=\"twitter:site\" content=\"@ElsaGimnez\" \/>\n<meta name=\"twitter:label1\" content=\"Tiempo de lectura\" \/>\n\t<meta name=\"twitter:data1\" content=\"1 minuto\" \/>\n<script type=\"application\/ld+json\" class=\"yoast-schema-graph\">{\"@context\":\"https:\\\/\\\/schema.org\",\"@graph\":[{\"@type\":\"WebPage\",\"@id\":\"https:\\\/\\\/tukitco.net\\\/producto\\\/kit-descubre-tu-profesion\\\/\",\"url\":\"https:\\\/\\\/tukitco.net\\\/producto\\\/kit-descubre-tu-profesion\\\/\",\"name\":\"Kit \\\"Descubre tu profesi\u00f3n\\\" &#8211; KitCo\",\"isPartOf\":{\"@id\":\"https:\\\/\\\/tukitco.net\\\/#website\"},\"primaryImageOfPage\":{\"@id\":\"https:\\\/\\\/tukitco.net\\\/producto\\\/kit-descubre-tu-profesion\\\/#primaryimage\"},\"image\":{\"@id\":\"https:\\\/\\\/tukitco.net\\\/producto\\\/kit-descubre-tu-profesion\\\/#primaryimage\"},\"thumbnailUrl\":\"https:\\\/\\\/i0.wp.com\\\/tukitco.net\\\/wp-content\\\/uploads\\\/2023\\\/01\\\/Diseno-sin-titulo-7.jpg?fit=1920%2C1080&ssl=1\",\"datePublished\":\"2020-07-28T08:38:43+00:00\",\"dateModified\":\"2024-10-21T16:53:45+00:00\",\"description\":\"Kit de orientaci\u00f3n acad\u00e9mica y profesional seg\u00fan tus talentos y valores, y c\u00f3mo estos se relacionan con las profesiones existentes.\",\"breadcrumb\":{\"@id\":\"https:\\\/\\\/tukitco.net\\\/producto\\\/kit-descubre-tu-profesion\\\/#breadcrumb\"},\"inLanguage\":\"es\",\"potentialAction\":[{\"@type\":\"ReadAction\",\"target\":[\"https:\\\/\\\/tukitco.net\\\/producto\\\/kit-descubre-tu-profesion\\\/\"]}]},{\"@type\":\"ImageObject\",\"inLanguage\":\"es\",\"@id\":\"https:\\\/\\\/tukitco.net\\\/producto\\\/kit-descubre-tu-profesion\\\/#primaryimage\",\"url\":\"https:\\\/\\\/i0.wp.com\\\/tukitco.net\\\/wp-content\\\/uploads\\\/2023\\\/01\\\/Diseno-sin-titulo-7.jpg?fit=1920%2C1080&ssl=1\",\"contentUrl\":\"https:\\\/\\\/i0.wp.com\\\/tukitco.net\\\/wp-content\\\/uploads\\\/2023\\\/01\\\/Diseno-sin-titulo-7.jpg?fit=1920%2C1080&ssl=1\",\"width\":1920,\"height\":1080},{\"@type\":\"BreadcrumbList\",\"@id\":\"https:\\\/\\\/tukitco.net\\\/producto\\\/kit-descubre-tu-profesion\\\/#breadcrumb\",\"itemListElement\":[{\"@type\":\"ListItem\",\"position\":1,\"name\":\"Portada\",\"item\":\"https:\\\/\\\/tukitco.net\\\/\"},{\"@type\":\"ListItem\",\"position\":2,\"name\":\"Tienda\",\"item\":\"https:\\\/\\\/tukitco.net\\\/tienda\\\/\"},{\"@type\":\"ListItem\",\"position\":3,\"name\":\"Kit &#8220;Descubre tu profesi\u00f3n&#8221;\"}]},{\"@type\":\"WebSite\",\"@id\":\"https:\\\/\\\/tukitco.net\\\/#website\",\"url\":\"https:\\\/\\\/tukitco.net\\\/\",\"name\":\"KitCo\",\"description\":\"Juegos de Talentos, Valores y Emociones\",\"publisher\":{\"@id\":\"https:\\\/\\\/tukitco.net\\\/#organization\"},\"potentialAction\":[{\"@type\":\"SearchAction\",\"target\":{\"@type\":\"EntryPoint\",\"urlTemplate\":\"https:\\\/\\\/tukitco.net\\\/?s={search_term_string}\"},\"query-input\":{\"@type\":\"PropertyValueSpecification\",\"valueRequired\":true,\"valueName\":\"search_term_string\"}}],\"inLanguage\":\"es\"},{\"@type\":\"Organization\",\"@id\":\"https:\\\/\\\/tukitco.net\\\/#organization\",\"name\":\"KitCo For personal development\",\"url\":\"https:\\\/\\\/tukitco.net\\\/\",\"logo\":{\"@type\":\"ImageObject\",\"inLanguage\":\"es\",\"@id\":\"https:\\\/\\\/tukitco.net\\\/#\\\/schema\\\/logo\\\/image\\\/\",\"url\":\"https:\\\/\\\/tukitco.net\\\/wp-content\\\/uploads\\\/2020\\\/06\\\/KITCO-COR-FONDO-TRANSPARENTE-GORDO-8-SOLO-CARA-1.png\",\"contentUrl\":\"https:\\\/\\\/tukitco.net\\\/wp-content\\\/uploads\\\/2020\\\/06\\\/KITCO-COR-FONDO-TRANSPARENTE-GORDO-8-SOLO-CARA-1.png\",\"width\":1618,\"height\":1622,\"caption\":\"KitCo For personal development\"},\"image\":{\"@id\":\"https:\\\/\\\/tukitco.net\\\/#\\\/schema\\\/logo\\\/image\\\/\"},\"sameAs\":[\"https:\\\/\\\/www.facebook.com\\\/KitCoCoaching\\\/\",\"https:\\\/\\\/x.com\\\/ElsaGimnez\",\"https:\\\/\\\/www.instagram.com\\\/tukitco\\\/\",\"https:\\\/\\\/www.linkedin.com\\\/company\\\/tukitco\\\/\",\"https:\\\/\\\/www.youtube.com\\\/channel\\\/UCPAGQ-h0cDjdBnT87RvFK8w\"]}]}<\/script>\n<!-- \/ Yoast SEO Premium plugin. -->","yoast_head_json":{"title":"Kit \"Descubre tu profesi\u00f3n\" &#8211; KitCo","description":"Kit de orientaci\u00f3n acad\u00e9mica y profesional seg\u00fan tus talentos y valores, y c\u00f3mo estos se relacionan con las profesiones existentes.","robots":{"index":"index","follow":"follow","max-snippet":"max-snippet:-1","max-image-preview":"max-image-preview:large","max-video-preview":"max-video-preview:-1"},"canonical":"https:\/\/tukitco.net\/es\/producto\/kit-descubre-tu-profesion\/","og_locale":"es_ES","og_type":"article","og_title":"Kit \"Descubre tu profesi\u00f3n\"","og_description":"Kit de orientaci\u00f3n acad\u00e9mica y profesional seg\u00fan tus talentos y valores, y c\u00f3mo estos se relacionan con las profesiones existentes.  No es un diagn\u00f3stico, es una gu\u00eda para que dispongas de recursos para tomar tus propias decisiones.","og_url":"https:\/\/tukitco.net\/es\/producto\/kit-descubre-tu-profesion\/","og_site_name":"KitCo","article_publisher":"https:\/\/www.facebook.com\/KitCoCoaching\/","article_modified_time":"2024-10-21T16:53:45+00:00","og_image":[{"width":1920,"height":1080,"url":"https:\/\/i0.wp.com\/tukitco.net\/wp-content\/uploads\/2023\/01\/Diseno-sin-titulo-7.jpg?fit=1920%2C1080&ssl=1","type":"image\/jpeg"}],"twitter_card":"summary_large_image","twitter_site":"@ElsaGimnez","twitter_misc":{"Tiempo de lectura":"1 minuto"},"schema":{"@context":"https:\/\/schema.org","@graph":[{"@type":"WebPage","@id":"https:\/\/tukitco.net\/producto\/kit-descubre-tu-profesion\/","url":"https:\/\/tukitco.net\/producto\/kit-descubre-tu-profesion\/","name":"Kit \"Descubre tu profesi\u00f3n\" &#8211; KitCo","isPartOf":{"@id":"https:\/\/tukitco.net\/#website"},"primaryImageOfPage":{"@id":"https:\/\/tukitco.net\/producto\/kit-descubre-tu-profesion\/#primaryimage"},"image":{"@id":"https:\/\/tukitco.net\/producto\/kit-descubre-tu-profesion\/#primaryimage"},"thumbnailUrl":"https:\/\/i0.wp.com\/tukitco.net\/wp-content\/uploads\/2023\/01\/Diseno-sin-titulo-7.jpg?fit=1920%2C1080&ssl=1","datePublished":"2020-07-28T08:38:43+00:00","dateModified":"2024-10-21T16:53:45+00:00","description":"Kit de orientaci\u00f3n acad\u00e9mica y profesional seg\u00fan tus talentos y valores, y c\u00f3mo estos se relacionan con las profesiones existentes.","breadcrumb":{"@id":"https:\/\/tukitco.net\/producto\/kit-descubre-tu-profesion\/#breadcrumb"},"inLanguage":"es","potentialAction":[{"@type":"ReadAction","target":["https:\/\/tukitco.net\/producto\/kit-descubre-tu-profesion\/"]}]},{"@type":"ImageObject","inLanguage":"es","@id":"https:\/\/tukitco.net\/producto\/kit-descubre-tu-profesion\/#primaryimage","url":"https:\/\/i0.wp.com\/tukitco.net\/wp-content\/uploads\/2023\/01\/Diseno-sin-titulo-7.jpg?fit=1920%2C1080&ssl=1","contentUrl":"https:\/\/i0.wp.com\/tukitco.net\/wp-content\/uploads\/2023\/01\/Diseno-sin-titulo-7.jpg?fit=1920%2C1080&ssl=1","width":1920,"height":1080},{"@type":"BreadcrumbList","@id":"https:\/\/tukitco.net\/producto\/kit-descubre-tu-profesion\/#breadcrumb","itemListElement":[{"@type":"ListItem","position":1,"name":"Portada","item":"https:\/\/tukitco.net\/"},{"@type":"ListItem","position":2,"name":"Tienda","item":"https:\/\/tukitco.net\/tienda\/"},{"@type":"ListItem","position":3,"name":"Kit &#8220;Descubre tu profesi\u00f3n&#8221;"}]},{"@type":"WebSite","@id":"https:\/\/tukitco.net\/#website","url":"https:\/\/tukitco.net\/","name":"KitCo","description":"Juegos de Talentos, Valores y Emociones","publisher":{"@id":"https:\/\/tukitco.net\/#organization"},"potentialAction":[{"@type":"SearchAction","target":{"@type":"EntryPoint","urlTemplate":"https:\/\/tukitco.net\/?s={search_term_string}"},"query-input":{"@type":"PropertyValueSpecification","valueRequired":true,"valueName":"search_term_string"}}],"inLanguage":"es"},{"@type":"Organization","@id":"https:\/\/tukitco.net\/#organization","name":"KitCo For personal development","url":"https:\/\/tukitco.net\/","logo":{"@type":"ImageObject","inLanguage":"es","@id":"https:\/\/tukitco.net\/#\/schema\/logo\/image\/","url":"https:\/\/tukitco.net\/wp-content\/uploads\/2020\/06\/KITCO-COR-FONDO-TRANSPARENTE-GORDO-8-SOLO-CARA-1.png","contentUrl":"https:\/\/tukitco.net\/wp-content\/uploads\/2020\/06\/KITCO-COR-FONDO-TRANSPARENTE-GORDO-8-SOLO-CARA-1.png","width":1618,"height":1622,"caption":"KitCo For personal development"},"image":{"@id":"https:\/\/tukitco.net\/#\/schema\/logo\/image\/"},"sameAs":["https:\/\/www.facebook.com\/KitCoCoaching\/","https:\/\/x.com\/ElsaGimnez","https:\/\/www.instagram.com\/tukitco\/","https:\/\/www.linkedin.com\/company\/tukitco\/","https:\/\/www.youtube.com\/channel\/UCPAGQ-h0cDjdBnT87RvFK8w"]}]}},"jetpack_likes_enabled":true,"jetpack-related-posts":[{"id":2134,"url":"https:\/\/tukitco.net\/es\/producto\/kit-encuentra-tu-camino-tu-ikigai\/","url_meta":{"origin":2130,"position":0},"title":"Kit &#8220;Encuentra tu sentido, tu ikigai&#8221;","author":"kitco.contact","date":"28 julio, 2020","format":false,"excerpt":"Para adultos que no est\u00e1n satisfechos con vida profesional y necesitan encontrar su camino, reinventarse o mejorar su satisfacci\u00f3n laboral. Para cualquier persona que quiera hacer un ejercicio de autoconocimiento e indagaci\u00f3n para saber cu\u00e1l es su ikigai, su raz\u00f3n de ser, aquello que le gusta hacer, en lo que\u2026","rel":"","context":"Entrada similar","block_context":{"text":"Entrada similar","link":""},"img":{"alt_text":"Ikigai","src":"https:\/\/i0.wp.com\/tukitco.net\/wp-content\/uploads\/2021\/03\/Captura-de-pantalla-2021-03-08-a-las-13.58.29.png?fit=1002%2C1004&ssl=1&resize=350%2C200","width":350,"height":200,"srcset":"https:\/\/i0.wp.com\/tukitco.net\/wp-content\/uploads\/2021\/03\/Captura-de-pantalla-2021-03-08-a-las-13.58.29.png?fit=1002%2C1004&ssl=1&resize=350%2C200 1x, https:\/\/i0.wp.com\/tukitco.net\/wp-content\/uploads\/2021\/03\/Captura-de-pantalla-2021-03-08-a-las-13.58.29.png?fit=1002%2C1004&ssl=1&resize=525%2C300 1.5x, https:\/\/i0.wp.com\/tukitco.net\/wp-content\/uploads\/2021\/03\/Captura-de-pantalla-2021-03-08-a-las-13.58.29.png?fit=1002%2C1004&ssl=1&resize=700%2C400 2x"},"classes":[]},{"id":21170,"url":"https:\/\/tukitco.net\/es\/producto\/pack-kitco-escuelas-educacion-del-ser-experiencia-completa\/","url_meta":{"origin":2130,"position":1},"title":"Pack 4 KitCo Escuelas Experiencia Completa Educaci\u00f3n del Ser","author":"kitco.contact","date":"16 abril, 2024","format":false,"excerpt":"Pack KitCo Escuelas Experiencia Completa Educaci\u00f3n del Ser: m\u00e1s que un Kit de juegos, es una herramienta educativa para enriquecer el ambiente en el aula y promover el desarrollo integral del alumno\/a para sacar lo mejor de s\u00ed mismo\/a. Basado en recursos como juegos y din\u00e1micas de Talentos, Valores y\u2026","rel":"","context":"Entrada similar","block_context":{"text":"Entrada similar","link":""},"img":{"alt_text":"","src":"https:\/\/i0.wp.com\/tukitco.net\/wp-content\/uploads\/2021\/09\/Diseno-sin-titulo-50.jpg?fit=1200%2C675&ssl=1&resize=350%2C200","width":350,"height":200,"srcset":"https:\/\/i0.wp.com\/tukitco.net\/wp-content\/uploads\/2021\/09\/Diseno-sin-titulo-50.jpg?fit=1200%2C675&ssl=1&resize=350%2C200 1x, https:\/\/i0.wp.com\/tukitco.net\/wp-content\/uploads\/2021\/09\/Diseno-sin-titulo-50.jpg?fit=1200%2C675&ssl=1&resize=525%2C300 1.5x, https:\/\/i0.wp.com\/tukitco.net\/wp-content\/uploads\/2021\/09\/Diseno-sin-titulo-50.jpg?fit=1200%2C675&ssl=1&resize=700%2C400 2x, https:\/\/i0.wp.com\/tukitco.net\/wp-content\/uploads\/2021\/09\/Diseno-sin-titulo-50.jpg?fit=1200%2C675&ssl=1&resize=1050%2C600 3x"},"classes":[]},{"id":11258,"url":"https:\/\/tukitco.net\/es\/producto\/kitco-profesional-afiliados\/","url_meta":{"origin":2130,"position":2},"title":"KitCo Profesional con descuento","author":"kitco.contact","date":"8 febrero, 2022","format":false,"excerpt":"KitCo profesional tiene dos funcionalidades principales: (1) Como herramienta de apoyo visual para hacer tus propias din\u00e1micas como profesional. Dispones de\u00a0 139 cartas con im\u00e1genes inspiradoras en una cara y el concepto y definici\u00f3n en la otra. 33 cartas de talentos, 50 cartas de emociones y 56 cartas de valores.\u00a0\u2026","rel":"","context":"Entrada similar","block_context":{"text":"Entrada similar","link":""},"img":{"alt_text":"","src":"https:\/\/i0.wp.com\/tukitco.net\/wp-content\/uploads\/2020\/10\/KitCo-Packaging.jpg?fit=1200%2C942&ssl=1&resize=350%2C200","width":350,"height":200,"srcset":"https:\/\/i0.wp.com\/tukitco.net\/wp-content\/uploads\/2020\/10\/KitCo-Packaging.jpg?fit=1200%2C942&ssl=1&resize=350%2C200 1x, https:\/\/i0.wp.com\/tukitco.net\/wp-content\/uploads\/2020\/10\/KitCo-Packaging.jpg?fit=1200%2C942&ssl=1&resize=525%2C300 1.5x, https:\/\/i0.wp.com\/tukitco.net\/wp-content\/uploads\/2020\/10\/KitCo-Packaging.jpg?fit=1200%2C942&ssl=1&resize=700%2C400 2x, https:\/\/i0.wp.com\/tukitco.net\/wp-content\/uploads\/2020\/10\/KitCo-Packaging.jpg?fit=1200%2C942&ssl=1&resize=1050%2C600 3x"},"classes":[]},{"id":23081,"url":"https:\/\/tukitco.net\/es\/producto\/pack-profesional-4-kitco-profesionales-experiencia-completa-copy\/","url_meta":{"origin":2130,"position":3},"title":"Pack Profesional: 4 KitCo Profesionales &#8211; Experiencia completa &#8211;","author":"kitco.contact","date":"14 octubre, 2024","format":false,"excerpt":"Pack KitCo Profesional (especial talleres grupales): Juegos y din\u00e1micas para acompa\u00f1ar a los alumn@s a sacar lo mejor de s\u00ed mism@s.\u00a0Basado en tres pilares:\u00a0Talentos, Valores y Emociones.","rel":"","context":"Entrada similar","block_context":{"text":"Entrada similar","link":""},"img":{"alt_text":"","src":"https:\/\/i0.wp.com\/tukitco.net\/wp-content\/uploads\/2024\/04\/2023-Fotos-KitCo-Contenido.png?fit=1063%2C886&ssl=1&resize=350%2C200","width":350,"height":200,"srcset":"https:\/\/i0.wp.com\/tukitco.net\/wp-content\/uploads\/2024\/04\/2023-Fotos-KitCo-Contenido.png?fit=1063%2C886&ssl=1&resize=350%2C200 1x, https:\/\/i0.wp.com\/tukitco.net\/wp-content\/uploads\/2024\/04\/2023-Fotos-KitCo-Contenido.png?fit=1063%2C886&ssl=1&resize=525%2C300 1.5x, https:\/\/i0.wp.com\/tukitco.net\/wp-content\/uploads\/2024\/04\/2023-Fotos-KitCo-Contenido.png?fit=1063%2C886&ssl=1&resize=700%2C400 2x, https:\/\/i0.wp.com\/tukitco.net\/wp-content\/uploads\/2024\/04\/2023-Fotos-KitCo-Contenido.png?fit=1063%2C886&ssl=1&resize=1050%2C600 3x"},"classes":[]},{"id":21830,"url":"https:\/\/tukitco.net\/es\/producto\/pack-kitco-profesional-especial-para-talleres-grupales\/","url_meta":{"origin":2130,"position":4},"title":"Pack Combo 4 KitCo Profesional &#8211; Experiencia completa","author":"kitco.contact","date":"2 mayo, 2024","format":false,"excerpt":"Pack KitCo Profesional (especial talleres grupales): Juegos y din\u00e1micas para acompa\u00f1ar a los alumn@s a sacar lo mejor de s\u00ed mism@s.\u00a0Basado en tres pilares:\u00a0Talentos, Valores y Emociones.","rel":"","context":"Entrada similar","block_context":{"text":"Entrada similar","link":""},"img":{"alt_text":"","src":"https:\/\/i0.wp.com\/tukitco.net\/wp-content\/uploads\/2024\/04\/2023-Fotos-KitCo-Contenido.png?fit=1063%2C886&ssl=1&resize=350%2C200","width":350,"height":200,"srcset":"https:\/\/i0.wp.com\/tukitco.net\/wp-content\/uploads\/2024\/04\/2023-Fotos-KitCo-Contenido.png?fit=1063%2C886&ssl=1&resize=350%2C200 1x, https:\/\/i0.wp.com\/tukitco.net\/wp-content\/uploads\/2024\/04\/2023-Fotos-KitCo-Contenido.png?fit=1063%2C886&ssl=1&resize=525%2C300 1.5x, https:\/\/i0.wp.com\/tukitco.net\/wp-content\/uploads\/2024\/04\/2023-Fotos-KitCo-Contenido.png?fit=1063%2C886&ssl=1&resize=700%2C400 2x, https:\/\/i0.wp.com\/tukitco.net\/wp-content\/uploads\/2024\/04\/2023-Fotos-KitCo-Contenido.png?fit=1063%2C886&ssl=1&resize=1050%2C600 3x"},"classes":[]},{"id":2093,"url":"https:\/\/tukitco.net\/es\/producto\/kitco-profesional\/","url_meta":{"origin":2130,"position":5},"title":"KitCo Profesional","author":"kitco.contact","date":"27 julio, 2020","format":false,"excerpt":"KitCo profesional tiene dos funcionalidades principales: (1) Como herramienta de apoyo visual para hacer tus propias din\u00e1micas como profesional. Dispones de\u00a0 139 cartas con im\u00e1genes inspiradoras en una cara y el concepto y definici\u00f3n en la otra. 33 cartas de talentos, 50 cartas de emociones y 56 cartas de valores.\u00a0\u2026","rel":"","context":"Entrada similar","block_context":{"text":"Entrada similar","link":""},"img":{"alt_text":"","src":"https:\/\/i0.wp.com\/tukitco.net\/wp-content\/uploads\/2020\/10\/KitCo-Packaging.jpg?fit=1200%2C942&ssl=1&resize=350%2C200","width":350,"height":200,"srcset":"https:\/\/i0.wp.com\/tukitco.net\/wp-content\/uploads\/2020\/10\/KitCo-Packaging.jpg?fit=1200%2C942&ssl=1&resize=350%2C200 1x, https:\/\/i0.wp.com\/tukitco.net\/wp-content\/uploads\/2020\/10\/KitCo-Packaging.jpg?fit=1200%2C942&ssl=1&resize=525%2C300 1.5x, https:\/\/i0.wp.com\/tukitco.net\/wp-content\/uploads\/2020\/10\/KitCo-Packaging.jpg?fit=1200%2C942&ssl=1&resize=700%2C400 2x, https:\/\/i0.wp.com\/tukitco.net\/wp-content\/uploads\/2020\/10\/KitCo-Packaging.jpg?fit=1200%2C942&ssl=1&resize=1050%2C600 3x"},"classes":[]}],"jetpack_sharing_enabled":true,"_links":{"self":[{"href":"https:\/\/tukitco.net\/es\/wp-json\/wp\/v2\/product\/2130","targetHints":{"allow":["GET"]}}],"collection":[{"href":"https:\/\/tukitco.net\/es\/wp-json\/wp\/v2\/product"}],"about":[{"href":"https:\/\/tukitco.net\/es\/wp-json\/wp\/v2\/types\/product"}],"version-history":[{"count":30,"href":"https:\/\/tukitco.net\/es\/wp-json\/wp\/v2\/product\/2130\/revisions"}],"predecessor-version":[{"id":12627,"href":"https:\/\/tukitco.net\/es\/wp-json\/wp\/v2\/product\/2130\/revisions\/12627"}],"wp:featuredmedia":[{"embeddable":true,"href":"https:\/\/tukitco.net\/es\/wp-json\/wp\/v2\/media\/15735"}],"wp:attachment":[{"href":"https:\/\/tukitco.net\/es\/wp-json\/wp\/v2\/media?parent=2130"}],"wp:term":[{"taxonomy":"product_brand","embeddable":true,"href":"https:\/\/tukitco.net\/es\/wp-json\/wp\/v2\/product_brand?post=2130"},{"taxonomy":"product_cat","embeddable":true,"href":"https:\/\/tukitco.net\/es\/wp-json\/wp\/v2\/product_cat?post=2130"},{"taxonomy":"product_tag","embeddable":true,"href":"https:\/\/tukitco.net\/es\/wp-json\/wp\/v2\/product_tag?post=2130"}],"curies":[{"name":"wp","href":"https:\/\/api.w.org\/{rel}","templated":true}]}}