{"id":25080,"date":"2024-12-11T16:57:21","date_gmt":"2024-12-11T16:57:21","guid":{"rendered":"https:\/\/tukitco.net\/?post_type=product&#038;p=25080"},"modified":"2026-02-22T17:03:10","modified_gmt":"2026-02-22T17:03:10","slug":"taller-certificacion-kitco-2025-noviembre_madrid","status":"publish","type":"product","link":"https:\/\/tukitco.net\/es\/producto\/taller-certificacion-kitco-2025-noviembre_madrid\/","title":{"rendered":"Taller Certificaci\u00f3n KitCo -21-22 -Noviembre &#8211; 2025 Madrid"},"content":{"rendered":"<p>&nbsp;<\/p>\n<p class=\"_04xlpA direction-ltr align-start para-style-body\"><span class=\"S1PPyQ\">Hemos preparado este taller para vivir junt@s una experiencia significativa.<\/span><\/p>\n<p class=\"_04xlpA direction-ltr align-start para-style-body\"><span class=\"S1PPyQ\">Estamos unid@s por algo especial, por el sue\u00f1o de acompa\u00f1ar a las personas a conseguir sus objetivos para una vida de mayor satisfacci\u00f3n. El sue\u00f1o de, entre tod@s, construir un mundo mejor.<\/span><\/p>\n<p class=\"_04xlpA direction-ltr align-start para-style-body\"><span class=\"S1PPyQ\">Como profesional del desarrollo personal que eres, ya seas coach, psic\u00f3log@, profesor\/a, educador\/a etc. tienes un trabajo maravilloso, nada sencillo.<\/span><\/p>\n<p class=\"_04xlpA direction-ltr align-start para-style-body\"><span class=\"S1PPyQ\">Por ello queremos ayudarte a pon\u00e9rtelo un poquito m\u00e1s f\u00e1cil haci\u00e9ndote descubrir herramientas de coaching visuales, creativas e innovadoras para sacar lo mejor de ti y de las personas a qui\u00e9nes acompa\u00f1es en este proceso.<\/span><\/p>\n<p data-start=\"348\" data-end=\"500\"><strong data-start=\"348\" data-end=\"500\">Convi\u00e9rtete en facilitador\/a de la metodolog\u00eda KitCo y acompa\u00f1a a personas y equipos a descubrir su valor, elevar su potencial y vivir con prop\u00f3sito<\/strong><\/p>\n<p data-start=\"502\" data-end=\"738\">La Certificaci\u00f3n KitCo es una formaci\u00f3n experiencial dise\u00f1ada para profesionales que desean acompa\u00f1ar procesos de autoconocimiento, desarrollo del talento e inteligencia emocional mediante herramientas visuales, creativas e innovadoras.<\/p>\n<p data-start=\"740\" data-end=\"1044\">KitCo es mucho m\u00e1s que un kit de juegos: es una metodolog\u00eda que ayuda a las personas a conocerse, valorarse y conectar con lo que da sentido a su vida. A trav\u00e9s de las cartas de Talentos, Valores y Emociones, las personas descubren su potencial, mejoran su comunicaci\u00f3n y toman decisiones m\u00e1s coherentes.<\/p>\n<p data-start=\"1046\" data-end=\"1233\">Durante la certificaci\u00f3n no solo vivir\u00e1s la experiencia desde dentro.<br data-start=\"1115\" data-end=\"1118\" \/>Aprender\u00e1s a facilitarla para acompa\u00f1ar procesos de transformaci\u00f3n en personas, escuelas, equipos y organizaciones.<\/p>\n<p>\ud83c\udfaf Objetivos de la certificaci\u00f3n<\/p>\n<ul>\n<li>Aprender a facilitar talleres KitCo en distintos contextos<\/li>\n<li>Desarrollar tu propio estilo de facilitaci\u00f3n con confianza y creatividad<\/li>\n<li>Dise\u00f1ar experiencias transformadoras desde lo visual, lo emocional y lo vivencial<\/li>\n<li>Vivir un proceso de autoconocimiento que conecte con tu prop\u00f3sito<\/li>\n<li>Formar parte de la comunidad profesional KitCo&nbsp;<\/li>\n<\/ul>\n<p>\ud83e\udde0 Aprender\u00e1s y vivir\u00e1s din\u00e1micas y juegos individuales y grupales para<\/p>\n<ul>\n<li>Identificaci\u00f3n y desarrollo de talentos<\/li>\n<li>Consciencia y aplicaci\u00f3n de valores personales y de equipo<\/li>\n<li>Inteligencia emocional y gesti\u00f3n emocional<\/li>\n<li>Orientaci\u00f3n profesional e Ikigai (prop\u00f3sito)<\/li>\n<li>Comunicaci\u00f3n, cohesi\u00f3n y resoluci\u00f3n de conflictos<\/li>\n<li>Desarrollo de human skills&nbsp;<\/li>\n<\/ul>\n<p>\ud83e\udde9 Metodolog\u00eda KitCo<\/p>\n<p>Una metodolog\u00eda l\u00fadica y vivencial basada en:<\/p>\n<ul>\n<li>Juego y reflexi\u00f3n<\/li>\n<li>Aprendizaje emocional<\/li>\n<li>Experiencia pr\u00e1ctica<\/li>\n<li>Din\u00e1micas visuales<\/li>\n<li>Aplicaci\u00f3n real en personas y equipos&nbsp;<\/li>\n<\/ul>\n<p>\ud83d\udce6 Qu\u00e9 incluye la certificaci\u00f3n<\/p>\n<ul>\n<li>Formaci\u00f3n vivencial completa<\/li>\n<li>Materiales de apoyo para facilitadores\/as<\/li>\n<li>Acceso a la plataforma KitCo Digital<\/li>\n<li>Recursos y contenidos de actualizaci\u00f3n continua<\/li>\n<li>Comunidad profesional KitCo<\/li>\n<li>Participaci\u00f3n preferente en eventos y proyectos<\/li>\n<li>Certificado oficial de Facilitador\/a KitCo&nbsp;<\/li>\n<\/ul>\n<p>\ud83d\udc65 \u00bfPara qui\u00e9n es esta certificaci\u00f3n?<\/p>\n<ul>\n<li>Coaches y facilitadores<\/li>\n<li>Psic\u00f3logos y terapeutas<\/li>\n<li>Profesionales de educaci\u00f3n<\/li>\n<li>RRHH y desarrollo de personas<\/li>\n<li>Personas interesadas en el acompa\u00f1amiento humano&nbsp;<\/li>\n<\/ul>\n<p>\ud83d\ude80 Beneficios para ti<\/p>\n<ul>\n<li>Incorporar herramientas innovadoras a tu pr\u00e1ctica profesional<\/li>\n<li>Diferenciarte con una metodolog\u00eda reconocida<\/li>\n<li>Dise\u00f1ar talleres propios con confianza<\/li>\n<li>Acompa\u00f1ar procesos con mayor impacto<\/li>\n<li>Desarrollar tu propio autoconocimiento<\/li>\n<li>Formar parte de una red de profesionales<\/li>\n<\/ul>\n<p><strong>M\u00e1s de 200 profesionales certificados ya aplican KitCo en escuelas, empresas y procesos individuales.<\/strong><\/p>\n<p>\ud83d\udcc5 Programa de la formaci\u00f3n<\/p>\n<p>Primera jornada<br \/>\nTalentos, propuesta de valor, inteligencia emocional y din\u00e1micas grupales.<\/p>\n<p>Segunda jornada<br \/>\nValores, coherencia personal, Ikigai, emociones, cohesi\u00f3n y certificaci\u00f3n<\/p>\n<p>\u2764\ufe0f Una experiencia transformadora<\/p>\n<p><span style=\"color: #b68e2d;\"><strong>Durante el taller vivir\u00e1s una experiencia grupal inspiradora que te aportar\u00e1 recursos, claridad y motivaci\u00f3n para aplicar todo lo aprendido.<\/strong><\/span><\/p>\n<p>Saldr\u00e1s con herramientas pr\u00e1cticas y con ganas de ponerlas en acci\u00f3n.<\/p>\n<p>\ud83d\udcb0 Inversi\u00f3n<\/p>\n<p data-start=\"4255\" data-end=\"4379\">La inversi\u00f3n del taller es de <strong data-start=\"4285\" data-end=\"4312\">293 \u20ac (IVA no incluido)<\/strong>.<br data-start=\"4313\" data-end=\"4316\" \/>Descuento especial en la compra del KitCo Experiencia Completa.<\/p>\n<p>\ud83d\udccd Modalidad<\/p>\n<p>Presencial \u2014 Barcelona<\/p>\n<p>\u2728 Te esperamos con ilusi\u00f3n<\/p>\n<p data-start=\"2233\" data-end=\"2340\">KitCo gamifica el aprendizaje del ser, facilitando que lo profundo sea accesible, creativo y significativo.<\/p>\n<p class=\"_04xlpA direction-ltr align-start para-style-body\"><span class=\"S1PPyQ\">Te esperamos en este taller con ilusi\u00f3n y ganas de compartir para un mismo sue\u00f1o.<\/span><\/p>\n<p class=\"_04xlpA direction-ltr align-start para-style-body\"><span class=\"S1PPyQ\">Un abrazo bonito.<\/span><\/p>\n","protected":false},"excerpt":{"rendered":"<p data-start=\"992\" data-end=\"1114\"><strong data-start=\"992\" data-end=\"1114\">Convi\u00e9rtete en facilitador\/a KitCo y acompa\u00f1a a personas y equipos a descubrir su talento, sus valores y su prop\u00f3sito.<\/strong><\/p>\n<p data-start=\"1116\" data-end=\"1298\">Una experiencia formativa vivencial que te aportar\u00e1 herramientas pr\u00e1cticas, confianza y diferenciaci\u00f3n profesional para aplicar en educaci\u00f3n, coaching, empresa o procesos personales.<\/p>\n<p data-start=\"1300\" data-end=\"1400\">\u2714 Certificaci\u00f3n oficial<br data-start=\"1323\" data-end=\"1326\" \/>\u2714 Metodolog\u00eda innovadora y visual<br data-start=\"1359\" data-end=\"1362\" \/>\u2714 Recursos profesionales y comunidad<\/p>\n<p data-start=\"1402\" data-end=\"1421\"><em data-start=\"1402\" data-end=\"1421\">Plazas limitadas.<\/em><\/p>\n<p><em>* Los talleres est\u00e1n sujetos a un n\u00famero m\u00ednimo de participantes, en el caso de no poder llevarlo a cabo se devolver\u00eda el importe \u00edntegro.\u00a0<\/em><\/p>\n","protected":false},"featured_media":19483,"template":"","meta":{"_eb_attr":"","_crdt_document":""},"product_brand":[],"product_cat":[],"product_tag":[],"class_list":["post-25080","product","type-product","status-publish","has-post-thumbnail","first","instock","virtual","taxable","purchasable","product-type-simple"],"yoast_head":"<!-- This site is optimized with the Yoast SEO Premium plugin v20.8 (Yoast SEO v27.6) - https:\/\/yoast.com\/product\/yoast-seo-premium-wordpress\/ -->\n<title>Taller Certificaci\u00f3n KitCo -21-22 -Noviembre - 2025 Madrid &#8211; KitCo<\/title>\n<meta name=\"description\" content=\"Taller de Certificaci\u00f3n KitCo. Herramientas de Autoconocimiento, Gesti\u00f3n del Talento e Inteligencia Emocional.\" \/>\n<meta name=\"robots\" content=\"index, follow, max-snippet:-1, max-image-preview:large, max-video-preview:-1\" \/>\n<link rel=\"canonical\" href=\"https:\/\/tukitco.net\/es\/producto\/taller-certificacion-kitco-2025-noviembre_madrid\/\" \/>\n<meta property=\"og:locale\" content=\"es_ES\" \/>\n<meta property=\"og:type\" content=\"article\" \/>\n<meta property=\"og:title\" content=\"Taller Certificaci\u00f3n KitCo -21-22 -Noviembre - 2025 Madrid\" \/>\n<meta property=\"og:description\" content=\"Convi\u00e9rtete en facilitador\/a KitCo y acompa\u00f1a a personas y equipos a descubrir su talento, sus valores y su prop\u00f3sito. Una experiencia formativa vivencial que te aportar\u00e1 herramientas pr\u00e1cticas, confianza y diferenciaci\u00f3n profesional para aplicar en educaci\u00f3n, coaching, empresa o procesos personales. \u2714 Certificaci\u00f3n oficial\u2714 Metodolog\u00eda innovadora y visual\u2714 Recursos profesionales y comunidad Plazas limitadas. * Los talleres est\u00e1n sujetos a un n\u00famero m\u00ednimo de participantes, en el caso de no poder llevarlo a cabo se devolver\u00eda el importe \u00edntegro.\u00a0\" \/>\n<meta property=\"og:url\" content=\"https:\/\/tukitco.net\/es\/producto\/taller-certificacion-kitco-2025-noviembre_madrid\/\" \/>\n<meta property=\"og:site_name\" content=\"KitCo\" \/>\n<meta property=\"article:publisher\" content=\"https:\/\/www.facebook.com\/KitCoCoaching\/\" \/>\n<meta property=\"article:modified_time\" content=\"2026-02-22T17:03:10+00:00\" \/>\n<meta property=\"og:image\" content=\"https:\/\/tukitco.net\/wp-content\/uploads\/2024\/02\/Diseno-sin-titulo.jpg\" \/>\n\t<meta property=\"og:image:width\" content=\"350\" \/>\n\t<meta property=\"og:image:height\" content=\"350\" \/>\n\t<meta property=\"og:image:type\" content=\"image\/jpeg\" \/>\n<meta name=\"twitter:card\" content=\"summary_large_image\" \/>\n<meta name=\"twitter:site\" content=\"@ElsaGimnez\" \/>\n<meta name=\"twitter:label1\" content=\"Tiempo de lectura\" \/>\n\t<meta name=\"twitter:data1\" content=\"3 minutos\" \/>\n<script type=\"application\/ld+json\" class=\"yoast-schema-graph\">{\"@context\":\"https:\\\/\\\/schema.org\",\"@graph\":[{\"@type\":\"WebPage\",\"@id\":\"https:\\\/\\\/tukitco.net\\\/producto\\\/taller-certificacion-kitco-2025-noviembre_madrid\\\/\",\"url\":\"https:\\\/\\\/tukitco.net\\\/producto\\\/taller-certificacion-kitco-2025-noviembre_madrid\\\/\",\"name\":\"Taller Certificaci\u00f3n KitCo -21-22 -Noviembre - 2025 Madrid &#8211; KitCo\",\"isPartOf\":{\"@id\":\"https:\\\/\\\/tukitco.net\\\/#website\"},\"primaryImageOfPage\":{\"@id\":\"https:\\\/\\\/tukitco.net\\\/producto\\\/taller-certificacion-kitco-2025-noviembre_madrid\\\/#primaryimage\"},\"image\":{\"@id\":\"https:\\\/\\\/tukitco.net\\\/producto\\\/taller-certificacion-kitco-2025-noviembre_madrid\\\/#primaryimage\"},\"thumbnailUrl\":\"https:\\\/\\\/i0.wp.com\\\/tukitco.net\\\/wp-content\\\/uploads\\\/2024\\\/02\\\/Diseno-sin-titulo.jpg?fit=350%2C350&ssl=1\",\"datePublished\":\"2024-12-11T16:57:21+00:00\",\"dateModified\":\"2026-02-22T17:03:10+00:00\",\"description\":\"Taller de Certificaci\u00f3n KitCo. Herramientas de Autoconocimiento, Gesti\u00f3n del Talento e Inteligencia Emocional.\",\"breadcrumb\":{\"@id\":\"https:\\\/\\\/tukitco.net\\\/producto\\\/taller-certificacion-kitco-2025-noviembre_madrid\\\/#breadcrumb\"},\"inLanguage\":\"es\",\"potentialAction\":[{\"@type\":\"ReadAction\",\"target\":[\"https:\\\/\\\/tukitco.net\\\/producto\\\/taller-certificacion-kitco-2025-noviembre_madrid\\\/\"]}]},{\"@type\":\"ImageObject\",\"inLanguage\":\"es\",\"@id\":\"https:\\\/\\\/tukitco.net\\\/producto\\\/taller-certificacion-kitco-2025-noviembre_madrid\\\/#primaryimage\",\"url\":\"https:\\\/\\\/i0.wp.com\\\/tukitco.net\\\/wp-content\\\/uploads\\\/2024\\\/02\\\/Diseno-sin-titulo.jpg?fit=350%2C350&ssl=1\",\"contentUrl\":\"https:\\\/\\\/i0.wp.com\\\/tukitco.net\\\/wp-content\\\/uploads\\\/2024\\\/02\\\/Diseno-sin-titulo.jpg?fit=350%2C350&ssl=1\",\"width\":350,\"height\":350},{\"@type\":\"BreadcrumbList\",\"@id\":\"https:\\\/\\\/tukitco.net\\\/producto\\\/taller-certificacion-kitco-2025-noviembre_madrid\\\/#breadcrumb\",\"itemListElement\":[{\"@type\":\"ListItem\",\"position\":1,\"name\":\"Portada\",\"item\":\"https:\\\/\\\/tukitco.net\\\/\"},{\"@type\":\"ListItem\",\"position\":2,\"name\":\"Tienda\",\"item\":\"https:\\\/\\\/tukitco.net\\\/tienda\\\/\"},{\"@type\":\"ListItem\",\"position\":3,\"name\":\"Taller Certificaci\u00f3n KitCo -21-22 -Noviembre &#8211; 2025 Madrid\"}]},{\"@type\":\"WebSite\",\"@id\":\"https:\\\/\\\/tukitco.net\\\/#website\",\"url\":\"https:\\\/\\\/tukitco.net\\\/\",\"name\":\"KitCo\",\"description\":\"Juegos de Talentos, Valores y Emociones\",\"publisher\":{\"@id\":\"https:\\\/\\\/tukitco.net\\\/#organization\"},\"potentialAction\":[{\"@type\":\"SearchAction\",\"target\":{\"@type\":\"EntryPoint\",\"urlTemplate\":\"https:\\\/\\\/tukitco.net\\\/?s={search_term_string}\"},\"query-input\":{\"@type\":\"PropertyValueSpecification\",\"valueRequired\":true,\"valueName\":\"search_term_string\"}}],\"inLanguage\":\"es\"},{\"@type\":\"Organization\",\"@id\":\"https:\\\/\\\/tukitco.net\\\/#organization\",\"name\":\"KitCo For personal development\",\"url\":\"https:\\\/\\\/tukitco.net\\\/\",\"logo\":{\"@type\":\"ImageObject\",\"inLanguage\":\"es\",\"@id\":\"https:\\\/\\\/tukitco.net\\\/#\\\/schema\\\/logo\\\/image\\\/\",\"url\":\"https:\\\/\\\/tukitco.net\\\/wp-content\\\/uploads\\\/2020\\\/06\\\/KITCO-COR-FONDO-TRANSPARENTE-GORDO-8-SOLO-CARA-1.png\",\"contentUrl\":\"https:\\\/\\\/tukitco.net\\\/wp-content\\\/uploads\\\/2020\\\/06\\\/KITCO-COR-FONDO-TRANSPARENTE-GORDO-8-SOLO-CARA-1.png\",\"width\":1618,\"height\":1622,\"caption\":\"KitCo For personal development\"},\"image\":{\"@id\":\"https:\\\/\\\/tukitco.net\\\/#\\\/schema\\\/logo\\\/image\\\/\"},\"sameAs\":[\"https:\\\/\\\/www.facebook.com\\\/KitCoCoaching\\\/\",\"https:\\\/\\\/x.com\\\/ElsaGimnez\",\"https:\\\/\\\/www.instagram.com\\\/tukitco\\\/\",\"https:\\\/\\\/www.linkedin.com\\\/company\\\/tukitco\\\/\",\"https:\\\/\\\/www.youtube.com\\\/channel\\\/UCPAGQ-h0cDjdBnT87RvFK8w\"]}]}<\/script>\n<!-- \/ Yoast SEO Premium plugin. -->","yoast_head_json":{"title":"Taller Certificaci\u00f3n KitCo -21-22 -Noviembre - 2025 Madrid &#8211; KitCo","description":"Taller de Certificaci\u00f3n KitCo. Herramientas de Autoconocimiento, Gesti\u00f3n del Talento e Inteligencia Emocional.","robots":{"index":"index","follow":"follow","max-snippet":"max-snippet:-1","max-image-preview":"max-image-preview:large","max-video-preview":"max-video-preview:-1"},"canonical":"https:\/\/tukitco.net\/es\/producto\/taller-certificacion-kitco-2025-noviembre_madrid\/","og_locale":"es_ES","og_type":"article","og_title":"Taller Certificaci\u00f3n KitCo -21-22 -Noviembre - 2025 Madrid","og_description":"Convi\u00e9rtete en facilitador\/a KitCo y acompa\u00f1a a personas y equipos a descubrir su talento, sus valores y su prop\u00f3sito. Una experiencia formativa vivencial que te aportar\u00e1 herramientas pr\u00e1cticas, confianza y diferenciaci\u00f3n profesional para aplicar en educaci\u00f3n, coaching, empresa o procesos personales. \u2714 Certificaci\u00f3n oficial\u2714 Metodolog\u00eda innovadora y visual\u2714 Recursos profesionales y comunidad Plazas limitadas. * Los talleres est\u00e1n sujetos a un n\u00famero m\u00ednimo de participantes, en el caso de no poder llevarlo a cabo se devolver\u00eda el importe \u00edntegro.\u00a0","og_url":"https:\/\/tukitco.net\/es\/producto\/taller-certificacion-kitco-2025-noviembre_madrid\/","og_site_name":"KitCo","article_publisher":"https:\/\/www.facebook.com\/KitCoCoaching\/","article_modified_time":"2026-02-22T17:03:10+00:00","og_image":[{"width":350,"height":350,"url":"https:\/\/tukitco.net\/wp-content\/uploads\/2024\/02\/Diseno-sin-titulo.jpg","type":"image\/jpeg"}],"twitter_card":"summary_large_image","twitter_site":"@ElsaGimnez","twitter_misc":{"Tiempo de lectura":"3 minutos"},"schema":{"@context":"https:\/\/schema.org","@graph":[{"@type":"WebPage","@id":"https:\/\/tukitco.net\/producto\/taller-certificacion-kitco-2025-noviembre_madrid\/","url":"https:\/\/tukitco.net\/producto\/taller-certificacion-kitco-2025-noviembre_madrid\/","name":"Taller Certificaci\u00f3n KitCo -21-22 -Noviembre - 2025 Madrid &#8211; KitCo","isPartOf":{"@id":"https:\/\/tukitco.net\/#website"},"primaryImageOfPage":{"@id":"https:\/\/tukitco.net\/producto\/taller-certificacion-kitco-2025-noviembre_madrid\/#primaryimage"},"image":{"@id":"https:\/\/tukitco.net\/producto\/taller-certificacion-kitco-2025-noviembre_madrid\/#primaryimage"},"thumbnailUrl":"https:\/\/i0.wp.com\/tukitco.net\/wp-content\/uploads\/2024\/02\/Diseno-sin-titulo.jpg?fit=350%2C350&ssl=1","datePublished":"2024-12-11T16:57:21+00:00","dateModified":"2026-02-22T17:03:10+00:00","description":"Taller de Certificaci\u00f3n KitCo. Herramientas de Autoconocimiento, Gesti\u00f3n del Talento e Inteligencia Emocional.","breadcrumb":{"@id":"https:\/\/tukitco.net\/producto\/taller-certificacion-kitco-2025-noviembre_madrid\/#breadcrumb"},"inLanguage":"es","potentialAction":[{"@type":"ReadAction","target":["https:\/\/tukitco.net\/producto\/taller-certificacion-kitco-2025-noviembre_madrid\/"]}]},{"@type":"ImageObject","inLanguage":"es","@id":"https:\/\/tukitco.net\/producto\/taller-certificacion-kitco-2025-noviembre_madrid\/#primaryimage","url":"https:\/\/i0.wp.com\/tukitco.net\/wp-content\/uploads\/2024\/02\/Diseno-sin-titulo.jpg?fit=350%2C350&ssl=1","contentUrl":"https:\/\/i0.wp.com\/tukitco.net\/wp-content\/uploads\/2024\/02\/Diseno-sin-titulo.jpg?fit=350%2C350&ssl=1","width":350,"height":350},{"@type":"BreadcrumbList","@id":"https:\/\/tukitco.net\/producto\/taller-certificacion-kitco-2025-noviembre_madrid\/#breadcrumb","itemListElement":[{"@type":"ListItem","position":1,"name":"Portada","item":"https:\/\/tukitco.net\/"},{"@type":"ListItem","position":2,"name":"Tienda","item":"https:\/\/tukitco.net\/tienda\/"},{"@type":"ListItem","position":3,"name":"Taller Certificaci\u00f3n KitCo -21-22 -Noviembre &#8211; 2025 Madrid"}]},{"@type":"WebSite","@id":"https:\/\/tukitco.net\/#website","url":"https:\/\/tukitco.net\/","name":"KitCo","description":"Juegos de Talentos, Valores y Emociones","publisher":{"@id":"https:\/\/tukitco.net\/#organization"},"potentialAction":[{"@type":"SearchAction","target":{"@type":"EntryPoint","urlTemplate":"https:\/\/tukitco.net\/?s={search_term_string}"},"query-input":{"@type":"PropertyValueSpecification","valueRequired":true,"valueName":"search_term_string"}}],"inLanguage":"es"},{"@type":"Organization","@id":"https:\/\/tukitco.net\/#organization","name":"KitCo For personal development","url":"https:\/\/tukitco.net\/","logo":{"@type":"ImageObject","inLanguage":"es","@id":"https:\/\/tukitco.net\/#\/schema\/logo\/image\/","url":"https:\/\/tukitco.net\/wp-content\/uploads\/2020\/06\/KITCO-COR-FONDO-TRANSPARENTE-GORDO-8-SOLO-CARA-1.png","contentUrl":"https:\/\/tukitco.net\/wp-content\/uploads\/2020\/06\/KITCO-COR-FONDO-TRANSPARENTE-GORDO-8-SOLO-CARA-1.png","width":1618,"height":1622,"caption":"KitCo For personal development"},"image":{"@id":"https:\/\/tukitco.net\/#\/schema\/logo\/image\/"},"sameAs":["https:\/\/www.facebook.com\/KitCoCoaching\/","https:\/\/x.com\/ElsaGimnez","https:\/\/www.instagram.com\/tukitco\/","https:\/\/www.linkedin.com\/company\/tukitco\/","https:\/\/www.youtube.com\/channel\/UCPAGQ-h0cDjdBnT87RvFK8w"]}]}},"jetpack_likes_enabled":true,"jetpack-related-posts":[{"id":12075,"url":"https:\/\/tukitco.net\/es\/producto\/certificacion-kitco-13y14-dic-madrid\/","url_meta":{"origin":25080,"position":0},"title":"Taller Certificaci\u00f3n KitCo 13 y 14 diciembre MADRID","author":"kitco.contact","date":"28 abril, 2022","format":false,"excerpt":"Taller de Herramientas de Autoconocimiento, Gesti\u00f3n del Talento e Inteligencia Emocional.","rel":"","context":"Entrada similar","block_context":{"text":"Entrada similar","link":""},"img":{"alt_text":"","src":"https:\/\/i0.wp.com\/tukitco.net\/wp-content\/uploads\/2020\/10\/WhatsApp-Image-2020-10-18-at-18.39.27.jpeg?fit=1200%2C900&ssl=1&resize=350%2C200","width":350,"height":200,"srcset":"https:\/\/i0.wp.com\/tukitco.net\/wp-content\/uploads\/2020\/10\/WhatsApp-Image-2020-10-18-at-18.39.27.jpeg?fit=1200%2C900&ssl=1&resize=350%2C200 1x, https:\/\/i0.wp.com\/tukitco.net\/wp-content\/uploads\/2020\/10\/WhatsApp-Image-2020-10-18-at-18.39.27.jpeg?fit=1200%2C900&ssl=1&resize=525%2C300 1.5x, https:\/\/i0.wp.com\/tukitco.net\/wp-content\/uploads\/2020\/10\/WhatsApp-Image-2020-10-18-at-18.39.27.jpeg?fit=1200%2C900&ssl=1&resize=700%2C400 2x, https:\/\/i0.wp.com\/tukitco.net\/wp-content\/uploads\/2020\/10\/WhatsApp-Image-2020-10-18-at-18.39.27.jpeg?fit=1200%2C900&ssl=1&resize=1050%2C600 3x"},"classes":[]},{"id":18073,"url":"https:\/\/tukitco.net\/es\/producto\/certificacion-kitco-2024-17oct-madrid\/","url_meta":{"origin":25080,"position":1},"title":"Taller KitCo 17 octubre 2024 MADRID","author":"kitco.contact","date":"16 febrero, 2023","format":false,"excerpt":"Taller de Certificaci\u00f3n KitCo. Herramientas de Autoconocimiento, Gesti\u00f3n del Talento e Inteligencia Emocional.","rel":"","context":"Entrada similar","block_context":{"text":"Entrada similar","link":""},"img":{"alt_text":"","src":"https:\/\/i0.wp.com\/tukitco.net\/wp-content\/uploads\/2024\/06\/06_marzo-2024_FOTOS-TALLER-CERTIFICACION-BARCELONA.jpg?fit=500%2C500&ssl=1&resize=350%2C200","width":350,"height":200},"classes":[]},{"id":18076,"url":"https:\/\/tukitco.net\/es\/producto\/certificacion-kitco-2024-8y9nov-barcelona\/","url_meta":{"origin":25080,"position":2},"title":"Taller Certificaci\u00f3n KitCo 8 y 9 noviembre 2024 BARCELONA","author":"kitco.contact","date":"16 febrero, 2023","format":false,"excerpt":"Taller de Certificaci\u00f3n KitCo. Herramientas de Autoconocimiento, Gesti\u00f3n del Talento e Inteligencia Emocional.","rel":"","context":"Entrada similar","block_context":{"text":"Entrada similar","link":""},"img":{"alt_text":"","src":"https:\/\/i0.wp.com\/tukitco.net\/wp-content\/uploads\/2024\/06\/06_marzo-2024_FOTOS-TALLER-CERTIFICACION-BARCELONA-1.jpg?fit=500%2C500&ssl=1&resize=350%2C200","width":350,"height":200},"classes":[]},{"id":18078,"url":"https:\/\/tukitco.net\/es\/producto\/certificacion-kitco-2024-13y14-sept-barcelona-desc\/","url_meta":{"origin":25080,"position":3},"title":"Taller Certificaci\u00f3n KitCo 13 y 14 septiembre 2024 BARCELONA &#8211; Con descuento","author":"kitco.contact","date":"16 febrero, 2023","format":false,"excerpt":"Taller de Certificaci\u00f3n de KitCo. Herramientas de Autoconocimiento, Gesti\u00f3n del Talento e Inteligencia Emocional.","rel":"","context":"Entrada similar","block_context":{"text":"Entrada similar","link":""},"img":{"alt_text":"","src":"https:\/\/i0.wp.com\/tukitco.net\/wp-content\/uploads\/2024\/06\/06_marzo-2024_FOTOS-TALLER-CERTIFICACION-BARCELONA-1.jpg?fit=500%2C500&ssl=1&resize=350%2C200","width":350,"height":200},"classes":[]},{"id":19500,"url":"https:\/\/tukitco.net\/es\/producto\/certificacion-kitco-mad-18y19oct24\/","url_meta":{"origin":25080,"position":4},"title":"Taller Certificaci\u00f3n KitCo 18 y 19 octubre 2024 MADRID","author":"kitco.contact","date":"8 febrero, 2024","format":false,"excerpt":"Taller de Certificaci\u00f3n de KitCo. Herramientas de Autoconocimiento, Gesti\u00f3n del Talento e Inteligencia Emocional. * Los talleres est\u00e1n sujetos a un n\u00famero m\u00ednimo de participantes, en el caso de no poder llevarlo a cabo se devolver\u00eda el importe \u00edntegro.\u00a0","rel":"","context":"Entrada similar","block_context":{"text":"Entrada similar","link":""},"img":{"alt_text":"","src":"https:\/\/i0.wp.com\/tukitco.net\/wp-content\/uploads\/2024\/02\/Diseno-sin-titulo.jpg?fit=350%2C350&ssl=1&resize=350%2C200","width":350,"height":200},"classes":[]},{"id":25066,"url":"https:\/\/tukitco.net\/es\/producto\/taller-certificacion-kitco-21-22-mar-2025-barcelona\/","url_meta":{"origin":25080,"position":5},"title":"Taller Certificaci\u00f3n KitCo 13 y 14 marzo 2026 Barcelona","author":"kitco.contact","date":"11 diciembre, 2024","format":false,"excerpt":"Taller de Certificaci\u00f3n de KitCo. Herramientas de Autoconocimiento, Gesti\u00f3n del Talento e Inteligencia Emocional. * Los talleres est\u00e1n sujetos a un n\u00famero m\u00ednimo de participantes, en el caso de no poder llevarlo a cabo se devolver\u00eda el importe \u00edntegro.\u00a0","rel":"","context":"Entrada similar","block_context":{"text":"Entrada similar","link":""},"img":{"alt_text":"","src":"https:\/\/i0.wp.com\/tukitco.net\/wp-content\/uploads\/2025\/12\/Diseno-sin-titulo-14.png?fit=500%2C500&ssl=1&resize=350%2C200","width":350,"height":200},"classes":[]}],"jetpack_sharing_enabled":true,"_links":{"self":[{"href":"https:\/\/tukitco.net\/es\/wp-json\/wp\/v2\/product\/25080","targetHints":{"allow":["GET"]}}],"collection":[{"href":"https:\/\/tukitco.net\/es\/wp-json\/wp\/v2\/product"}],"about":[{"href":"https:\/\/tukitco.net\/es\/wp-json\/wp\/v2\/types\/product"}],"version-history":[{"count":11,"href":"https:\/\/tukitco.net\/es\/wp-json\/wp\/v2\/product\/25080\/revisions"}],"predecessor-version":[{"id":25592,"href":"https:\/\/tukitco.net\/es\/wp-json\/wp\/v2\/product\/25080\/revisions\/25592"}],"wp:featuredmedia":[{"embeddable":true,"href":"https:\/\/tukitco.net\/es\/wp-json\/wp\/v2\/media\/19483"}],"wp:attachment":[{"href":"https:\/\/tukitco.net\/es\/wp-json\/wp\/v2\/media?parent=25080"}],"wp:term":[{"taxonomy":"product_brand","embeddable":true,"href":"https:\/\/tukitco.net\/es\/wp-json\/wp\/v2\/product_brand?post=25080"},{"taxonomy":"product_cat","embeddable":true,"href":"https:\/\/tukitco.net\/es\/wp-json\/wp\/v2\/product_cat?post=25080"},{"taxonomy":"product_tag","embeddable":true,"href":"https:\/\/tukitco.net\/es\/wp-json\/wp\/v2\/product_tag?post=25080"}],"curies":[{"name":"wp","href":"https:\/\/api.w.org\/{rel}","templated":true}]}}